{"id":104,"date":"2023-02-08T09:51:38","date_gmt":"2023-02-08T08:51:38","guid":{"rendered":"https:\/\/grabowiec.pl\/ug\/?page_id=104"},"modified":"2023-02-08T09:51:39","modified_gmt":"2023-02-08T08:51:39","slug":"jubileusz-750-lat-grabowca-2018","status":"publish","type":"page","link":"https:\/\/grabowiec.pl\/ug\/index.php\/jubileusz-750-lat-grabowca-2018\/","title":{"rendered":"Jubileusz &#8211; 750 lat Grabowca (2018)"},"content":{"rendered":"\n<figure class=\"wp-block-image size-full\"><img loading=\"lazy\" decoding=\"async\" width=\"1259\" height=\"839\" src=\"https:\/\/grabowiec.pl\/ug\/wp-content\/uploads\/2023\/02\/750-lat-21-23-wrzesnia-2018-39.jpg\" alt=\"\" class=\"wp-image-105\" srcset=\"https:\/\/grabowiec.pl\/ug\/wp-content\/uploads\/2023\/02\/750-lat-21-23-wrzesnia-2018-39.jpg 1259w, https:\/\/grabowiec.pl\/ug\/wp-content\/uploads\/2023\/02\/750-lat-21-23-wrzesnia-2018-39-300x200.jpg 300w, https:\/\/grabowiec.pl\/ug\/wp-content\/uploads\/2023\/02\/750-lat-21-23-wrzesnia-2018-39-1024x682.jpg 1024w, https:\/\/grabowiec.pl\/ug\/wp-content\/uploads\/2023\/02\/750-lat-21-23-wrzesnia-2018-39-768x512.jpg 768w, https:\/\/grabowiec.pl\/ug\/wp-content\/uploads\/2023\/02\/750-lat-21-23-wrzesnia-2018-39-450x300.jpg 450w\" sizes=\"auto, (max-width: 1259px) 100vw, 1259px\" \/><\/figure>\n\n\n\n<p>Obchody jubileuszowe w Grabowcu trwa\u0142y 3 dni. Rozpocz\u0119\u0142y si\u0119 w pi\u0105tek 21 wrze\u015bnia 2018 roku ods\u0142oni\u0119ciem tablic pami\u0105tkowych na fasadzie budynku Urz\u0119du Gminy i Gminnego O\u015brodka Kultury. Jedna, po\u015bwi\u0119cona pami\u0119ci Wac\u0142awa Jaroszy\u0144skiego, autora monografii \u201eSiedem wiek\u00f3w Grabowca\u201d, badaczowi dziej\u00f3w, kt\u00f3ry po\u015bwi\u0119ci\u0142 wiele lat \u017cycia na szukanie informacji do swojej ksi\u0105\u017cki. Fundatorem tablicy jest Towarzystwo Przyjaci\u00f3\u0142 Grabowca. Druga z tablic ufundowana przez radnych i so\u0142tys\u00f3w bie\u017c\u0105cej kadencji po\u015bwi\u0119cona jest Jubileuszowi 750-lecia Grabowca. W uroczysto\u015bci wzi\u0119li udzia\u0142 go\u015bcie z wojew\u00f3dztwa, powiatu, przyjaciele z Mroz\u00f3w, i wiele os\u00f3b, kt\u00f3re zwi\u0105zane s\u0105 z Grabowcem a tak\u017ce mieszka\u0144cy. M\u0142odzie\u017c z Zespo\u0142u Szk\u00f3\u0142 im. H. Sienkiewicza zata\u0144czy\u0142a Poloneza przy rynku a nast\u0119pnie odby\u0142a si\u0119 uroczysta sesja Rady Gminy Grabowiec. By\u0142y s\u0142owa podzi\u0119kowa\u0144, dyplomy i okoliczno\u015bciowe medale. Go\u015bcie obejrzeli prezentacj\u0119 multimedialn\u0105 przygotowan\u0105 przez pracownik\u00f3w GOK.<\/p>\n\n\n\n<p>Drugi dzie\u0144 Jubileuszu, pomimo nie najlepszej pogody to Festyn, gdzie prezentowa\u0142y si\u0119 zespo\u0142y i wokali\u015bci z terenu gminy. Dzieci z kl. V pokaza\u0142y \u201etaniec wr\u00f3\u017cek\u201d, kl. III \u2013 taniec z flag\u0105 a na zako\u0144czenie zata\u0144czy\u0142a m\u0142odzie\u017c z klasy III gimnazjalnej. Kolejnym punktem programu by\u0142 tort jubileuszowy dla wszystkich uczestnik\u00f3w festynu. Go\u015bcinnie wyst\u0105pi\u0142a Kapela W\u00f3jtowianie z Krasnobrodu u\u015bwietniaj\u0105c nasz\u0105 uroczysto\u015b\u0107. Nast\u0119pnie za\u015bpiewa\u0142a grabowiecka Kapela Ludowa a po niej rozpocz\u0119\u0142a si\u0119 zabawa z zespo\u0142em Twist Time z Lublina.<\/p>\n\n\n\n<p>Trzeci dzie\u0144 Jubileuszu rozpocz\u0119\u0142a Msza \u015awi\u0119ta Polowa kt\u00f3r\u0105 celebrowa\u0142 ks. Tadeusz Nowak. W uroczysto\u015bci wzi\u0119li udzia\u0142 \u017co\u0142nierze z II Hrubieszowskiego Pu\u0142ku Rozpoznawczego im. Henryka Dobrza\u0144skiego \u201eHubala\u201d wystawiaj\u0105c kompani\u0119 honorow\u0105. Po uroczysto\u015bciach przy pomniku w Grabowcu G\u00f3rze wszyscy uczestnicy mogli popr\u00f3bowa\u0107 wojskowej groch\u00f3wki i wsp\u00f3lnie sp\u0119dzi\u0107 popo\u0142udnie.<\/p>\n","protected":false},"excerpt":{"rendered":"<p>Obchody jubileuszowe w Grabowcu trwa\u0142y 3 dni. Rozpocz\u0119\u0142y si\u0119 w pi\u0105tek 21 wrze\u015bnia 2018 roku &hellip;<\/p>\n","protected":false},"author":1,"featured_media":106,"parent":0,"menu_order":0,"comment_status":"closed","ping_status":"closed","template":"","meta":{"footnotes":""},"class_list":["post-104","page","type-page","status-publish","has-post-thumbnail","hentry"],"yoast_head":"<!-- This site is optimized with the Yoast SEO plugin v27.4 - https:\/\/yoast.com\/product\/yoast-seo-wordpress\/ -->\n<title>Jubileusz - 750 lat Grabowca (2018) - GMINA GRABOWIEC<\/title>\n<meta name=\"robots\" content=\"index, follow, max-snippet:-1, max-image-preview:large, max-video-preview:-1\" \/>\n<link rel=\"canonical\" href=\"https:\/\/grabowiec.pl\/ug\/index.php\/jubileusz-750-lat-grabowca-2018\/\" \/>\n<meta property=\"og:locale\" content=\"pl_PL\" \/>\n<meta property=\"og:type\" content=\"article\" \/>\n<meta property=\"og:title\" content=\"Jubileusz - 750 lat Grabowca (2018) - GMINA GRABOWIEC\" \/>\n<meta property=\"og:description\" content=\"Obchody jubileuszowe w Grabowcu trwa\u0142y 3 dni. Rozpocz\u0119\u0142y si\u0119 w pi\u0105tek 21 wrze\u015bnia 2018 roku &hellip;\" \/>\n<meta property=\"og:url\" content=\"https:\/\/grabowiec.pl\/ug\/index.php\/jubileusz-750-lat-grabowca-2018\/\" \/>\n<meta property=\"og:site_name\" content=\"GMINA GRABOWIEC\" \/>\n<meta property=\"article:modified_time\" content=\"2023-02-08T08:51:39+00:00\" \/>\n<meta property=\"og:image\" content=\"https:\/\/grabowiec.pl\/ug\/wp-content\/uploads\/2023\/02\/750-lat-21-23-wrzesnia-2018-91.jpg\" \/>\n\t<meta property=\"og:image:width\" content=\"1844\" \/>\n\t<meta property=\"og:image:height\" content=\"442\" \/>\n\t<meta property=\"og:image:type\" content=\"image\/jpeg\" \/>\n<meta name=\"twitter:card\" content=\"summary_large_image\" \/>\n<meta name=\"twitter:label1\" content=\"Szacowany czas czytania\" \/>\n\t<meta name=\"twitter:data1\" content=\"2 minuty\" \/>\n<script type=\"application\/ld+json\" class=\"yoast-schema-graph\">{\"@context\":\"https:\\\/\\\/schema.org\",\"@graph\":[{\"@type\":\"WebPage\",\"@id\":\"https:\\\/\\\/grabowiec.pl\\\/ug\\\/index.php\\\/jubileusz-750-lat-grabowca-2018\\\/\",\"url\":\"https:\\\/\\\/grabowiec.pl\\\/ug\\\/index.php\\\/jubileusz-750-lat-grabowca-2018\\\/\",\"name\":\"Jubileusz - 750 lat Grabowca (2018) - GMINA GRABOWIEC\",\"isPartOf\":{\"@id\":\"https:\\\/\\\/grabowiec.pl\\\/ug\\\/#website\"},\"primaryImageOfPage\":{\"@id\":\"https:\\\/\\\/grabowiec.pl\\\/ug\\\/index.php\\\/jubileusz-750-lat-grabowca-2018\\\/#primaryimage\"},\"image\":{\"@id\":\"https:\\\/\\\/grabowiec.pl\\\/ug\\\/index.php\\\/jubileusz-750-lat-grabowca-2018\\\/#primaryimage\"},\"thumbnailUrl\":\"https:\\\/\\\/grabowiec.pl\\\/ug\\\/wp-content\\\/uploads\\\/2023\\\/02\\\/750-lat-21-23-wrzesnia-2018-91.jpg\",\"datePublished\":\"2023-02-08T08:51:38+00:00\",\"dateModified\":\"2023-02-08T08:51:39+00:00\",\"breadcrumb\":{\"@id\":\"https:\\\/\\\/grabowiec.pl\\\/ug\\\/index.php\\\/jubileusz-750-lat-grabowca-2018\\\/#breadcrumb\"},\"inLanguage\":\"pl-PL\",\"potentialAction\":[{\"@type\":\"ReadAction\",\"target\":[\"https:\\\/\\\/grabowiec.pl\\\/ug\\\/index.php\\\/jubileusz-750-lat-grabowca-2018\\\/\"]}]},{\"@type\":\"ImageObject\",\"inLanguage\":\"pl-PL\",\"@id\":\"https:\\\/\\\/grabowiec.pl\\\/ug\\\/index.php\\\/jubileusz-750-lat-grabowca-2018\\\/#primaryimage\",\"url\":\"https:\\\/\\\/grabowiec.pl\\\/ug\\\/wp-content\\\/uploads\\\/2023\\\/02\\\/750-lat-21-23-wrzesnia-2018-91.jpg\",\"contentUrl\":\"https:\\\/\\\/grabowiec.pl\\\/ug\\\/wp-content\\\/uploads\\\/2023\\\/02\\\/750-lat-21-23-wrzesnia-2018-91.jpg\",\"width\":1844,\"height\":442},{\"@type\":\"BreadcrumbList\",\"@id\":\"https:\\\/\\\/grabowiec.pl\\\/ug\\\/index.php\\\/jubileusz-750-lat-grabowca-2018\\\/#breadcrumb\",\"itemListElement\":[{\"@type\":\"ListItem\",\"position\":1,\"name\":\"Strona g\u0142\u00f3wna\",\"item\":\"https:\\\/\\\/grabowiec.pl\\\/ug\\\/\"},{\"@type\":\"ListItem\",\"position\":2,\"name\":\"Jubileusz &#8211; 750 lat Grabowca (2018)\"}]},{\"@type\":\"WebSite\",\"@id\":\"https:\\\/\\\/grabowiec.pl\\\/ug\\\/#website\",\"url\":\"https:\\\/\\\/grabowiec.pl\\\/ug\\\/\",\"name\":\"GMINA GRABOWIEC\",\"description\":\"\",\"publisher\":{\"@id\":\"https:\\\/\\\/grabowiec.pl\\\/ug\\\/#organization\"},\"potentialAction\":[{\"@type\":\"SearchAction\",\"target\":{\"@type\":\"EntryPoint\",\"urlTemplate\":\"https:\\\/\\\/grabowiec.pl\\\/ug\\\/?s={search_term_string}\"},\"query-input\":{\"@type\":\"PropertyValueSpecification\",\"valueRequired\":true,\"valueName\":\"search_term_string\"}}],\"inLanguage\":\"pl-PL\"},{\"@type\":\"Organization\",\"@id\":\"https:\\\/\\\/grabowiec.pl\\\/ug\\\/#organization\",\"name\":\"GMINA GRABOWIEC\",\"url\":\"https:\\\/\\\/grabowiec.pl\\\/ug\\\/\",\"logo\":{\"@type\":\"ImageObject\",\"inLanguage\":\"pl-PL\",\"@id\":\"https:\\\/\\\/grabowiec.pl\\\/ug\\\/#\\\/schema\\\/logo\\\/image\\\/\",\"url\":\"https:\\\/\\\/grabowiec.pl\\\/ug\\\/wp-content\\\/uploads\\\/2023\\\/02\\\/grab-herb.png\",\"contentUrl\":\"https:\\\/\\\/grabowiec.pl\\\/ug\\\/wp-content\\\/uploads\\\/2023\\\/02\\\/grab-herb.png\",\"width\":500,\"height\":600,\"caption\":\"GMINA GRABOWIEC\"},\"image\":{\"@id\":\"https:\\\/\\\/grabowiec.pl\\\/ug\\\/#\\\/schema\\\/logo\\\/image\\\/\"}}]}<\/script>\n<!-- \/ Yoast SEO plugin. -->","yoast_head_json":{"title":"Jubileusz - 750 lat Grabowca (2018) - GMINA GRABOWIEC","robots":{"index":"index","follow":"follow","max-snippet":"max-snippet:-1","max-image-preview":"max-image-preview:large","max-video-preview":"max-video-preview:-1"},"canonical":"https:\/\/grabowiec.pl\/ug\/index.php\/jubileusz-750-lat-grabowca-2018\/","og_locale":"pl_PL","og_type":"article","og_title":"Jubileusz - 750 lat Grabowca (2018) - GMINA GRABOWIEC","og_description":"Obchody jubileuszowe w Grabowcu trwa\u0142y 3 dni. Rozpocz\u0119\u0142y si\u0119 w pi\u0105tek 21 wrze\u015bnia 2018 roku &hellip;","og_url":"https:\/\/grabowiec.pl\/ug\/index.php\/jubileusz-750-lat-grabowca-2018\/","og_site_name":"GMINA GRABOWIEC","article_modified_time":"2023-02-08T08:51:39+00:00","og_image":[{"width":1844,"height":442,"url":"https:\/\/grabowiec.pl\/ug\/wp-content\/uploads\/2023\/02\/750-lat-21-23-wrzesnia-2018-91.jpg","type":"image\/jpeg"}],"twitter_card":"summary_large_image","twitter_misc":{"Szacowany czas czytania":"2 minuty"},"schema":{"@context":"https:\/\/schema.org","@graph":[{"@type":"WebPage","@id":"https:\/\/grabowiec.pl\/ug\/index.php\/jubileusz-750-lat-grabowca-2018\/","url":"https:\/\/grabowiec.pl\/ug\/index.php\/jubileusz-750-lat-grabowca-2018\/","name":"Jubileusz - 750 lat Grabowca (2018) - GMINA GRABOWIEC","isPartOf":{"@id":"https:\/\/grabowiec.pl\/ug\/#website"},"primaryImageOfPage":{"@id":"https:\/\/grabowiec.pl\/ug\/index.php\/jubileusz-750-lat-grabowca-2018\/#primaryimage"},"image":{"@id":"https:\/\/grabowiec.pl\/ug\/index.php\/jubileusz-750-lat-grabowca-2018\/#primaryimage"},"thumbnailUrl":"https:\/\/grabowiec.pl\/ug\/wp-content\/uploads\/2023\/02\/750-lat-21-23-wrzesnia-2018-91.jpg","datePublished":"2023-02-08T08:51:38+00:00","dateModified":"2023-02-08T08:51:39+00:00","breadcrumb":{"@id":"https:\/\/grabowiec.pl\/ug\/index.php\/jubileusz-750-lat-grabowca-2018\/#breadcrumb"},"inLanguage":"pl-PL","potentialAction":[{"@type":"ReadAction","target":["https:\/\/grabowiec.pl\/ug\/index.php\/jubileusz-750-lat-grabowca-2018\/"]}]},{"@type":"ImageObject","inLanguage":"pl-PL","@id":"https:\/\/grabowiec.pl\/ug\/index.php\/jubileusz-750-lat-grabowca-2018\/#primaryimage","url":"https:\/\/grabowiec.pl\/ug\/wp-content\/uploads\/2023\/02\/750-lat-21-23-wrzesnia-2018-91.jpg","contentUrl":"https:\/\/grabowiec.pl\/ug\/wp-content\/uploads\/2023\/02\/750-lat-21-23-wrzesnia-2018-91.jpg","width":1844,"height":442},{"@type":"BreadcrumbList","@id":"https:\/\/grabowiec.pl\/ug\/index.php\/jubileusz-750-lat-grabowca-2018\/#breadcrumb","itemListElement":[{"@type":"ListItem","position":1,"name":"Strona g\u0142\u00f3wna","item":"https:\/\/grabowiec.pl\/ug\/"},{"@type":"ListItem","position":2,"name":"Jubileusz &#8211; 750 lat Grabowca (2018)"}]},{"@type":"WebSite","@id":"https:\/\/grabowiec.pl\/ug\/#website","url":"https:\/\/grabowiec.pl\/ug\/","name":"GMINA GRABOWIEC","description":"","publisher":{"@id":"https:\/\/grabowiec.pl\/ug\/#organization"},"potentialAction":[{"@type":"SearchAction","target":{"@type":"EntryPoint","urlTemplate":"https:\/\/grabowiec.pl\/ug\/?s={search_term_string}"},"query-input":{"@type":"PropertyValueSpecification","valueRequired":true,"valueName":"search_term_string"}}],"inLanguage":"pl-PL"},{"@type":"Organization","@id":"https:\/\/grabowiec.pl\/ug\/#organization","name":"GMINA GRABOWIEC","url":"https:\/\/grabowiec.pl\/ug\/","logo":{"@type":"ImageObject","inLanguage":"pl-PL","@id":"https:\/\/grabowiec.pl\/ug\/#\/schema\/logo\/image\/","url":"https:\/\/grabowiec.pl\/ug\/wp-content\/uploads\/2023\/02\/grab-herb.png","contentUrl":"https:\/\/grabowiec.pl\/ug\/wp-content\/uploads\/2023\/02\/grab-herb.png","width":500,"height":600,"caption":"GMINA GRABOWIEC"},"image":{"@id":"https:\/\/grabowiec.pl\/ug\/#\/schema\/logo\/image\/"}}]}},"_links":{"self":[{"href":"https:\/\/grabowiec.pl\/ug\/index.php\/wp-json\/wp\/v2\/pages\/104","targetHints":{"allow":["GET"]}}],"collection":[{"href":"https:\/\/grabowiec.pl\/ug\/index.php\/wp-json\/wp\/v2\/pages"}],"about":[{"href":"https:\/\/grabowiec.pl\/ug\/index.php\/wp-json\/wp\/v2\/types\/page"}],"author":[{"embeddable":true,"href":"https:\/\/grabowiec.pl\/ug\/index.php\/wp-json\/wp\/v2\/users\/1"}],"replies":[{"embeddable":true,"href":"https:\/\/grabowiec.pl\/ug\/index.php\/wp-json\/wp\/v2\/comments?post=104"}],"version-history":[{"count":1,"href":"https:\/\/grabowiec.pl\/ug\/index.php\/wp-json\/wp\/v2\/pages\/104\/revisions"}],"predecessor-version":[{"id":107,"href":"https:\/\/grabowiec.pl\/ug\/index.php\/wp-json\/wp\/v2\/pages\/104\/revisions\/107"}],"wp:featuredmedia":[{"embeddable":true,"href":"https:\/\/grabowiec.pl\/ug\/index.php\/wp-json\/wp\/v2\/media\/106"}],"wp:attachment":[{"href":"https:\/\/grabowiec.pl\/ug\/index.php\/wp-json\/wp\/v2\/media?parent=104"}],"curies":[{"name":"wp","href":"https:\/\/api.w.org\/{rel}","templated":true}]}}