{"id":110,"date":"2023-02-08T09:56:56","date_gmt":"2023-02-08T08:56:56","guid":{"rendered":"https:\/\/grabowiec.pl\/ug\/?page_id=110"},"modified":"2025-11-03T17:00:57","modified_gmt":"2025-11-03T16:00:57","slug":"gminny-osrodek-kultury-w-grabowcu","status":"publish","type":"page","link":"https:\/\/grabowiec.pl\/ug\/index.php\/gminny-osrodek-kultury-w-grabowcu\/","title":{"rendered":"Gminny O\u015brodek Kultury w Grabowcu"},"content":{"rendered":"\n<p class=\"has-large-font-size\">Grabowiec, ul. Rynek 6, 22-425 Grabowiec, pow. zamojski, woj. lubelskie<\/p>\n\n\n\n<p><strong>Dane adresowe:<\/strong><\/p>\n\n\n\n<p>Rynek 6<br>22-425 Grabowiec<br>NIP: 919 000 56 0<\/p>\n\n\n\n<p>Tel. (084) 65-12-238<br>Email: kontakt@gokgrabowiec.pl<br><a href=\"https:\/\/gokgrabowiec.pl\/\" target=\"_blank\" rel=\"noreferrer noopener\">www.gokgrabowiec.pl<\/a><\/p>\n\n\n\n<p>Dyrektor: Dominik Kordy\u015b<\/p>\n\n\n\n<p><strong>Godziny pracy GOK<\/strong><\/p>\n\n\n\n<p>Poniedzia\u0142ek 8:00 &#8211; 16:00<br>Wtorek 8:00 &#8211; 16:00<br>\u015aroda 8:00 &#8211; 16:00<br>Czwartek 8:00 &#8211; 16:00<br>Pi\u0105tek 8:00 &#8211; 16:00<br>Sobota 8:00 &#8211; 18:00 nauka j\u0119zyka<br>Niedziela (pierwsza i trzecia)&nbsp;: 14:00 &#8211; 17:00<em> Izba Pami\u0119ci&nbsp;(w dni ustawowo wolne od pracy)<\/em><\/p>\n\n\n\n<p><strong>OFERTA:<\/strong><\/p>\n\n\n\n<p>Sta\u0142e formy pracy dla dzieci i m\u0142odzie\u017cy:zaj\u0119cia plastyczne<br>taniec &#8211; dla dzieci ze szko\u0142y podstawowej i gimnazjum,<br>nauka j\u0119zyk\u00f3w obcych: angielski, niemiecki,<br>spotkania integracyjne z udzia\u0142em dzieci obj\u0119tych indywidualnym tokiem nauczania.<br>nauka gry na instrumentach muzycznych<br>dwie pracownie komputerowe<br>wynaj\u0119cie sali,<br>obs\u0142ug\u0119 techniczn\u0105 imprez: nag\u0142o\u015bnienie, dekoracj\u0119,<br>wypo\u017cyczenie stroj\u00f3w, krzese\u0142, sto\u0142\u00f3w,<br>us\u0142ugi plastyczne.<br>studio nagra\u0144<\/p>\n\n\n\n<p><strong>Organizuje:<\/strong><\/p>\n\n\n\n<p>uroczysto\u015bci patriotyczno &#8211; religijne,<br>imprezy cykliczne,<br>imprezy okazyjne,<br>koncerty,<br>wystawy,<br>spotkania,<br>imprezy plenerowe,<\/p>\n","protected":false},"excerpt":{"rendered":"<p>Grabowiec, ul. Rynek 6, 22-425 Grabowiec, pow. zamojski, woj. lubelskie Dane adresowe: Rynek 622-425 GrabowiecNIP: &hellip;<\/p>\n","protected":false},"author":1,"featured_media":187,"parent":0,"menu_order":0,"comment_status":"closed","ping_status":"closed","template":"","meta":{"footnotes":""},"class_list":["post-110","page","type-page","status-publish","has-post-thumbnail","hentry"],"yoast_head":"<!-- This site is optimized with the Yoast SEO plugin v27.4 - https:\/\/yoast.com\/product\/yoast-seo-wordpress\/ -->\n<title>Gminny O\u015brodek Kultury w Grabowcu - GMINA GRABOWIEC<\/title>\n<meta name=\"robots\" content=\"index, follow, max-snippet:-1, max-image-preview:large, max-video-preview:-1\" \/>\n<link rel=\"canonical\" href=\"https:\/\/grabowiec.pl\/ug\/index.php\/gminny-osrodek-kultury-w-grabowcu\/\" \/>\n<meta property=\"og:locale\" content=\"pl_PL\" \/>\n<meta property=\"og:type\" content=\"article\" \/>\n<meta property=\"og:title\" content=\"Gminny O\u015brodek Kultury w Grabowcu - GMINA GRABOWIEC\" \/>\n<meta property=\"og:description\" content=\"Grabowiec, ul. Rynek 6, 22-425 Grabowiec, pow. zamojski, woj. lubelskie Dane adresowe: Rynek 622-425 GrabowiecNIP: &hellip;\" \/>\n<meta property=\"og:url\" content=\"https:\/\/grabowiec.pl\/ug\/index.php\/gminny-osrodek-kultury-w-grabowcu\/\" \/>\n<meta property=\"og:site_name\" content=\"GMINA GRABOWIEC\" \/>\n<meta property=\"article:modified_time\" content=\"2025-11-03T16:00:57+00:00\" \/>\n<meta property=\"og:image\" content=\"https:\/\/grabowiec.pl\/ug\/wp-content\/uploads\/2023\/02\/s5.jpg\" \/>\n\t<meta property=\"og:image:width\" content=\"1920\" \/>\n\t<meta property=\"og:image:height\" content=\"1080\" \/>\n\t<meta property=\"og:image:type\" content=\"image\/jpeg\" \/>\n<meta name=\"twitter:card\" content=\"summary_large_image\" \/>\n<meta name=\"twitter:label1\" content=\"Szacowany czas czytania\" \/>\n\t<meta name=\"twitter:data1\" content=\"2 minuty\" \/>\n<script type=\"application\/ld+json\" class=\"yoast-schema-graph\">{\"@context\":\"https:\\\/\\\/schema.org\",\"@graph\":[{\"@type\":\"WebPage\",\"@id\":\"https:\\\/\\\/grabowiec.pl\\\/ug\\\/index.php\\\/gminny-osrodek-kultury-w-grabowcu\\\/\",\"url\":\"https:\\\/\\\/grabowiec.pl\\\/ug\\\/index.php\\\/gminny-osrodek-kultury-w-grabowcu\\\/\",\"name\":\"Gminny O\u015brodek Kultury w Grabowcu - GMINA GRABOWIEC\",\"isPartOf\":{\"@id\":\"https:\\\/\\\/grabowiec.pl\\\/ug\\\/#website\"},\"primaryImageOfPage\":{\"@id\":\"https:\\\/\\\/grabowiec.pl\\\/ug\\\/index.php\\\/gminny-osrodek-kultury-w-grabowcu\\\/#primaryimage\"},\"image\":{\"@id\":\"https:\\\/\\\/grabowiec.pl\\\/ug\\\/index.php\\\/gminny-osrodek-kultury-w-grabowcu\\\/#primaryimage\"},\"thumbnailUrl\":\"https:\\\/\\\/grabowiec.pl\\\/ug\\\/wp-content\\\/uploads\\\/2023\\\/02\\\/s5.jpg\",\"datePublished\":\"2023-02-08T08:56:56+00:00\",\"dateModified\":\"2025-11-03T16:00:57+00:00\",\"breadcrumb\":{\"@id\":\"https:\\\/\\\/grabowiec.pl\\\/ug\\\/index.php\\\/gminny-osrodek-kultury-w-grabowcu\\\/#breadcrumb\"},\"inLanguage\":\"pl-PL\",\"potentialAction\":[{\"@type\":\"ReadAction\",\"target\":[\"https:\\\/\\\/grabowiec.pl\\\/ug\\\/index.php\\\/gminny-osrodek-kultury-w-grabowcu\\\/\"]}]},{\"@type\":\"ImageObject\",\"inLanguage\":\"pl-PL\",\"@id\":\"https:\\\/\\\/grabowiec.pl\\\/ug\\\/index.php\\\/gminny-osrodek-kultury-w-grabowcu\\\/#primaryimage\",\"url\":\"https:\\\/\\\/grabowiec.pl\\\/ug\\\/wp-content\\\/uploads\\\/2023\\\/02\\\/s5.jpg\",\"contentUrl\":\"https:\\\/\\\/grabowiec.pl\\\/ug\\\/wp-content\\\/uploads\\\/2023\\\/02\\\/s5.jpg\",\"width\":1920,\"height\":1080},{\"@type\":\"BreadcrumbList\",\"@id\":\"https:\\\/\\\/grabowiec.pl\\\/ug\\\/index.php\\\/gminny-osrodek-kultury-w-grabowcu\\\/#breadcrumb\",\"itemListElement\":[{\"@type\":\"ListItem\",\"position\":1,\"name\":\"Strona g\u0142\u00f3wna\",\"item\":\"https:\\\/\\\/grabowiec.pl\\\/ug\\\/\"},{\"@type\":\"ListItem\",\"position\":2,\"name\":\"Gminny O\u015brodek Kultury w Grabowcu\"}]},{\"@type\":\"WebSite\",\"@id\":\"https:\\\/\\\/grabowiec.pl\\\/ug\\\/#website\",\"url\":\"https:\\\/\\\/grabowiec.pl\\\/ug\\\/\",\"name\":\"GMINA GRABOWIEC\",\"description\":\"\",\"publisher\":{\"@id\":\"https:\\\/\\\/grabowiec.pl\\\/ug\\\/#organization\"},\"potentialAction\":[{\"@type\":\"SearchAction\",\"target\":{\"@type\":\"EntryPoint\",\"urlTemplate\":\"https:\\\/\\\/grabowiec.pl\\\/ug\\\/?s={search_term_string}\"},\"query-input\":{\"@type\":\"PropertyValueSpecification\",\"valueRequired\":true,\"valueName\":\"search_term_string\"}}],\"inLanguage\":\"pl-PL\"},{\"@type\":\"Organization\",\"@id\":\"https:\\\/\\\/grabowiec.pl\\\/ug\\\/#organization\",\"name\":\"GMINA GRABOWIEC\",\"url\":\"https:\\\/\\\/grabowiec.pl\\\/ug\\\/\",\"logo\":{\"@type\":\"ImageObject\",\"inLanguage\":\"pl-PL\",\"@id\":\"https:\\\/\\\/grabowiec.pl\\\/ug\\\/#\\\/schema\\\/logo\\\/image\\\/\",\"url\":\"https:\\\/\\\/grabowiec.pl\\\/ug\\\/wp-content\\\/uploads\\\/2023\\\/02\\\/grab-herb.png\",\"contentUrl\":\"https:\\\/\\\/grabowiec.pl\\\/ug\\\/wp-content\\\/uploads\\\/2023\\\/02\\\/grab-herb.png\",\"width\":500,\"height\":600,\"caption\":\"GMINA GRABOWIEC\"},\"image\":{\"@id\":\"https:\\\/\\\/grabowiec.pl\\\/ug\\\/#\\\/schema\\\/logo\\\/image\\\/\"}}]}<\/script>\n<!-- \/ Yoast SEO plugin. -->","yoast_head_json":{"title":"Gminny O\u015brodek Kultury w Grabowcu - GMINA GRABOWIEC","robots":{"index":"index","follow":"follow","max-snippet":"max-snippet:-1","max-image-preview":"max-image-preview:large","max-video-preview":"max-video-preview:-1"},"canonical":"https:\/\/grabowiec.pl\/ug\/index.php\/gminny-osrodek-kultury-w-grabowcu\/","og_locale":"pl_PL","og_type":"article","og_title":"Gminny O\u015brodek Kultury w Grabowcu - GMINA GRABOWIEC","og_description":"Grabowiec, ul. Rynek 6, 22-425 Grabowiec, pow. zamojski, woj. lubelskie Dane adresowe: Rynek 622-425 GrabowiecNIP: &hellip;","og_url":"https:\/\/grabowiec.pl\/ug\/index.php\/gminny-osrodek-kultury-w-grabowcu\/","og_site_name":"GMINA GRABOWIEC","article_modified_time":"2025-11-03T16:00:57+00:00","og_image":[{"width":1920,"height":1080,"url":"https:\/\/grabowiec.pl\/ug\/wp-content\/uploads\/2023\/02\/s5.jpg","type":"image\/jpeg"}],"twitter_card":"summary_large_image","twitter_misc":{"Szacowany czas czytania":"2 minuty"},"schema":{"@context":"https:\/\/schema.org","@graph":[{"@type":"WebPage","@id":"https:\/\/grabowiec.pl\/ug\/index.php\/gminny-osrodek-kultury-w-grabowcu\/","url":"https:\/\/grabowiec.pl\/ug\/index.php\/gminny-osrodek-kultury-w-grabowcu\/","name":"Gminny O\u015brodek Kultury w Grabowcu - GMINA GRABOWIEC","isPartOf":{"@id":"https:\/\/grabowiec.pl\/ug\/#website"},"primaryImageOfPage":{"@id":"https:\/\/grabowiec.pl\/ug\/index.php\/gminny-osrodek-kultury-w-grabowcu\/#primaryimage"},"image":{"@id":"https:\/\/grabowiec.pl\/ug\/index.php\/gminny-osrodek-kultury-w-grabowcu\/#primaryimage"},"thumbnailUrl":"https:\/\/grabowiec.pl\/ug\/wp-content\/uploads\/2023\/02\/s5.jpg","datePublished":"2023-02-08T08:56:56+00:00","dateModified":"2025-11-03T16:00:57+00:00","breadcrumb":{"@id":"https:\/\/grabowiec.pl\/ug\/index.php\/gminny-osrodek-kultury-w-grabowcu\/#breadcrumb"},"inLanguage":"pl-PL","potentialAction":[{"@type":"ReadAction","target":["https:\/\/grabowiec.pl\/ug\/index.php\/gminny-osrodek-kultury-w-grabowcu\/"]}]},{"@type":"ImageObject","inLanguage":"pl-PL","@id":"https:\/\/grabowiec.pl\/ug\/index.php\/gminny-osrodek-kultury-w-grabowcu\/#primaryimage","url":"https:\/\/grabowiec.pl\/ug\/wp-content\/uploads\/2023\/02\/s5.jpg","contentUrl":"https:\/\/grabowiec.pl\/ug\/wp-content\/uploads\/2023\/02\/s5.jpg","width":1920,"height":1080},{"@type":"BreadcrumbList","@id":"https:\/\/grabowiec.pl\/ug\/index.php\/gminny-osrodek-kultury-w-grabowcu\/#breadcrumb","itemListElement":[{"@type":"ListItem","position":1,"name":"Strona g\u0142\u00f3wna","item":"https:\/\/grabowiec.pl\/ug\/"},{"@type":"ListItem","position":2,"name":"Gminny O\u015brodek Kultury w Grabowcu"}]},{"@type":"WebSite","@id":"https:\/\/grabowiec.pl\/ug\/#website","url":"https:\/\/grabowiec.pl\/ug\/","name":"GMINA GRABOWIEC","description":"","publisher":{"@id":"https:\/\/grabowiec.pl\/ug\/#organization"},"potentialAction":[{"@type":"SearchAction","target":{"@type":"EntryPoint","urlTemplate":"https:\/\/grabowiec.pl\/ug\/?s={search_term_string}"},"query-input":{"@type":"PropertyValueSpecification","valueRequired":true,"valueName":"search_term_string"}}],"inLanguage":"pl-PL"},{"@type":"Organization","@id":"https:\/\/grabowiec.pl\/ug\/#organization","name":"GMINA GRABOWIEC","url":"https:\/\/grabowiec.pl\/ug\/","logo":{"@type":"ImageObject","inLanguage":"pl-PL","@id":"https:\/\/grabowiec.pl\/ug\/#\/schema\/logo\/image\/","url":"https:\/\/grabowiec.pl\/ug\/wp-content\/uploads\/2023\/02\/grab-herb.png","contentUrl":"https:\/\/grabowiec.pl\/ug\/wp-content\/uploads\/2023\/02\/grab-herb.png","width":500,"height":600,"caption":"GMINA GRABOWIEC"},"image":{"@id":"https:\/\/grabowiec.pl\/ug\/#\/schema\/logo\/image\/"}}]}},"_links":{"self":[{"href":"https:\/\/grabowiec.pl\/ug\/index.php\/wp-json\/wp\/v2\/pages\/110","targetHints":{"allow":["GET"]}}],"collection":[{"href":"https:\/\/grabowiec.pl\/ug\/index.php\/wp-json\/wp\/v2\/pages"}],"about":[{"href":"https:\/\/grabowiec.pl\/ug\/index.php\/wp-json\/wp\/v2\/types\/page"}],"author":[{"embeddable":true,"href":"https:\/\/grabowiec.pl\/ug\/index.php\/wp-json\/wp\/v2\/users\/1"}],"replies":[{"embeddable":true,"href":"https:\/\/grabowiec.pl\/ug\/index.php\/wp-json\/wp\/v2\/comments?post=110"}],"version-history":[{"count":7,"href":"https:\/\/grabowiec.pl\/ug\/index.php\/wp-json\/wp\/v2\/pages\/110\/revisions"}],"predecessor-version":[{"id":5535,"href":"https:\/\/grabowiec.pl\/ug\/index.php\/wp-json\/wp\/v2\/pages\/110\/revisions\/5535"}],"wp:featuredmedia":[{"embeddable":true,"href":"https:\/\/grabowiec.pl\/ug\/index.php\/wp-json\/wp\/v2\/media\/187"}],"wp:attachment":[{"href":"https:\/\/grabowiec.pl\/ug\/index.php\/wp-json\/wp\/v2\/media?parent=110"}],"curies":[{"name":"wp","href":"https:\/\/api.w.org\/{rel}","templated":true}]}}