{"id":119,"date":"2023-02-08T10:04:33","date_gmt":"2023-02-08T09:04:33","guid":{"rendered":"https:\/\/grabowiec.pl\/ug\/?page_id=119"},"modified":"2025-11-03T17:01:37","modified_gmt":"2025-11-03T16:01:37","slug":"gminna-biblioteka-publiczna-w-grabowcu","status":"publish","type":"page","link":"https:\/\/grabowiec.pl\/ug\/index.php\/gminna-biblioteka-publiczna-w-grabowcu\/","title":{"rendered":"Gminna Biblioteka Publiczna w Grabowcu"},"content":{"rendered":"\n<p>ADRES<br>Grabowiec, ul. Rynek 6<br>22-425 Grabowiec<\/p>\n\n\n\n<p>tel. (084) 65-12-238<br>Email: kontakt@bibliotekagrabowiec.pl<br><a href=\"http:\/\/bibliotekagrabowiec.pl\/\" target=\"_blank\" rel=\"noreferrer noopener\">www.bibliotekagrabowiec.pl<\/a><\/p>\n\n\n\n<p>p.o. dyrektora &#8211; Beata Smo\u0142a<\/p>\n\n\n\n<p>Godziny pracy Biblioteki<\/p>\n\n\n\n<p><em>Od poniedzia\u0142ku do pi\u0105tku: 9:00 \u2013 17:00<br>Pierwsza sobota miesi\u0105ca: 9:00 \u2013 13:00<br>Niedziela \u2013 nieczynne<\/em><\/p>\n\n\n\n<p><strong>Historia <\/strong>Biblioteki Publicznej w Grabowcu si\u0119ga 1949 roku. W momencie powstania ksi\u0119gozbi\u00f3r liczy\u0142 870 volumin\u00f3w i systematycznie wzrasta\u0142. Pierwszym bibliotekarzem by\u0142a pani Janina Kasprowicz, pe\u0142ni\u0142a t\u0119 funkcj\u0119 do 1972 roku. Nast\u0119pnie obowi\u0105zki kierownika plac\u00f3wki przyj\u0119\u0142a pani Bo\u017cena Kocaj, kt\u00f3ra pracowa\u0142a do roku 1981.<\/p>\n\n\n\n<p>Biblioteka mie\u015bci\u0142a si\u0119 w budynku prywatnym przy ulicy 700 &#8211; lecia. Wyposa\u017cenie biblioteki stanowi\u0142y 2 rega\u0142y, 2 sto\u0142y, skrzynka na przechowywanie kart czytelnik\u00f3w i ksi\u0105\u017cek. Zakupy ksi\u0119gozbioru dokonywane by\u0142y centralnie przez Bibliotek\u0119 Powiatow\u0105 w Hrubieszowie.<\/p>\n\n\n\n<p>1973 roku w wyniku zmian administracyjnych zmieni\u0142a si\u0119 dotychczasowa nazwa biblioteki z Gromadzkiej na Gminn\u0105 Bibliotek\u0119 Publiczn\u0105. W tym te\u017c roku plac\u00f3wka zmieni\u0142a lokal, zajmuje dwa przestronne pomieszczenia w budynku w centrum Grabowca.<\/p>\n\n\n\n<p>Od 1977 roku rozrasta si\u0119 sie\u0107 punkt\u00f3w bibliotecznych dzia\u0142aj\u0105cych przy Szko\u0142ach Podstawowych w Szystowicach, Tucz\u0119pach, Majdanie Tucz\u0119pskim, Cieszynie, Ornatowicach, i Skomorochach Du\u017cych. w 1981 roku kierownikiem biblioteki zostaje pan Henryk Czausz.<\/p>\n\n\n\n<p>W latach 80 &#8211; tych biblioteka kilkakrotnie wzi\u0119\u0142a udzia\u0142 we wsp\u00f3\u0142zawodnictwie bibliotek wojew\u00f3dztwa zamojskiego o tytu\u0142 Najaktywniejszej biblioteki i najlepszego bibliotekarza. W 1986 roku biblioteka otrzyma\u0142a ten tytu\u0142.<\/p>\n\n\n\n<p>W wyniku kolejnych zmian w administracji pa\u0144stwowej w roku 1991 biblioteka straci\u0142\u0105 autonomi\u0119 i wesz\u0142a w sk\u0142ad Gminnego O\u015brodka Kultury. W ramach oszcz\u0119dno\u015bciowych zmniejszono etat bibliotekarzy z dw\u00f3ch na p\u00f3\u0142tora etatu, zmniejszona tak\u017ce bud\u017cet na zakup ksi\u0105\u017cek i czasopism. Plac\u00f3wka zostaje przeniesiona z centrum Grabowca do ciemnych i ciasnych pomieszcze\u0144 Domu kultury, z daleka od centrum. Nast\u0119puj\u0105 chude lata biblioteki. Z kadym rokiem ogranicza si\u0119 liczb\u0119 zakupionych ksi\u0105\u017cek. pracownice biblioteki pani Daria Kodeniec i Krystyna Czausz wykonuj\u0105 inne prace, ni\u017c zwi\u0105zane z prac\u0105 w bibliotece, jak dy\u017curny na dyskotekach czy prowadzenie sklepu. Te wydarzenia obni\u017cy\u0142y w du\u017cym stopniu jako\u015b\u0107 pracy biblioteki.<\/p>\n\n\n\n<p>1994 roku zostaje tylko jeden pracownik. Jest to pani Krystyna Czausz, kt\u00f3ra pracuje od 1982 roku do chwili obecnej. W 1997 roku, dzi\u0119ki staraniom dyrektora GOK &#8211; u pani Darii Kodeniec, pe\u0142ni\u0105cej jednocze\u015bnie funkcj\u0119 radnej biblioteka zmieni\u0142a lokal na du\u017co wi\u0119kszy i bardziej przestronny w centrum miejscowo\u015bci. Dzi\u0119ki dobrej lokalizacji (budynek znajdowa\u0142 si\u0119 na przeciw szko\u0142y), nast\u0119puje wzrost wypo\u017cycze\u0144 i czytelnik\u00f3w.<\/p>\n\n\n\n<p>W 1999 roku wypo\u017cyczono na zewn\u0105trz 22335 volumin\u00f3w i zarejestrowano 835 czytelnik\u00f3w. W tym czasie dzia\u0142aj\u0105 dwa punkty biblioteczne w Bere\u015bciu i Tucz\u0119pach.<\/p>\n\n\n\n<p>W 2001 roku pozostaje tylko jeden punkt przy Szkole w Podstawowej w Tucz\u0119pach. W tym te\u017c roku biblioteka ponownie zmienia lokal. Ze wzgl\u0119d\u00f3w oszcz\u0119dno\u015bciowych zostaje przeniesiona do pomieszczenia budynku Gminnego O\u015brodka Kultury. Ulega zmniejszeniu powierzchnia plac\u00f3wki z 100m2 do 66m2.<\/p>\n\n\n\n<p><strong>OFERTA<\/strong><br>Biblioteka umo\u017cliwia przejrzenie zawarto\u015bci ksi\u0119go zbioru poprzez internet, na stronie internetowej biblioteki znajduje si\u0119 pozycja Katalog ksi\u0105\u017cek przez kt\u00f3ry dost\u0119pny jest spis pozycji.<br>Dla u\u017cytkownik\u00f3w posiadaj\u0105cych konto, istnieje mo\u017cliwo\u015b\u0107 rezerwacji ksi\u0105\u017cki przez internet a nast\u0119pnie odebranie jej w godzinach pracy.<br>Biblioteka posiada r\u00f3wnie\u017c czytelni\u0119 wyposa\u017con\u0105 w ksi\u0119gozbi\u00f3r dla najm\u0142odszych, stoliki i krzes\u0142a, telewizor 42&#8242; oraz odtwarzacz Blu-Ray.<\/p>\n","protected":false},"excerpt":{"rendered":"<p>ADRESGrabowiec, ul. Rynek 622-425 Grabowiec tel. (084) 65-12-238Email: kontakt@bibliotekagrabowiec.plwww.bibliotekagrabowiec.pl p.o. dyrektora &#8211; Beata Smo\u0142a Godziny &hellip;<\/p>\n","protected":false},"author":1,"featured_media":120,"parent":0,"menu_order":0,"comment_status":"closed","ping_status":"closed","template":"","meta":{"footnotes":""},"class_list":["post-119","page","type-page","status-publish","has-post-thumbnail","hentry"],"yoast_head":"<!-- This site is optimized with the Yoast SEO plugin v27.3 - https:\/\/yoast.com\/product\/yoast-seo-wordpress\/ -->\n<title>Gminna Biblioteka Publiczna w Grabowcu - GMINA GRABOWIEC<\/title>\n<meta name=\"robots\" content=\"index, follow, max-snippet:-1, max-image-preview:large, max-video-preview:-1\" \/>\n<link rel=\"canonical\" href=\"https:\/\/grabowiec.pl\/ug\/index.php\/gminna-biblioteka-publiczna-w-grabowcu\/\" \/>\n<meta property=\"og:locale\" content=\"pl_PL\" \/>\n<meta property=\"og:type\" content=\"article\" \/>\n<meta property=\"og:title\" content=\"Gminna Biblioteka Publiczna w Grabowcu - GMINA GRABOWIEC\" \/>\n<meta property=\"og:description\" content=\"ADRESGrabowiec, ul. Rynek 622-425 Grabowiec tel. (084) 65-12-238Email: kontakt@bibliotekagrabowiec.plwww.bibliotekagrabowiec.pl p.o. dyrektora &#8211; Beata Smo\u0142a Godziny &hellip;\" \/>\n<meta property=\"og:url\" content=\"https:\/\/grabowiec.pl\/ug\/index.php\/gminna-biblioteka-publiczna-w-grabowcu\/\" \/>\n<meta property=\"og:site_name\" content=\"GMINA GRABOWIEC\" \/>\n<meta property=\"article:modified_time\" content=\"2025-11-03T16:01:37+00:00\" \/>\n<meta property=\"og:image\" content=\"https:\/\/grabowiec.pl\/ug\/wp-content\/uploads\/2023\/02\/jednostki-biblioteka.jpg\" \/>\n\t<meta property=\"og:image:width\" content=\"1000\" \/>\n\t<meta property=\"og:image:height\" content=\"417\" \/>\n\t<meta property=\"og:image:type\" content=\"image\/jpeg\" \/>\n<meta name=\"twitter:card\" content=\"summary_large_image\" \/>\n<meta name=\"twitter:label1\" content=\"Szacowany czas czytania\" \/>\n\t<meta name=\"twitter:data1\" content=\"4 minuty\" \/>\n<script type=\"application\/ld+json\" class=\"yoast-schema-graph\">{\"@context\":\"https:\\\/\\\/schema.org\",\"@graph\":[{\"@type\":\"WebPage\",\"@id\":\"https:\\\/\\\/grabowiec.pl\\\/ug\\\/index.php\\\/gminna-biblioteka-publiczna-w-grabowcu\\\/\",\"url\":\"https:\\\/\\\/grabowiec.pl\\\/ug\\\/index.php\\\/gminna-biblioteka-publiczna-w-grabowcu\\\/\",\"name\":\"Gminna Biblioteka Publiczna w Grabowcu - GMINA GRABOWIEC\",\"isPartOf\":{\"@id\":\"https:\\\/\\\/grabowiec.pl\\\/ug\\\/#website\"},\"primaryImageOfPage\":{\"@id\":\"https:\\\/\\\/grabowiec.pl\\\/ug\\\/index.php\\\/gminna-biblioteka-publiczna-w-grabowcu\\\/#primaryimage\"},\"image\":{\"@id\":\"https:\\\/\\\/grabowiec.pl\\\/ug\\\/index.php\\\/gminna-biblioteka-publiczna-w-grabowcu\\\/#primaryimage\"},\"thumbnailUrl\":\"https:\\\/\\\/grabowiec.pl\\\/ug\\\/wp-content\\\/uploads\\\/2023\\\/02\\\/jednostki-biblioteka.jpg\",\"datePublished\":\"2023-02-08T09:04:33+00:00\",\"dateModified\":\"2025-11-03T16:01:37+00:00\",\"breadcrumb\":{\"@id\":\"https:\\\/\\\/grabowiec.pl\\\/ug\\\/index.php\\\/gminna-biblioteka-publiczna-w-grabowcu\\\/#breadcrumb\"},\"inLanguage\":\"pl-PL\",\"potentialAction\":[{\"@type\":\"ReadAction\",\"target\":[\"https:\\\/\\\/grabowiec.pl\\\/ug\\\/index.php\\\/gminna-biblioteka-publiczna-w-grabowcu\\\/\"]}]},{\"@type\":\"ImageObject\",\"inLanguage\":\"pl-PL\",\"@id\":\"https:\\\/\\\/grabowiec.pl\\\/ug\\\/index.php\\\/gminna-biblioteka-publiczna-w-grabowcu\\\/#primaryimage\",\"url\":\"https:\\\/\\\/grabowiec.pl\\\/ug\\\/wp-content\\\/uploads\\\/2023\\\/02\\\/jednostki-biblioteka.jpg\",\"contentUrl\":\"https:\\\/\\\/grabowiec.pl\\\/ug\\\/wp-content\\\/uploads\\\/2023\\\/02\\\/jednostki-biblioteka.jpg\",\"width\":1000,\"height\":417},{\"@type\":\"BreadcrumbList\",\"@id\":\"https:\\\/\\\/grabowiec.pl\\\/ug\\\/index.php\\\/gminna-biblioteka-publiczna-w-grabowcu\\\/#breadcrumb\",\"itemListElement\":[{\"@type\":\"ListItem\",\"position\":1,\"name\":\"Strona g\u0142\u00f3wna\",\"item\":\"https:\\\/\\\/grabowiec.pl\\\/ug\\\/\"},{\"@type\":\"ListItem\",\"position\":2,\"name\":\"Gminna Biblioteka Publiczna w Grabowcu\"}]},{\"@type\":\"WebSite\",\"@id\":\"https:\\\/\\\/grabowiec.pl\\\/ug\\\/#website\",\"url\":\"https:\\\/\\\/grabowiec.pl\\\/ug\\\/\",\"name\":\"GMINA GRABOWIEC\",\"description\":\"\",\"publisher\":{\"@id\":\"https:\\\/\\\/grabowiec.pl\\\/ug\\\/#organization\"},\"potentialAction\":[{\"@type\":\"SearchAction\",\"target\":{\"@type\":\"EntryPoint\",\"urlTemplate\":\"https:\\\/\\\/grabowiec.pl\\\/ug\\\/?s={search_term_string}\"},\"query-input\":{\"@type\":\"PropertyValueSpecification\",\"valueRequired\":true,\"valueName\":\"search_term_string\"}}],\"inLanguage\":\"pl-PL\"},{\"@type\":\"Organization\",\"@id\":\"https:\\\/\\\/grabowiec.pl\\\/ug\\\/#organization\",\"name\":\"GMINA GRABOWIEC\",\"url\":\"https:\\\/\\\/grabowiec.pl\\\/ug\\\/\",\"logo\":{\"@type\":\"ImageObject\",\"inLanguage\":\"pl-PL\",\"@id\":\"https:\\\/\\\/grabowiec.pl\\\/ug\\\/#\\\/schema\\\/logo\\\/image\\\/\",\"url\":\"https:\\\/\\\/grabowiec.pl\\\/ug\\\/wp-content\\\/uploads\\\/2023\\\/02\\\/grab-herb.png\",\"contentUrl\":\"https:\\\/\\\/grabowiec.pl\\\/ug\\\/wp-content\\\/uploads\\\/2023\\\/02\\\/grab-herb.png\",\"width\":500,\"height\":600,\"caption\":\"GMINA GRABOWIEC\"},\"image\":{\"@id\":\"https:\\\/\\\/grabowiec.pl\\\/ug\\\/#\\\/schema\\\/logo\\\/image\\\/\"}}]}<\/script>\n<!-- \/ Yoast SEO plugin. -->","yoast_head_json":{"title":"Gminna Biblioteka Publiczna w Grabowcu - GMINA GRABOWIEC","robots":{"index":"index","follow":"follow","max-snippet":"max-snippet:-1","max-image-preview":"max-image-preview:large","max-video-preview":"max-video-preview:-1"},"canonical":"https:\/\/grabowiec.pl\/ug\/index.php\/gminna-biblioteka-publiczna-w-grabowcu\/","og_locale":"pl_PL","og_type":"article","og_title":"Gminna Biblioteka Publiczna w Grabowcu - GMINA GRABOWIEC","og_description":"ADRESGrabowiec, ul. Rynek 622-425 Grabowiec tel. (084) 65-12-238Email: kontakt@bibliotekagrabowiec.plwww.bibliotekagrabowiec.pl p.o. dyrektora &#8211; Beata Smo\u0142a Godziny &hellip;","og_url":"https:\/\/grabowiec.pl\/ug\/index.php\/gminna-biblioteka-publiczna-w-grabowcu\/","og_site_name":"GMINA GRABOWIEC","article_modified_time":"2025-11-03T16:01:37+00:00","og_image":[{"width":1000,"height":417,"url":"https:\/\/grabowiec.pl\/ug\/wp-content\/uploads\/2023\/02\/jednostki-biblioteka.jpg","type":"image\/jpeg"}],"twitter_card":"summary_large_image","twitter_misc":{"Szacowany czas czytania":"4 minuty"},"schema":{"@context":"https:\/\/schema.org","@graph":[{"@type":"WebPage","@id":"https:\/\/grabowiec.pl\/ug\/index.php\/gminna-biblioteka-publiczna-w-grabowcu\/","url":"https:\/\/grabowiec.pl\/ug\/index.php\/gminna-biblioteka-publiczna-w-grabowcu\/","name":"Gminna Biblioteka Publiczna w Grabowcu - GMINA GRABOWIEC","isPartOf":{"@id":"https:\/\/grabowiec.pl\/ug\/#website"},"primaryImageOfPage":{"@id":"https:\/\/grabowiec.pl\/ug\/index.php\/gminna-biblioteka-publiczna-w-grabowcu\/#primaryimage"},"image":{"@id":"https:\/\/grabowiec.pl\/ug\/index.php\/gminna-biblioteka-publiczna-w-grabowcu\/#primaryimage"},"thumbnailUrl":"https:\/\/grabowiec.pl\/ug\/wp-content\/uploads\/2023\/02\/jednostki-biblioteka.jpg","datePublished":"2023-02-08T09:04:33+00:00","dateModified":"2025-11-03T16:01:37+00:00","breadcrumb":{"@id":"https:\/\/grabowiec.pl\/ug\/index.php\/gminna-biblioteka-publiczna-w-grabowcu\/#breadcrumb"},"inLanguage":"pl-PL","potentialAction":[{"@type":"ReadAction","target":["https:\/\/grabowiec.pl\/ug\/index.php\/gminna-biblioteka-publiczna-w-grabowcu\/"]}]},{"@type":"ImageObject","inLanguage":"pl-PL","@id":"https:\/\/grabowiec.pl\/ug\/index.php\/gminna-biblioteka-publiczna-w-grabowcu\/#primaryimage","url":"https:\/\/grabowiec.pl\/ug\/wp-content\/uploads\/2023\/02\/jednostki-biblioteka.jpg","contentUrl":"https:\/\/grabowiec.pl\/ug\/wp-content\/uploads\/2023\/02\/jednostki-biblioteka.jpg","width":1000,"height":417},{"@type":"BreadcrumbList","@id":"https:\/\/grabowiec.pl\/ug\/index.php\/gminna-biblioteka-publiczna-w-grabowcu\/#breadcrumb","itemListElement":[{"@type":"ListItem","position":1,"name":"Strona g\u0142\u00f3wna","item":"https:\/\/grabowiec.pl\/ug\/"},{"@type":"ListItem","position":2,"name":"Gminna Biblioteka Publiczna w Grabowcu"}]},{"@type":"WebSite","@id":"https:\/\/grabowiec.pl\/ug\/#website","url":"https:\/\/grabowiec.pl\/ug\/","name":"GMINA GRABOWIEC","description":"","publisher":{"@id":"https:\/\/grabowiec.pl\/ug\/#organization"},"potentialAction":[{"@type":"SearchAction","target":{"@type":"EntryPoint","urlTemplate":"https:\/\/grabowiec.pl\/ug\/?s={search_term_string}"},"query-input":{"@type":"PropertyValueSpecification","valueRequired":true,"valueName":"search_term_string"}}],"inLanguage":"pl-PL"},{"@type":"Organization","@id":"https:\/\/grabowiec.pl\/ug\/#organization","name":"GMINA GRABOWIEC","url":"https:\/\/grabowiec.pl\/ug\/","logo":{"@type":"ImageObject","inLanguage":"pl-PL","@id":"https:\/\/grabowiec.pl\/ug\/#\/schema\/logo\/image\/","url":"https:\/\/grabowiec.pl\/ug\/wp-content\/uploads\/2023\/02\/grab-herb.png","contentUrl":"https:\/\/grabowiec.pl\/ug\/wp-content\/uploads\/2023\/02\/grab-herb.png","width":500,"height":600,"caption":"GMINA GRABOWIEC"},"image":{"@id":"https:\/\/grabowiec.pl\/ug\/#\/schema\/logo\/image\/"}}]}},"_links":{"self":[{"href":"https:\/\/grabowiec.pl\/ug\/index.php\/wp-json\/wp\/v2\/pages\/119","targetHints":{"allow":["GET"]}}],"collection":[{"href":"https:\/\/grabowiec.pl\/ug\/index.php\/wp-json\/wp\/v2\/pages"}],"about":[{"href":"https:\/\/grabowiec.pl\/ug\/index.php\/wp-json\/wp\/v2\/types\/page"}],"author":[{"embeddable":true,"href":"https:\/\/grabowiec.pl\/ug\/index.php\/wp-json\/wp\/v2\/users\/1"}],"replies":[{"embeddable":true,"href":"https:\/\/grabowiec.pl\/ug\/index.php\/wp-json\/wp\/v2\/comments?post=119"}],"version-history":[{"count":5,"href":"https:\/\/grabowiec.pl\/ug\/index.php\/wp-json\/wp\/v2\/pages\/119\/revisions"}],"predecessor-version":[{"id":5536,"href":"https:\/\/grabowiec.pl\/ug\/index.php\/wp-json\/wp\/v2\/pages\/119\/revisions\/5536"}],"wp:featuredmedia":[{"embeddable":true,"href":"https:\/\/grabowiec.pl\/ug\/index.php\/wp-json\/wp\/v2\/media\/120"}],"wp:attachment":[{"href":"https:\/\/grabowiec.pl\/ug\/index.php\/wp-json\/wp\/v2\/media?parent=119"}],"curies":[{"name":"wp","href":"https:\/\/api.w.org\/{rel}","templated":true}]}}