{"id":126,"date":"2023-02-08T10:07:37","date_gmt":"2023-02-08T09:07:37","guid":{"rendered":"https:\/\/grabowiec.pl\/ug\/?page_id=126"},"modified":"2023-02-13T21:29:48","modified_gmt":"2023-02-13T20:29:48","slug":"gminny-osrodek-pomocy-spolecznej-w-grabowcu","status":"publish","type":"page","link":"https:\/\/grabowiec.pl\/ug\/index.php\/gminny-osrodek-pomocy-spolecznej-w-grabowcu\/","title":{"rendered":"Gminny O\u015brodek Pomocy Spo\u0142ecznej w Grabowcu"},"content":{"rendered":"\n<p>ul. Kozia 2. 22-425 Grabowiec,<br>pow. zamojski, woj. lubelskie<br>tel. (084) 651-22-60<\/p>\n\n\n\n<p>NIP: 919-13-66-431<br>REGON &#8211; 950003425<\/p>\n\n\n\n<p>Kierownik: Edyta Lisiuk<\/p>\n\n\n\n<p>Konto bankowe: 82 9644 1020 2006 2000 1267 0003<br>PBS Zamo\u015b\u0107 o\/Grabowiec<br>e-mail: poczta@gopsgrabowiec.pl<br><a href=\"https:\/\/gopsgrabowiec.pl\/\" target=\"_blank\" rel=\"noreferrer noopener\">www.gopsgrabowiec.pl<\/a><\/p>\n\n\n\n<p>Ustwa z dnia 12 marca 2004 r. o pomocy spo\u0142ecznej<br>Zasady og\u00f3lne i zakres podmiotowy wynikaj\u0105cy z ustawy<\/p>\n\n\n\n<p>Art. 2. 1. Pomoc spo\u0142eczna jest instytucj\u0105 polityki spo\u0142ecznej pa\u0144stwa, maj\u0105c\u0105 na celu umo\u017cliwienie osobom i rodzinom przezwyci\u0119\u017canie trudnych sytuacji \u017cyciowych, kt\u00f3rych nie s\u0105 one w stanie pokona\u0107, wykorzystuj\u0105c w\u0142asne uprawnienia, zasoby i mo\u017cliwo\u015bci.<\/p>\n\n\n\n<ol class=\"wp-block-list\" start=\"2\">\n<li>Pomoc spo\u0142eczn\u0105 organizuj\u0105 organy administracji rz\u0105dowej i samorz\u0105dowej, wsp\u00f3\u0142pracuj\u0105c w tym zakresie, na zasadzie partnerstwa, z organizacjami spo\u0142ecznymi i pozarz\u0105dowymi, Ko\u015bcio\u0142em Katolickim, innymi ko\u015bcio\u0142ami, zwi\u0105zkami wyznaniowymi oraz osobami fizycznymi i prawnymi.<\/li>\n<\/ol>\n\n\n\n<p>Art. 3. 1. Pomoc spo\u0142eczna wspiera osoby i rodziny w wysi\u0142kach zmierzaj\u0105cych do zaspokojenia niezb\u0119dnych potrzeb i umo\u017cliwia im \u017cycie w warunkach odpowiadaj\u0105cych godno\u015bci cz\u0142owieka.<\/p>\n\n\n\n<ol class=\"wp-block-list\" start=\"2\">\n<li>Zadaniem pomocy spo\u0142ecznej jest zapobieganie sytuacjom, o kt\u00f3rych mowa w art. 2 ust. 1, przez podejmowanie dzia\u0142a\u0144 zmierzaj\u0105cych do \u017cyciowego usamodzielnienia os\u00f3b i rodzin oraz ich integracji ze \u015brodowiskiem.<\/li>\n\n\n\n<li>Rodzaj, forma i rozmiar \u015bwiadczenia powinny by\u0107 odpowiednie do okoliczno\u015bci uzasadniaj\u0105cych udzielenie pomocy.<\/li>\n\n\n\n<li>Potrzeby os\u00f3b i rodzin korzystaj\u0105cych z pomocy powinny zosta\u0107 uwzgl\u0119dnione, je\u017celi odpowiadaj\u0105 celom i mieszcz\u0105 si\u0119 w mo\u017cliwo\u015bciach pomocy spo\u0142ecznej.<\/li>\n<\/ol>\n\n\n\n<p>Art. 4. Osoby i rodziny korzystaj\u0105ce z pomocy spo\u0142ecznej s\u0105 obowi\u0105zane do wsp\u00f3\u0142dzia\u0142ania w rozwi\u0105zywaniu ich trudnej sytuacji \u017cyciowej.<\/p>\n\n\n\n<p>Art. 5. Prawo do \u015bwiadcze\u0144 z pomocy spo\u0142ecznej, je\u017celi umowy mi\u0119dzynarodowe nie stanowi\u0105 inaczej, przys\u0142uguje:<\/p>\n\n\n\n<p>1) osobom posiadaj\u0105cym obywatelstwo polskie maj\u0105cym miejsce zamieszkania i przebywaj\u0105cym na terytorium Rzeczypospolitej Polskiej;<\/p>\n\n\n\n<p>2) cudzoziemcom maj\u0105cym miejsce zamieszkania i przebywaj\u0105cym na terytorium Rzeczypospolitej Polskiej:<\/p>\n\n\n\n<p>a) na podstawie zezwolenia na osiedlenie si\u0119, zezwolenia na pobyt rezydenta d\u0142ugoterminowego Wsp\u00f3lnot Europejskich, zezwolenia na zamieszkanie na czas oznaczony udzielonego w zwi\u0105zku z okoliczno\u015bci\u0105, o kt\u00f3rej mowa w art. 53 ust. 1 pkt 13 ustawy z dnia 13 czerwca 2003 r. o cudzoziemcach (Dz. U. z 2006 r. Nr 234, poz. 1694, z 2007 r. Nr 120, poz. 818 i Nr 165, poz. 1170 oraz z 2008 r. Nr 70, poz. 416), lub w zwi\u0105zku z uzyskaniem w Rzeczypospolitej Polskiej statusu uchod\u017acy lub ochrony uzupe\u0142niaj\u0105cej,<\/p>\n\n\n\n<p>b) na podstawie zgody na pobyt tolerowany &#8211; w formie schronienia, posi\u0142ku, niezb\u0119dnego ubrania oraz zasi\u0142ku celowego;<\/p>\n\n\n\n<p>3) maj\u0105cym miejsce zamieszkania i przebywaj\u0105cym na terytorium Rzeczypospolitej Polskiej obywatelom pa\u0144stw cz\u0142onkowskich Unii Europejskiej, pa\u0144stw cz\u0142onkowskich Europejskiego Porozumienia o Wolnym Handlu (EFTA) &#8211; stron umowy o Europejskim Obszarze Gospodarczym lub Konfederacji Szwajcarskiej oraz cz\u0142onkom ich rodzin w rozumieniu art. 2 pkt 4 ustawy z dnia 14 lipca 2006 r. o wje\u017adzie na terytorium Rzeczypospolitej Polskiej, pobycie oraz wyje\u017adzie z tego terytorium obywateli pa\u0144stw cz\u0142onkowskich Unii Europejskiej i cz\u0142onk\u00f3w ich rodzin (Dz. U. Nr 144, poz. 1043 oraz z 2007 r. Nr 120, poz. 818), posiadaj\u0105cym prawo pobytu lub prawo sta\u0142ego pobytu na terytorium Rzeczypospolitej Polskiej.<\/p>\n\n\n\n<p>Z ustawy z dnia 12 marca 2004 r. o pomocy spo\u0142ecznej<br>Uchwa\u0142a Nr XXXV\/171\/2010Rady Gminy W Grabowcuz dnia 30 marca 2010 roku. w sprawie uchwalenia Statutu Gminnego O\u015brodka Pomocy Spo\u0142ecznej w Grabowcu.<\/p>\n\n\n\n<p>Na podstawie art. 18 ust. 2 pkt 15, art. 40 ust 2 ustawy z dnia 8 marca 1990 roku o samorz\u0105dzie gminnym ( tekst jednolity w Dz.U z 2001 Nr 142 poz. 1591 z p\u00f3\u017an. zm.) Rada Gminy uchwala, co nast\u0119puje:<\/p>\n\n\n\n<p>\u00a7 1<\/p>\n\n\n\n<p>Uchwala si\u0119 Statut Gminnego O\u015brodka Pomocy Spo\u0142ecznej w Grabowcu w brzmieniu stanowi\u0105cym za\u0142\u0105cznik do niniejszej uchwa\u0142y.<\/p>\n\n\n\n<p>\u00a7 2<\/p>\n\n\n\n<p>Traci moc uchwa\u0142a Nr XVII\/82\/04 Rady Gminy Grabowiec z dnia 19 pa\u017adziernika 2004r. w sprawie uchwalenia Statutu Gminnego O\u015brodka Pomocy Spo\u0142ecznej w Grabowcu.<\/p>\n\n\n\n<p>\u00a7 3<\/p>\n\n\n\n<p>Wykonanie uchwa\u0142y powierza si\u0119 W\u00f3jtowi Gminy.<\/p>\n\n\n\n<p>\u00a7 4<\/p>\n\n\n\n<p>Uchwa\u0142a wchodzi w \u017cycie z dniem podj\u0119cia. Przewodnicz\u0105cy Rady Gminy Jadwiga Pijajko.<\/p>\n","protected":false},"excerpt":{"rendered":"<p>ul. Kozia 2. 22-425 Grabowiec,pow. zamojski, woj. lubelskietel. (084) 651-22-60 NIP: 919-13-66-431REGON &#8211; 950003425 Kierownik: &hellip;<\/p>\n","protected":false},"author":1,"featured_media":784,"parent":0,"menu_order":0,"comment_status":"closed","ping_status":"closed","template":"","meta":{"footnotes":""},"class_list":["post-126","page","type-page","status-publish","has-post-thumbnail","hentry"],"yoast_head":"<!-- This site is optimized with the Yoast SEO plugin v27.5 - https:\/\/yoast.com\/product\/yoast-seo-wordpress\/ -->\n<title>Gminny O\u015brodek Pomocy Spo\u0142ecznej w Grabowcu - GMINA GRABOWIEC<\/title>\n<meta name=\"robots\" content=\"index, follow, max-snippet:-1, max-image-preview:large, max-video-preview:-1\" \/>\n<link rel=\"canonical\" href=\"https:\/\/grabowiec.pl\/ug\/index.php\/gminny-osrodek-pomocy-spolecznej-w-grabowcu\/\" \/>\n<meta property=\"og:locale\" content=\"pl_PL\" \/>\n<meta property=\"og:type\" content=\"article\" \/>\n<meta property=\"og:title\" content=\"Gminny O\u015brodek Pomocy Spo\u0142ecznej w Grabowcu - GMINA GRABOWIEC\" \/>\n<meta property=\"og:description\" content=\"ul. Kozia 2. 22-425 Grabowiec,pow. zamojski, woj. lubelskietel. (084) 651-22-60 NIP: 919-13-66-431REGON &#8211; 950003425 Kierownik: &hellip;\" \/>\n<meta property=\"og:url\" content=\"https:\/\/grabowiec.pl\/ug\/index.php\/gminny-osrodek-pomocy-spolecznej-w-grabowcu\/\" \/>\n<meta property=\"og:site_name\" content=\"GMINA GRABOWIEC\" \/>\n<meta property=\"article:modified_time\" content=\"2023-02-13T20:29:48+00:00\" \/>\n<meta property=\"og:image\" content=\"https:\/\/grabowiec.pl\/ug\/wp-content\/uploads\/2023\/02\/20200329-remont-osrodka-zdrowia-3.jpg\" \/>\n\t<meta property=\"og:image:width\" content=\"2304\" \/>\n\t<meta property=\"og:image:height\" content=\"1728\" \/>\n\t<meta property=\"og:image:type\" content=\"image\/jpeg\" \/>\n<meta name=\"twitter:card\" content=\"summary_large_image\" \/>\n<meta name=\"twitter:label1\" content=\"Szacowany czas czytania\" \/>\n\t<meta name=\"twitter:data1\" content=\"4 minuty\" \/>\n<script type=\"application\/ld+json\" class=\"yoast-schema-graph\">{\"@context\":\"https:\\\/\\\/schema.org\",\"@graph\":[{\"@type\":\"WebPage\",\"@id\":\"https:\\\/\\\/grabowiec.pl\\\/ug\\\/index.php\\\/gminny-osrodek-pomocy-spolecznej-w-grabowcu\\\/\",\"url\":\"https:\\\/\\\/grabowiec.pl\\\/ug\\\/index.php\\\/gminny-osrodek-pomocy-spolecznej-w-grabowcu\\\/\",\"name\":\"Gminny O\u015brodek Pomocy Spo\u0142ecznej w Grabowcu - GMINA GRABOWIEC\",\"isPartOf\":{\"@id\":\"https:\\\/\\\/grabowiec.pl\\\/ug\\\/#website\"},\"primaryImageOfPage\":{\"@id\":\"https:\\\/\\\/grabowiec.pl\\\/ug\\\/index.php\\\/gminny-osrodek-pomocy-spolecznej-w-grabowcu\\\/#primaryimage\"},\"image\":{\"@id\":\"https:\\\/\\\/grabowiec.pl\\\/ug\\\/index.php\\\/gminny-osrodek-pomocy-spolecznej-w-grabowcu\\\/#primaryimage\"},\"thumbnailUrl\":\"https:\\\/\\\/grabowiec.pl\\\/ug\\\/wp-content\\\/uploads\\\/2023\\\/02\\\/20200329-remont-osrodka-zdrowia-3.jpg\",\"datePublished\":\"2023-02-08T09:07:37+00:00\",\"dateModified\":\"2023-02-13T20:29:48+00:00\",\"breadcrumb\":{\"@id\":\"https:\\\/\\\/grabowiec.pl\\\/ug\\\/index.php\\\/gminny-osrodek-pomocy-spolecznej-w-grabowcu\\\/#breadcrumb\"},\"inLanguage\":\"pl-PL\",\"potentialAction\":[{\"@type\":\"ReadAction\",\"target\":[\"https:\\\/\\\/grabowiec.pl\\\/ug\\\/index.php\\\/gminny-osrodek-pomocy-spolecznej-w-grabowcu\\\/\"]}]},{\"@type\":\"ImageObject\",\"inLanguage\":\"pl-PL\",\"@id\":\"https:\\\/\\\/grabowiec.pl\\\/ug\\\/index.php\\\/gminny-osrodek-pomocy-spolecznej-w-grabowcu\\\/#primaryimage\",\"url\":\"https:\\\/\\\/grabowiec.pl\\\/ug\\\/wp-content\\\/uploads\\\/2023\\\/02\\\/20200329-remont-osrodka-zdrowia-3.jpg\",\"contentUrl\":\"https:\\\/\\\/grabowiec.pl\\\/ug\\\/wp-content\\\/uploads\\\/2023\\\/02\\\/20200329-remont-osrodka-zdrowia-3.jpg\",\"width\":2304,\"height\":1728},{\"@type\":\"BreadcrumbList\",\"@id\":\"https:\\\/\\\/grabowiec.pl\\\/ug\\\/index.php\\\/gminny-osrodek-pomocy-spolecznej-w-grabowcu\\\/#breadcrumb\",\"itemListElement\":[{\"@type\":\"ListItem\",\"position\":1,\"name\":\"Strona g\u0142\u00f3wna\",\"item\":\"https:\\\/\\\/grabowiec.pl\\\/ug\\\/\"},{\"@type\":\"ListItem\",\"position\":2,\"name\":\"Gminny O\u015brodek Pomocy Spo\u0142ecznej w Grabowcu\"}]},{\"@type\":\"WebSite\",\"@id\":\"https:\\\/\\\/grabowiec.pl\\\/ug\\\/#website\",\"url\":\"https:\\\/\\\/grabowiec.pl\\\/ug\\\/\",\"name\":\"GMINA GRABOWIEC\",\"description\":\"\",\"publisher\":{\"@id\":\"https:\\\/\\\/grabowiec.pl\\\/ug\\\/#organization\"},\"potentialAction\":[{\"@type\":\"SearchAction\",\"target\":{\"@type\":\"EntryPoint\",\"urlTemplate\":\"https:\\\/\\\/grabowiec.pl\\\/ug\\\/?s={search_term_string}\"},\"query-input\":{\"@type\":\"PropertyValueSpecification\",\"valueRequired\":true,\"valueName\":\"search_term_string\"}}],\"inLanguage\":\"pl-PL\"},{\"@type\":\"Organization\",\"@id\":\"https:\\\/\\\/grabowiec.pl\\\/ug\\\/#organization\",\"name\":\"GMINA GRABOWIEC\",\"url\":\"https:\\\/\\\/grabowiec.pl\\\/ug\\\/\",\"logo\":{\"@type\":\"ImageObject\",\"inLanguage\":\"pl-PL\",\"@id\":\"https:\\\/\\\/grabowiec.pl\\\/ug\\\/#\\\/schema\\\/logo\\\/image\\\/\",\"url\":\"https:\\\/\\\/grabowiec.pl\\\/ug\\\/wp-content\\\/uploads\\\/2023\\\/02\\\/grab-herb.png\",\"contentUrl\":\"https:\\\/\\\/grabowiec.pl\\\/ug\\\/wp-content\\\/uploads\\\/2023\\\/02\\\/grab-herb.png\",\"width\":500,\"height\":600,\"caption\":\"GMINA GRABOWIEC\"},\"image\":{\"@id\":\"https:\\\/\\\/grabowiec.pl\\\/ug\\\/#\\\/schema\\\/logo\\\/image\\\/\"}}]}<\/script>\n<!-- \/ Yoast SEO plugin. -->","yoast_head_json":{"title":"Gminny O\u015brodek Pomocy Spo\u0142ecznej w Grabowcu - GMINA GRABOWIEC","robots":{"index":"index","follow":"follow","max-snippet":"max-snippet:-1","max-image-preview":"max-image-preview:large","max-video-preview":"max-video-preview:-1"},"canonical":"https:\/\/grabowiec.pl\/ug\/index.php\/gminny-osrodek-pomocy-spolecznej-w-grabowcu\/","og_locale":"pl_PL","og_type":"article","og_title":"Gminny O\u015brodek Pomocy Spo\u0142ecznej w Grabowcu - GMINA GRABOWIEC","og_description":"ul. Kozia 2. 22-425 Grabowiec,pow. zamojski, woj. lubelskietel. (084) 651-22-60 NIP: 919-13-66-431REGON &#8211; 950003425 Kierownik: &hellip;","og_url":"https:\/\/grabowiec.pl\/ug\/index.php\/gminny-osrodek-pomocy-spolecznej-w-grabowcu\/","og_site_name":"GMINA GRABOWIEC","article_modified_time":"2023-02-13T20:29:48+00:00","og_image":[{"width":2304,"height":1728,"url":"https:\/\/grabowiec.pl\/ug\/wp-content\/uploads\/2023\/02\/20200329-remont-osrodka-zdrowia-3.jpg","type":"image\/jpeg"}],"twitter_card":"summary_large_image","twitter_misc":{"Szacowany czas czytania":"4 minuty"},"schema":{"@context":"https:\/\/schema.org","@graph":[{"@type":"WebPage","@id":"https:\/\/grabowiec.pl\/ug\/index.php\/gminny-osrodek-pomocy-spolecznej-w-grabowcu\/","url":"https:\/\/grabowiec.pl\/ug\/index.php\/gminny-osrodek-pomocy-spolecznej-w-grabowcu\/","name":"Gminny O\u015brodek Pomocy Spo\u0142ecznej w Grabowcu - GMINA GRABOWIEC","isPartOf":{"@id":"https:\/\/grabowiec.pl\/ug\/#website"},"primaryImageOfPage":{"@id":"https:\/\/grabowiec.pl\/ug\/index.php\/gminny-osrodek-pomocy-spolecznej-w-grabowcu\/#primaryimage"},"image":{"@id":"https:\/\/grabowiec.pl\/ug\/index.php\/gminny-osrodek-pomocy-spolecznej-w-grabowcu\/#primaryimage"},"thumbnailUrl":"https:\/\/grabowiec.pl\/ug\/wp-content\/uploads\/2023\/02\/20200329-remont-osrodka-zdrowia-3.jpg","datePublished":"2023-02-08T09:07:37+00:00","dateModified":"2023-02-13T20:29:48+00:00","breadcrumb":{"@id":"https:\/\/grabowiec.pl\/ug\/index.php\/gminny-osrodek-pomocy-spolecznej-w-grabowcu\/#breadcrumb"},"inLanguage":"pl-PL","potentialAction":[{"@type":"ReadAction","target":["https:\/\/grabowiec.pl\/ug\/index.php\/gminny-osrodek-pomocy-spolecznej-w-grabowcu\/"]}]},{"@type":"ImageObject","inLanguage":"pl-PL","@id":"https:\/\/grabowiec.pl\/ug\/index.php\/gminny-osrodek-pomocy-spolecznej-w-grabowcu\/#primaryimage","url":"https:\/\/grabowiec.pl\/ug\/wp-content\/uploads\/2023\/02\/20200329-remont-osrodka-zdrowia-3.jpg","contentUrl":"https:\/\/grabowiec.pl\/ug\/wp-content\/uploads\/2023\/02\/20200329-remont-osrodka-zdrowia-3.jpg","width":2304,"height":1728},{"@type":"BreadcrumbList","@id":"https:\/\/grabowiec.pl\/ug\/index.php\/gminny-osrodek-pomocy-spolecznej-w-grabowcu\/#breadcrumb","itemListElement":[{"@type":"ListItem","position":1,"name":"Strona g\u0142\u00f3wna","item":"https:\/\/grabowiec.pl\/ug\/"},{"@type":"ListItem","position":2,"name":"Gminny O\u015brodek Pomocy Spo\u0142ecznej w Grabowcu"}]},{"@type":"WebSite","@id":"https:\/\/grabowiec.pl\/ug\/#website","url":"https:\/\/grabowiec.pl\/ug\/","name":"GMINA GRABOWIEC","description":"","publisher":{"@id":"https:\/\/grabowiec.pl\/ug\/#organization"},"potentialAction":[{"@type":"SearchAction","target":{"@type":"EntryPoint","urlTemplate":"https:\/\/grabowiec.pl\/ug\/?s={search_term_string}"},"query-input":{"@type":"PropertyValueSpecification","valueRequired":true,"valueName":"search_term_string"}}],"inLanguage":"pl-PL"},{"@type":"Organization","@id":"https:\/\/grabowiec.pl\/ug\/#organization","name":"GMINA GRABOWIEC","url":"https:\/\/grabowiec.pl\/ug\/","logo":{"@type":"ImageObject","inLanguage":"pl-PL","@id":"https:\/\/grabowiec.pl\/ug\/#\/schema\/logo\/image\/","url":"https:\/\/grabowiec.pl\/ug\/wp-content\/uploads\/2023\/02\/grab-herb.png","contentUrl":"https:\/\/grabowiec.pl\/ug\/wp-content\/uploads\/2023\/02\/grab-herb.png","width":500,"height":600,"caption":"GMINA GRABOWIEC"},"image":{"@id":"https:\/\/grabowiec.pl\/ug\/#\/schema\/logo\/image\/"}}]}},"_links":{"self":[{"href":"https:\/\/grabowiec.pl\/ug\/index.php\/wp-json\/wp\/v2\/pages\/126","targetHints":{"allow":["GET"]}}],"collection":[{"href":"https:\/\/grabowiec.pl\/ug\/index.php\/wp-json\/wp\/v2\/pages"}],"about":[{"href":"https:\/\/grabowiec.pl\/ug\/index.php\/wp-json\/wp\/v2\/types\/page"}],"author":[{"embeddable":true,"href":"https:\/\/grabowiec.pl\/ug\/index.php\/wp-json\/wp\/v2\/users\/1"}],"replies":[{"embeddable":true,"href":"https:\/\/grabowiec.pl\/ug\/index.php\/wp-json\/wp\/v2\/comments?post=126"}],"version-history":[{"count":1,"href":"https:\/\/grabowiec.pl\/ug\/index.php\/wp-json\/wp\/v2\/pages\/126\/revisions"}],"predecessor-version":[{"id":127,"href":"https:\/\/grabowiec.pl\/ug\/index.php\/wp-json\/wp\/v2\/pages\/126\/revisions\/127"}],"wp:featuredmedia":[{"embeddable":true,"href":"https:\/\/grabowiec.pl\/ug\/index.php\/wp-json\/wp\/v2\/media\/784"}],"wp:attachment":[{"href":"https:\/\/grabowiec.pl\/ug\/index.php\/wp-json\/wp\/v2\/media?parent=126"}],"curies":[{"name":"wp","href":"https:\/\/api.w.org\/{rel}","templated":true}]}}