{"id":129,"date":"2023-02-08T10:10:45","date_gmt":"2023-02-08T09:10:45","guid":{"rendered":"https:\/\/grabowiec.pl\/ug\/?page_id=129"},"modified":"2025-05-19T09:17:09","modified_gmt":"2025-05-19T07:17:09","slug":"zespol-szkol-im-h-sienkiewicza-w-grabowcu","status":"publish","type":"page","link":"https:\/\/grabowiec.pl\/ug\/index.php\/zespol-szkol-im-h-sienkiewicza-w-grabowcu\/","title":{"rendered":"Zesp\u00f3\u0142 Szk\u00f3\u0142 im. H. Sienkiewicza w Grabowcu"},"content":{"rendered":"\n<p>22-425 Grabowiec, ul. Wojs\u0142awska 1, tel. (084) 6512417, fax. (084) 6512363<\/p>\n\n\n\n<p>e-mail: Zesp\u00f3\u0142 Szk\u00f3\u0142 im. Henryka Sienkiewicza w Grabowcu: grabowiec@grabowiec.edu.pl<\/p>\n\n\n\n<p><a href=\"https:\/\/grabowiec.edu.pl\/\" target=\"_blank\" rel=\"noreferrer noopener\">www.grabowiec.edu.pl<\/a><\/p>\n\n\n\n<p><strong>Zespo\u0142em kieruj\u0105:<\/strong><\/p>\n\n\n\n<p>dyrektor &#8211; El\u017cbieta Widyma (od 01.04.2008)<br>wicedyrektor &#8211; Anna Mandziuk<\/p>\n\n\n\n<p><strong>Dzia\u0142ania szko\u0142y:<\/strong><\/p>\n\n\n\n<ol class=\"wp-block-list\">\n<li>Zesp\u00f3\u0142 Szk\u00f3\u0142 im Henryka Sienkiewicza organizuje liczne projekty o charakterze mi\u0119dzynarodowym. Dzi\u0119ki nawi\u0105zaniu wsp\u00f3\u0142pracy z organizacj\u0105 mi\u0119dzynarodow\u0105 Polsko-Niemieck\u0105 Wsp\u00f3\u0142prac\u0105 M\u0142odzie\u017cy uczniowie naszej szko\u0142y uczestniczyli w wielu projektach:<\/li>\n<\/ol>\n\n\n\n<ul class=\"wp-block-list\">\n<li>wymiany polsko\u2013niemieckiej- \u201eEuropa bez granic. Moja Ojczyzna \u2013 moja szko\u0142a \u2013 ja\u2026 poznaj m\u00f3j kraj \u2013 poznaj mnie\u201d, w ramach kt\u00f3rego go\u015bcili\u015bmy w naszej szkole 10-osobow\u0105 grup\u0119 m\u0142odzie\u017cy z Rendsburga w Niemczech,<\/li>\n\n\n\n<li>podr\u00f3\u017cy do miejsc pami\u0119ci w Niemczech &#8211; projekt: \u201eB\u0119dziemy pami\u0119ta\u0107 &#8211; losy wi\u0119\u017aniarek z Zamojszczyzny w obozie Ravensbr\u00fcck\u201d w ramach kt\u00f3rej m\u0142odzie\u017c naszej szko\u0142y uczestniczy\u0142a w wyje\u017adzie do Niemiec, zwiedzi\u0142a m.in. Berlin oraz bra\u0142a udzia\u0142 w projekcie historycznym w by\u0142ym obozie koncentracyjnym w Ravensbr\u00fcck,<\/li>\n\n\n\n<li>projekt \u201eM\u00f3j pami\u0119tnik z obozu \u015bmierci w Dachau\u201d w ramach kt\u00f3rego m\u0142odzie\u017c naszej szko\u0142y zwiedzi\u0142a m.in. Monachium i ob\u00f3z koncentracyjny w Dachau,<\/li>\n\n\n\n<li>projekt \u201eNie wieder Kriege- Nigdy wi\u0119cej wojny\u201d w ramach kt\u00f3rego nawi\u0105zali\u015bmy wsp\u00f3\u0142prac\u0119 ze szko\u0142\u0105 partnersk\u0105 w Ludwigsfelde w Niemczech i wsp\u00f3lnie zwiedzili\u015bmy Berlin oraz zrealizowali\u015bmy projekt o tematyce historycznej w by\u0142ym obozie koncentracyjnym w Ravensbruck w Niemczech.<\/li>\n<\/ul>\n\n\n\n<ol start=\"2\" class=\"wp-block-list\">\n<li>Uczniowie Zespo\u0142u \u00ad Szk\u00f3l im Henryka Sienkiewicza brali udzia\u0142 w r\u00f3\u017cnorodnych projektach og\u00f3lnopolskich promuj\u0105cych nauk\u0119 j\u0119zyk\u00f3w obcych takich jak \u201e Deutsch Wagen Tour\u201d- og\u00f3lnopolskiej akcji popularyzuj\u0105cej j\u0119zyk niemiecki oraz programie Polsko- Ameryka\u0144skiej Fundacji Wolno\u015bci w ramach projektu English Teaching Activities obejmuj\u0105cym grant na prowadzenie zaj\u0119\u0107 dodatkowych z j\u0119zyka angielskiego oraz doposa\u017cenie sali j\u0119zykowej i organizacj\u0119 imprez zwi\u0105zanych z nauczaniem j\u0119zyka angielskiego.<\/li>\n<\/ol>\n\n\n\n<ol start=\"3\" class=\"wp-block-list\">\n<li>Od 2014 r. Zesp\u00f3\u0142 Szk\u00f3\u0142 im. H. Sienkiewicza wsp\u00f3\u0142pracuje z polskimi szko\u0142ami partnerskimi na Litwie w Rostynianach i Suderwie, organizuj\u0105c wymian\u0119 mi\u0119dzynarodow\u0105 uczni\u00f3w. Dzi\u0119ki wsparciu finansowemu i pomocy Fundacji im. Ks. Stefana Niedzielaka, oraz osobistym zaanga\u017cowaniu pana Ludwika Paw\u0142owskiego, uczniowie poznaj\u0105 kultur\u0119 i tradycje Litwy, zwiedzaj\u0105 zabytki Wilna, miejsca zwi\u0105zane z histori\u0105 Polski, \u017cyciem wybitnych Polak\u00f3w. Podczas pobytu go\u015bci z Litwy wzmacniaj\u0105 poczucie w\u0142asnej warto\u015bci, staj\u0105c si\u0119 dla nich pomoc\u0105, wzajemnie ucz\u0105 si\u0119 od siebie. Wsp\u00f3lnie zwiedzaj\u0105 ciekawe miejsca i zabytki Polski. W maju 2018 r. dob\u0119dzie si\u0119 ju\u017c 4 wymiana mi\u0119dzynarodowa, a idea ta b\u0119dzie kontynuowana r\u00f3wnie\u017c w latach nast\u0119pnych<\/li>\n\n\n\n<li>W naszej szkole realizowany by\u0142 mi\u0119dzynarodowy projekt eTwinning \u201eTeddy Bear travels around Europe&#8221; (\u201eMi\u015b podr\u00f3\u017cuje po Europie&#8221;). W projekcie opr\u00f3cz naszych uczni\u00f3w wzi\u0119\u0142y udzia\u0142 dzieci z oddzia\u0142\u00f3w przedszkolnych i uczniowie ze szk\u00f3\u0142 w Szkocji, Hiszpanii, W\u0142och, Chorwacji, Macedonii, Grecji, Turcji i Rumunii. G\u0142\u00f3wnym za\u0142o\u017ceniem projektu by\u0142o \u0107wiczenie j\u0119zyka angielskiego i poznawanie element\u00f3w kultury innych kraj\u00f3w.<\/li>\n<\/ol>\n\n\n\n<p><strong>W sk\u0142ad zespo\u0142u wchodz\u0105:<\/strong> <br>Przedszkole samorz\u0105dowe, Szko\u0142a Podstawowa, Liceum Og\u00f3lnokszta\u0142c\u0105ce, schronisko m\u0142odzie\u017cowe.<\/p>\n\n\n\n<p>Zesp\u00f3\u0142 Szk\u00f3\u0142 im. H.Sienkiewicza w Grabowcu zatrudnia: 41 nauczycieli, 16 pracownik\u00f3w administracji i obs\u0142ugi. Zesp\u00f3\u0142 liczy 364 uczni\u00f3w. Zespo\u0142em Szk\u00f3\u0142 od 2008 r. kieruje dyrektor mgr El\u017cbieta Widyma, funkcj\u0119 wicedyrektora od 2023 roku pe\u0142ni mgr Anna Mandziuk.<\/p>\n\n\n\n<p><strong>Oferta schroniska m\u0142odzie\u017cowego przy Zespole Szk\u00f3\u0142 im. Henryka Sienkiewicza w Grabowcu.<\/strong><\/p>\n\n\n\n<p>Noclegi w pokojach 2, 3, 4 osobowych, zaplecze kuchenne, Mo\u017cliwo\u015b\u0107 wynaj\u0119cia pomieszcze\u0144 na imprezy okoliczno\u015bciowe, Schronisko czynne jest od poniedzia\u0142ku do pi\u0105tku, a w uzasadnionych przypadkach w sobot\u0119 i niedziel\u0119.<\/p>\n\n\n\n<p>Informacja: tel. (084) 65-12-177, w godzinach pracy szko\u0142y (7.15 \u2013 15.15)<\/p>\n\n\n\n<p><strong>W zespole funkcjonuje:<\/strong><\/p>\n\n\n\n<p><em>biblioteka z czytelni\u0105, z dost\u0119pem do Internetu,<br>pracownia komputerowa z dost\u0119pem do Internetu,<br>pracownia medialna z dost\u0119pem do Internetu,<br>klasopracownia j\u0119zyka francuskiego,<br>klasopracownia j\u0119zyka niemieckiego,<br>klasopracownia j\u0119zyka polskiego,<br>klasopracownia przyrody,<br>pracownia chemiczno &#8211; fizyczna,<br>sala terapii pedagogicznej,<br>sala kultury regionalnej,<br>si\u0142ownia,<br>sala gimnastyczna,<br>sie\u0107 audio &#8211; video, satelitarna i telefoniczna,<br>radiow\u0119ze\u0142,<br>\u015bwietlica,<br>\u015bwietlica \u015brodowiskowa,<br>kuchnia &#8211; tel. 084 65 12 010,<br>gabinet pedagoga i logopedy,<br>gabinet piel\u0119gniarski,<br>gabinet dentystyczny.<\/em><\/p>\n","protected":false},"excerpt":{"rendered":"<p>22-425 Grabowiec, ul. Wojs\u0142awska 1, tel. (084) 6512417, fax. (084) 6512363 e-mail: Zesp\u00f3\u0142 Szk\u00f3\u0142 im. &hellip;<\/p>\n","protected":false},"author":1,"featured_media":548,"parent":0,"menu_order":0,"comment_status":"closed","ping_status":"closed","template":"","meta":{"footnotes":""},"class_list":["post-129","page","type-page","status-publish","has-post-thumbnail","hentry"],"yoast_head":"<!-- This site is optimized with the Yoast SEO plugin v27.5 - https:\/\/yoast.com\/product\/yoast-seo-wordpress\/ -->\n<title>Zesp\u00f3\u0142 Szk\u00f3\u0142 im. H. Sienkiewicza w Grabowcu - GMINA GRABOWIEC<\/title>\n<meta name=\"robots\" content=\"index, follow, max-snippet:-1, max-image-preview:large, max-video-preview:-1\" \/>\n<link rel=\"canonical\" href=\"https:\/\/grabowiec.pl\/ug\/index.php\/zespol-szkol-im-h-sienkiewicza-w-grabowcu\/\" \/>\n<meta property=\"og:locale\" content=\"pl_PL\" \/>\n<meta property=\"og:type\" content=\"article\" \/>\n<meta property=\"og:title\" content=\"Zesp\u00f3\u0142 Szk\u00f3\u0142 im. H. Sienkiewicza w Grabowcu - GMINA GRABOWIEC\" \/>\n<meta property=\"og:description\" content=\"22-425 Grabowiec, ul. Wojs\u0142awska 1, tel. (084) 6512417, fax. (084) 6512363 e-mail: Zesp\u00f3\u0142 Szk\u00f3\u0142 im. &hellip;\" \/>\n<meta property=\"og:url\" content=\"https:\/\/grabowiec.pl\/ug\/index.php\/zespol-szkol-im-h-sienkiewicza-w-grabowcu\/\" \/>\n<meta property=\"og:site_name\" content=\"GMINA GRABOWIEC\" \/>\n<meta property=\"article:modified_time\" content=\"2025-05-19T07:17:09+00:00\" \/>\n<meta property=\"og:image\" content=\"https:\/\/grabowiec.pl\/ug\/wp-content\/uploads\/2023\/02\/w-obiektywie-dk-23.jpg\" \/>\n\t<meta property=\"og:image:width\" content=\"1228\" \/>\n\t<meta property=\"og:image:height\" content=\"690\" \/>\n\t<meta property=\"og:image:type\" content=\"image\/jpeg\" \/>\n<meta name=\"twitter:card\" content=\"summary_large_image\" \/>\n<meta name=\"twitter:label1\" content=\"Szacowany czas czytania\" \/>\n\t<meta name=\"twitter:data1\" content=\"4 minuty\" \/>\n<script type=\"application\/ld+json\" class=\"yoast-schema-graph\">{\"@context\":\"https:\\\/\\\/schema.org\",\"@graph\":[{\"@type\":\"WebPage\",\"@id\":\"https:\\\/\\\/grabowiec.pl\\\/ug\\\/index.php\\\/zespol-szkol-im-h-sienkiewicza-w-grabowcu\\\/\",\"url\":\"https:\\\/\\\/grabowiec.pl\\\/ug\\\/index.php\\\/zespol-szkol-im-h-sienkiewicza-w-grabowcu\\\/\",\"name\":\"Zesp\u00f3\u0142 Szk\u00f3\u0142 im. H. Sienkiewicza w Grabowcu - GMINA GRABOWIEC\",\"isPartOf\":{\"@id\":\"https:\\\/\\\/grabowiec.pl\\\/ug\\\/#website\"},\"primaryImageOfPage\":{\"@id\":\"https:\\\/\\\/grabowiec.pl\\\/ug\\\/index.php\\\/zespol-szkol-im-h-sienkiewicza-w-grabowcu\\\/#primaryimage\"},\"image\":{\"@id\":\"https:\\\/\\\/grabowiec.pl\\\/ug\\\/index.php\\\/zespol-szkol-im-h-sienkiewicza-w-grabowcu\\\/#primaryimage\"},\"thumbnailUrl\":\"https:\\\/\\\/grabowiec.pl\\\/ug\\\/wp-content\\\/uploads\\\/2023\\\/02\\\/w-obiektywie-dk-23.jpg\",\"datePublished\":\"2023-02-08T09:10:45+00:00\",\"dateModified\":\"2025-05-19T07:17:09+00:00\",\"breadcrumb\":{\"@id\":\"https:\\\/\\\/grabowiec.pl\\\/ug\\\/index.php\\\/zespol-szkol-im-h-sienkiewicza-w-grabowcu\\\/#breadcrumb\"},\"inLanguage\":\"pl-PL\",\"potentialAction\":[{\"@type\":\"ReadAction\",\"target\":[\"https:\\\/\\\/grabowiec.pl\\\/ug\\\/index.php\\\/zespol-szkol-im-h-sienkiewicza-w-grabowcu\\\/\"]}]},{\"@type\":\"ImageObject\",\"inLanguage\":\"pl-PL\",\"@id\":\"https:\\\/\\\/grabowiec.pl\\\/ug\\\/index.php\\\/zespol-szkol-im-h-sienkiewicza-w-grabowcu\\\/#primaryimage\",\"url\":\"https:\\\/\\\/grabowiec.pl\\\/ug\\\/wp-content\\\/uploads\\\/2023\\\/02\\\/w-obiektywie-dk-23.jpg\",\"contentUrl\":\"https:\\\/\\\/grabowiec.pl\\\/ug\\\/wp-content\\\/uploads\\\/2023\\\/02\\\/w-obiektywie-dk-23.jpg\",\"width\":1228,\"height\":690,\"caption\":\"SONY DSC\"},{\"@type\":\"BreadcrumbList\",\"@id\":\"https:\\\/\\\/grabowiec.pl\\\/ug\\\/index.php\\\/zespol-szkol-im-h-sienkiewicza-w-grabowcu\\\/#breadcrumb\",\"itemListElement\":[{\"@type\":\"ListItem\",\"position\":1,\"name\":\"Strona g\u0142\u00f3wna\",\"item\":\"https:\\\/\\\/grabowiec.pl\\\/ug\\\/\"},{\"@type\":\"ListItem\",\"position\":2,\"name\":\"Zesp\u00f3\u0142 Szk\u00f3\u0142 im. H. Sienkiewicza w Grabowcu\"}]},{\"@type\":\"WebSite\",\"@id\":\"https:\\\/\\\/grabowiec.pl\\\/ug\\\/#website\",\"url\":\"https:\\\/\\\/grabowiec.pl\\\/ug\\\/\",\"name\":\"GMINA GRABOWIEC\",\"description\":\"\",\"publisher\":{\"@id\":\"https:\\\/\\\/grabowiec.pl\\\/ug\\\/#organization\"},\"potentialAction\":[{\"@type\":\"SearchAction\",\"target\":{\"@type\":\"EntryPoint\",\"urlTemplate\":\"https:\\\/\\\/grabowiec.pl\\\/ug\\\/?s={search_term_string}\"},\"query-input\":{\"@type\":\"PropertyValueSpecification\",\"valueRequired\":true,\"valueName\":\"search_term_string\"}}],\"inLanguage\":\"pl-PL\"},{\"@type\":\"Organization\",\"@id\":\"https:\\\/\\\/grabowiec.pl\\\/ug\\\/#organization\",\"name\":\"GMINA GRABOWIEC\",\"url\":\"https:\\\/\\\/grabowiec.pl\\\/ug\\\/\",\"logo\":{\"@type\":\"ImageObject\",\"inLanguage\":\"pl-PL\",\"@id\":\"https:\\\/\\\/grabowiec.pl\\\/ug\\\/#\\\/schema\\\/logo\\\/image\\\/\",\"url\":\"https:\\\/\\\/grabowiec.pl\\\/ug\\\/wp-content\\\/uploads\\\/2023\\\/02\\\/grab-herb.png\",\"contentUrl\":\"https:\\\/\\\/grabowiec.pl\\\/ug\\\/wp-content\\\/uploads\\\/2023\\\/02\\\/grab-herb.png\",\"width\":500,\"height\":600,\"caption\":\"GMINA GRABOWIEC\"},\"image\":{\"@id\":\"https:\\\/\\\/grabowiec.pl\\\/ug\\\/#\\\/schema\\\/logo\\\/image\\\/\"}}]}<\/script>\n<!-- \/ Yoast SEO plugin. -->","yoast_head_json":{"title":"Zesp\u00f3\u0142 Szk\u00f3\u0142 im. H. Sienkiewicza w Grabowcu - GMINA GRABOWIEC","robots":{"index":"index","follow":"follow","max-snippet":"max-snippet:-1","max-image-preview":"max-image-preview:large","max-video-preview":"max-video-preview:-1"},"canonical":"https:\/\/grabowiec.pl\/ug\/index.php\/zespol-szkol-im-h-sienkiewicza-w-grabowcu\/","og_locale":"pl_PL","og_type":"article","og_title":"Zesp\u00f3\u0142 Szk\u00f3\u0142 im. H. Sienkiewicza w Grabowcu - GMINA GRABOWIEC","og_description":"22-425 Grabowiec, ul. Wojs\u0142awska 1, tel. (084) 6512417, fax. (084) 6512363 e-mail: Zesp\u00f3\u0142 Szk\u00f3\u0142 im. &hellip;","og_url":"https:\/\/grabowiec.pl\/ug\/index.php\/zespol-szkol-im-h-sienkiewicza-w-grabowcu\/","og_site_name":"GMINA GRABOWIEC","article_modified_time":"2025-05-19T07:17:09+00:00","og_image":[{"width":1228,"height":690,"url":"https:\/\/grabowiec.pl\/ug\/wp-content\/uploads\/2023\/02\/w-obiektywie-dk-23.jpg","type":"image\/jpeg"}],"twitter_card":"summary_large_image","twitter_misc":{"Szacowany czas czytania":"4 minuty"},"schema":{"@context":"https:\/\/schema.org","@graph":[{"@type":"WebPage","@id":"https:\/\/grabowiec.pl\/ug\/index.php\/zespol-szkol-im-h-sienkiewicza-w-grabowcu\/","url":"https:\/\/grabowiec.pl\/ug\/index.php\/zespol-szkol-im-h-sienkiewicza-w-grabowcu\/","name":"Zesp\u00f3\u0142 Szk\u00f3\u0142 im. H. Sienkiewicza w Grabowcu - GMINA GRABOWIEC","isPartOf":{"@id":"https:\/\/grabowiec.pl\/ug\/#website"},"primaryImageOfPage":{"@id":"https:\/\/grabowiec.pl\/ug\/index.php\/zespol-szkol-im-h-sienkiewicza-w-grabowcu\/#primaryimage"},"image":{"@id":"https:\/\/grabowiec.pl\/ug\/index.php\/zespol-szkol-im-h-sienkiewicza-w-grabowcu\/#primaryimage"},"thumbnailUrl":"https:\/\/grabowiec.pl\/ug\/wp-content\/uploads\/2023\/02\/w-obiektywie-dk-23.jpg","datePublished":"2023-02-08T09:10:45+00:00","dateModified":"2025-05-19T07:17:09+00:00","breadcrumb":{"@id":"https:\/\/grabowiec.pl\/ug\/index.php\/zespol-szkol-im-h-sienkiewicza-w-grabowcu\/#breadcrumb"},"inLanguage":"pl-PL","potentialAction":[{"@type":"ReadAction","target":["https:\/\/grabowiec.pl\/ug\/index.php\/zespol-szkol-im-h-sienkiewicza-w-grabowcu\/"]}]},{"@type":"ImageObject","inLanguage":"pl-PL","@id":"https:\/\/grabowiec.pl\/ug\/index.php\/zespol-szkol-im-h-sienkiewicza-w-grabowcu\/#primaryimage","url":"https:\/\/grabowiec.pl\/ug\/wp-content\/uploads\/2023\/02\/w-obiektywie-dk-23.jpg","contentUrl":"https:\/\/grabowiec.pl\/ug\/wp-content\/uploads\/2023\/02\/w-obiektywie-dk-23.jpg","width":1228,"height":690,"caption":"SONY DSC"},{"@type":"BreadcrumbList","@id":"https:\/\/grabowiec.pl\/ug\/index.php\/zespol-szkol-im-h-sienkiewicza-w-grabowcu\/#breadcrumb","itemListElement":[{"@type":"ListItem","position":1,"name":"Strona g\u0142\u00f3wna","item":"https:\/\/grabowiec.pl\/ug\/"},{"@type":"ListItem","position":2,"name":"Zesp\u00f3\u0142 Szk\u00f3\u0142 im. H. Sienkiewicza w Grabowcu"}]},{"@type":"WebSite","@id":"https:\/\/grabowiec.pl\/ug\/#website","url":"https:\/\/grabowiec.pl\/ug\/","name":"GMINA GRABOWIEC","description":"","publisher":{"@id":"https:\/\/grabowiec.pl\/ug\/#organization"},"potentialAction":[{"@type":"SearchAction","target":{"@type":"EntryPoint","urlTemplate":"https:\/\/grabowiec.pl\/ug\/?s={search_term_string}"},"query-input":{"@type":"PropertyValueSpecification","valueRequired":true,"valueName":"search_term_string"}}],"inLanguage":"pl-PL"},{"@type":"Organization","@id":"https:\/\/grabowiec.pl\/ug\/#organization","name":"GMINA GRABOWIEC","url":"https:\/\/grabowiec.pl\/ug\/","logo":{"@type":"ImageObject","inLanguage":"pl-PL","@id":"https:\/\/grabowiec.pl\/ug\/#\/schema\/logo\/image\/","url":"https:\/\/grabowiec.pl\/ug\/wp-content\/uploads\/2023\/02\/grab-herb.png","contentUrl":"https:\/\/grabowiec.pl\/ug\/wp-content\/uploads\/2023\/02\/grab-herb.png","width":500,"height":600,"caption":"GMINA GRABOWIEC"},"image":{"@id":"https:\/\/grabowiec.pl\/ug\/#\/schema\/logo\/image\/"}}]}},"_links":{"self":[{"href":"https:\/\/grabowiec.pl\/ug\/index.php\/wp-json\/wp\/v2\/pages\/129","targetHints":{"allow":["GET"]}}],"collection":[{"href":"https:\/\/grabowiec.pl\/ug\/index.php\/wp-json\/wp\/v2\/pages"}],"about":[{"href":"https:\/\/grabowiec.pl\/ug\/index.php\/wp-json\/wp\/v2\/types\/page"}],"author":[{"embeddable":true,"href":"https:\/\/grabowiec.pl\/ug\/index.php\/wp-json\/wp\/v2\/users\/1"}],"replies":[{"embeddable":true,"href":"https:\/\/grabowiec.pl\/ug\/index.php\/wp-json\/wp\/v2\/comments?post=129"}],"version-history":[{"count":8,"href":"https:\/\/grabowiec.pl\/ug\/index.php\/wp-json\/wp\/v2\/pages\/129\/revisions"}],"predecessor-version":[{"id":4817,"href":"https:\/\/grabowiec.pl\/ug\/index.php\/wp-json\/wp\/v2\/pages\/129\/revisions\/4817"}],"wp:featuredmedia":[{"embeddable":true,"href":"https:\/\/grabowiec.pl\/ug\/index.php\/wp-json\/wp\/v2\/media\/548"}],"wp:attachment":[{"href":"https:\/\/grabowiec.pl\/ug\/index.php\/wp-json\/wp\/v2\/media?parent=129"}],"curies":[{"name":"wp","href":"https:\/\/api.w.org\/{rel}","templated":true}]}}