{"id":134,"date":"2023-02-08T10:18:53","date_gmt":"2023-02-08T09:18:53","guid":{"rendered":"https:\/\/grabowiec.pl\/ug\/?page_id=134"},"modified":"2026-05-06T11:49:28","modified_gmt":"2026-05-06T09:49:28","slug":"stowarzyszenia-osp","status":"publish","type":"page","link":"https:\/\/grabowiec.pl\/ug\/index.php\/stowarzyszenia-osp\/","title":{"rendered":"Stowarzyszenia (OSP)"},"content":{"rendered":"\n<p class=\"has-text-align-center\"><strong>ZWI\u0104ZEK OCHOTNICZYCH STRA\u017bY PO\u017bARNYCH<\/strong> <strong>RZECZYPOSPOLITEJ POLSKIEJ<\/strong><br><strong>OCHOTNICZE STRA\u017bE PO\u017bARNE<\/strong><br>KADENCJA 2026-2031<\/p>\n\n\n\n<p><strong>1. OSP Grabowiec<\/strong><\/p>\n\n\n\n<p><strong>Telefon alarmowy: 502290457<\/strong><br>Siedziba: ul. 700-lecia 4, 22-425 Grabowiec<br>KRS: 0000044688, NIP: 9222410401, REGON: 950437543ROR: Powiatowy Bank Sp\u00f3\u0142dzielczy w Zamo\u015bciu Oddzia\u0142 w Grabowcu&nbsp;\u2013 16 9644 1020 2006 2000 1313 0001<\/p>\n\n\n\n<p><strong>Zarz\u0105d:<\/strong><br>\u2013 Prezes \u2013 Boczkowski&nbsp; Marcin<br>\u2013 Wiceprezes -Naczelnik \u2013 Boczkowski&nbsp; Piotr<br>\u2013 Zast\u0119pca naczelnika \u2013 Kodeniec Micha\u0142<br>\u2013 Sekretarz \u2013 Kalinowski Jakub<br>\u2013 Skarbnik \u2013 Se\u0144 Damian<\/p>\n\n\n\n<p><strong>2. OSP Grabowiec-G\u00f3ra<\/strong><\/p>\n\n\n\n<p><strong>Telefon alarmowy: 502290458<\/strong>Siedziba: Grabowiec-G\u00f3ra 221, 22-425 Grabowiec KRS: 0000044717, NIP: 9222680075,&nbsp;REGON: 951080209&nbsp;ROR: Powiatowy Bank Sp\u00f3\u0142dzielczy w Zamo\u015bciu Oddzia\u0142 w Grabowcu&nbsp;\u2013 06 9644 1020 2006 2000 1430 0001<\/p>\n\n\n\n<p><strong>Zarz\u0105d:<\/strong><\/p>\n\n\n\n<p>Prezes: G\u0105ska Miros\u0142aw<br>Wiceprezes-Naczelnik: Smo\u0142a Henryk<br>Zast\u0119pca Naczelnika: Orzechowski Kamil<br>Sekretarz: Ho\u0142da\u015b Robert<br>Skarbnik: Surma Marian<\/p>\n\n\n\n<p><strong>3. OSP Ornatowice<\/strong><\/p>\n\n\n\n<p><strong>Telefon alarmowy: 502290461<\/strong>Siedziba: Ornatowice 39, 22-425 Grabowiec KRS: 0000044700,&nbsp;NIP: 9223052783, REGON: 951080244<br>ROR: Powiatowy Bank Sp\u00f3\u0142dzielczy w Zamo\u015bciu Oddzia\u0142 w Grabowcu \u2013 34 9644 1020 2006 2000 2150 0001<\/p>\n\n\n\n<p><strong>Zarz\u0105d:<\/strong><\/p>\n\n\n\n<p>Prezes: Gruszka Andrzej<br>Wiceprezes-Naczelnik: W\u00f3jciuk Krzysztof<br>Wiceprezes-Naczelnik honorowy: Popek Piotr<br>Zast\u0119pca Naczelnika: Greniuk Stanis\u0142aw<br>Sekretarz: Krygiel Karol<br>Skarbnik: W\u00f3jciuk Zbigniew<\/p>\n\n\n\n<p><strong>4. OSP Tucz\u0119py<\/strong><\/p>\n\n\n\n<p><strong>Telefon alarmowy: 501766033<\/strong>Siedziba: Tucz\u0119py 84, 22-425 Grabowiec<br>KRS: 0000044615, NIP: 9223048623, REGON: 951080280<br>ROR: Powiatowy Bank Sp\u00f3\u0142dzielczy w Zamo\u015bciu Oddzia\u0142 w Grabowcu&nbsp;\u2013 84 9644 1020 2006 2000 2147 0001<\/p>\n\n\n\n<p><strong>Zarz\u0105d:<\/strong><br>Prezes: Karczmarczyk Piotr<br>Wiceprezes-Naczelnik: B\u0142a\u017cucki \u0141ukasz<br>Sekretarz: \u017b\u00f3\u0142kiewski Kacper<br>Skarbnik: Siedlecki Piotr<\/p>\n\n\n\n<p><strong>5. OSP Bere\u015b\u0107<\/strong><\/p>\n\n\n\n<p>Siedziba: Bere\u015b\u0107 20A, 22-425 Grabowiec<br>KRS: 0000078102, NIP: 9223057792, REGON: 951080215<br>ROR: Powiatowy Bank Sp\u00f3\u0142dzielczy w Zamo\u015bciu Oddzia\u0142 w Grabowcu&nbsp;\u2013 21 9644 1020 2006 2000 2176 0001<\/p>\n\n\n\n<p><strong>Zarz\u0105d:<\/strong><br>Prezes: Kot Mariusz<br>Wiceprezes-Naczelnik: Korzeniowski Stanis\u0142aw<br>Zast\u0119pca Naczelnika : Stasiuk Sebastian<br>Sekretarz: Szajuk Adrian<br>Skarbnik: Szajuk Przemys\u0142aw<br>Gospodarz: Kot Jacek<\/p>\n\n\n\n<p><strong>6. OSP Cieszyn<\/strong><\/p>\n\n\n\n<p>Siedziba: Cieszyn 45, 22-425 Grabowiec<br>KRS: 0000078269, NIP: 9223049864, REGON: 951080221<br>ROR: Powiatowy Bank Sp\u00f3\u0142dzielczy w Zamo\u015bciu Oddzia\u0142 w Grabowcu&nbsp;\u2013 42 9644 1020 2006 2000 2134 0001<\/p>\n\n\n\n<p><strong>Zarz\u0105d:<\/strong><br>Prezes: Juszczak W\u0142odzimierz<br>Wiceprezes-Naczelnik: Woro\u017cbit Alfred<br>Sekretarz: Groszek Kamil<br>Skarbnik: Socha\u0144 Czes\u0142aw<\/p>\n\n\n\n<p><strong>7. OSP Henryk\u00f3wka<\/strong><\/p>\n\n\n\n<p>Siedziba: Henryk\u00f3wka 11, 22-425 Grabowiec<br>KRS: 0000077900, NIP: 9223053216, REGON: 951080327<\/p>\n\n\n\n<p><strong>Zarz\u0105d:<\/strong><br>Prezes: Referda Grzegorz<br>Wiceprezes-Naczelnik: \u0141\u0105cz Ryszard<br>Sekretarz: Danilczuk Stanis\u0142aw<br>Skarbnik: Buczak W\u0142adys\u0142aw<\/p>\n\n\n\n<p><strong>8. OSP Majdan Tucz\u0119pski<\/strong><\/p>\n\n\n\n<p>Siedziba: Majdan Tucz\u0119pski 25, 22-425 Grabowiec<br>KRS: 0000078016, NIP: 9222496578, REGON: 951067663<\/p>\n\n\n\n<p><strong>Zarz\u0105d:<\/strong><br>Prezes: Adamczuk Mieczys\u0142aw<br>Wiceprezes-Naczelnik: Moskwa \u0141ukasz<br>Sekretarz: Ry\u0144ko Grzegorz<br>Skarbnik: S\u0119d\u0142ak Pawe\u0142<br>Gospodarz: Pszty\u0107 Dariusz<\/p>\n\n\n\n<p><strong>9. OSP Rog\u00f3w<\/strong><\/p>\n\n\n\n<p>Siedziba: Rog\u00f3w 6, 22-425 Grabowiec<br>KRS: 0000055459, NIP: 9223053044, REGON: 951080190<\/p>\n\n\n\n<p><strong>Zarz\u0105d:<\/strong><br>Prezes: Rod\u017a Tomasz<br>Wiceprezes-Naczelnik: Hordy\u0144ski Andrzej<br>Sekretarz: Gmitrowicz Mariusz<br>Skarbnik: Koszuta Stanis\u0142aw<\/p>\n\n\n\n<p><strong>10. OSP Skomorochy Du\u017ce<\/strong><\/p>\n\n\n\n<p>Siedziba: Skomorochy Du\u017ce 26, 22-425 Grabowiec<br>KRS: 0000044670, NIP: 9223052636, REGON: 951080304<\/p>\n\n\n\n<p><strong>Zarz\u0105d:<\/strong><br>Prezes: Krajewski Marian<br>Wiceprezes-Naczelnik: Chuszcz Jerzy Marek<br>Wiceprezes: Adamczuk Edward<br>Zast\u0119pca Naczelnika: Adamczuk Edward<br>Sekretarz: Luchowski Edward<br>Skarbnik: Badach Kazimierz<br>Gospodarz: Luchowski Patryk \u0141ukasz<br>Kronikarz: Grzyb Micha\u0142<\/p>\n\n\n\n<p><strong>11. OSP Skomorochy Ma\u0142e<\/strong><\/p>\n\n\n\n<p>Siedziba: Skomorochy Ma\u0142e 7, 22-425 Grabowiec<br>KRS: 0000078008, NIP 9223062988, REGON: 951080310<\/p>\n\n\n\n<p><strong>Zarz\u0105d:<\/strong><br>Prezes: Zarek Stanis\u0142aw<br>Wiceprezes-Naczelnik: B\u0142aszczuk Dariusz<br>Sekretarz: Dyrkacz Andrzej<br>Skarbnik: Dzi\u0119giel Wojciech<br>Gospodarz: Kostrubiec Krzysztof<\/p>\n\n\n\n<p><strong>12. OSP Wolica Ucha\u0144ska<\/strong><\/p>\n\n\n\n<p>Siedziba: Wolica Ucha\u0144ska 41, 22-425 Grabowiec<br>KRS: 0000077772, NIP: 9222678122, REGON: 951080296<\/p>\n\n\n\n<p><strong>Zarz\u0105d:<\/strong><br>Prezes: Ba\u0142anda S\u0142awomir<br>Wiceprezes-Naczelnik: Tatys Sylwester<br>Sekretarz: Danieluk Rados\u0142aw<br>Skarbnik: Ba\u0142abuch Eugeniusz<\/p>\n\n\n\n<p><strong>13. OSP W\u00f3lka Tucz\u0119pska<\/strong><\/p>\n\n\n\n<p>Siedziba: W\u00f3lka Tucz\u0119pska 11, 22-425 Grabowiec<br>KRS: 0000077928, NIP: 9223053073, REGON: 951080267<\/p>\n\n\n\n<p><strong>Zarz\u0105d:<\/strong><br>Prezes: Lachowski Tadeusz Ryszard<br>II Wiceprezes: Popek Piotr Pawe\u0142<br>Wiceprezes-Naczelnik: Popek Bartosz Jerzy<br>Sekretarz: \u015awi\u0119toniewski Mariusz<br>Skarbnik: Siembiga Waldemar Aleksander<\/p>\n\n\n\n<p><strong>14. OSP \u017burawl\u00f3w<\/strong><\/p>\n\n\n\n<p>Siedziba: \u017burawl\u00f3w 23, 22-425 Grabowiec<br>KRS: 0000078163, NIP: 9223052932, REGON: 951080250<\/p>\n\n\n\n<p><strong>Zarz\u0105d:<\/strong><br>Prezes: Makuch Marek<br>Wiceprezes-Naczelnik: Jab\u0142o\u0144ski Emil<br>Sekretarz: Kozio\u0142 \u0141ukasz<br>Skarbnik: Ba\u0142anda Dariusz<\/p>\n\n\n\n<p><strong>ODDZIA\u0141 GMINNY W GRABOWCU<\/strong><\/p>\n\n\n\n<p>KADENCJA 2026-2031<br>Siedziba: ul. Rynek 3, 22-425 Grabowiec<br>Telefon: 846512474, E-mail: <a href=\"mailto:gmina@grabowiec.pl\">gmina@grabowiec.pl<\/a>,<\/p>\n\n\n\n<p><strong>Zarz\u0105d: 2026-2031<\/strong><\/p>\n\n\n\n<ol class=\"wp-block-list\">\n<li>Prezes &#8211; G\u0105ska Miros\u0142aw<\/li>\n\n\n\n<li>Wiceprezes &#8211; Kot Mariusz<\/li>\n\n\n\n<li>Wiceprezes &#8211; Kostrubiec Krzysztof<\/li>\n\n\n\n<li>Wiceprezes &#8211; Boczkowski Piotr<\/li>\n\n\n\n<li>Komendant Gminny &#8211; Smo\u0142a Jaros\u0142aw<\/li>\n\n\n\n<li>Sekretarz &#8211; Korzeniowski Stanis\u0142aw<\/li>\n\n\n\n<li>Skarbnik &#8211; Gruszka Andrzej<\/li>\n\n\n\n<li>Cz\u0142onek zarz\u0105du &#8211; Popek Bartosz<\/li>\n\n\n\n<li>Cz\u0142onek zarz\u0105du &#8211; Adamczuk Mieczys\u0142aw<\/li>\n\n\n\n<li>Cz\u0142onek zarz\u0105du &#8211; B\u0142a\u017cucki \u0141ukasz<\/li>\n\n\n\n<li>Cz\u0142onek zarz\u0105du &#8211; Boczkowski Marcin<\/li>\n\n\n\n<li>Cz\u0142onek zarz\u0105du &#8211; Juszczak W\u0142odzimierz<\/li>\n\n\n\n<li>Cz\u0142onek zarz\u0105du &#8211; Karczmarczyk Piotr<\/li>\n\n\n\n<li>Cz\u0142onek zarz\u0105du &#8211; Ba\u0142anda S\u0142awomir<\/li>\n\n\n\n<li>Cz\u0142onek zarz\u0105du &#8211; Krajewski Marian<\/li>\n\n\n\n<li>Cz\u0142onek zarz\u0105du &#8211; Lachowski Tadeusz<\/li>\n\n\n\n<li>Cz\u0142onek zarz\u0105du &#8211; Moskwa \u0141ukasz<\/li>\n\n\n\n<li>Cz\u0142onek zarz\u0105du &#8211; Referda Grzegorz<\/li>\n\n\n\n<li>Cz\u0142onek zarz\u0105du &#8211; Rod\u017a Tomasz<\/li>\n<\/ol>\n\n\n\n<p><br><strong>Komisja Rewizyjna<\/strong><\/p>\n\n\n\n<p>Sekretarz Krzysztof W\u00f3jciuk<\/p>\n\n\n\n<p>Przewodnicz\u0105cy Kamil Orzechowski<\/p>\n\n\n\n<p>Wiceprzewodnicz\u0105cy Marek Makuch<\/p>\n\n\n\n<hr class=\"wp-block-separator has-alpha-channel-opacity is-style-wide\"\/>\n\n\n\n<p class=\"has-large-font-size\"><strong><a href=\"https:\/\/grabowiec.pl\/ug\/index.php\/osp-kadencja-2021-2026\/\">OSP \u2013 KADENCJA 2021-2026<\/a><\/strong><\/p>\n","protected":false},"excerpt":{"rendered":"<p>ZWI\u0104ZEK OCHOTNICZYCH STRA\u017bY PO\u017bARNYCH RZECZYPOSPOLITEJ POLSKIEJOCHOTNICZE STRA\u017bE PO\u017bARNEKADENCJA 2026-2031 1. OSP Grabowiec Telefon alarmowy: 502290457Siedziba: &hellip;<\/p>\n","protected":false},"author":1,"featured_media":1486,"parent":0,"menu_order":0,"comment_status":"closed","ping_status":"closed","template":"","meta":{"footnotes":""},"class_list":["post-134","page","type-page","status-publish","has-post-thumbnail","hentry"],"yoast_head":"<!-- This site is optimized with the Yoast SEO plugin v27.5 - https:\/\/yoast.com\/product\/yoast-seo-wordpress\/ -->\n<title>Stowarzyszenia (OSP) - GMINA GRABOWIEC<\/title>\n<meta name=\"robots\" content=\"index, follow, max-snippet:-1, max-image-preview:large, max-video-preview:-1\" \/>\n<link rel=\"canonical\" href=\"https:\/\/grabowiec.pl\/ug\/index.php\/stowarzyszenia-osp\/\" \/>\n<meta property=\"og:locale\" content=\"pl_PL\" \/>\n<meta property=\"og:type\" content=\"article\" \/>\n<meta property=\"og:title\" content=\"Stowarzyszenia (OSP) - GMINA GRABOWIEC\" \/>\n<meta property=\"og:description\" content=\"ZWI\u0104ZEK OCHOTNICZYCH STRA\u017bY PO\u017bARNYCH RZECZYPOSPOLITEJ POLSKIEJOCHOTNICZE STRA\u017bE PO\u017bARNEKADENCJA 2026-2031 1. OSP Grabowiec Telefon alarmowy: 502290457Siedziba: &hellip;\" \/>\n<meta property=\"og:url\" content=\"https:\/\/grabowiec.pl\/ug\/index.php\/stowarzyszenia-osp\/\" \/>\n<meta property=\"og:site_name\" content=\"GMINA GRABOWIEC\" \/>\n<meta property=\"article:modified_time\" content=\"2026-05-06T09:49:28+00:00\" \/>\n<meta property=\"og:image\" content=\"https:\/\/grabowiec.pl\/ug\/wp-content\/uploads\/2023\/03\/ug-osp.jpg\" \/>\n\t<meta property=\"og:image:width\" content=\"2082\" \/>\n\t<meta property=\"og:image:height\" content=\"1175\" \/>\n\t<meta property=\"og:image:type\" content=\"image\/jpeg\" \/>\n<meta name=\"twitter:card\" content=\"summary_large_image\" \/>\n<meta name=\"twitter:label1\" content=\"Szacowany czas czytania\" \/>\n\t<meta name=\"twitter:data1\" content=\"5 minut\" \/>\n<script type=\"application\/ld+json\" class=\"yoast-schema-graph\">{\"@context\":\"https:\\\/\\\/schema.org\",\"@graph\":[{\"@type\":\"WebPage\",\"@id\":\"https:\\\/\\\/grabowiec.pl\\\/ug\\\/index.php\\\/stowarzyszenia-osp\\\/\",\"url\":\"https:\\\/\\\/grabowiec.pl\\\/ug\\\/index.php\\\/stowarzyszenia-osp\\\/\",\"name\":\"Stowarzyszenia (OSP) - GMINA GRABOWIEC\",\"isPartOf\":{\"@id\":\"https:\\\/\\\/grabowiec.pl\\\/ug\\\/#website\"},\"primaryImageOfPage\":{\"@id\":\"https:\\\/\\\/grabowiec.pl\\\/ug\\\/index.php\\\/stowarzyszenia-osp\\\/#primaryimage\"},\"image\":{\"@id\":\"https:\\\/\\\/grabowiec.pl\\\/ug\\\/index.php\\\/stowarzyszenia-osp\\\/#primaryimage\"},\"thumbnailUrl\":\"https:\\\/\\\/grabowiec.pl\\\/ug\\\/wp-content\\\/uploads\\\/2023\\\/03\\\/ug-osp.jpg\",\"datePublished\":\"2023-02-08T09:18:53+00:00\",\"dateModified\":\"2026-05-06T09:49:28+00:00\",\"breadcrumb\":{\"@id\":\"https:\\\/\\\/grabowiec.pl\\\/ug\\\/index.php\\\/stowarzyszenia-osp\\\/#breadcrumb\"},\"inLanguage\":\"pl-PL\",\"potentialAction\":[{\"@type\":\"ReadAction\",\"target\":[\"https:\\\/\\\/grabowiec.pl\\\/ug\\\/index.php\\\/stowarzyszenia-osp\\\/\"]}]},{\"@type\":\"ImageObject\",\"inLanguage\":\"pl-PL\",\"@id\":\"https:\\\/\\\/grabowiec.pl\\\/ug\\\/index.php\\\/stowarzyszenia-osp\\\/#primaryimage\",\"url\":\"https:\\\/\\\/grabowiec.pl\\\/ug\\\/wp-content\\\/uploads\\\/2023\\\/03\\\/ug-osp.jpg\",\"contentUrl\":\"https:\\\/\\\/grabowiec.pl\\\/ug\\\/wp-content\\\/uploads\\\/2023\\\/03\\\/ug-osp.jpg\",\"width\":2082,\"height\":1175},{\"@type\":\"BreadcrumbList\",\"@id\":\"https:\\\/\\\/grabowiec.pl\\\/ug\\\/index.php\\\/stowarzyszenia-osp\\\/#breadcrumb\",\"itemListElement\":[{\"@type\":\"ListItem\",\"position\":1,\"name\":\"Strona g\u0142\u00f3wna\",\"item\":\"https:\\\/\\\/grabowiec.pl\\\/ug\\\/\"},{\"@type\":\"ListItem\",\"position\":2,\"name\":\"Stowarzyszenia (OSP)\"}]},{\"@type\":\"WebSite\",\"@id\":\"https:\\\/\\\/grabowiec.pl\\\/ug\\\/#website\",\"url\":\"https:\\\/\\\/grabowiec.pl\\\/ug\\\/\",\"name\":\"GMINA GRABOWIEC\",\"description\":\"\",\"publisher\":{\"@id\":\"https:\\\/\\\/grabowiec.pl\\\/ug\\\/#organization\"},\"potentialAction\":[{\"@type\":\"SearchAction\",\"target\":{\"@type\":\"EntryPoint\",\"urlTemplate\":\"https:\\\/\\\/grabowiec.pl\\\/ug\\\/?s={search_term_string}\"},\"query-input\":{\"@type\":\"PropertyValueSpecification\",\"valueRequired\":true,\"valueName\":\"search_term_string\"}}],\"inLanguage\":\"pl-PL\"},{\"@type\":\"Organization\",\"@id\":\"https:\\\/\\\/grabowiec.pl\\\/ug\\\/#organization\",\"name\":\"GMINA GRABOWIEC\",\"url\":\"https:\\\/\\\/grabowiec.pl\\\/ug\\\/\",\"logo\":{\"@type\":\"ImageObject\",\"inLanguage\":\"pl-PL\",\"@id\":\"https:\\\/\\\/grabowiec.pl\\\/ug\\\/#\\\/schema\\\/logo\\\/image\\\/\",\"url\":\"https:\\\/\\\/grabowiec.pl\\\/ug\\\/wp-content\\\/uploads\\\/2023\\\/02\\\/grab-herb.png\",\"contentUrl\":\"https:\\\/\\\/grabowiec.pl\\\/ug\\\/wp-content\\\/uploads\\\/2023\\\/02\\\/grab-herb.png\",\"width\":500,\"height\":600,\"caption\":\"GMINA GRABOWIEC\"},\"image\":{\"@id\":\"https:\\\/\\\/grabowiec.pl\\\/ug\\\/#\\\/schema\\\/logo\\\/image\\\/\"}}]}<\/script>\n<!-- \/ Yoast SEO plugin. -->","yoast_head_json":{"title":"Stowarzyszenia (OSP) - GMINA GRABOWIEC","robots":{"index":"index","follow":"follow","max-snippet":"max-snippet:-1","max-image-preview":"max-image-preview:large","max-video-preview":"max-video-preview:-1"},"canonical":"https:\/\/grabowiec.pl\/ug\/index.php\/stowarzyszenia-osp\/","og_locale":"pl_PL","og_type":"article","og_title":"Stowarzyszenia (OSP) - GMINA GRABOWIEC","og_description":"ZWI\u0104ZEK OCHOTNICZYCH STRA\u017bY PO\u017bARNYCH RZECZYPOSPOLITEJ POLSKIEJOCHOTNICZE STRA\u017bE PO\u017bARNEKADENCJA 2026-2031 1. OSP Grabowiec Telefon alarmowy: 502290457Siedziba: &hellip;","og_url":"https:\/\/grabowiec.pl\/ug\/index.php\/stowarzyszenia-osp\/","og_site_name":"GMINA GRABOWIEC","article_modified_time":"2026-05-06T09:49:28+00:00","og_image":[{"width":2082,"height":1175,"url":"https:\/\/grabowiec.pl\/ug\/wp-content\/uploads\/2023\/03\/ug-osp.jpg","type":"image\/jpeg"}],"twitter_card":"summary_large_image","twitter_misc":{"Szacowany czas czytania":"5 minut"},"schema":{"@context":"https:\/\/schema.org","@graph":[{"@type":"WebPage","@id":"https:\/\/grabowiec.pl\/ug\/index.php\/stowarzyszenia-osp\/","url":"https:\/\/grabowiec.pl\/ug\/index.php\/stowarzyszenia-osp\/","name":"Stowarzyszenia (OSP) - GMINA GRABOWIEC","isPartOf":{"@id":"https:\/\/grabowiec.pl\/ug\/#website"},"primaryImageOfPage":{"@id":"https:\/\/grabowiec.pl\/ug\/index.php\/stowarzyszenia-osp\/#primaryimage"},"image":{"@id":"https:\/\/grabowiec.pl\/ug\/index.php\/stowarzyszenia-osp\/#primaryimage"},"thumbnailUrl":"https:\/\/grabowiec.pl\/ug\/wp-content\/uploads\/2023\/03\/ug-osp.jpg","datePublished":"2023-02-08T09:18:53+00:00","dateModified":"2026-05-06T09:49:28+00:00","breadcrumb":{"@id":"https:\/\/grabowiec.pl\/ug\/index.php\/stowarzyszenia-osp\/#breadcrumb"},"inLanguage":"pl-PL","potentialAction":[{"@type":"ReadAction","target":["https:\/\/grabowiec.pl\/ug\/index.php\/stowarzyszenia-osp\/"]}]},{"@type":"ImageObject","inLanguage":"pl-PL","@id":"https:\/\/grabowiec.pl\/ug\/index.php\/stowarzyszenia-osp\/#primaryimage","url":"https:\/\/grabowiec.pl\/ug\/wp-content\/uploads\/2023\/03\/ug-osp.jpg","contentUrl":"https:\/\/grabowiec.pl\/ug\/wp-content\/uploads\/2023\/03\/ug-osp.jpg","width":2082,"height":1175},{"@type":"BreadcrumbList","@id":"https:\/\/grabowiec.pl\/ug\/index.php\/stowarzyszenia-osp\/#breadcrumb","itemListElement":[{"@type":"ListItem","position":1,"name":"Strona g\u0142\u00f3wna","item":"https:\/\/grabowiec.pl\/ug\/"},{"@type":"ListItem","position":2,"name":"Stowarzyszenia (OSP)"}]},{"@type":"WebSite","@id":"https:\/\/grabowiec.pl\/ug\/#website","url":"https:\/\/grabowiec.pl\/ug\/","name":"GMINA GRABOWIEC","description":"","publisher":{"@id":"https:\/\/grabowiec.pl\/ug\/#organization"},"potentialAction":[{"@type":"SearchAction","target":{"@type":"EntryPoint","urlTemplate":"https:\/\/grabowiec.pl\/ug\/?s={search_term_string}"},"query-input":{"@type":"PropertyValueSpecification","valueRequired":true,"valueName":"search_term_string"}}],"inLanguage":"pl-PL"},{"@type":"Organization","@id":"https:\/\/grabowiec.pl\/ug\/#organization","name":"GMINA GRABOWIEC","url":"https:\/\/grabowiec.pl\/ug\/","logo":{"@type":"ImageObject","inLanguage":"pl-PL","@id":"https:\/\/grabowiec.pl\/ug\/#\/schema\/logo\/image\/","url":"https:\/\/grabowiec.pl\/ug\/wp-content\/uploads\/2023\/02\/grab-herb.png","contentUrl":"https:\/\/grabowiec.pl\/ug\/wp-content\/uploads\/2023\/02\/grab-herb.png","width":500,"height":600,"caption":"GMINA GRABOWIEC"},"image":{"@id":"https:\/\/grabowiec.pl\/ug\/#\/schema\/logo\/image\/"}}]}},"_links":{"self":[{"href":"https:\/\/grabowiec.pl\/ug\/index.php\/wp-json\/wp\/v2\/pages\/134","targetHints":{"allow":["GET"]}}],"collection":[{"href":"https:\/\/grabowiec.pl\/ug\/index.php\/wp-json\/wp\/v2\/pages"}],"about":[{"href":"https:\/\/grabowiec.pl\/ug\/index.php\/wp-json\/wp\/v2\/types\/page"}],"author":[{"embeddable":true,"href":"https:\/\/grabowiec.pl\/ug\/index.php\/wp-json\/wp\/v2\/users\/1"}],"replies":[{"embeddable":true,"href":"https:\/\/grabowiec.pl\/ug\/index.php\/wp-json\/wp\/v2\/comments?post=134"}],"version-history":[{"count":5,"href":"https:\/\/grabowiec.pl\/ug\/index.php\/wp-json\/wp\/v2\/pages\/134\/revisions"}],"predecessor-version":[{"id":6186,"href":"https:\/\/grabowiec.pl\/ug\/index.php\/wp-json\/wp\/v2\/pages\/134\/revisions\/6186"}],"wp:featuredmedia":[{"embeddable":true,"href":"https:\/\/grabowiec.pl\/ug\/index.php\/wp-json\/wp\/v2\/media\/1486"}],"wp:attachment":[{"href":"https:\/\/grabowiec.pl\/ug\/index.php\/wp-json\/wp\/v2\/media?parent=134"}],"curies":[{"name":"wp","href":"https:\/\/api.w.org\/{rel}","templated":true}]}}