{"id":157,"date":"2023-02-08T10:32:38","date_gmt":"2023-02-08T09:32:38","guid":{"rendered":"https:\/\/grabowiec.pl\/ug\/?page_id=157"},"modified":"2023-02-08T10:32:50","modified_gmt":"2023-02-08T09:32:50","slug":"pomoc-prawna","status":"publish","type":"page","link":"https:\/\/grabowiec.pl\/ug\/index.php\/pomoc-prawna\/","title":{"rendered":"POMOC PRAWNA"},"content":{"rendered":"\n<figure class=\"wp-block-image size-full\"><img loading=\"lazy\" decoding=\"async\" width=\"1600\" height=\"900\" src=\"https:\/\/grabowiec.pl\/ug\/wp-content\/uploads\/2023\/02\/2020-pomoc-prawna.jpg\" alt=\"\" class=\"wp-image-158\" srcset=\"https:\/\/grabowiec.pl\/ug\/wp-content\/uploads\/2023\/02\/2020-pomoc-prawna.jpg 1600w, https:\/\/grabowiec.pl\/ug\/wp-content\/uploads\/2023\/02\/2020-pomoc-prawna-300x169.jpg 300w, https:\/\/grabowiec.pl\/ug\/wp-content\/uploads\/2023\/02\/2020-pomoc-prawna-1024x576.jpg 1024w, https:\/\/grabowiec.pl\/ug\/wp-content\/uploads\/2023\/02\/2020-pomoc-prawna-768x432.jpg 768w, https:\/\/grabowiec.pl\/ug\/wp-content\/uploads\/2023\/02\/2020-pomoc-prawna-1536x864.jpg 1536w, https:\/\/grabowiec.pl\/ug\/wp-content\/uploads\/2023\/02\/2020-pomoc-prawna-533x300.jpg 533w\" sizes=\"auto, (max-width: 1600px) 100vw, 1600px\" \/><\/figure>\n\n\n\n<p><\/p>\n\n\n\n<p>Skorzystaj z nieodp\u0142atnej pomocy prawnej<\/p>\n\n\n\n<p>Osoby w trudnej sytuacji mog\u0105 znale\u017a\u0107 nieodp\u0142atn\u0105, profesjonaln\u0105 pomoc w jednym z 1500 punkt\u00f3w w ca\u0142ej Polsce.<\/p>\n\n\n\n<p>Kto mo\u017ce otrzyma\u0107 pomoc?<\/p>\n\n\n\n<p>Ka\u017cda osoba w trudnej sytuacji \u017cyciowej w ka\u017cdej \u017cyciowej sprawie, w tym mi\u0119dzy innymi w sprawach maj\u0105tkowych, socjalnych, mieszkaniowych, konsumenckich, rodzinnych, czy pracowniczych;<br>Osoby samozatrudnione \u2013 osoby prowadz\u0105ce jednoosobow\u0105 dzia\u0142alno\u015b\u0107 gospodarcz\u0105 (niezatrudniaj\u0105ce pracownik\u00f3w przez minimum 12 miesi\u0119cy) mog\u0105 liczy\u0107 na pomoc r\u00f3wnie\u017c z wnioskami do ZUS, Urz\u0119du Skarbowego, Urz\u0119du Pracy.<br>Co otrzymasz zg\u0142aszaj\u0105c si\u0119 do punktu?<\/p>\n\n\n\n<p>Profesjonaln\u0105 pomoc prawnika, wykwalifikowanego doradcy, mediatora;<br>Informacj\u0119 o twoich prawach i obowi\u0105zkach w danej sytuacji;<br>Wskazanie sposobu rozwi\u0105zania twojego problemu prawnego;<br>Pomoc w sporz\u0105dzeniu pism i wniosk\u00f3w.<br>Gdzie szuka\u0107 pomocy?<\/p>\n\n\n\n<p>Przez internet: na stronie www.np.ms.gov.pl;<br>Przez telefon: numer telefonu najbli\u017cszego punktu pomocy znajdziesz na stronie internetowej twojej gminy lub starostwa powiatowego.<br>Bezp\u0142atna pomoc jest skierowana do os\u00f3b, kt\u00f3re nie s\u0105 w stanie ponie\u015b\u0107 koszt\u00f3w pomocy odp\u0142atnej.<\/p>\n","protected":false},"excerpt":{"rendered":"<p>Skorzystaj z nieodp\u0142atnej pomocy prawnej Osoby w trudnej sytuacji mog\u0105 znale\u017a\u0107 nieodp\u0142atn\u0105, profesjonaln\u0105 pomoc w &hellip;<\/p>\n","protected":false},"author":1,"featured_media":0,"parent":0,"menu_order":0,"comment_status":"closed","ping_status":"closed","template":"","meta":{"footnotes":""},"class_list":["post-157","page","type-page","status-publish","hentry"],"yoast_head":"<!-- This site is optimized with the Yoast SEO plugin v27.4 - https:\/\/yoast.com\/product\/yoast-seo-wordpress\/ -->\n<title>POMOC PRAWNA - GMINA GRABOWIEC<\/title>\n<meta name=\"robots\" content=\"index, follow, max-snippet:-1, max-image-preview:large, max-video-preview:-1\" \/>\n<link rel=\"canonical\" href=\"https:\/\/grabowiec.pl\/ug\/index.php\/pomoc-prawna\/\" \/>\n<meta property=\"og:locale\" content=\"pl_PL\" \/>\n<meta property=\"og:type\" content=\"article\" \/>\n<meta property=\"og:title\" content=\"POMOC PRAWNA - GMINA GRABOWIEC\" \/>\n<meta property=\"og:description\" content=\"Skorzystaj z nieodp\u0142atnej pomocy prawnej Osoby w trudnej sytuacji mog\u0105 znale\u017a\u0107 nieodp\u0142atn\u0105, profesjonaln\u0105 pomoc w &hellip;\" \/>\n<meta property=\"og:url\" content=\"https:\/\/grabowiec.pl\/ug\/index.php\/pomoc-prawna\/\" \/>\n<meta property=\"og:site_name\" content=\"GMINA GRABOWIEC\" \/>\n<meta property=\"article:modified_time\" content=\"2023-02-08T09:32:50+00:00\" \/>\n<meta property=\"og:image\" content=\"https:\/\/grabowiec.pl\/ug\/wp-content\/uploads\/2023\/02\/2020-pomoc-prawna.jpg\" \/>\n<meta name=\"twitter:card\" content=\"summary_large_image\" \/>\n<meta name=\"twitter:label1\" content=\"Szacowany czas czytania\" \/>\n\t<meta name=\"twitter:data1\" content=\"1 minuta\" \/>\n<script type=\"application\/ld+json\" class=\"yoast-schema-graph\">{\"@context\":\"https:\\\/\\\/schema.org\",\"@graph\":[{\"@type\":\"WebPage\",\"@id\":\"https:\\\/\\\/grabowiec.pl\\\/ug\\\/index.php\\\/pomoc-prawna\\\/\",\"url\":\"https:\\\/\\\/grabowiec.pl\\\/ug\\\/index.php\\\/pomoc-prawna\\\/\",\"name\":\"POMOC PRAWNA - GMINA GRABOWIEC\",\"isPartOf\":{\"@id\":\"https:\\\/\\\/grabowiec.pl\\\/ug\\\/#website\"},\"primaryImageOfPage\":{\"@id\":\"https:\\\/\\\/grabowiec.pl\\\/ug\\\/index.php\\\/pomoc-prawna\\\/#primaryimage\"},\"image\":{\"@id\":\"https:\\\/\\\/grabowiec.pl\\\/ug\\\/index.php\\\/pomoc-prawna\\\/#primaryimage\"},\"thumbnailUrl\":\"https:\\\/\\\/grabowiec.pl\\\/ug\\\/wp-content\\\/uploads\\\/2023\\\/02\\\/2020-pomoc-prawna.jpg\",\"datePublished\":\"2023-02-08T09:32:38+00:00\",\"dateModified\":\"2023-02-08T09:32:50+00:00\",\"breadcrumb\":{\"@id\":\"https:\\\/\\\/grabowiec.pl\\\/ug\\\/index.php\\\/pomoc-prawna\\\/#breadcrumb\"},\"inLanguage\":\"pl-PL\",\"potentialAction\":[{\"@type\":\"ReadAction\",\"target\":[\"https:\\\/\\\/grabowiec.pl\\\/ug\\\/index.php\\\/pomoc-prawna\\\/\"]}]},{\"@type\":\"ImageObject\",\"inLanguage\":\"pl-PL\",\"@id\":\"https:\\\/\\\/grabowiec.pl\\\/ug\\\/index.php\\\/pomoc-prawna\\\/#primaryimage\",\"url\":\"https:\\\/\\\/grabowiec.pl\\\/ug\\\/wp-content\\\/uploads\\\/2023\\\/02\\\/2020-pomoc-prawna.jpg\",\"contentUrl\":\"https:\\\/\\\/grabowiec.pl\\\/ug\\\/wp-content\\\/uploads\\\/2023\\\/02\\\/2020-pomoc-prawna.jpg\",\"width\":1600,\"height\":900},{\"@type\":\"BreadcrumbList\",\"@id\":\"https:\\\/\\\/grabowiec.pl\\\/ug\\\/index.php\\\/pomoc-prawna\\\/#breadcrumb\",\"itemListElement\":[{\"@type\":\"ListItem\",\"position\":1,\"name\":\"Strona g\u0142\u00f3wna\",\"item\":\"https:\\\/\\\/grabowiec.pl\\\/ug\\\/\"},{\"@type\":\"ListItem\",\"position\":2,\"name\":\"POMOC PRAWNA\"}]},{\"@type\":\"WebSite\",\"@id\":\"https:\\\/\\\/grabowiec.pl\\\/ug\\\/#website\",\"url\":\"https:\\\/\\\/grabowiec.pl\\\/ug\\\/\",\"name\":\"GMINA GRABOWIEC\",\"description\":\"\",\"publisher\":{\"@id\":\"https:\\\/\\\/grabowiec.pl\\\/ug\\\/#organization\"},\"potentialAction\":[{\"@type\":\"SearchAction\",\"target\":{\"@type\":\"EntryPoint\",\"urlTemplate\":\"https:\\\/\\\/grabowiec.pl\\\/ug\\\/?s={search_term_string}\"},\"query-input\":{\"@type\":\"PropertyValueSpecification\",\"valueRequired\":true,\"valueName\":\"search_term_string\"}}],\"inLanguage\":\"pl-PL\"},{\"@type\":\"Organization\",\"@id\":\"https:\\\/\\\/grabowiec.pl\\\/ug\\\/#organization\",\"name\":\"GMINA GRABOWIEC\",\"url\":\"https:\\\/\\\/grabowiec.pl\\\/ug\\\/\",\"logo\":{\"@type\":\"ImageObject\",\"inLanguage\":\"pl-PL\",\"@id\":\"https:\\\/\\\/grabowiec.pl\\\/ug\\\/#\\\/schema\\\/logo\\\/image\\\/\",\"url\":\"https:\\\/\\\/grabowiec.pl\\\/ug\\\/wp-content\\\/uploads\\\/2023\\\/02\\\/grab-herb.png\",\"contentUrl\":\"https:\\\/\\\/grabowiec.pl\\\/ug\\\/wp-content\\\/uploads\\\/2023\\\/02\\\/grab-herb.png\",\"width\":500,\"height\":600,\"caption\":\"GMINA GRABOWIEC\"},\"image\":{\"@id\":\"https:\\\/\\\/grabowiec.pl\\\/ug\\\/#\\\/schema\\\/logo\\\/image\\\/\"}}]}<\/script>\n<!-- \/ Yoast SEO plugin. -->","yoast_head_json":{"title":"POMOC PRAWNA - GMINA GRABOWIEC","robots":{"index":"index","follow":"follow","max-snippet":"max-snippet:-1","max-image-preview":"max-image-preview:large","max-video-preview":"max-video-preview:-1"},"canonical":"https:\/\/grabowiec.pl\/ug\/index.php\/pomoc-prawna\/","og_locale":"pl_PL","og_type":"article","og_title":"POMOC PRAWNA - GMINA GRABOWIEC","og_description":"Skorzystaj z nieodp\u0142atnej pomocy prawnej Osoby w trudnej sytuacji mog\u0105 znale\u017a\u0107 nieodp\u0142atn\u0105, profesjonaln\u0105 pomoc w &hellip;","og_url":"https:\/\/grabowiec.pl\/ug\/index.php\/pomoc-prawna\/","og_site_name":"GMINA GRABOWIEC","article_modified_time":"2023-02-08T09:32:50+00:00","og_image":[{"url":"https:\/\/grabowiec.pl\/ug\/wp-content\/uploads\/2023\/02\/2020-pomoc-prawna.jpg","type":"","width":"","height":""}],"twitter_card":"summary_large_image","twitter_misc":{"Szacowany czas czytania":"1 minuta"},"schema":{"@context":"https:\/\/schema.org","@graph":[{"@type":"WebPage","@id":"https:\/\/grabowiec.pl\/ug\/index.php\/pomoc-prawna\/","url":"https:\/\/grabowiec.pl\/ug\/index.php\/pomoc-prawna\/","name":"POMOC PRAWNA - GMINA GRABOWIEC","isPartOf":{"@id":"https:\/\/grabowiec.pl\/ug\/#website"},"primaryImageOfPage":{"@id":"https:\/\/grabowiec.pl\/ug\/index.php\/pomoc-prawna\/#primaryimage"},"image":{"@id":"https:\/\/grabowiec.pl\/ug\/index.php\/pomoc-prawna\/#primaryimage"},"thumbnailUrl":"https:\/\/grabowiec.pl\/ug\/wp-content\/uploads\/2023\/02\/2020-pomoc-prawna.jpg","datePublished":"2023-02-08T09:32:38+00:00","dateModified":"2023-02-08T09:32:50+00:00","breadcrumb":{"@id":"https:\/\/grabowiec.pl\/ug\/index.php\/pomoc-prawna\/#breadcrumb"},"inLanguage":"pl-PL","potentialAction":[{"@type":"ReadAction","target":["https:\/\/grabowiec.pl\/ug\/index.php\/pomoc-prawna\/"]}]},{"@type":"ImageObject","inLanguage":"pl-PL","@id":"https:\/\/grabowiec.pl\/ug\/index.php\/pomoc-prawna\/#primaryimage","url":"https:\/\/grabowiec.pl\/ug\/wp-content\/uploads\/2023\/02\/2020-pomoc-prawna.jpg","contentUrl":"https:\/\/grabowiec.pl\/ug\/wp-content\/uploads\/2023\/02\/2020-pomoc-prawna.jpg","width":1600,"height":900},{"@type":"BreadcrumbList","@id":"https:\/\/grabowiec.pl\/ug\/index.php\/pomoc-prawna\/#breadcrumb","itemListElement":[{"@type":"ListItem","position":1,"name":"Strona g\u0142\u00f3wna","item":"https:\/\/grabowiec.pl\/ug\/"},{"@type":"ListItem","position":2,"name":"POMOC PRAWNA"}]},{"@type":"WebSite","@id":"https:\/\/grabowiec.pl\/ug\/#website","url":"https:\/\/grabowiec.pl\/ug\/","name":"GMINA GRABOWIEC","description":"","publisher":{"@id":"https:\/\/grabowiec.pl\/ug\/#organization"},"potentialAction":[{"@type":"SearchAction","target":{"@type":"EntryPoint","urlTemplate":"https:\/\/grabowiec.pl\/ug\/?s={search_term_string}"},"query-input":{"@type":"PropertyValueSpecification","valueRequired":true,"valueName":"search_term_string"}}],"inLanguage":"pl-PL"},{"@type":"Organization","@id":"https:\/\/grabowiec.pl\/ug\/#organization","name":"GMINA GRABOWIEC","url":"https:\/\/grabowiec.pl\/ug\/","logo":{"@type":"ImageObject","inLanguage":"pl-PL","@id":"https:\/\/grabowiec.pl\/ug\/#\/schema\/logo\/image\/","url":"https:\/\/grabowiec.pl\/ug\/wp-content\/uploads\/2023\/02\/grab-herb.png","contentUrl":"https:\/\/grabowiec.pl\/ug\/wp-content\/uploads\/2023\/02\/grab-herb.png","width":500,"height":600,"caption":"GMINA GRABOWIEC"},"image":{"@id":"https:\/\/grabowiec.pl\/ug\/#\/schema\/logo\/image\/"}}]}},"_links":{"self":[{"href":"https:\/\/grabowiec.pl\/ug\/index.php\/wp-json\/wp\/v2\/pages\/157","targetHints":{"allow":["GET"]}}],"collection":[{"href":"https:\/\/grabowiec.pl\/ug\/index.php\/wp-json\/wp\/v2\/pages"}],"about":[{"href":"https:\/\/grabowiec.pl\/ug\/index.php\/wp-json\/wp\/v2\/types\/page"}],"author":[{"embeddable":true,"href":"https:\/\/grabowiec.pl\/ug\/index.php\/wp-json\/wp\/v2\/users\/1"}],"replies":[{"embeddable":true,"href":"https:\/\/grabowiec.pl\/ug\/index.php\/wp-json\/wp\/v2\/comments?post=157"}],"version-history":[{"count":2,"href":"https:\/\/grabowiec.pl\/ug\/index.php\/wp-json\/wp\/v2\/pages\/157\/revisions"}],"predecessor-version":[{"id":160,"href":"https:\/\/grabowiec.pl\/ug\/index.php\/wp-json\/wp\/v2\/pages\/157\/revisions\/160"}],"wp:attachment":[{"href":"https:\/\/grabowiec.pl\/ug\/index.php\/wp-json\/wp\/v2\/media?parent=157"}],"curies":[{"name":"wp","href":"https:\/\/api.w.org\/{rel}","templated":true}]}}