{"id":162,"date":"2023-02-08T10:37:16","date_gmt":"2023-02-08T09:37:16","guid":{"rendered":"https:\/\/grabowiec.pl\/ug\/?page_id=162"},"modified":"2025-08-28T13:28:16","modified_gmt":"2025-08-28T11:28:16","slug":"czyste-powietrze","status":"publish","type":"page","link":"https:\/\/grabowiec.pl\/ug\/index.php\/czyste-powietrze\/","title":{"rendered":"CZYSTE POWIETRZE"},"content":{"rendered":"\n<figure class=\"wp-block-image size-full is-resized\"><img loading=\"lazy\" decoding=\"async\" width=\"1521\" height=\"642\" src=\"https:\/\/grabowiec.pl\/ug\/wp-content\/uploads\/2025\/08\/nfosigw_www_1460x616px_03_2025_24_v4.jpg\" alt=\"\" class=\"wp-image-5294\" style=\"width:1294px;height:auto\" srcset=\"https:\/\/grabowiec.pl\/ug\/wp-content\/uploads\/2025\/08\/nfosigw_www_1460x616px_03_2025_24_v4.jpg 1521w, https:\/\/grabowiec.pl\/ug\/wp-content\/uploads\/2025\/08\/nfosigw_www_1460x616px_03_2025_24_v4-300x127.jpg 300w, https:\/\/grabowiec.pl\/ug\/wp-content\/uploads\/2025\/08\/nfosigw_www_1460x616px_03_2025_24_v4-1024x432.jpg 1024w, https:\/\/grabowiec.pl\/ug\/wp-content\/uploads\/2025\/08\/nfosigw_www_1460x616px_03_2025_24_v4-768x324.jpg 768w, https:\/\/grabowiec.pl\/ug\/wp-content\/uploads\/2025\/08\/nfosigw_www_1460x616px_03_2025_24_v4-388x164.jpg 388w\" sizes=\"auto, (max-width: 1521px) 100vw, 1521px\" \/><\/figure>\n\n\n\n<p>Przypominamy, \u017ce do 31 sierpnia 2025 r. trwa okres przej\u015bciowy w programie Czyste Powietrze. To ostatnia szansa, by z\u0142o\u017cy\u0107 wniosek o dofinansowanie na inwestycje rozpocz\u0119te po 28 maja 2024 r., kt\u00f3re nie zosta\u0142y zg\u0142oszone przed zawieszeniem programu w listopadzie ubieg\u0142ego roku.<\/p>\n\n\n\n<p>Od 1 wrze\u015bnia 2025 r. zmieniaj\u0105 si\u0119 zasady kwalifikowania koszt\u00f3w \u2013 b\u0119d\u0105 one uznawane tylko je\u015bli zosta\u0142y poniesione nie wcze\u015bniej ni\u017c 6 miesi\u0119cy przed dat\u0105 z\u0142o\u017cenia wniosku.<\/p>\n\n\n\n<p>Je\u015bli planujesz skorzysta\u0107 z dotacji na wcze\u015bniejsze wydatki, nie zwlekaj \u2013 masz czas do ko\u0144ca tego miesi\u0105ca.<\/p>\n<div class=\"wp-block-image\">\n<figure class=\"aligncenter size-full\"><img loading=\"lazy\" decoding=\"async\" width=\"3042\" height=\"1284\" src=\"https:\/\/grabowiec.pl\/ug\/wp-content\/uploads\/2024\/03\/Sprawdzaj-oferty-i-nie-podpisuj-od-razu__www__1460x616.png\" alt=\"\" class=\"wp-image-3023\" srcset=\"https:\/\/grabowiec.pl\/ug\/wp-content\/uploads\/2024\/03\/Sprawdzaj-oferty-i-nie-podpisuj-od-razu__www__1460x616.png 3042w, https:\/\/grabowiec.pl\/ug\/wp-content\/uploads\/2024\/03\/Sprawdzaj-oferty-i-nie-podpisuj-od-razu__www__1460x616-300x127.png 300w, https:\/\/grabowiec.pl\/ug\/wp-content\/uploads\/2024\/03\/Sprawdzaj-oferty-i-nie-podpisuj-od-razu__www__1460x616-1024x432.png 1024w, https:\/\/grabowiec.pl\/ug\/wp-content\/uploads\/2024\/03\/Sprawdzaj-oferty-i-nie-podpisuj-od-razu__www__1460x616-768x324.png 768w, https:\/\/grabowiec.pl\/ug\/wp-content\/uploads\/2024\/03\/Sprawdzaj-oferty-i-nie-podpisuj-od-razu__www__1460x616-1536x648.png 1536w, https:\/\/grabowiec.pl\/ug\/wp-content\/uploads\/2024\/03\/Sprawdzaj-oferty-i-nie-podpisuj-od-razu__www__1460x616-2048x864.png 2048w, https:\/\/grabowiec.pl\/ug\/wp-content\/uploads\/2024\/03\/Sprawdzaj-oferty-i-nie-podpisuj-od-razu__www__1460x616-388x164.png 388w\" sizes=\"auto, (max-width: 3042px) 100vw, 3042px\" \/><\/figure>\n<\/div>\n\n\n<p>Sprawdzaj oferty, nie podpisuj \u201eod r\u0119ki\u201d!<\/p>\n\n\n\n<p><strong>Korzystaj z programu \u201eCzyste Powietrze\u201d uwa\u017cnie. Wybieraj sprawdzonych wykonawc\u00f3w. Uwa\u017caj na oferty sk\u0142adane przez akwizytor\u00f3w i sprawdzaj, co podpisujesz. Pami\u0119taj, \u017ce dotacja z programu \u201eCzyste Powietrze\u201d przys\u0142uguje Tobie, a nie wykonawcy. Instalowanie nowego urz\u0105dzenia grzewczego jest skuteczne tylko w ocieplonym domu.<\/strong><\/p>\n\n\n\n<p>Uwaga na nierzetelnych wykonawc\u00f3w<\/p>\n\n\n\n<p>Je\u015bli jeste\u015b wnioskodawc\u0105 lub beneficjentem dotacji z programu \u201eCzyste Powietrze\u201d, to b\u0105d\u017a czujny i rozwa\u017cny w wyborze dostawcy i firmy instalacyjnej zajmuj\u0105cej si\u0119 wymian\u0105 \u017ar\u00f3d\u0142a ciep\u0142a. Szczeg\u00f3lnie uwa\u017caj na tych, kt\u00f3rzy pukaj\u0105 do Twoich drzwi i oferuj\u0105 co\u015b \u201eza darmo\u201d. Niestety, zdarzaj\u0105 si\u0119 na rynku us\u0142ug nieuczciwi wykonawcy, kt\u00f3rzy oferuj\u0105 us\u0142ugi i produkty niskiej jako\u015bci oraz zawy\u017caj\u0105 ceny.<\/p>\n\n\n\n<p>Zwracamy uwag\u0119, \u017ce wyb\u00f3r firmy sprzedaj\u0105cej urz\u0105dzenie, jak i wykonuj\u0105cej jego monta\u017c, nale\u017cy do Pa\u0144stwa \u2013 naszych wnioskodawc\u00f3w i beneficjent\u00f3w.<\/p>\n\n\n\n<p>W programie \u201eCzyste Powietrze\u201d najwy\u017csze bezzwrotne dofinansowanie, z kompleksow\u0105 termomodernizacj\u0105 i wymian\u0105 \u017ar\u00f3d\u0142a ciep\u0142a, to nawet 136&nbsp;200 z\u0142, ale VAT zawsze musi dop\u0142aci\u0107 wnioskodawca.<\/p>\n\n\n\n<p>Je\u015bli kto\u015b oferuje us\u0142ug\u0119 \u201eza darmo\u201d, warto mie\u0107 w\u0105tpliwo\u015bci co do rzetelno\u015bci takiej oferty. Je\u015bli przedstawiciel firmy podsuwa pe\u0142nomocnictwo w ramach programu \u201eCzyste Powietrze\u201d, a nie daje mo\u017cliwo\u015bci na spokojne zapoznanie si\u0119 z warunkami umowy \u2013 warto zastanowi\u0107 si\u0119 nad rzetelno\u015bci\u0105 takiej oferty.<\/p>\n\n\n\n<p><strong>Podpisuj\u0105c pe\u0142nomocnictwo, dajesz komu\u015b prawo do dysponowania przyznan\u0105 Ci dotacj\u0105.<\/strong><\/p>\n\n\n\n<p>Wysokie rachunki bez termomodernizacji<\/p>\n\n\n\n<p>Oferta na zainstalowanie wy\u0142\u0105cznie nowego \u017ar\u00f3d\u0142a ciep\u0142a w budynku, kt\u00f3ry wymaga termomodernizacji (tj. docieplenia przegr\u00f3d, wymiany stolarki okiennej i drzwiowej itp.), mo\u017ce skutkowa\u0107 wysokimi rachunkami za ciep\u0142o w okresie grzewczym.<\/p>\n\n\n\n<p>Dlatego je\u015bli decydujesz si\u0119 na wymian\u0119 wy\u0142\u0105cznie starego kopciucha na nowe \u017ar\u00f3d\u0142o ciep\u0142a, np. pomp\u0119 ciep\u0142a, upewnij si\u0119, \u017ce Tw\u00f3j dom jest odpowiednio docieplony.<\/p>\n\n\n\n<p>\u201eZa chwil\u0119\u201d sprawdzone urz\u0105dzenia grzewcze z programu<\/p>\n\n\n\n<p>Wybieraj\u0105c \u017ar\u00f3d\u0142o ciep\u0142a do swojego domu, korzystaj z listy <a href=\"https:\/\/lista-zum.ios.edu.pl\/\">zielonych urz\u0105dze\u0144 i materia\u0142\u00f3w (lista ZUM: <strong>lista-zum.ios.edu.pl<\/strong>)<\/a>.<\/p>\n\n\n\n<p>Ju\u017c teraz mo\u017cesz z\u0142o\u017cy\u0107 wniosek o dotacj\u0119 z programu \u201eCzyste Powietrze\u201d <strong>planuj\u0105c termin zakupu i instalacji urz\u0105dzenia<\/strong> <strong>po 13 czerwca br.<\/strong> Po tym terminie na li\u015bcie ZUM znajdziesz tylko te pompy ciep\u0142a, kt\u00f3re obecnie przechodz\u0105 dodatkow\u0105 weryfikacj\u0119 efektywno\u015bci i jako\u015bci.<\/p>\n\n\n\n<p>Dlatego sk\u0142adaj\u0105c wniosek, warto poczeka\u0107 z zakupem i instalacj\u0105 urz\u0105dzenia. Wtedy, maj\u0105c docieplony budynek i pewne urz\u0105dzenie wysokiej jako\u015bci (wybrane z listy ZUM), zyskasz cieplejszy i ta\u0144szy w eksploatacji dom.<\/p>\n\n\n\n<p>Rekomendacje<\/p>\n\n\n\n<p>W ramach programu mo\u017cesz otrzyma\u0107 dotacj\u0119 na termomodernizacj\u0119 budynku jednorodzinnego wraz z wymian\u0105 \u017ar\u00f3d\u0142a ciep\u0142a. Upewnij si\u0119, \u017ce dob\u00f3r nowego \u017ar\u00f3d\u0142a ciep\u0142a zosta\u0142 Ci wskazany zgodnie ze stanem budynku. Urz\u0105dzenie musi mie\u0107 odpowiedni\u0105 moc i sprawno\u015b\u0107. Najlepiej poka\u017ce to audyt energetyczny.<\/p>\n\n\n\n<p>Skonsultuj si\u0119 w gminnym punkcie konsultacyjno-informacyjnym \u201eCzystego Powietrza\u201d, czy oferta, kt\u00f3r\u0105 przedstawi\u0142 Ci wykonawca jest zgodna z potrzebami Twojego budynku.<\/p>\n\n\n\n<p>Uczulamy wszystkich w\u0142a\u015bcicieli dom\u00f3w jednorodzinnych, kt\u00f3rzy chc\u0105 skorzysta\u0107 z programu na fakt, \u017ce tylko docieplony budynek z nowym \u017ar\u00f3d\u0142em ciep\u0142a \u2013 to pewne rozwi\u0105zanie kt\u00f3re przyniesie korzy\u015bci.<\/p>\n\n\n\n<p>Pami\u0119taj!<\/p>\n\n\n\n<p>Nie nale\u017cy przyjmowa\u0107 ofert na wymian\u0119 samego \u017ar\u00f3d\u0142a je\u015bli dom wymaga docieplenia! To podstawa. Sprawdzaj, co podpisujesz i pami\u0119taj, \u017ce dotacja jest dla Ciebie, a nie dla wykonawcy.<\/p>\n\n\n\n<p>Miej na uwadze, \u017ce zestawienie: <strong>pompa ciep\u0142a i budynek nieocieplony, to najcz\u0119\u015bciej wysokie rachunki!<\/strong><\/p>\n\n\n\n<p>Program \u201eCzyste Powietrze\u201d oferuje dofinansowanie na docieplenie budynku z wymian\u0105 \u017ar\u00f3d\u0142a ciep\u0142a poprzedzone audytem energetycznym \u2013 s\u0105 to koszty kwalifikowane. Skorzystaj z takiej kompleksowej i w pe\u0142ni korzystnej oferty programu \u201eCzyste Powietrze\u201d.<\/p>\n\n\n\n<p>\u017byczymy zadowolenia z ciep\u0142ych dom\u00f3w,<br>niskich rachunk\u00f3w za ogrzewanie<br>i czystego powietrza!<\/p>\n\n\n\n<p><a href=\"http:\/\/www.czystepowietrze.gov.pl\/\" target=\"_blank\" rel=\"noreferrer noopener\">czystepowietrze.gov.pl<\/a><\/p>\n\n\n\n<hr class=\"wp-block-separator has-alpha-channel-opacity\"\/>\n\n\n\n<p class=\"has-larger-font-size\"><strong>POBIERZ<\/strong><\/p>\n\n\n\n<ul class=\"wp-block-list\">\n<li class=\"has-large-font-size\"><strong><a href=\"https:\/\/grabowiec.pl\/ug\/wp-content\/uploads\/2024\/03\/Ostrzezenie-dla-wnioskodawcow-i-beneficjentow-programu-Czyste-Powietrze-do-druku.pdf\" target=\"_blank\" rel=\"noreferrer noopener\">OSTRZE\u017bENIE DLA WNIOSKODAWC\u00d3W<\/a><\/strong><\/li>\n<\/ul>\n\n\n<div class=\"wp-block-image\">\n<figure class=\"aligncenter size-full\"><img loading=\"lazy\" decoding=\"async\" width=\"1200\" height=\"10\" src=\"https:\/\/grabowiec.pl\/ug\/wp-content\/uploads\/2024\/03\/hr.png\" alt=\"\" class=\"wp-image-3030\" srcset=\"https:\/\/grabowiec.pl\/ug\/wp-content\/uploads\/2024\/03\/hr.png 1200w, https:\/\/grabowiec.pl\/ug\/wp-content\/uploads\/2024\/03\/hr-300x3.png 300w, https:\/\/grabowiec.pl\/ug\/wp-content\/uploads\/2024\/03\/hr-1024x9.png 1024w, https:\/\/grabowiec.pl\/ug\/wp-content\/uploads\/2024\/03\/hr-768x6.png 768w, https:\/\/grabowiec.pl\/ug\/wp-content\/uploads\/2024\/03\/hr-388x3.png 388w\" sizes=\"auto, (max-width: 1200px) 100vw, 1200px\" \/><\/figure>\n<\/div>\n\n\n<p class=\"has-text-align-center has-large-font-size\"><strong>Punkt informacyjno-konsultacyjny programu czyste powietrze<br>dost\u0119pny jest w Urz\u0119dzie Gminy Grabowiec, pok\u00f3j nr 12.<\/strong><\/p>\n\n\n\n<hr class=\"wp-block-separator has-alpha-channel-opacity\"\/>\n\n\n<div class=\"wp-block-image\">\n<figure class=\"aligncenter size-full\"><img loading=\"lazy\" decoding=\"async\" width=\"1166\" height=\"1654\" src=\"https:\/\/grabowiec.pl\/ug\/wp-content\/uploads\/2023\/02\/czyst-pow-1.jpg\" alt=\"\" class=\"wp-image-163\" srcset=\"https:\/\/grabowiec.pl\/ug\/wp-content\/uploads\/2023\/02\/czyst-pow-1.jpg 1166w, https:\/\/grabowiec.pl\/ug\/wp-content\/uploads\/2023\/02\/czyst-pow-1-211x300.jpg 211w, https:\/\/grabowiec.pl\/ug\/wp-content\/uploads\/2023\/02\/czyst-pow-1-722x1024.jpg 722w, https:\/\/grabowiec.pl\/ug\/wp-content\/uploads\/2023\/02\/czyst-pow-1-768x1089.jpg 768w, https:\/\/grabowiec.pl\/ug\/wp-content\/uploads\/2023\/02\/czyst-pow-1-1083x1536.jpg 1083w\" sizes=\"auto, (max-width: 1166px) 100vw, 1166px\" \/><\/figure>\n<\/div>\n\n\n<hr class=\"wp-block-separator has-alpha-channel-opacity\"\/>\n\n\n\n<p class=\"has-larger-font-size\"><strong>POBIERZ:<\/strong><\/p>\n\n\n\n<ul class=\"wp-block-list\">\n<li class=\"has-large-font-size\"><strong><a href=\"https:\/\/grabowiec.pl\/ug\/wp-content\/uploads\/2024\/07\/BROSZURA-2024.pdf\" target=\"_blank\" rel=\"noreferrer noopener\">BROSZURA<\/a><\/strong><\/li>\n<\/ul>\n\n\n\n<p class=\"has-large-font-size\"><strong>2025<\/strong><\/p>\n\n\n\n<ul class=\"wp-block-list\">\n<li><strong><a href=\"https:\/\/grabowiec.pl\/ug\/wp-content\/uploads\/2025\/07\/raport_kwartalny_ze_stanem_na_dzien_30_06_2025_-_zablokowany.xlsx\" target=\"_blank\" rel=\"noreferrer noopener\">RAPORT KWARTALNY CZERWIEC<\/a><\/strong><\/li>\n\n\n\n<li><strong><a href=\"https:\/\/grabowiec.pl\/ug\/wp-content\/uploads\/2025\/04\/raport_kwartalny_ze_stanem_na_dzien_31_03_2025_zablokowany_poprawiony.xlsx\" target=\"_blank\" rel=\"noreferrer noopener\">RAPORT KWARTALNY MARZEC<\/a><\/strong><\/li>\n<\/ul>\n\n\n\n<p class=\"has-large-font-size\"><strong>2024<\/strong><\/p>\n\n\n\n<ul class=\"wp-block-list\">\n<li><strong><a href=\"https:\/\/grabowiec.pl\/ug\/wp-content\/uploads\/2025\/04\/raport_kwartalny_ze_stanem_na_dzien_31_12_2024_zablokowany_poprawiony.xlsx\" target=\"_blank\" rel=\"noreferrer noopener\">RAPORT KWARTALNY GRUDZIE\u0143<\/a><\/strong><\/li>\n\n\n\n<li><strong><a href=\"https:\/\/grabowiec.pl\/ug\/wp-content\/uploads\/2024\/04\/raport_kwartalny_ze_stanem_na_dzien_31_03_2024_-_zablokowany.xlsx\">RAPORT KWARTALNY MARZEC<\/a><\/strong><\/li>\n\n\n\n<li><strong><a href=\"https:\/\/grabowiec.pl\/ug\/wp-content\/uploads\/2024\/07\/raport_kwartalny_ze_stanem_na_dzien_30_06_2024_-_zablokowany.xlsx\" target=\"_blank\" rel=\"noreferrer noopener\">RAPORT KWARTALNY CZERWIEC<\/a><\/strong><\/li>\n\n\n\n<li><strong><a href=\"https:\/\/grabowiec.pl\/ug\/wp-content\/uploads\/2024\/11\/raport_kwartalny_ze_stanem_na_dzien_30.xlsx\" target=\"_blank\" rel=\"noreferrer noopener\">RAPORT KWARTALNY WRZESIE\u0143<\/a><\/strong><\/li>\n<\/ul>\n\n\n\n<p class=\"has-large-font-size\"><strong>2023<\/strong><\/p>\n\n\n\n<ul class=\"wp-block-list\">\n<li><strong><a href=\"https:\/\/grabowiec.pl\/ug\/wp-content\/uploads\/2024\/01\/raport_kwartalny_ze_stanem_na_dzien_29_12_2023.xlsx\" target=\"_blank\" rel=\"noreferrer noopener\">RAPORT KWARTALNY GRUDZIE\u0143<\/a><\/strong><\/li>\n\n\n\n<li><strong><a href=\"https:\/\/grabowiec.pl\/ug\/wp-content\/uploads\/2023\/10\/raport_kwartalny_ze_stanem_na_dzien_29_09_2023.xlsx\" target=\"_blank\" rel=\"noreferrer noopener\">RAPORT KWARTALNY WRZESIE\u0143<\/a><\/strong><\/li>\n\n\n\n<li><strong><a href=\"https:\/\/grabowiec.pl\/ug\/wp-content\/uploads\/2023\/07\/raport_kwartalny_ze_stanem_na_dzien_30_06_2023.xlsx\" target=\"_blank\" rel=\"noreferrer noopener\">RAPORT KWARTALNY CZERWIEC<\/a><\/strong><\/li>\n\n\n\n<li><a href=\"https:\/\/grabowiec.pl\/ug\/wp-content\/uploads\/2023\/07\/raport_kwartalny_ze_stanem_na_dzien_31_03_2023-z_filtrowaniem.xlsx\" target=\"_blank\" rel=\"noreferrer noopener\"><strong>RAPORT KWARTALNY MARZEC <\/strong><\/a><\/li>\n<\/ul>\n\n\n\n<p class=\"has-large-font-size\"><strong>2022<\/strong><\/p>\n\n\n\n<ul class=\"wp-block-list\">\n<li><a href=\"https:\/\/grabowiec.pl\/ug\/wp-content\/uploads\/2023\/02\/raport_kwartalny_ze_stanem_na_dzien_31_12_2022.xlsx\" target=\"_blank\" rel=\"noreferrer noopener\"><strong>RAPORT KWARTALNY GRUDZIE\u0143<\/strong><\/a><\/li>\n<\/ul>\n","protected":false},"excerpt":{"rendered":"<p>Przypominamy, \u017ce do 31 sierpnia 2025 r. trwa okres przej\u015bciowy w programie Czyste Powietrze. To &hellip;<\/p>\n","protected":false},"author":1,"featured_media":0,"parent":0,"menu_order":0,"comment_status":"closed","ping_status":"closed","template":"","meta":{"footnotes":""},"class_list":["post-162","page","type-page","status-publish","hentry"],"yoast_head":"<!-- This site is optimized with the Yoast SEO plugin v27.4 - https:\/\/yoast.com\/product\/yoast-seo-wordpress\/ -->\n<title>CZYSTE POWIETRZE - GMINA GRABOWIEC<\/title>\n<meta name=\"robots\" content=\"index, follow, max-snippet:-1, max-image-preview:large, max-video-preview:-1\" \/>\n<link rel=\"canonical\" href=\"https:\/\/grabowiec.pl\/ug\/index.php\/czyste-powietrze\/\" \/>\n<meta property=\"og:locale\" content=\"pl_PL\" \/>\n<meta property=\"og:type\" content=\"article\" \/>\n<meta property=\"og:title\" content=\"CZYSTE POWIETRZE - GMINA GRABOWIEC\" \/>\n<meta property=\"og:description\" content=\"Przypominamy, \u017ce do 31 sierpnia 2025 r. trwa okres przej\u015bciowy w programie Czyste Powietrze. To &hellip;\" \/>\n<meta property=\"og:url\" content=\"https:\/\/grabowiec.pl\/ug\/index.php\/czyste-powietrze\/\" \/>\n<meta property=\"og:site_name\" content=\"GMINA GRABOWIEC\" \/>\n<meta property=\"article:modified_time\" content=\"2025-08-28T11:28:16+00:00\" \/>\n<meta property=\"og:image\" content=\"https:\/\/grabowiec.pl\/ug\/wp-content\/uploads\/2025\/08\/nfosigw_www_1460x616px_03_2025_24_v4.jpg\" \/>\n\t<meta property=\"og:image:width\" content=\"1521\" \/>\n\t<meta property=\"og:image:height\" content=\"642\" \/>\n\t<meta property=\"og:image:type\" content=\"image\/jpeg\" \/>\n<meta name=\"twitter:card\" content=\"summary_large_image\" \/>\n<meta name=\"twitter:label1\" content=\"Szacowany czas czytania\" \/>\n\t<meta name=\"twitter:data1\" content=\"5 minut\" \/>\n<script type=\"application\/ld+json\" class=\"yoast-schema-graph\">{\"@context\":\"https:\\\/\\\/schema.org\",\"@graph\":[{\"@type\":\"WebPage\",\"@id\":\"https:\\\/\\\/grabowiec.pl\\\/ug\\\/index.php\\\/czyste-powietrze\\\/\",\"url\":\"https:\\\/\\\/grabowiec.pl\\\/ug\\\/index.php\\\/czyste-powietrze\\\/\",\"name\":\"CZYSTE POWIETRZE - GMINA GRABOWIEC\",\"isPartOf\":{\"@id\":\"https:\\\/\\\/grabowiec.pl\\\/ug\\\/#website\"},\"primaryImageOfPage\":{\"@id\":\"https:\\\/\\\/grabowiec.pl\\\/ug\\\/index.php\\\/czyste-powietrze\\\/#primaryimage\"},\"image\":{\"@id\":\"https:\\\/\\\/grabowiec.pl\\\/ug\\\/index.php\\\/czyste-powietrze\\\/#primaryimage\"},\"thumbnailUrl\":\"https:\\\/\\\/grabowiec.pl\\\/ug\\\/wp-content\\\/uploads\\\/2025\\\/08\\\/nfosigw_www_1460x616px_03_2025_24_v4.jpg\",\"datePublished\":\"2023-02-08T09:37:16+00:00\",\"dateModified\":\"2025-08-28T11:28:16+00:00\",\"breadcrumb\":{\"@id\":\"https:\\\/\\\/grabowiec.pl\\\/ug\\\/index.php\\\/czyste-powietrze\\\/#breadcrumb\"},\"inLanguage\":\"pl-PL\",\"potentialAction\":[{\"@type\":\"ReadAction\",\"target\":[\"https:\\\/\\\/grabowiec.pl\\\/ug\\\/index.php\\\/czyste-powietrze\\\/\"]}]},{\"@type\":\"ImageObject\",\"inLanguage\":\"pl-PL\",\"@id\":\"https:\\\/\\\/grabowiec.pl\\\/ug\\\/index.php\\\/czyste-powietrze\\\/#primaryimage\",\"url\":\"https:\\\/\\\/grabowiec.pl\\\/ug\\\/wp-content\\\/uploads\\\/2025\\\/08\\\/nfosigw_www_1460x616px_03_2025_24_v4.jpg\",\"contentUrl\":\"https:\\\/\\\/grabowiec.pl\\\/ug\\\/wp-content\\\/uploads\\\/2025\\\/08\\\/nfosigw_www_1460x616px_03_2025_24_v4.jpg\",\"width\":1521,\"height\":642},{\"@type\":\"BreadcrumbList\",\"@id\":\"https:\\\/\\\/grabowiec.pl\\\/ug\\\/index.php\\\/czyste-powietrze\\\/#breadcrumb\",\"itemListElement\":[{\"@type\":\"ListItem\",\"position\":1,\"name\":\"Strona g\u0142\u00f3wna\",\"item\":\"https:\\\/\\\/grabowiec.pl\\\/ug\\\/\"},{\"@type\":\"ListItem\",\"position\":2,\"name\":\"CZYSTE POWIETRZE\"}]},{\"@type\":\"WebSite\",\"@id\":\"https:\\\/\\\/grabowiec.pl\\\/ug\\\/#website\",\"url\":\"https:\\\/\\\/grabowiec.pl\\\/ug\\\/\",\"name\":\"GMINA GRABOWIEC\",\"description\":\"\",\"publisher\":{\"@id\":\"https:\\\/\\\/grabowiec.pl\\\/ug\\\/#organization\"},\"potentialAction\":[{\"@type\":\"SearchAction\",\"target\":{\"@type\":\"EntryPoint\",\"urlTemplate\":\"https:\\\/\\\/grabowiec.pl\\\/ug\\\/?s={search_term_string}\"},\"query-input\":{\"@type\":\"PropertyValueSpecification\",\"valueRequired\":true,\"valueName\":\"search_term_string\"}}],\"inLanguage\":\"pl-PL\"},{\"@type\":\"Organization\",\"@id\":\"https:\\\/\\\/grabowiec.pl\\\/ug\\\/#organization\",\"name\":\"GMINA GRABOWIEC\",\"url\":\"https:\\\/\\\/grabowiec.pl\\\/ug\\\/\",\"logo\":{\"@type\":\"ImageObject\",\"inLanguage\":\"pl-PL\",\"@id\":\"https:\\\/\\\/grabowiec.pl\\\/ug\\\/#\\\/schema\\\/logo\\\/image\\\/\",\"url\":\"https:\\\/\\\/grabowiec.pl\\\/ug\\\/wp-content\\\/uploads\\\/2023\\\/02\\\/grab-herb.png\",\"contentUrl\":\"https:\\\/\\\/grabowiec.pl\\\/ug\\\/wp-content\\\/uploads\\\/2023\\\/02\\\/grab-herb.png\",\"width\":500,\"height\":600,\"caption\":\"GMINA GRABOWIEC\"},\"image\":{\"@id\":\"https:\\\/\\\/grabowiec.pl\\\/ug\\\/#\\\/schema\\\/logo\\\/image\\\/\"}}]}<\/script>\n<!-- \/ Yoast SEO plugin. -->","yoast_head_json":{"title":"CZYSTE POWIETRZE - GMINA GRABOWIEC","robots":{"index":"index","follow":"follow","max-snippet":"max-snippet:-1","max-image-preview":"max-image-preview:large","max-video-preview":"max-video-preview:-1"},"canonical":"https:\/\/grabowiec.pl\/ug\/index.php\/czyste-powietrze\/","og_locale":"pl_PL","og_type":"article","og_title":"CZYSTE POWIETRZE - GMINA GRABOWIEC","og_description":"Przypominamy, \u017ce do 31 sierpnia 2025 r. trwa okres przej\u015bciowy w programie Czyste Powietrze. To &hellip;","og_url":"https:\/\/grabowiec.pl\/ug\/index.php\/czyste-powietrze\/","og_site_name":"GMINA GRABOWIEC","article_modified_time":"2025-08-28T11:28:16+00:00","og_image":[{"width":1521,"height":642,"url":"https:\/\/grabowiec.pl\/ug\/wp-content\/uploads\/2025\/08\/nfosigw_www_1460x616px_03_2025_24_v4.jpg","type":"image\/jpeg"}],"twitter_card":"summary_large_image","twitter_misc":{"Szacowany czas czytania":"5 minut"},"schema":{"@context":"https:\/\/schema.org","@graph":[{"@type":"WebPage","@id":"https:\/\/grabowiec.pl\/ug\/index.php\/czyste-powietrze\/","url":"https:\/\/grabowiec.pl\/ug\/index.php\/czyste-powietrze\/","name":"CZYSTE POWIETRZE - GMINA GRABOWIEC","isPartOf":{"@id":"https:\/\/grabowiec.pl\/ug\/#website"},"primaryImageOfPage":{"@id":"https:\/\/grabowiec.pl\/ug\/index.php\/czyste-powietrze\/#primaryimage"},"image":{"@id":"https:\/\/grabowiec.pl\/ug\/index.php\/czyste-powietrze\/#primaryimage"},"thumbnailUrl":"https:\/\/grabowiec.pl\/ug\/wp-content\/uploads\/2025\/08\/nfosigw_www_1460x616px_03_2025_24_v4.jpg","datePublished":"2023-02-08T09:37:16+00:00","dateModified":"2025-08-28T11:28:16+00:00","breadcrumb":{"@id":"https:\/\/grabowiec.pl\/ug\/index.php\/czyste-powietrze\/#breadcrumb"},"inLanguage":"pl-PL","potentialAction":[{"@type":"ReadAction","target":["https:\/\/grabowiec.pl\/ug\/index.php\/czyste-powietrze\/"]}]},{"@type":"ImageObject","inLanguage":"pl-PL","@id":"https:\/\/grabowiec.pl\/ug\/index.php\/czyste-powietrze\/#primaryimage","url":"https:\/\/grabowiec.pl\/ug\/wp-content\/uploads\/2025\/08\/nfosigw_www_1460x616px_03_2025_24_v4.jpg","contentUrl":"https:\/\/grabowiec.pl\/ug\/wp-content\/uploads\/2025\/08\/nfosigw_www_1460x616px_03_2025_24_v4.jpg","width":1521,"height":642},{"@type":"BreadcrumbList","@id":"https:\/\/grabowiec.pl\/ug\/index.php\/czyste-powietrze\/#breadcrumb","itemListElement":[{"@type":"ListItem","position":1,"name":"Strona g\u0142\u00f3wna","item":"https:\/\/grabowiec.pl\/ug\/"},{"@type":"ListItem","position":2,"name":"CZYSTE POWIETRZE"}]},{"@type":"WebSite","@id":"https:\/\/grabowiec.pl\/ug\/#website","url":"https:\/\/grabowiec.pl\/ug\/","name":"GMINA GRABOWIEC","description":"","publisher":{"@id":"https:\/\/grabowiec.pl\/ug\/#organization"},"potentialAction":[{"@type":"SearchAction","target":{"@type":"EntryPoint","urlTemplate":"https:\/\/grabowiec.pl\/ug\/?s={search_term_string}"},"query-input":{"@type":"PropertyValueSpecification","valueRequired":true,"valueName":"search_term_string"}}],"inLanguage":"pl-PL"},{"@type":"Organization","@id":"https:\/\/grabowiec.pl\/ug\/#organization","name":"GMINA GRABOWIEC","url":"https:\/\/grabowiec.pl\/ug\/","logo":{"@type":"ImageObject","inLanguage":"pl-PL","@id":"https:\/\/grabowiec.pl\/ug\/#\/schema\/logo\/image\/","url":"https:\/\/grabowiec.pl\/ug\/wp-content\/uploads\/2023\/02\/grab-herb.png","contentUrl":"https:\/\/grabowiec.pl\/ug\/wp-content\/uploads\/2023\/02\/grab-herb.png","width":500,"height":600,"caption":"GMINA GRABOWIEC"},"image":{"@id":"https:\/\/grabowiec.pl\/ug\/#\/schema\/logo\/image\/"}}]}},"_links":{"self":[{"href":"https:\/\/grabowiec.pl\/ug\/index.php\/wp-json\/wp\/v2\/pages\/162","targetHints":{"allow":["GET"]}}],"collection":[{"href":"https:\/\/grabowiec.pl\/ug\/index.php\/wp-json\/wp\/v2\/pages"}],"about":[{"href":"https:\/\/grabowiec.pl\/ug\/index.php\/wp-json\/wp\/v2\/types\/page"}],"author":[{"embeddable":true,"href":"https:\/\/grabowiec.pl\/ug\/index.php\/wp-json\/wp\/v2\/users\/1"}],"replies":[{"embeddable":true,"href":"https:\/\/grabowiec.pl\/ug\/index.php\/wp-json\/wp\/v2\/comments?post=162"}],"version-history":[{"count":20,"href":"https:\/\/grabowiec.pl\/ug\/index.php\/wp-json\/wp\/v2\/pages\/162\/revisions"}],"predecessor-version":[{"id":5501,"href":"https:\/\/grabowiec.pl\/ug\/index.php\/wp-json\/wp\/v2\/pages\/162\/revisions\/5501"}],"wp:attachment":[{"href":"https:\/\/grabowiec.pl\/ug\/index.php\/wp-json\/wp\/v2\/media?parent=162"}],"curies":[{"name":"wp","href":"https:\/\/api.w.org\/{rel}","templated":true}]}}