{"id":17,"date":"2023-02-08T09:02:27","date_gmt":"2023-02-08T08:02:27","guid":{"rendered":"https:\/\/grabowiec.pl\/ug\/?page_id=17"},"modified":"2023-02-08T09:03:53","modified_gmt":"2023-02-08T08:03:53","slug":"historia","status":"publish","type":"page","link":"https:\/\/grabowiec.pl\/ug\/index.php\/historia\/","title":{"rendered":"Historia"},"content":{"rendered":"<div class=\"wp-block-image\">\n<figure class=\"aligncenter size-large is-resized\"><img loading=\"lazy\" decoding=\"async\" src=\"https:\/\/grabowiec.pl\/ug\/wp-content\/uploads\/2023\/02\/grabowiec-historia-jpeg-1024x427.jpg\" alt=\"\" class=\"wp-image-18\" width=\"1228\" height=\"512\" srcset=\"https:\/\/grabowiec.pl\/ug\/wp-content\/uploads\/2023\/02\/grabowiec-historia-jpeg-1024x427.jpg 1024w, https:\/\/grabowiec.pl\/ug\/wp-content\/uploads\/2023\/02\/grabowiec-historia-jpeg-300x125.jpg 300w, https:\/\/grabowiec.pl\/ug\/wp-content\/uploads\/2023\/02\/grabowiec-historia-jpeg-768x320.jpg 768w, https:\/\/grabowiec.pl\/ug\/wp-content\/uploads\/2023\/02\/grabowiec-historia-jpeg-1536x641.jpg 1536w, https:\/\/grabowiec.pl\/ug\/wp-content\/uploads\/2023\/02\/grabowiec-historia-jpeg-621x259.jpg 621w, https:\/\/grabowiec.pl\/ug\/wp-content\/uploads\/2023\/02\/grabowiec-historia-jpeg.jpg 1920w\" sizes=\"auto, (max-width: 1228px) 100vw, 1228px\" \/><\/figure>\n<\/div>\n\n\n<hr class=\"wp-block-separator has-alpha-channel-opacity\"\/>\n\n\n\n<p>GRABOWIEC &#8211; nale\u017cy do najstarszych osad na Zamojszczy\u017anie ju\u017c bowiem w 1268 roku by\u0142 tu gr\u00f3d warowny przy szlaku id\u0105cym z W\u0142odzimierza Wo\u0142y\u0144skiego na Zawichost a przy nim podgrodzie b\u0119d\u0105ce zapewne osad\u0105 miejsk\u0105.<\/p>\n\n\n\n<p>Jako miasto wyst\u0119puje Grabowiec w 1366 roku kiedy wraz z innymi miastami &#8211; Be\u0142zem, Che\u0142mem i Szczebrzeszynem &#8211; odst\u0105piony zosta\u0142 przez Litwin\u00f3w Kazimierzowi Wielkiemu. W 1372 roku rz\u0105dy na Rusi obj\u0105\u0142 W\u0142adys\u0142aw Opolczyk a Grabowiec ju\u017c wtedy by\u0142 stolic\u0105 powiatu i jako taki wymieniony jest w dokumencie z 1378 roku. W dziesi\u0119\u0107 lat p\u00f3\u017aniej, w 1388 roku, kr\u00f3l W\u0142adys\u0142aw Jagie\u0142\u0142o nada\u0142 ziemi\u0119 be\u0142sk\u0105, w sk\u0142ad kt\u00f3rej wchodzi\u0142 Grabowiec Ziemowitowi IV ksi\u0119ciu mazowieckiemu, a w dokumencie z 1396 roku potwierdzaj\u0105cym to nadanie Grabowiec jest wymieniony jako oppidum. Odt\u0105d te\u017c a\u017c do pierwszego rozbioru Polski Grabowiec pozostaje stolic\u0105 powiatu najpierw w ksi\u0119stwie be\u0142skim a od 1462 roku w wojew\u00f3dztwie be\u0142skim wchodz\u0105cym w sk\u0142ad Korony.<\/p>\n\n\n\n<p>Nie znam daty powstania Grabowca, nie wiem te\u017c kiedy zosta\u0142 miastem. Po raz pierwszy ju\u017c jako miasto jest wymieniony w 1366 roku i takim te\u017c zosta\u0142 uznany przez kr\u00f3la Kazimierza Wielkiego. W\u0142adys\u0142aw I ksi\u0105\u017c\u0119 mazowiecki i be\u0142ski w 1447 roku potwierdzi\u0142 nadanie prawa miejskiego przez Ziemowita IV, kt\u00f3ry &#8222;miasto na nowo lokowa\u0142&#8221;. Rok 1447 jest przyjmowany przez historyk\u00f3w jako data nadania miastu prawa magdeburskiego, wydaje si\u0119 jednak, \u017ce prawo to uzyska\u0142 Grabowiec w 1388 roku od Ziemowita IV, w ka\u017cdym razie przed erekcj\u0105 parafii.<\/p>\n\n\n\n<p>W 1394 roku Ziemowit IV utworzy\u0142 w Grabowcu utworzy\u0142 parafi\u0119 rzymsko &#8211; katolick\u0105, bardzo rozleg\u0142\u0105 gdy\u017c obejmuj\u0105c\u0105 26 wsi.<\/p>\n\n\n\n<p>Miasto wraz z istniej\u0105cym tu od dawna zamkiem zosta\u0142o zniszczone przez Tatar\u00f3w w 1500 roku. Palone z reszt\u0105 by\u0142o wiele razy. Zamek w Grabowcu istnia\u0142 ju\u017c w XIII wieku; po zniszczeniu w 1500 roku zosta\u0142 odbudowany.<\/p>\n\n\n\n<p>Pierwszy opis zamku jest znany w 1617 roku, nast\u0119pny z 1624 roku kiedy drewniany w\u00f3wczas zamek popad\u0142 w ruin\u0119. Odbudowany zosta\u0142 przez starost\u0119 grabowieckiego Stanis\u0142awa Serbiewskiego w latach 1658 &#8211; 1662, otrzyma\u0142 wtedy dwie murowane piwnice do przechowywania ksi\u0105g ziemskich grodzkich. Po pierwszym rozbiorze w 1772 roku zamek przesta\u0142 pe\u0142ni\u0107 funkcj\u0119 siedziby starosty i przeznaczony zosta\u0142 na wi\u0119zienie.<\/p>\n\n\n\n<p>W 1807 roku dobra starostwa grabowieckiego zosta\u0142y sprzedane Feliksowi Radziejowskiemu, kt\u00f3ry nie sp\u0142aci\u0142 w pe\u0142ni nale\u017cno\u015bci jeszcze w 1816 roku. Dozorca miast Badowski w 1819 roku notowa\u0142 : &#8222;Stary zamek grodowy w murach obszernych do prywatnego obywatela prawem narodu nie nale\u017c\u0105cy rozebra\u0142 ninejszy dziedzic W-ny Felix Radziejowski i na swoj\u0105 prywatn\u0105 obr\u00f3ci\u0142 potrzeb\u0119&#8221;. Jeszcze w po\u0142owie XIX wieku na g\u00f3rze &#8222;stercza\u0142y szcz\u0105tki zamczyska&#8221; i resztki bram wjazdowych. W czasie powstania styczniowego w 1863 roku postawiono na g\u00f3rze zamkowej trzy krzy\u017ce, ostatni z nich zawali\u0142 si\u0119 w 1973 roku.<\/p>\n\n\n\n<p>Pierwszy ko\u015bci\u00f3\u0142 grabowiecki zniszczony zosta\u0142 przez Tatar\u00f3w w 1500 roku. Nast\u0119pny spalony na pocz\u0105tku XVI wieku, trzeci z kolei z 1630 roku zniszczony zosta\u0142 przez Szwed\u00f3w. Wizytacja z 1672 roku notuje ko\u015bci\u00f3\u0142 nowo wystawiony z muru, jednonawowy , z &#8222;babi\u0144cem&#8221; drewnianym. Spali\u0142 si\u0119 ten ko\u015bci\u00f3\u0142 w 1814 roku, nabo\u017ce\u0144stwa by\u0142y odprawiane w cerkwi unickiej. Obecny ko\u015bci\u00f3\u0142 zbudowany zosta\u0142 w latach 1820 &#8211; 1855 przez budowniczego Fryderyka Libenau z Krasnegostawu, po jedo \u015bmierci doko\u0144czony przez Ignacego Kaliniaka. Z tego te\u017c czasu pochodzi murowana dzwonnica.<\/p>\n\n\n\n<p>Cerkiew w Grabowcu istnia\u0142a ju\u017c w 1394 roku. O kolejnych erekcjach cerkwi nie mamy wiadomo\u015bci. Przedostatnia murowana cerkiew &#8222;upad\u0142a&#8221; i nabo\u017ce\u0144stwa odprawia\u0142y si\u0119 w drewnianej kaplicy. Ostania cerkiew p.w. \u015bw. Kajetana, murowana, by\u0142a wzniesiona w 1805 roku, po kasacie unii zamieniona na prawos\u0142awn\u0105, w okresie mi\u0119dzywojennym by\u0142a znowu inuck\u0105.<\/p>\n\n\n\n<p>Zosta\u0142a rozebrana w 1954 roku. (Zobacz wi\u0119cej na temat cerkwi). Pierwszy raz \u017bydzi nowtowani s\u0105 w Grabowcu w 1570 roku, wkr\u00f3tce te\u017c zapewne zbudowali tu synagog\u0119. W 1881 roku by\u0142y ju\u017c w Grabowcu dwie synagogi. (synagogi)<\/p>\n\n\n\n<p>Miasto mia\u0142o charakter rolniczo &#8211; rzemie\u015blniczy, handlem zajmowali si\u0119 \u017bydzi. Istnia\u0142y w Grabowcu dwa cechy: od 1604 roku cech \u015blusarski i od 1643 roku cech szewski. Grabowiec by\u0142 niszczony przez cz\u0119ste po\u017cary, najazdy tatarskie, rekwizycje wojskowe. Oddalony nieco od g\u0142\u00f3wnych trakt\u00f3w skutecznie jednak konkurowa\u0142 z pobliskimi Uchaniami, Wojs\u0142awicami i Skierbieszowem, przede wszystkim przez pe\u0142nienie funkcji administracyjnych jako siedziba starostwa grodowego, stolica powiatu.<\/p>\n\n\n\n<p>Zabudowa miasta by\u0142a niemal ca\u0142kowicie drewniana, jeszcze w 1860 roku na 310 dom\u00f3w tylko 2 by\u0142y murowane. Dawna zabudowa zosta\u0142a zniszczona przez po\u017cary, nie przechowa\u0142y si\u0119 te\u017c przekazy ikonograficzne sprzed pierwszej wojny \u015bwiatowej. Kilka dom\u00f3 z podcieniami wzd\u0142u\u017cnymi jeszcze w pierwszych latach po wyzwoleniu pozwala przypuszcza\u0107, \u017ce w XIX wieku takimi domami by\u0142y zabudowane pierzeje rynkowe, podobnie jak to by\u0142o w s\u0105siednich Wojs\u0142awicach gdzie do\u015b\u0107 dok\u0142adnie znamy zabudow\u0119 rynkow\u0105.<\/p>\n\n\n\n<p>Pierwszy uk\u0142ad przestrzenny Grabowca nie jest znany. Najstarszy plan miasta przedstawiony jest na Mapie Kwatermistrzostwa z 1839 roku. Wynika z niego, i\u017c na pocz\u0105tku XIX wieku w\u0142a\u015bciwe miasto stanowi\u0142 obszerny rynek na rzucie prostok\u0105ta z usytuowanym na nim ko\u015bcio\u0142em i cerkwi\u0105. Usytuowanie to odbiega\u0142o od powszechnie przyj\u0119tej zasady lokowania \u015bwi\u0105ty\u0144 poza obszarem rynku. Poza rynkiem zabudowania znajduj\u0105 si\u0119 na dw\u00f3ch uliczkach wybiegaj\u0105cych z p\u00f3\u0142nocnych naro\u017cy rynku. Z naro\u017ca po\u0142udniowo &#8211; wschodniego wybiega\u0142a droga prowadz\u0105ca do zamku a w dalszym ci\u0105gu b\u0119d\u0105ca traktem do Hrubieszowa.<\/p>\n\n\n\n<p>W ci\u0105gu XIX wieku miasto rozbudowa\u0142o si\u0119 poza p\u00f3\u0142nocn\u0105 pierzej\u0119 tworz\u0105c drugie zgrupowanie zabudowy w formacie podkowy, zwane Dworzyskiem, b\u0119d\u0105ce dzi\u015b cz\u0119\u015bci\u0105 osady a w przesz\u0142o\u015bci zapewne w\u00f3jtostwem grabowieckim.<\/p>\n\n\n\n<p class=\"has-sitetext-color has-text-color\"><em>Informacje z ksi\u0105\u017cki: JANA G\u00d3RAKA &#8222;MIASTA I MIASTECZKA ZAMOJSZCZYZNY&#8221;<\/em><\/p>\n","protected":false},"excerpt":{"rendered":"<p>GRABOWIEC &#8211; nale\u017cy do najstarszych osad na Zamojszczy\u017anie ju\u017c bowiem w 1268 roku by\u0142 tu &hellip;<\/p>\n","protected":false},"author":1,"featured_media":0,"parent":0,"menu_order":0,"comment_status":"closed","ping_status":"closed","template":"","meta":{"footnotes":""},"class_list":["post-17","page","type-page","status-publish","hentry"],"yoast_head":"<!-- This site is optimized with the Yoast SEO plugin v27.4 - https:\/\/yoast.com\/product\/yoast-seo-wordpress\/ -->\n<title>Historia - GMINA GRABOWIEC<\/title>\n<meta name=\"robots\" content=\"index, follow, max-snippet:-1, max-image-preview:large, max-video-preview:-1\" \/>\n<link rel=\"canonical\" href=\"https:\/\/grabowiec.pl\/ug\/index.php\/historia\/\" \/>\n<meta property=\"og:locale\" content=\"pl_PL\" \/>\n<meta property=\"og:type\" content=\"article\" \/>\n<meta property=\"og:title\" content=\"Historia - GMINA GRABOWIEC\" \/>\n<meta property=\"og:description\" content=\"GRABOWIEC &#8211; nale\u017cy do najstarszych osad na Zamojszczy\u017anie ju\u017c bowiem w 1268 roku by\u0142 tu &hellip;\" \/>\n<meta property=\"og:url\" content=\"https:\/\/grabowiec.pl\/ug\/index.php\/historia\/\" \/>\n<meta property=\"og:site_name\" content=\"GMINA GRABOWIEC\" \/>\n<meta property=\"article:modified_time\" content=\"2023-02-08T08:03:53+00:00\" \/>\n<meta property=\"og:image\" content=\"https:\/\/grabowiec.pl\/ug\/wp-content\/uploads\/2023\/02\/grabowiec-historia-jpeg-1024x427.jpg\" \/>\n<meta name=\"twitter:card\" content=\"summary_large_image\" \/>\n<meta name=\"twitter:label1\" content=\"Szacowany czas czytania\" \/>\n\t<meta name=\"twitter:data1\" content=\"5 minut\" \/>\n<script type=\"application\/ld+json\" class=\"yoast-schema-graph\">{\"@context\":\"https:\\\/\\\/schema.org\",\"@graph\":[{\"@type\":\"WebPage\",\"@id\":\"https:\\\/\\\/grabowiec.pl\\\/ug\\\/index.php\\\/historia\\\/\",\"url\":\"https:\\\/\\\/grabowiec.pl\\\/ug\\\/index.php\\\/historia\\\/\",\"name\":\"Historia - GMINA GRABOWIEC\",\"isPartOf\":{\"@id\":\"https:\\\/\\\/grabowiec.pl\\\/ug\\\/#website\"},\"primaryImageOfPage\":{\"@id\":\"https:\\\/\\\/grabowiec.pl\\\/ug\\\/index.php\\\/historia\\\/#primaryimage\"},\"image\":{\"@id\":\"https:\\\/\\\/grabowiec.pl\\\/ug\\\/index.php\\\/historia\\\/#primaryimage\"},\"thumbnailUrl\":\"https:\\\/\\\/grabowiec.pl\\\/ug\\\/wp-content\\\/uploads\\\/2023\\\/02\\\/grabowiec-historia-jpeg-1024x427.jpg\",\"datePublished\":\"2023-02-08T08:02:27+00:00\",\"dateModified\":\"2023-02-08T08:03:53+00:00\",\"breadcrumb\":{\"@id\":\"https:\\\/\\\/grabowiec.pl\\\/ug\\\/index.php\\\/historia\\\/#breadcrumb\"},\"inLanguage\":\"pl-PL\",\"potentialAction\":[{\"@type\":\"ReadAction\",\"target\":[\"https:\\\/\\\/grabowiec.pl\\\/ug\\\/index.php\\\/historia\\\/\"]}]},{\"@type\":\"ImageObject\",\"inLanguage\":\"pl-PL\",\"@id\":\"https:\\\/\\\/grabowiec.pl\\\/ug\\\/index.php\\\/historia\\\/#primaryimage\",\"url\":\"https:\\\/\\\/grabowiec.pl\\\/ug\\\/wp-content\\\/uploads\\\/2023\\\/02\\\/grabowiec-historia-jpeg.jpg\",\"contentUrl\":\"https:\\\/\\\/grabowiec.pl\\\/ug\\\/wp-content\\\/uploads\\\/2023\\\/02\\\/grabowiec-historia-jpeg.jpg\",\"width\":1920,\"height\":801},{\"@type\":\"BreadcrumbList\",\"@id\":\"https:\\\/\\\/grabowiec.pl\\\/ug\\\/index.php\\\/historia\\\/#breadcrumb\",\"itemListElement\":[{\"@type\":\"ListItem\",\"position\":1,\"name\":\"Strona g\u0142\u00f3wna\",\"item\":\"https:\\\/\\\/grabowiec.pl\\\/ug\\\/\"},{\"@type\":\"ListItem\",\"position\":2,\"name\":\"Historia\"}]},{\"@type\":\"WebSite\",\"@id\":\"https:\\\/\\\/grabowiec.pl\\\/ug\\\/#website\",\"url\":\"https:\\\/\\\/grabowiec.pl\\\/ug\\\/\",\"name\":\"GMINA GRABOWIEC\",\"description\":\"\",\"publisher\":{\"@id\":\"https:\\\/\\\/grabowiec.pl\\\/ug\\\/#organization\"},\"potentialAction\":[{\"@type\":\"SearchAction\",\"target\":{\"@type\":\"EntryPoint\",\"urlTemplate\":\"https:\\\/\\\/grabowiec.pl\\\/ug\\\/?s={search_term_string}\"},\"query-input\":{\"@type\":\"PropertyValueSpecification\",\"valueRequired\":true,\"valueName\":\"search_term_string\"}}],\"inLanguage\":\"pl-PL\"},{\"@type\":\"Organization\",\"@id\":\"https:\\\/\\\/grabowiec.pl\\\/ug\\\/#organization\",\"name\":\"GMINA GRABOWIEC\",\"url\":\"https:\\\/\\\/grabowiec.pl\\\/ug\\\/\",\"logo\":{\"@type\":\"ImageObject\",\"inLanguage\":\"pl-PL\",\"@id\":\"https:\\\/\\\/grabowiec.pl\\\/ug\\\/#\\\/schema\\\/logo\\\/image\\\/\",\"url\":\"https:\\\/\\\/grabowiec.pl\\\/ug\\\/wp-content\\\/uploads\\\/2023\\\/02\\\/grab-herb.png\",\"contentUrl\":\"https:\\\/\\\/grabowiec.pl\\\/ug\\\/wp-content\\\/uploads\\\/2023\\\/02\\\/grab-herb.png\",\"width\":500,\"height\":600,\"caption\":\"GMINA GRABOWIEC\"},\"image\":{\"@id\":\"https:\\\/\\\/grabowiec.pl\\\/ug\\\/#\\\/schema\\\/logo\\\/image\\\/\"}}]}<\/script>\n<!-- \/ Yoast SEO plugin. -->","yoast_head_json":{"title":"Historia - GMINA GRABOWIEC","robots":{"index":"index","follow":"follow","max-snippet":"max-snippet:-1","max-image-preview":"max-image-preview:large","max-video-preview":"max-video-preview:-1"},"canonical":"https:\/\/grabowiec.pl\/ug\/index.php\/historia\/","og_locale":"pl_PL","og_type":"article","og_title":"Historia - GMINA GRABOWIEC","og_description":"GRABOWIEC &#8211; nale\u017cy do najstarszych osad na Zamojszczy\u017anie ju\u017c bowiem w 1268 roku by\u0142 tu &hellip;","og_url":"https:\/\/grabowiec.pl\/ug\/index.php\/historia\/","og_site_name":"GMINA GRABOWIEC","article_modified_time":"2023-02-08T08:03:53+00:00","og_image":[{"url":"https:\/\/grabowiec.pl\/ug\/wp-content\/uploads\/2023\/02\/grabowiec-historia-jpeg-1024x427.jpg","type":"","width":"","height":""}],"twitter_card":"summary_large_image","twitter_misc":{"Szacowany czas czytania":"5 minut"},"schema":{"@context":"https:\/\/schema.org","@graph":[{"@type":"WebPage","@id":"https:\/\/grabowiec.pl\/ug\/index.php\/historia\/","url":"https:\/\/grabowiec.pl\/ug\/index.php\/historia\/","name":"Historia - GMINA GRABOWIEC","isPartOf":{"@id":"https:\/\/grabowiec.pl\/ug\/#website"},"primaryImageOfPage":{"@id":"https:\/\/grabowiec.pl\/ug\/index.php\/historia\/#primaryimage"},"image":{"@id":"https:\/\/grabowiec.pl\/ug\/index.php\/historia\/#primaryimage"},"thumbnailUrl":"https:\/\/grabowiec.pl\/ug\/wp-content\/uploads\/2023\/02\/grabowiec-historia-jpeg-1024x427.jpg","datePublished":"2023-02-08T08:02:27+00:00","dateModified":"2023-02-08T08:03:53+00:00","breadcrumb":{"@id":"https:\/\/grabowiec.pl\/ug\/index.php\/historia\/#breadcrumb"},"inLanguage":"pl-PL","potentialAction":[{"@type":"ReadAction","target":["https:\/\/grabowiec.pl\/ug\/index.php\/historia\/"]}]},{"@type":"ImageObject","inLanguage":"pl-PL","@id":"https:\/\/grabowiec.pl\/ug\/index.php\/historia\/#primaryimage","url":"https:\/\/grabowiec.pl\/ug\/wp-content\/uploads\/2023\/02\/grabowiec-historia-jpeg.jpg","contentUrl":"https:\/\/grabowiec.pl\/ug\/wp-content\/uploads\/2023\/02\/grabowiec-historia-jpeg.jpg","width":1920,"height":801},{"@type":"BreadcrumbList","@id":"https:\/\/grabowiec.pl\/ug\/index.php\/historia\/#breadcrumb","itemListElement":[{"@type":"ListItem","position":1,"name":"Strona g\u0142\u00f3wna","item":"https:\/\/grabowiec.pl\/ug\/"},{"@type":"ListItem","position":2,"name":"Historia"}]},{"@type":"WebSite","@id":"https:\/\/grabowiec.pl\/ug\/#website","url":"https:\/\/grabowiec.pl\/ug\/","name":"GMINA GRABOWIEC","description":"","publisher":{"@id":"https:\/\/grabowiec.pl\/ug\/#organization"},"potentialAction":[{"@type":"SearchAction","target":{"@type":"EntryPoint","urlTemplate":"https:\/\/grabowiec.pl\/ug\/?s={search_term_string}"},"query-input":{"@type":"PropertyValueSpecification","valueRequired":true,"valueName":"search_term_string"}}],"inLanguage":"pl-PL"},{"@type":"Organization","@id":"https:\/\/grabowiec.pl\/ug\/#organization","name":"GMINA GRABOWIEC","url":"https:\/\/grabowiec.pl\/ug\/","logo":{"@type":"ImageObject","inLanguage":"pl-PL","@id":"https:\/\/grabowiec.pl\/ug\/#\/schema\/logo\/image\/","url":"https:\/\/grabowiec.pl\/ug\/wp-content\/uploads\/2023\/02\/grab-herb.png","contentUrl":"https:\/\/grabowiec.pl\/ug\/wp-content\/uploads\/2023\/02\/grab-herb.png","width":500,"height":600,"caption":"GMINA GRABOWIEC"},"image":{"@id":"https:\/\/grabowiec.pl\/ug\/#\/schema\/logo\/image\/"}}]}},"_links":{"self":[{"href":"https:\/\/grabowiec.pl\/ug\/index.php\/wp-json\/wp\/v2\/pages\/17","targetHints":{"allow":["GET"]}}],"collection":[{"href":"https:\/\/grabowiec.pl\/ug\/index.php\/wp-json\/wp\/v2\/pages"}],"about":[{"href":"https:\/\/grabowiec.pl\/ug\/index.php\/wp-json\/wp\/v2\/types\/page"}],"author":[{"embeddable":true,"href":"https:\/\/grabowiec.pl\/ug\/index.php\/wp-json\/wp\/v2\/users\/1"}],"replies":[{"embeddable":true,"href":"https:\/\/grabowiec.pl\/ug\/index.php\/wp-json\/wp\/v2\/comments?post=17"}],"version-history":[{"count":5,"href":"https:\/\/grabowiec.pl\/ug\/index.php\/wp-json\/wp\/v2\/pages\/17\/revisions"}],"predecessor-version":[{"id":23,"href":"https:\/\/grabowiec.pl\/ug\/index.php\/wp-json\/wp\/v2\/pages\/17\/revisions\/23"}],"wp:attachment":[{"href":"https:\/\/grabowiec.pl\/ug\/index.php\/wp-json\/wp\/v2\/media?parent=17"}],"curies":[{"name":"wp","href":"https:\/\/api.w.org\/{rel}","templated":true}]}}