{"id":174,"date":"2023-02-08T10:44:17","date_gmt":"2023-02-08T09:44:17","guid":{"rendered":"https:\/\/grabowiec.pl\/ug\/?page_id=174"},"modified":"2025-11-27T12:42:35","modified_gmt":"2025-11-27T11:42:35","slug":"kontakt","status":"publish","type":"page","link":"https:\/\/grabowiec.pl\/ug\/index.php\/kontakt\/","title":{"rendered":"KONTAKT"},"content":{"rendered":"\n<p><strong>W\u00f3jt &#8211; Bartosz Popek<\/strong><br>tel. 84 651-24-74 w.39<br>kom. 502 646 294<br>mail: wojt@grabowiec.pl<\/p>\n\n\n\n<p><strong>Sekretarz &#8211; Rafa\u0142 Kodeniec<\/strong><br>tel. 84 651-24-74 w. 36<br>e-mail: kodeniec@grabowiec.pl<\/p>\n\n\n\n<p><strong>Skarbnik Gminy &#8211; Urszula Bednarczuk<br><\/strong>tel. 84 651-24-61<\/p>\n\n\n\n<p><strong>Kierownik USC &#8211; Barbara Sitarz<\/strong><br>tel. 84 651-24-74 w.32<\/p>\n\n\n\n<p><strong>Przewodnicz\u0105cy Rady Gminy &#8211; Marek Bernard<\/strong><br>tel. 84 651-24-74 w.38<\/p>\n\n\n\n<p><strong>Zast\u0119pca Przewodnicz\u0105cego Rady Gminy &#8211; Ma\u0142gorzata Szajuk<\/strong><br>tel. 84 651-24-74 w.38<\/p>\n\n\n\n<p><strong>Adres:<\/strong><br><a href=\"https:\/\/goo.gl\/maps\/mwvrHq1r3v7qhwoy5\" target=\"_blank\" rel=\"noreferrer noopener\">ul. Rynek 3<br>22-425 Grabowiec<br>pow. zamojski<br>woj. lubelskie<\/a><\/p>\n\n\n\n<p><strong>Godziny pracy:<\/strong><br>Od poniedzia\u0142ku do pi\u0105tku &#8211; od 7:00 do 15:00<br>(w soboty nieczynny)<\/p>\n\n\n\n<p><strong>Kod terytorialny:<\/strong><br>0620022<\/p>\n\n\n\n<p><strong>Konto bankowe:<\/strong><br>35 9644 1020 2006 2000 2512 0023 w PBS Zamo\u015b\u0107 Oddzia\u0142 Grabowiec<\/p>\n\n\n\n<p><strong>NIP:<\/strong><br>919-10-02-516<\/p>\n\n\n\n<p><strong>Regon<\/strong><br>000540564<\/p>\n\n\n\n<p><strong>Telefony:<\/strong><br>tel. (84) 651-24-74<br>fax. (84) 651-24-74<br>fax. (84) 651-24-66<\/p>\n\n\n\n<p><strong>Telefony Alarmowe<\/strong><br>Telefony alarmowe do ochotniczych stra\u017cy po\u017carnych na terenie Gminy:<\/p>\n\n\n\n<ul class=\"wp-block-list\">\n<li>OSP Grabowiec: 502-290-457<\/li>\n\n\n\n<li>OSP Grabowiec-G\u00f3ra: 502-290-458<\/li>\n\n\n\n<li>OSP Ornatowice: 502-290-461<\/li>\n\n\n\n<li>OSP Tucz\u0119py: 501-766-033<\/li>\n<\/ul>\n\n\n\n<p><\/p>\n","protected":false},"excerpt":{"rendered":"<p>W\u00f3jt &#8211; Bartosz Popektel. 84 651-24-74 w.39kom. 502 646 294mail: wojt@grabowiec.pl Sekretarz &#8211; Rafa\u0142 Kodeniectel. &hellip;<\/p>\n","protected":false},"author":1,"featured_media":551,"parent":0,"menu_order":0,"comment_status":"closed","ping_status":"closed","template":"","meta":{"footnotes":""},"class_list":["post-174","page","type-page","status-publish","has-post-thumbnail","hentry"],"yoast_head":"<!-- This site is optimized with the Yoast SEO plugin v27.6 - https:\/\/yoast.com\/product\/yoast-seo-wordpress\/ -->\n<title>KONTAKT - GMINA GRABOWIEC<\/title>\n<meta name=\"robots\" content=\"index, follow, max-snippet:-1, max-image-preview:large, max-video-preview:-1\" \/>\n<link rel=\"canonical\" href=\"https:\/\/grabowiec.pl\/ug\/index.php\/kontakt\/\" \/>\n<meta property=\"og:locale\" content=\"pl_PL\" \/>\n<meta property=\"og:type\" content=\"article\" \/>\n<meta property=\"og:title\" content=\"KONTAKT - GMINA GRABOWIEC\" \/>\n<meta property=\"og:description\" content=\"W\u00f3jt &#8211; Bartosz Popektel. 84 651-24-74 w.39kom. 502 646 294mail: wojt@grabowiec.pl Sekretarz &#8211; Rafa\u0142 Kodeniectel. &hellip;\" \/>\n<meta property=\"og:url\" content=\"https:\/\/grabowiec.pl\/ug\/index.php\/kontakt\/\" \/>\n<meta property=\"og:site_name\" content=\"GMINA GRABOWIEC\" \/>\n<meta property=\"article:modified_time\" content=\"2025-11-27T11:42:35+00:00\" \/>\n<meta property=\"og:image\" content=\"https:\/\/grabowiec.pl\/ug\/wp-content\/uploads\/2023\/02\/20190327-1.jpg\" \/>\n\t<meta property=\"og:image:width\" content=\"1920\" \/>\n\t<meta property=\"og:image:height\" content=\"459\" \/>\n\t<meta property=\"og:image:type\" content=\"image\/jpeg\" \/>\n<meta name=\"twitter:card\" content=\"summary_large_image\" \/>\n<meta name=\"twitter:label1\" content=\"Szacowany czas czytania\" \/>\n\t<meta name=\"twitter:data1\" content=\"2 minuty\" \/>\n<script type=\"application\/ld+json\" class=\"yoast-schema-graph\">{\"@context\":\"https:\\\/\\\/schema.org\",\"@graph\":[{\"@type\":\"WebPage\",\"@id\":\"https:\\\/\\\/grabowiec.pl\\\/ug\\\/index.php\\\/kontakt\\\/\",\"url\":\"https:\\\/\\\/grabowiec.pl\\\/ug\\\/index.php\\\/kontakt\\\/\",\"name\":\"KONTAKT - GMINA GRABOWIEC\",\"isPartOf\":{\"@id\":\"https:\\\/\\\/grabowiec.pl\\\/ug\\\/#website\"},\"primaryImageOfPage\":{\"@id\":\"https:\\\/\\\/grabowiec.pl\\\/ug\\\/index.php\\\/kontakt\\\/#primaryimage\"},\"image\":{\"@id\":\"https:\\\/\\\/grabowiec.pl\\\/ug\\\/index.php\\\/kontakt\\\/#primaryimage\"},\"thumbnailUrl\":\"https:\\\/\\\/grabowiec.pl\\\/ug\\\/wp-content\\\/uploads\\\/2023\\\/02\\\/20190327-1.jpg\",\"datePublished\":\"2023-02-08T09:44:17+00:00\",\"dateModified\":\"2025-11-27T11:42:35+00:00\",\"breadcrumb\":{\"@id\":\"https:\\\/\\\/grabowiec.pl\\\/ug\\\/index.php\\\/kontakt\\\/#breadcrumb\"},\"inLanguage\":\"pl-PL\",\"potentialAction\":[{\"@type\":\"ReadAction\",\"target\":[\"https:\\\/\\\/grabowiec.pl\\\/ug\\\/index.php\\\/kontakt\\\/\"]}]},{\"@type\":\"ImageObject\",\"inLanguage\":\"pl-PL\",\"@id\":\"https:\\\/\\\/grabowiec.pl\\\/ug\\\/index.php\\\/kontakt\\\/#primaryimage\",\"url\":\"https:\\\/\\\/grabowiec.pl\\\/ug\\\/wp-content\\\/uploads\\\/2023\\\/02\\\/20190327-1.jpg\",\"contentUrl\":\"https:\\\/\\\/grabowiec.pl\\\/ug\\\/wp-content\\\/uploads\\\/2023\\\/02\\\/20190327-1.jpg\",\"width\":1920,\"height\":459},{\"@type\":\"BreadcrumbList\",\"@id\":\"https:\\\/\\\/grabowiec.pl\\\/ug\\\/index.php\\\/kontakt\\\/#breadcrumb\",\"itemListElement\":[{\"@type\":\"ListItem\",\"position\":1,\"name\":\"Strona g\u0142\u00f3wna\",\"item\":\"https:\\\/\\\/grabowiec.pl\\\/ug\\\/\"},{\"@type\":\"ListItem\",\"position\":2,\"name\":\"KONTAKT\"}]},{\"@type\":\"WebSite\",\"@id\":\"https:\\\/\\\/grabowiec.pl\\\/ug\\\/#website\",\"url\":\"https:\\\/\\\/grabowiec.pl\\\/ug\\\/\",\"name\":\"GMINA GRABOWIEC\",\"description\":\"\",\"publisher\":{\"@id\":\"https:\\\/\\\/grabowiec.pl\\\/ug\\\/#organization\"},\"potentialAction\":[{\"@type\":\"SearchAction\",\"target\":{\"@type\":\"EntryPoint\",\"urlTemplate\":\"https:\\\/\\\/grabowiec.pl\\\/ug\\\/?s={search_term_string}\"},\"query-input\":{\"@type\":\"PropertyValueSpecification\",\"valueRequired\":true,\"valueName\":\"search_term_string\"}}],\"inLanguage\":\"pl-PL\"},{\"@type\":\"Organization\",\"@id\":\"https:\\\/\\\/grabowiec.pl\\\/ug\\\/#organization\",\"name\":\"GMINA GRABOWIEC\",\"url\":\"https:\\\/\\\/grabowiec.pl\\\/ug\\\/\",\"logo\":{\"@type\":\"ImageObject\",\"inLanguage\":\"pl-PL\",\"@id\":\"https:\\\/\\\/grabowiec.pl\\\/ug\\\/#\\\/schema\\\/logo\\\/image\\\/\",\"url\":\"https:\\\/\\\/grabowiec.pl\\\/ug\\\/wp-content\\\/uploads\\\/2023\\\/02\\\/grab-herb.png\",\"contentUrl\":\"https:\\\/\\\/grabowiec.pl\\\/ug\\\/wp-content\\\/uploads\\\/2023\\\/02\\\/grab-herb.png\",\"width\":500,\"height\":600,\"caption\":\"GMINA GRABOWIEC\"},\"image\":{\"@id\":\"https:\\\/\\\/grabowiec.pl\\\/ug\\\/#\\\/schema\\\/logo\\\/image\\\/\"}}]}<\/script>\n<!-- \/ Yoast SEO plugin. -->","yoast_head_json":{"title":"KONTAKT - GMINA GRABOWIEC","robots":{"index":"index","follow":"follow","max-snippet":"max-snippet:-1","max-image-preview":"max-image-preview:large","max-video-preview":"max-video-preview:-1"},"canonical":"https:\/\/grabowiec.pl\/ug\/index.php\/kontakt\/","og_locale":"pl_PL","og_type":"article","og_title":"KONTAKT - GMINA GRABOWIEC","og_description":"W\u00f3jt &#8211; Bartosz Popektel. 84 651-24-74 w.39kom. 502 646 294mail: wojt@grabowiec.pl Sekretarz &#8211; Rafa\u0142 Kodeniectel. &hellip;","og_url":"https:\/\/grabowiec.pl\/ug\/index.php\/kontakt\/","og_site_name":"GMINA GRABOWIEC","article_modified_time":"2025-11-27T11:42:35+00:00","og_image":[{"width":1920,"height":459,"url":"https:\/\/grabowiec.pl\/ug\/wp-content\/uploads\/2023\/02\/20190327-1.jpg","type":"image\/jpeg"}],"twitter_card":"summary_large_image","twitter_misc":{"Szacowany czas czytania":"2 minuty"},"schema":{"@context":"https:\/\/schema.org","@graph":[{"@type":"WebPage","@id":"https:\/\/grabowiec.pl\/ug\/index.php\/kontakt\/","url":"https:\/\/grabowiec.pl\/ug\/index.php\/kontakt\/","name":"KONTAKT - GMINA GRABOWIEC","isPartOf":{"@id":"https:\/\/grabowiec.pl\/ug\/#website"},"primaryImageOfPage":{"@id":"https:\/\/grabowiec.pl\/ug\/index.php\/kontakt\/#primaryimage"},"image":{"@id":"https:\/\/grabowiec.pl\/ug\/index.php\/kontakt\/#primaryimage"},"thumbnailUrl":"https:\/\/grabowiec.pl\/ug\/wp-content\/uploads\/2023\/02\/20190327-1.jpg","datePublished":"2023-02-08T09:44:17+00:00","dateModified":"2025-11-27T11:42:35+00:00","breadcrumb":{"@id":"https:\/\/grabowiec.pl\/ug\/index.php\/kontakt\/#breadcrumb"},"inLanguage":"pl-PL","potentialAction":[{"@type":"ReadAction","target":["https:\/\/grabowiec.pl\/ug\/index.php\/kontakt\/"]}]},{"@type":"ImageObject","inLanguage":"pl-PL","@id":"https:\/\/grabowiec.pl\/ug\/index.php\/kontakt\/#primaryimage","url":"https:\/\/grabowiec.pl\/ug\/wp-content\/uploads\/2023\/02\/20190327-1.jpg","contentUrl":"https:\/\/grabowiec.pl\/ug\/wp-content\/uploads\/2023\/02\/20190327-1.jpg","width":1920,"height":459},{"@type":"BreadcrumbList","@id":"https:\/\/grabowiec.pl\/ug\/index.php\/kontakt\/#breadcrumb","itemListElement":[{"@type":"ListItem","position":1,"name":"Strona g\u0142\u00f3wna","item":"https:\/\/grabowiec.pl\/ug\/"},{"@type":"ListItem","position":2,"name":"KONTAKT"}]},{"@type":"WebSite","@id":"https:\/\/grabowiec.pl\/ug\/#website","url":"https:\/\/grabowiec.pl\/ug\/","name":"GMINA GRABOWIEC","description":"","publisher":{"@id":"https:\/\/grabowiec.pl\/ug\/#organization"},"potentialAction":[{"@type":"SearchAction","target":{"@type":"EntryPoint","urlTemplate":"https:\/\/grabowiec.pl\/ug\/?s={search_term_string}"},"query-input":{"@type":"PropertyValueSpecification","valueRequired":true,"valueName":"search_term_string"}}],"inLanguage":"pl-PL"},{"@type":"Organization","@id":"https:\/\/grabowiec.pl\/ug\/#organization","name":"GMINA GRABOWIEC","url":"https:\/\/grabowiec.pl\/ug\/","logo":{"@type":"ImageObject","inLanguage":"pl-PL","@id":"https:\/\/grabowiec.pl\/ug\/#\/schema\/logo\/image\/","url":"https:\/\/grabowiec.pl\/ug\/wp-content\/uploads\/2023\/02\/grab-herb.png","contentUrl":"https:\/\/grabowiec.pl\/ug\/wp-content\/uploads\/2023\/02\/grab-herb.png","width":500,"height":600,"caption":"GMINA GRABOWIEC"},"image":{"@id":"https:\/\/grabowiec.pl\/ug\/#\/schema\/logo\/image\/"}}]}},"_links":{"self":[{"href":"https:\/\/grabowiec.pl\/ug\/index.php\/wp-json\/wp\/v2\/pages\/174","targetHints":{"allow":["GET"]}}],"collection":[{"href":"https:\/\/grabowiec.pl\/ug\/index.php\/wp-json\/wp\/v2\/pages"}],"about":[{"href":"https:\/\/grabowiec.pl\/ug\/index.php\/wp-json\/wp\/v2\/types\/page"}],"author":[{"embeddable":true,"href":"https:\/\/grabowiec.pl\/ug\/index.php\/wp-json\/wp\/v2\/users\/1"}],"replies":[{"embeddable":true,"href":"https:\/\/grabowiec.pl\/ug\/index.php\/wp-json\/wp\/v2\/comments?post=174"}],"version-history":[{"count":6,"href":"https:\/\/grabowiec.pl\/ug\/index.php\/wp-json\/wp\/v2\/pages\/174\/revisions"}],"predecessor-version":[{"id":5630,"href":"https:\/\/grabowiec.pl\/ug\/index.php\/wp-json\/wp\/v2\/pages\/174\/revisions\/5630"}],"wp:featuredmedia":[{"embeddable":true,"href":"https:\/\/grabowiec.pl\/ug\/index.php\/wp-json\/wp\/v2\/media\/551"}],"wp:attachment":[{"href":"https:\/\/grabowiec.pl\/ug\/index.php\/wp-json\/wp\/v2\/media?parent=174"}],"curies":[{"name":"wp","href":"https:\/\/api.w.org\/{rel}","templated":true}]}}