{"id":24,"date":"2023-02-08T09:06:22","date_gmt":"2023-02-08T08:06:22","guid":{"rendered":"https:\/\/grabowiec.pl\/ug\/?page_id=24"},"modified":"2023-02-08T09:06:23","modified_gmt":"2023-02-08T08:06:23","slug":"charakterystyka","status":"publish","type":"page","link":"https:\/\/grabowiec.pl\/ug\/index.php\/charakterystyka\/","title":{"rendered":"Charakterystyka"},"content":{"rendered":"\n<figure class=\"wp-block-image size-full\"><img loading=\"lazy\" decoding=\"async\" width=\"2458\" height=\"557\" src=\"https:\/\/grabowiec.pl\/ug\/wp-content\/uploads\/2023\/02\/grab-charakterystyka.jpg\" alt=\"\" class=\"wp-image-25\" srcset=\"https:\/\/grabowiec.pl\/ug\/wp-content\/uploads\/2023\/02\/grab-charakterystyka.jpg 2458w, https:\/\/grabowiec.pl\/ug\/wp-content\/uploads\/2023\/02\/grab-charakterystyka-300x68.jpg 300w, https:\/\/grabowiec.pl\/ug\/wp-content\/uploads\/2023\/02\/grab-charakterystyka-1024x232.jpg 1024w, https:\/\/grabowiec.pl\/ug\/wp-content\/uploads\/2023\/02\/grab-charakterystyka-768x174.jpg 768w, https:\/\/grabowiec.pl\/ug\/wp-content\/uploads\/2023\/02\/grab-charakterystyka-1536x348.jpg 1536w, https:\/\/grabowiec.pl\/ug\/wp-content\/uploads\/2023\/02\/grab-charakterystyka-2048x464.jpg 2048w, https:\/\/grabowiec.pl\/ug\/wp-content\/uploads\/2023\/02\/grab-charakterystyka-621x141.jpg 621w\" sizes=\"auto, (max-width: 2458px) 100vw, 2458px\" \/><\/figure>\n\n\n\n<p class=\"has-text-align-center\"><strong>Aktualna Sytuacja Spo\u0142eczno-Gospodarcza na obszarze gminy Grabowiec.<\/strong><\/p>\n\n\n\n<p class=\"has-text-align-left\">Gmina Grabowiec po\u0142o\u017cona jest w po\u0142udniowej cz\u0119\u015bci wojew\u00f3dztwa lubelskiego, w powiecie zamojskim i graniczy: od p\u00f3\u0142nocy z gminami Kra\u015bniczyn, Wojs\u0142awice, Uchanie, od wschodu z gmin\u0105 Trzeszczany, od po\u0142udnia z gmin\u0105 Mi\u0105czyn i od zachodu z gmin\u0105 Skierbiesz\u00f3w. Obszar gminy zaliczany jest do subwo\u0142y\u0144skiego okr\u0119gu botanicznego z bogactwem gatunk\u00f3w kierunkowych i botanicznych. Wyst\u0119puje tu unikalna fauna i flora, rezerwaty, pomniki przyrody oraz Skierbieszowski Park Krajobrazowy.<\/p>\n\n\n\n<p>Gmina jest do\u015b\u0107 dobrze skomunikowana, siedziba gminy oddalona jest oko\u0142o 32km od siedziby powiatu i ok. 100 km od siedziby wojew\u00f3dztwa. Powierzchnia gminy wynosi 12.888 ha, w kt\u00f3rej znajduje si\u0119 24 so\u0142ectw. Ludno\u015b\u0107 gminy na dzie\u0144 31 grudnia 2006 roku wynosi\u0142a 4874 os\u00f3b.<\/p>\n\n\n\n<p><strong>Gleby<\/strong><br>Gmina posiada gleby o najwy\u017cszych klasach bonitacyjnych, klasy I-III zaliczane s\u0105 do najbardziej urodzajnych i zajmuj\u0105 81% u\u017cytk\u00f3w rolnych. W zachodniej cz\u0119\u015bci gminy przewa\u017caj\u0105 gleby p\u0142owe w kompleksie z brunatnymi wytworzone z less\u00f3w.<\/p>\n\n\n\n<p><strong>Wody<\/strong><br>Na terenie gminy Grabowiec wyst\u0119puj\u0105 dwa poziomy wodono\u015bne: czwartorz\u0119dowy i kredowy. Poziom czwartorz\u0119dowy zasilany jest przez infiltracje w\u00f3d opadowych, posiada tendencj\u0119 do obni\u017cania si\u0119 a nawet do zanikania.<\/p>\n\n\n\n<p>Poziom kredowy &#8211; wody tego poziomu zosta\u0142y zaliczone do g\u0142\u00f3wnego zbiornika w\u00f3d podziemnych. Zwierciad\u0142o wody poza dolinami rzecznymi ma na og\u00f3\u0142 charakter swobodny. Na terenie gminy Grabowiec prowadzi si\u0119 monitoring w\u00f3d podziemnych przy sk\u0142adowisku odpad\u00f3w w Grabowcu.<\/p>\n\n\n\n<p>Wody kredowe s\u0105 wodami s\u0142odkimi najcz\u0119\u015bciej typu w\u0119glanowo-wapiennego, charakteryzuj\u0105 si\u0119 bardzo dobr\u0105 jako\u015bci\u0105. Zawarto\u015b\u0107 w\u00f3d podziemnych mie\u015bci si\u0119 w granicach normy. Na terenie gminy nie wyst\u0119puj\u0105 naturalne jeziora, brak jest wi\u0119kszych zbiornik\u00f3w retencyjnych, jedynie w Grabowcu znajduje si\u0119 zbiornik o powierzchni 0,88 ha. Nie co lepsza jest sytuacja ze stawami. Wyst\u0119puj\u0105 3 zespo\u0142y staw\u00f3w:<\/p>\n\n\n\n<p>w Siedlisko &#8211; o pow. 28,71ha<br>w Rogowie &#8211; o pow. 23,55ha<br>w Tucz\u0119pach &#8211; o pow. 12,85ha<\/p>\n\n\n\n<p><strong>Klimat<\/strong><br>Charakteryzuje si\u0119 przewaga wp\u0142yw\u00f3w kontynentalnych. \u015arednia temperatura roku wynosi 7,3\u00b0C. Wiatry przewa\u017caj\u0105 z sektora zachodniego. \u015arednia suma opad\u00f3w 600 mm, z czego 225 mm przypada na p\u00f3\u0142rocze letnie i 375 mm na zimowe. Najmniejsze opady notowane s\u0105 w lutym i marcu, natomiast najwi\u0119ksze w czerwcu. Gmina znajduje si\u0119 w III strefie zagro\u017cenia gradowego.<\/p>\n\n\n\n<p><strong>Szata ro\u015blinna<\/strong><br>W obr\u0119bie gminy stwierdzono wyst\u0119powanie nast\u0119puj\u0105cych gatunk\u00f3w ro\u015blin chronionych. W rezerwacie Czech\u00f3wka \/jest to w\u0119ze\u0142 ekologiczny regionalnego korytarza ekologicznego dla fauny i flory le\u015bnej stanowi\u0105cego po\u0142\u0105czenie kompleks\u00f3w le\u015bnych (obecnie nie znajduje si\u0119 na li\u015bcie rezerwat\u00f3w projektowanych) wyst\u0119puj\u0105:<\/p>\n\n\n\n<p><em>\u015bnie\u017cyczka przebi\u015bnieg<br>wawrzynek wilcze\u0142yko<br>\u017cywiec gruczo\u0142owaty<br>\u017cywiec cebulowaty<\/em><\/p>\n\n\n\n<p>Naturaln\u0105 ro\u015blinno\u015bci\u0105 na obszarach wierzchowinowych stanowi\u0105 gr\u0105dy lipowo &#8211; d\u0119bowo &#8211; gradowe. W obr\u0119bie doliny Wolicy \u0142\u0119gi jesionowo &#8211; olszowe. Z gatunk\u00f3w fauny wyst\u0119puje suse\u0142 pere\u0142kowany w miejscowo\u015bci Grabowiec G\u00f3ra &#8211; Wygon Grabowiecki -, kt\u00f3ry zosta\u0142 uznany za w\u0119ze\u0142 ekologiczny.<\/p>\n","protected":false},"excerpt":{"rendered":"<p>Aktualna Sytuacja Spo\u0142eczno-Gospodarcza na obszarze gminy Grabowiec. Gmina Grabowiec po\u0142o\u017cona jest w po\u0142udniowej cz\u0119\u015bci wojew\u00f3dztwa &hellip;<\/p>\n","protected":false},"author":1,"featured_media":0,"parent":0,"menu_order":0,"comment_status":"closed","ping_status":"closed","template":"","meta":{"footnotes":""},"class_list":["post-24","page","type-page","status-publish","hentry"],"yoast_head":"<!-- This site is optimized with the Yoast SEO plugin v27.3 - https:\/\/yoast.com\/product\/yoast-seo-wordpress\/ -->\n<title>Charakterystyka - GMINA GRABOWIEC<\/title>\n<meta name=\"robots\" content=\"index, follow, max-snippet:-1, max-image-preview:large, max-video-preview:-1\" \/>\n<link rel=\"canonical\" href=\"https:\/\/grabowiec.pl\/ug\/index.php\/charakterystyka\/\" \/>\n<meta property=\"og:locale\" content=\"pl_PL\" \/>\n<meta property=\"og:type\" content=\"article\" \/>\n<meta property=\"og:title\" content=\"Charakterystyka - GMINA GRABOWIEC\" \/>\n<meta property=\"og:description\" content=\"Aktualna Sytuacja Spo\u0142eczno-Gospodarcza na obszarze gminy Grabowiec. Gmina Grabowiec po\u0142o\u017cona jest w po\u0142udniowej cz\u0119\u015bci wojew\u00f3dztwa &hellip;\" \/>\n<meta property=\"og:url\" content=\"https:\/\/grabowiec.pl\/ug\/index.php\/charakterystyka\/\" \/>\n<meta property=\"og:site_name\" content=\"GMINA GRABOWIEC\" \/>\n<meta property=\"article:modified_time\" content=\"2023-02-08T08:06:23+00:00\" \/>\n<meta property=\"og:image\" content=\"https:\/\/grabowiec.pl\/ug\/wp-content\/uploads\/2023\/02\/grab-charakterystyka.jpg\" \/>\n<meta name=\"twitter:card\" content=\"summary_large_image\" \/>\n<meta name=\"twitter:label1\" content=\"Szacowany czas czytania\" \/>\n\t<meta name=\"twitter:data1\" content=\"3 minuty\" \/>\n<script type=\"application\/ld+json\" class=\"yoast-schema-graph\">{\"@context\":\"https:\\\/\\\/schema.org\",\"@graph\":[{\"@type\":\"WebPage\",\"@id\":\"https:\\\/\\\/grabowiec.pl\\\/ug\\\/index.php\\\/charakterystyka\\\/\",\"url\":\"https:\\\/\\\/grabowiec.pl\\\/ug\\\/index.php\\\/charakterystyka\\\/\",\"name\":\"Charakterystyka - GMINA GRABOWIEC\",\"isPartOf\":{\"@id\":\"https:\\\/\\\/grabowiec.pl\\\/ug\\\/#website\"},\"primaryImageOfPage\":{\"@id\":\"https:\\\/\\\/grabowiec.pl\\\/ug\\\/index.php\\\/charakterystyka\\\/#primaryimage\"},\"image\":{\"@id\":\"https:\\\/\\\/grabowiec.pl\\\/ug\\\/index.php\\\/charakterystyka\\\/#primaryimage\"},\"thumbnailUrl\":\"https:\\\/\\\/grabowiec.pl\\\/ug\\\/wp-content\\\/uploads\\\/2023\\\/02\\\/grab-charakterystyka.jpg\",\"datePublished\":\"2023-02-08T08:06:22+00:00\",\"dateModified\":\"2023-02-08T08:06:23+00:00\",\"breadcrumb\":{\"@id\":\"https:\\\/\\\/grabowiec.pl\\\/ug\\\/index.php\\\/charakterystyka\\\/#breadcrumb\"},\"inLanguage\":\"pl-PL\",\"potentialAction\":[{\"@type\":\"ReadAction\",\"target\":[\"https:\\\/\\\/grabowiec.pl\\\/ug\\\/index.php\\\/charakterystyka\\\/\"]}]},{\"@type\":\"ImageObject\",\"inLanguage\":\"pl-PL\",\"@id\":\"https:\\\/\\\/grabowiec.pl\\\/ug\\\/index.php\\\/charakterystyka\\\/#primaryimage\",\"url\":\"https:\\\/\\\/grabowiec.pl\\\/ug\\\/wp-content\\\/uploads\\\/2023\\\/02\\\/grab-charakterystyka.jpg\",\"contentUrl\":\"https:\\\/\\\/grabowiec.pl\\\/ug\\\/wp-content\\\/uploads\\\/2023\\\/02\\\/grab-charakterystyka.jpg\",\"width\":2458,\"height\":557},{\"@type\":\"BreadcrumbList\",\"@id\":\"https:\\\/\\\/grabowiec.pl\\\/ug\\\/index.php\\\/charakterystyka\\\/#breadcrumb\",\"itemListElement\":[{\"@type\":\"ListItem\",\"position\":1,\"name\":\"Strona g\u0142\u00f3wna\",\"item\":\"https:\\\/\\\/grabowiec.pl\\\/ug\\\/\"},{\"@type\":\"ListItem\",\"position\":2,\"name\":\"Charakterystyka\"}]},{\"@type\":\"WebSite\",\"@id\":\"https:\\\/\\\/grabowiec.pl\\\/ug\\\/#website\",\"url\":\"https:\\\/\\\/grabowiec.pl\\\/ug\\\/\",\"name\":\"GMINA GRABOWIEC\",\"description\":\"\",\"publisher\":{\"@id\":\"https:\\\/\\\/grabowiec.pl\\\/ug\\\/#organization\"},\"potentialAction\":[{\"@type\":\"SearchAction\",\"target\":{\"@type\":\"EntryPoint\",\"urlTemplate\":\"https:\\\/\\\/grabowiec.pl\\\/ug\\\/?s={search_term_string}\"},\"query-input\":{\"@type\":\"PropertyValueSpecification\",\"valueRequired\":true,\"valueName\":\"search_term_string\"}}],\"inLanguage\":\"pl-PL\"},{\"@type\":\"Organization\",\"@id\":\"https:\\\/\\\/grabowiec.pl\\\/ug\\\/#organization\",\"name\":\"GMINA GRABOWIEC\",\"url\":\"https:\\\/\\\/grabowiec.pl\\\/ug\\\/\",\"logo\":{\"@type\":\"ImageObject\",\"inLanguage\":\"pl-PL\",\"@id\":\"https:\\\/\\\/grabowiec.pl\\\/ug\\\/#\\\/schema\\\/logo\\\/image\\\/\",\"url\":\"https:\\\/\\\/grabowiec.pl\\\/ug\\\/wp-content\\\/uploads\\\/2023\\\/02\\\/grab-herb.png\",\"contentUrl\":\"https:\\\/\\\/grabowiec.pl\\\/ug\\\/wp-content\\\/uploads\\\/2023\\\/02\\\/grab-herb.png\",\"width\":500,\"height\":600,\"caption\":\"GMINA GRABOWIEC\"},\"image\":{\"@id\":\"https:\\\/\\\/grabowiec.pl\\\/ug\\\/#\\\/schema\\\/logo\\\/image\\\/\"}}]}<\/script>\n<!-- \/ Yoast SEO plugin. -->","yoast_head_json":{"title":"Charakterystyka - GMINA GRABOWIEC","robots":{"index":"index","follow":"follow","max-snippet":"max-snippet:-1","max-image-preview":"max-image-preview:large","max-video-preview":"max-video-preview:-1"},"canonical":"https:\/\/grabowiec.pl\/ug\/index.php\/charakterystyka\/","og_locale":"pl_PL","og_type":"article","og_title":"Charakterystyka - GMINA GRABOWIEC","og_description":"Aktualna Sytuacja Spo\u0142eczno-Gospodarcza na obszarze gminy Grabowiec. Gmina Grabowiec po\u0142o\u017cona jest w po\u0142udniowej cz\u0119\u015bci wojew\u00f3dztwa &hellip;","og_url":"https:\/\/grabowiec.pl\/ug\/index.php\/charakterystyka\/","og_site_name":"GMINA GRABOWIEC","article_modified_time":"2023-02-08T08:06:23+00:00","og_image":[{"url":"https:\/\/grabowiec.pl\/ug\/wp-content\/uploads\/2023\/02\/grab-charakterystyka.jpg","type":"","width":"","height":""}],"twitter_card":"summary_large_image","twitter_misc":{"Szacowany czas czytania":"3 minuty"},"schema":{"@context":"https:\/\/schema.org","@graph":[{"@type":"WebPage","@id":"https:\/\/grabowiec.pl\/ug\/index.php\/charakterystyka\/","url":"https:\/\/grabowiec.pl\/ug\/index.php\/charakterystyka\/","name":"Charakterystyka - GMINA GRABOWIEC","isPartOf":{"@id":"https:\/\/grabowiec.pl\/ug\/#website"},"primaryImageOfPage":{"@id":"https:\/\/grabowiec.pl\/ug\/index.php\/charakterystyka\/#primaryimage"},"image":{"@id":"https:\/\/grabowiec.pl\/ug\/index.php\/charakterystyka\/#primaryimage"},"thumbnailUrl":"https:\/\/grabowiec.pl\/ug\/wp-content\/uploads\/2023\/02\/grab-charakterystyka.jpg","datePublished":"2023-02-08T08:06:22+00:00","dateModified":"2023-02-08T08:06:23+00:00","breadcrumb":{"@id":"https:\/\/grabowiec.pl\/ug\/index.php\/charakterystyka\/#breadcrumb"},"inLanguage":"pl-PL","potentialAction":[{"@type":"ReadAction","target":["https:\/\/grabowiec.pl\/ug\/index.php\/charakterystyka\/"]}]},{"@type":"ImageObject","inLanguage":"pl-PL","@id":"https:\/\/grabowiec.pl\/ug\/index.php\/charakterystyka\/#primaryimage","url":"https:\/\/grabowiec.pl\/ug\/wp-content\/uploads\/2023\/02\/grab-charakterystyka.jpg","contentUrl":"https:\/\/grabowiec.pl\/ug\/wp-content\/uploads\/2023\/02\/grab-charakterystyka.jpg","width":2458,"height":557},{"@type":"BreadcrumbList","@id":"https:\/\/grabowiec.pl\/ug\/index.php\/charakterystyka\/#breadcrumb","itemListElement":[{"@type":"ListItem","position":1,"name":"Strona g\u0142\u00f3wna","item":"https:\/\/grabowiec.pl\/ug\/"},{"@type":"ListItem","position":2,"name":"Charakterystyka"}]},{"@type":"WebSite","@id":"https:\/\/grabowiec.pl\/ug\/#website","url":"https:\/\/grabowiec.pl\/ug\/","name":"GMINA GRABOWIEC","description":"","publisher":{"@id":"https:\/\/grabowiec.pl\/ug\/#organization"},"potentialAction":[{"@type":"SearchAction","target":{"@type":"EntryPoint","urlTemplate":"https:\/\/grabowiec.pl\/ug\/?s={search_term_string}"},"query-input":{"@type":"PropertyValueSpecification","valueRequired":true,"valueName":"search_term_string"}}],"inLanguage":"pl-PL"},{"@type":"Organization","@id":"https:\/\/grabowiec.pl\/ug\/#organization","name":"GMINA GRABOWIEC","url":"https:\/\/grabowiec.pl\/ug\/","logo":{"@type":"ImageObject","inLanguage":"pl-PL","@id":"https:\/\/grabowiec.pl\/ug\/#\/schema\/logo\/image\/","url":"https:\/\/grabowiec.pl\/ug\/wp-content\/uploads\/2023\/02\/grab-herb.png","contentUrl":"https:\/\/grabowiec.pl\/ug\/wp-content\/uploads\/2023\/02\/grab-herb.png","width":500,"height":600,"caption":"GMINA GRABOWIEC"},"image":{"@id":"https:\/\/grabowiec.pl\/ug\/#\/schema\/logo\/image\/"}}]}},"_links":{"self":[{"href":"https:\/\/grabowiec.pl\/ug\/index.php\/wp-json\/wp\/v2\/pages\/24","targetHints":{"allow":["GET"]}}],"collection":[{"href":"https:\/\/grabowiec.pl\/ug\/index.php\/wp-json\/wp\/v2\/pages"}],"about":[{"href":"https:\/\/grabowiec.pl\/ug\/index.php\/wp-json\/wp\/v2\/types\/page"}],"author":[{"embeddable":true,"href":"https:\/\/grabowiec.pl\/ug\/index.php\/wp-json\/wp\/v2\/users\/1"}],"replies":[{"embeddable":true,"href":"https:\/\/grabowiec.pl\/ug\/index.php\/wp-json\/wp\/v2\/comments?post=24"}],"version-history":[{"count":1,"href":"https:\/\/grabowiec.pl\/ug\/index.php\/wp-json\/wp\/v2\/pages\/24\/revisions"}],"predecessor-version":[{"id":26,"href":"https:\/\/grabowiec.pl\/ug\/index.php\/wp-json\/wp\/v2\/pages\/24\/revisions\/26"}],"wp:attachment":[{"href":"https:\/\/grabowiec.pl\/ug\/index.php\/wp-json\/wp\/v2\/media?parent=24"}],"curies":[{"name":"wp","href":"https:\/\/api.w.org\/{rel}","templated":true}]}}