{"id":2454,"date":"2023-11-03T18:11:11","date_gmt":"2023-11-03T17:11:11","guid":{"rendered":"https:\/\/grabowiec.pl\/ug\/?page_id=2454"},"modified":"2023-11-03T18:11:37","modified_gmt":"2023-11-03T17:11:37","slug":"program-wspolpracy-2024","status":"publish","type":"page","link":"https:\/\/grabowiec.pl\/ug\/index.php\/program-wspolpracy-2024\/","title":{"rendered":"PROGRAM WSP\u00d3\u0141PRACY 2024"},"content":{"rendered":"\n<p>Program Wsp\u00f3\u0142pracy Gminy Grabowiec na rok 2024 z organizacjami pozarz\u0105dowymi oraz podmiotami okre\u015blonymi w art. 3 ust. 3 ustawy z 24.04.2003 r. o dzia\u0142alno\u015bci po\u017cytku publicznego i o wolontariacie.<\/p>\n\n\n\n<p class=\"has-large-font-size\"><strong>POBIERZ<\/strong>:<\/p>\n\n\n\n<ul class=\"wp-block-list\">\n<li><a href=\"https:\/\/grabowiec.pl\/ug\/wp-content\/uploads\/2023\/11\/program-wspolpracy-projekt-2024.pdf\" target=\"_blank\" rel=\"noreferrer noopener\"><strong>PROGRAM WSP\u00d3\u0141PRACY &#8211; PROJEKT 2023<\/strong><\/a><\/li>\n\n\n\n<li><a href=\"https:\/\/grabowiec.pl\/ug\/wp-content\/uploads\/2023\/11\/ogloszenie-konsultacje.pdf\" target=\"_blank\" rel=\"noreferrer noopener\"><strong>OG\u0141OSZENIE KONSULTACYJNE<\/strong><\/a><\/li>\n\n\n\n<li><a href=\"https:\/\/grabowiec.pl\/ug\/wp-content\/uploads\/2023\/11\/formularz-uwag.pdf\" target=\"_blank\" rel=\"noreferrer noopener\"><strong>FORMULARZ UWAG<\/strong><\/a><\/li>\n<\/ul>\n","protected":false},"excerpt":{"rendered":"<p>Program Wsp\u00f3\u0142pracy Gminy Grabowiec na rok 2024 z organizacjami pozarz\u0105dowymi oraz podmiotami okre\u015blonymi w art. &hellip;<\/p>\n","protected":false},"author":1,"featured_media":0,"parent":0,"menu_order":0,"comment_status":"closed","ping_status":"closed","template":"","meta":{"footnotes":""},"class_list":["post-2454","page","type-page","status-publish","hentry"],"yoast_head":"<!-- This site is optimized with the Yoast SEO plugin v27.4 - https:\/\/yoast.com\/product\/yoast-seo-wordpress\/ -->\n<title>PROGRAM WSP\u00d3\u0141PRACY 2024 - GMINA GRABOWIEC<\/title>\n<meta name=\"robots\" content=\"index, follow, max-snippet:-1, max-image-preview:large, max-video-preview:-1\" \/>\n<link rel=\"canonical\" href=\"https:\/\/grabowiec.pl\/ug\/index.php\/program-wspolpracy-2024\/\" \/>\n<meta property=\"og:locale\" content=\"pl_PL\" \/>\n<meta property=\"og:type\" content=\"article\" \/>\n<meta property=\"og:title\" content=\"PROGRAM WSP\u00d3\u0141PRACY 2024 - GMINA GRABOWIEC\" \/>\n<meta property=\"og:description\" content=\"Program Wsp\u00f3\u0142pracy Gminy Grabowiec na rok 2024 z organizacjami pozarz\u0105dowymi oraz podmiotami okre\u015blonymi w art. &hellip;\" \/>\n<meta property=\"og:url\" content=\"https:\/\/grabowiec.pl\/ug\/index.php\/program-wspolpracy-2024\/\" \/>\n<meta property=\"og:site_name\" content=\"GMINA GRABOWIEC\" \/>\n<meta property=\"article:modified_time\" content=\"2023-11-03T17:11:37+00:00\" \/>\n<meta name=\"twitter:card\" content=\"summary_large_image\" \/>\n<meta name=\"twitter:label1\" content=\"Szacowany czas czytania\" \/>\n\t<meta name=\"twitter:data1\" content=\"1 minuta\" \/>\n<script type=\"application\/ld+json\" class=\"yoast-schema-graph\">{\"@context\":\"https:\\\/\\\/schema.org\",\"@graph\":[{\"@type\":\"WebPage\",\"@id\":\"https:\\\/\\\/grabowiec.pl\\\/ug\\\/index.php\\\/program-wspolpracy-2024\\\/\",\"url\":\"https:\\\/\\\/grabowiec.pl\\\/ug\\\/index.php\\\/program-wspolpracy-2024\\\/\",\"name\":\"PROGRAM WSP\u00d3\u0141PRACY 2024 - GMINA GRABOWIEC\",\"isPartOf\":{\"@id\":\"https:\\\/\\\/grabowiec.pl\\\/ug\\\/#website\"},\"datePublished\":\"2023-11-03T17:11:11+00:00\",\"dateModified\":\"2023-11-03T17:11:37+00:00\",\"breadcrumb\":{\"@id\":\"https:\\\/\\\/grabowiec.pl\\\/ug\\\/index.php\\\/program-wspolpracy-2024\\\/#breadcrumb\"},\"inLanguage\":\"pl-PL\",\"potentialAction\":[{\"@type\":\"ReadAction\",\"target\":[\"https:\\\/\\\/grabowiec.pl\\\/ug\\\/index.php\\\/program-wspolpracy-2024\\\/\"]}]},{\"@type\":\"BreadcrumbList\",\"@id\":\"https:\\\/\\\/grabowiec.pl\\\/ug\\\/index.php\\\/program-wspolpracy-2024\\\/#breadcrumb\",\"itemListElement\":[{\"@type\":\"ListItem\",\"position\":1,\"name\":\"Strona g\u0142\u00f3wna\",\"item\":\"https:\\\/\\\/grabowiec.pl\\\/ug\\\/\"},{\"@type\":\"ListItem\",\"position\":2,\"name\":\"PROGRAM WSP\u00d3\u0141PRACY 2024\"}]},{\"@type\":\"WebSite\",\"@id\":\"https:\\\/\\\/grabowiec.pl\\\/ug\\\/#website\",\"url\":\"https:\\\/\\\/grabowiec.pl\\\/ug\\\/\",\"name\":\"GMINA GRABOWIEC\",\"description\":\"\",\"publisher\":{\"@id\":\"https:\\\/\\\/grabowiec.pl\\\/ug\\\/#organization\"},\"potentialAction\":[{\"@type\":\"SearchAction\",\"target\":{\"@type\":\"EntryPoint\",\"urlTemplate\":\"https:\\\/\\\/grabowiec.pl\\\/ug\\\/?s={search_term_string}\"},\"query-input\":{\"@type\":\"PropertyValueSpecification\",\"valueRequired\":true,\"valueName\":\"search_term_string\"}}],\"inLanguage\":\"pl-PL\"},{\"@type\":\"Organization\",\"@id\":\"https:\\\/\\\/grabowiec.pl\\\/ug\\\/#organization\",\"name\":\"GMINA GRABOWIEC\",\"url\":\"https:\\\/\\\/grabowiec.pl\\\/ug\\\/\",\"logo\":{\"@type\":\"ImageObject\",\"inLanguage\":\"pl-PL\",\"@id\":\"https:\\\/\\\/grabowiec.pl\\\/ug\\\/#\\\/schema\\\/logo\\\/image\\\/\",\"url\":\"https:\\\/\\\/grabowiec.pl\\\/ug\\\/wp-content\\\/uploads\\\/2023\\\/02\\\/grab-herb.png\",\"contentUrl\":\"https:\\\/\\\/grabowiec.pl\\\/ug\\\/wp-content\\\/uploads\\\/2023\\\/02\\\/grab-herb.png\",\"width\":500,\"height\":600,\"caption\":\"GMINA GRABOWIEC\"},\"image\":{\"@id\":\"https:\\\/\\\/grabowiec.pl\\\/ug\\\/#\\\/schema\\\/logo\\\/image\\\/\"}}]}<\/script>\n<!-- \/ Yoast SEO plugin. -->","yoast_head_json":{"title":"PROGRAM WSP\u00d3\u0141PRACY 2024 - GMINA GRABOWIEC","robots":{"index":"index","follow":"follow","max-snippet":"max-snippet:-1","max-image-preview":"max-image-preview:large","max-video-preview":"max-video-preview:-1"},"canonical":"https:\/\/grabowiec.pl\/ug\/index.php\/program-wspolpracy-2024\/","og_locale":"pl_PL","og_type":"article","og_title":"PROGRAM WSP\u00d3\u0141PRACY 2024 - GMINA GRABOWIEC","og_description":"Program Wsp\u00f3\u0142pracy Gminy Grabowiec na rok 2024 z organizacjami pozarz\u0105dowymi oraz podmiotami okre\u015blonymi w art. &hellip;","og_url":"https:\/\/grabowiec.pl\/ug\/index.php\/program-wspolpracy-2024\/","og_site_name":"GMINA GRABOWIEC","article_modified_time":"2023-11-03T17:11:37+00:00","twitter_card":"summary_large_image","twitter_misc":{"Szacowany czas czytania":"1 minuta"},"schema":{"@context":"https:\/\/schema.org","@graph":[{"@type":"WebPage","@id":"https:\/\/grabowiec.pl\/ug\/index.php\/program-wspolpracy-2024\/","url":"https:\/\/grabowiec.pl\/ug\/index.php\/program-wspolpracy-2024\/","name":"PROGRAM WSP\u00d3\u0141PRACY 2024 - GMINA GRABOWIEC","isPartOf":{"@id":"https:\/\/grabowiec.pl\/ug\/#website"},"datePublished":"2023-11-03T17:11:11+00:00","dateModified":"2023-11-03T17:11:37+00:00","breadcrumb":{"@id":"https:\/\/grabowiec.pl\/ug\/index.php\/program-wspolpracy-2024\/#breadcrumb"},"inLanguage":"pl-PL","potentialAction":[{"@type":"ReadAction","target":["https:\/\/grabowiec.pl\/ug\/index.php\/program-wspolpracy-2024\/"]}]},{"@type":"BreadcrumbList","@id":"https:\/\/grabowiec.pl\/ug\/index.php\/program-wspolpracy-2024\/#breadcrumb","itemListElement":[{"@type":"ListItem","position":1,"name":"Strona g\u0142\u00f3wna","item":"https:\/\/grabowiec.pl\/ug\/"},{"@type":"ListItem","position":2,"name":"PROGRAM WSP\u00d3\u0141PRACY 2024"}]},{"@type":"WebSite","@id":"https:\/\/grabowiec.pl\/ug\/#website","url":"https:\/\/grabowiec.pl\/ug\/","name":"GMINA GRABOWIEC","description":"","publisher":{"@id":"https:\/\/grabowiec.pl\/ug\/#organization"},"potentialAction":[{"@type":"SearchAction","target":{"@type":"EntryPoint","urlTemplate":"https:\/\/grabowiec.pl\/ug\/?s={search_term_string}"},"query-input":{"@type":"PropertyValueSpecification","valueRequired":true,"valueName":"search_term_string"}}],"inLanguage":"pl-PL"},{"@type":"Organization","@id":"https:\/\/grabowiec.pl\/ug\/#organization","name":"GMINA GRABOWIEC","url":"https:\/\/grabowiec.pl\/ug\/","logo":{"@type":"ImageObject","inLanguage":"pl-PL","@id":"https:\/\/grabowiec.pl\/ug\/#\/schema\/logo\/image\/","url":"https:\/\/grabowiec.pl\/ug\/wp-content\/uploads\/2023\/02\/grab-herb.png","contentUrl":"https:\/\/grabowiec.pl\/ug\/wp-content\/uploads\/2023\/02\/grab-herb.png","width":500,"height":600,"caption":"GMINA GRABOWIEC"},"image":{"@id":"https:\/\/grabowiec.pl\/ug\/#\/schema\/logo\/image\/"}}]}},"_links":{"self":[{"href":"https:\/\/grabowiec.pl\/ug\/index.php\/wp-json\/wp\/v2\/pages\/2454","targetHints":{"allow":["GET"]}}],"collection":[{"href":"https:\/\/grabowiec.pl\/ug\/index.php\/wp-json\/wp\/v2\/pages"}],"about":[{"href":"https:\/\/grabowiec.pl\/ug\/index.php\/wp-json\/wp\/v2\/types\/page"}],"author":[{"embeddable":true,"href":"https:\/\/grabowiec.pl\/ug\/index.php\/wp-json\/wp\/v2\/users\/1"}],"replies":[{"embeddable":true,"href":"https:\/\/grabowiec.pl\/ug\/index.php\/wp-json\/wp\/v2\/comments?post=2454"}],"version-history":[{"count":2,"href":"https:\/\/grabowiec.pl\/ug\/index.php\/wp-json\/wp\/v2\/pages\/2454\/revisions"}],"predecessor-version":[{"id":2459,"href":"https:\/\/grabowiec.pl\/ug\/index.php\/wp-json\/wp\/v2\/pages\/2454\/revisions\/2459"}],"wp:attachment":[{"href":"https:\/\/grabowiec.pl\/ug\/index.php\/wp-json\/wp\/v2\/media?parent=2454"}],"curies":[{"name":"wp","href":"https:\/\/api.w.org\/{rel}","templated":true}]}}