{"id":27,"date":"2023-02-08T09:14:28","date_gmt":"2023-02-08T08:14:28","guid":{"rendered":"https:\/\/grabowiec.pl\/ug\/?page_id=27"},"modified":"2023-02-10T13:51:32","modified_gmt":"2023-02-10T12:51:32","slug":"parafie","status":"publish","type":"page","link":"https:\/\/grabowiec.pl\/ug\/index.php\/parafie\/","title":{"rendered":"Parafie"},"content":{"rendered":"\n<p class=\"has-text-align-center has-large-font-size\"><strong>Parafia Rzymskokatolicka w Grabowcu<\/strong><\/p>\n\n\n\n<figure class=\"wp-block-image size-full\"><img loading=\"lazy\" decoding=\"async\" width=\"1286\" height=\"724\" src=\"https:\/\/grabowiec.pl\/ug\/wp-content\/uploads\/2023\/02\/parafia-grabowiec.jpg\" alt=\"\" class=\"wp-image-28\" srcset=\"https:\/\/grabowiec.pl\/ug\/wp-content\/uploads\/2023\/02\/parafia-grabowiec.jpg 1286w, https:\/\/grabowiec.pl\/ug\/wp-content\/uploads\/2023\/02\/parafia-grabowiec-300x169.jpg 300w, https:\/\/grabowiec.pl\/ug\/wp-content\/uploads\/2023\/02\/parafia-grabowiec-1024x576.jpg 1024w, https:\/\/grabowiec.pl\/ug\/wp-content\/uploads\/2023\/02\/parafia-grabowiec-768x432.jpg 768w, https:\/\/grabowiec.pl\/ug\/wp-content\/uploads\/2023\/02\/parafia-grabowiec-533x300.jpg 533w\" sizes=\"auto, (max-width: 1286px) 100vw, 1286px\" \/><\/figure>\n\n\n\n<p>Parafia, ufundowana przez Ziemowita IV w 1394 roku, pod wezwaniem Matki Bo\u017cej i \u015aw. Miko\u0142aja Biskupa jest obecnie siedzib\u0105 dekanatu.<\/p>\n\n\n\n<p>Grabowiecki ko\u015bci\u00f3\u0142 pod wezwaniem \u015bw. Miko\u0142aja by\u0142 murowany, z wyj\u0105tkiem babi\u0144ca zbudowanego z drewna i pozbawionego posadzki, w kt\u00f3r\u0105 wyposa\u017cono pozosta\u0142\u0105 cze\u015b\u0107 ko\u015bcio\u0142a. By\u0107 mo\u017ce, wynika\u0142o to z faktu, \u017ce budowa ko\u015bcio\u0142a w roku 1717 nie zosta\u0142a jeszcze doko\u0144czona: du\u017cy ch\u00f3r nie mia\u0142 sklepienia. Przeznaczenie drewna na budow\u0119 babi\u0144ca wskazywa\u0142oby, i\u017c oszcz\u0119dzano na drogim budulcu potrzebnym do wykonania muru.<\/p>\n\n\n\n<p>O\u0142tarzy posiada\u0142 pi\u0119\u0107. O\u0142tarz wielki z obrazem Marii Panny, wykonany \u201esnycersk\u0105 robot\u0105\u201d, by\u0142 cz\u0119\u015bciowo z\u0142ocony i srebrzony. Dwa boczne o\u0142tarze: \u015bw. Antoniego i \u015bw. Krzy\u017ca znajdowa\u0142y si\u0119 w prezbiterium. Na pozosta\u0142e wyposa\u017cenie wn\u0119trza ko\u015bcio\u0142a w Grabowcu sk\u0142ada\u0142y si\u0119: ambona, chrzcielnica, konfesjona\u0142y i \u0142awki. Obraz Marii Panny w du\u017cym o\u0142tarzu by\u0142 zdobiony srebrn\u0105 sukienk\u0105, takimi koronami, per\u0142ami i kamieniami. Mia\u0142 ponadto przesz\u0142o sze\u015b\u0107dziesi\u0105t wi\u0119kszych i kilkadziesi\u0105t mniejszych wot\u00f3w srebrnych.<\/p>\n\n\n\n<p>Na cmentarzu ogrodzonym zniszczonym, drewnianym p\u0142otem, sta\u0142a dzwonnica drewniana z trzema dzwonami.<\/p>\n\n\n\n<p>Wizyta parafii z 1750r. pozwala uzupe\u0142ni\u0107 obraz ko\u015bcio\u0142a informacj\u0105, i\u017c dach mia\u0142 kryty gontami, a na nim drewnian\u0105 wie\u017cyczk\u0119 z sygnaturk\u0105 oraz \u017ce wyposa\u017cono go w siedem du\u017cych pod\u0142u\u017cnych okien i dwa mniejsze okr\u0105g\u0142e.<\/p>\n\n\n\n<p>Z roku 1715 pochodzi pierwsza wzmianka o szpitalu przyko\u015bcielnym dla ubogich. W 1770 roku rozebrano zakrysti\u0119 i dzwonnic\u0119 i wzniesiono nowe.<\/p>\n\n\n\n<p>W 1814 roku podczas po\u017caru miasta sp\u0142on\u0105\u0142 tak\u017ce ko\u015bci\u00f3\u0142. Odbudowano go dopiero w latach 1852-1855. \u015awi\u0105tynia by\u0142a murowana z ceg\u0142y i otynkowana, za\u0142o\u017cona na planie krzy\u017ca \u0142aci\u0144skiego. W latach 1870, 1888 i 1891 przeprowadzono jej remonty, a w roku 1905 gruntown\u0105 napraw\u0119. W\u00f3wczas dobudowano do nawy od strony p\u00f3\u0142nocnej i po\u0142udniowej czworoboczne kaplice.<\/p>\n\n\n\n<p>Dawna, drewniana plebania s\u0142u\u017cy mieszka\u0144com. Ksi\u0119\u017ca gospodarz\u0105 w pi\u0119trowym, murowanym budynku, kt\u00f3ry stan\u0105\u0142 w biednych latach 80-tych, za kadencji ksi\u0119\u017cy; Stefana Saweckiego i Franciszka Nuci.<\/p>\n\n\n\n<p>Obecnie ko\u015bci\u00f3\u0142 jest pi\u0119knie odmalowany, zadbany, a jego otoczenie zmienia si\u0119 z roku na rok. Nieopodal ko\u015bcio\u0142a stan\u0119\u0142a w ostatnim czasie kaplica pogrzebowa i kapliczka MB Fatimskiej<\/p>\n\n\n\n<p class=\"has-text-align-center has-larger-font-size\"><strong>Kaplice filialne:<\/strong><\/p>\n\n\n\n<p class=\"has-text-align-center has-large-font-size\"><strong>Skomorochy Du\u017ce<\/strong><\/p>\n\n\n\n<figure class=\"wp-block-image size-full\"><img loading=\"lazy\" decoding=\"async\" width=\"2028\" height=\"1521\" src=\"https:\/\/grabowiec.pl\/ug\/wp-content\/uploads\/2023\/02\/skomorochy-kaplica.jpg\" alt=\"\" class=\"wp-image-29\" srcset=\"https:\/\/grabowiec.pl\/ug\/wp-content\/uploads\/2023\/02\/skomorochy-kaplica.jpg 2028w, https:\/\/grabowiec.pl\/ug\/wp-content\/uploads\/2023\/02\/skomorochy-kaplica-300x225.jpg 300w, https:\/\/grabowiec.pl\/ug\/wp-content\/uploads\/2023\/02\/skomorochy-kaplica-1024x768.jpg 1024w, https:\/\/grabowiec.pl\/ug\/wp-content\/uploads\/2023\/02\/skomorochy-kaplica-768x576.jpg 768w, https:\/\/grabowiec.pl\/ug\/wp-content\/uploads\/2023\/02\/skomorochy-kaplica-1536x1152.jpg 1536w, https:\/\/grabowiec.pl\/ug\/wp-content\/uploads\/2023\/02\/skomorochy-kaplica-400x300.jpg 400w\" sizes=\"auto, (max-width: 2028px) 100vw, 2028px\" \/><\/figure>\n\n\n\n<p>Kaplica grobowa, pw. \u015bw. Floriana, w Skomorochach Du\u017cych. Murowana, wybudowana w r. 1920 przez Stanis\u0142awa Skomorowskiego, w r. 1942 przekazana na cele sakralne parafii \u015bw. Miko\u0142aja w Grabowcu, u\u017cywana dla cel\u00f3w duszpasterskich.<\/p>\n\n\n\n<hr class=\"wp-block-separator has-alpha-channel-opacity\"\/>\n\n\n\n<p class=\"has-text-align-center has-large-font-size\"><strong>Ko\u015bci\u00f3\u0142 filialny pw. \u015aw. App. Piotra i Paw\u0142a w Ornatowicach<\/strong><\/p>\n\n\n\n<figure class=\"wp-block-image size-full\"><img loading=\"lazy\" decoding=\"async\" width=\"1642\" height=\"1095\" src=\"https:\/\/grabowiec.pl\/ug\/wp-content\/uploads\/2023\/02\/parafia-grabowiec-filia-orantowice-jpeg.jpg\" alt=\"\" class=\"wp-image-31\" srcset=\"https:\/\/grabowiec.pl\/ug\/wp-content\/uploads\/2023\/02\/parafia-grabowiec-filia-orantowice-jpeg.jpg 1642w, https:\/\/grabowiec.pl\/ug\/wp-content\/uploads\/2023\/02\/parafia-grabowiec-filia-orantowice-jpeg-300x200.jpg 300w, https:\/\/grabowiec.pl\/ug\/wp-content\/uploads\/2023\/02\/parafia-grabowiec-filia-orantowice-jpeg-1024x683.jpg 1024w, https:\/\/grabowiec.pl\/ug\/wp-content\/uploads\/2023\/02\/parafia-grabowiec-filia-orantowice-jpeg-768x512.jpg 768w, https:\/\/grabowiec.pl\/ug\/wp-content\/uploads\/2023\/02\/parafia-grabowiec-filia-orantowice-jpeg-1536x1024.jpg 1536w, https:\/\/grabowiec.pl\/ug\/wp-content\/uploads\/2023\/02\/parafia-grabowiec-filia-orantowice-jpeg-450x300.jpg 450w\" sizes=\"auto, (max-width: 1642px) 100vw, 1642px\" \/><\/figure>\n\n\n\n<p>z lat 1986-1988, styl wsp\u00f3\u0142czesny, wg. projektu Zygmunta Nowaka z Tomaszowa Lubelskiego.<\/p>\n\n\n\n<p>Obok ko\u015bcio\u0142a dzwonnica z roku 1999, w niej dzwon o nazwie: \u015bw. Franciszek, po\u015bwi\u0119cony 12 VI 1999 r., przez Ojca \u015awi\u0119tego Jana Paw\u0142a II w Zamo\u015bciu.<\/p>\n\n\n\n<p>Przy ko\u015bciele drewniana kapliczka ku czci MB Fatimskiej.<\/p>\n\n\n\n<p>Ksi\u0119\u017ca pracuj\u0105cy w parafii:<\/p>\n\n\n\n<p><em>Ks. Zygmunt \u017b\u00f3\u0142kiewski proboszcz od 2009 r.<br>Ks. Daniel W\u00f3jcik wikariusz od 2019 r.<\/em><\/p>\n\n\n\n<hr class=\"wp-block-separator has-alpha-channel-opacity\"\/>\n\n\n\n<p class=\"has-text-align-center has-large-font-size\"><strong>Parafia Rzymskokatolicka w Tucz\u0119pach<\/strong><\/p>\n\n\n\n<figure class=\"wp-block-image size-full\"><img loading=\"lazy\" decoding=\"async\" width=\"1642\" height=\"1095\" src=\"https:\/\/grabowiec.pl\/ug\/wp-content\/uploads\/2023\/02\/parafia-tuczepy-jpeg.jpg\" alt=\"\" class=\"wp-image-30\" srcset=\"https:\/\/grabowiec.pl\/ug\/wp-content\/uploads\/2023\/02\/parafia-tuczepy-jpeg.jpg 1642w, https:\/\/grabowiec.pl\/ug\/wp-content\/uploads\/2023\/02\/parafia-tuczepy-jpeg-300x200.jpg 300w, https:\/\/grabowiec.pl\/ug\/wp-content\/uploads\/2023\/02\/parafia-tuczepy-jpeg-1024x683.jpg 1024w, https:\/\/grabowiec.pl\/ug\/wp-content\/uploads\/2023\/02\/parafia-tuczepy-jpeg-768x512.jpg 768w, https:\/\/grabowiec.pl\/ug\/wp-content\/uploads\/2023\/02\/parafia-tuczepy-jpeg-1536x1024.jpg 1536w, https:\/\/grabowiec.pl\/ug\/wp-content\/uploads\/2023\/02\/parafia-tuczepy-jpeg-450x300.jpg 450w\" sizes=\"auto, (max-width: 1642px) 100vw, 1642px\" \/><\/figure>\n\n\n\n<p>Parafia rzymskokatolicka w Tucz\u0119pach zosta\u0142a erygowana 15 X 1920 r., przez bp Mariana Fulmana i w\u0142\u0105czona do dekanatu hrubieszowskiego (od r. 1974 znajdowa\u0142a si\u0119 w granicach dekanatu ucha\u0144skiego, aktualnie w dekanacie grabowieckim).<\/p>\n\n\n\n<p>Nowa plebania pochodzi z lat osiemdziesi\u0105tych XX w. Obecnie istniej\u0105cy ko\u015bci\u00f3\u0142, pw. \u015bw. Anny, MB Kr\u00f3lowej Polski i Przemienienia Pa\u0144skiego, powsta\u0142 w r. 1939, w miejscu rozebranej poprzedniej \u015bwi\u0105tyni. Dalsz\u0105 budow\u0119 uniemo\u017cliwi\u0142y dzia\u0142ania wojenne, ponowne prace rozpocz\u0119to w latach 50-tych. Budow\u0119 uko\u0144czono w r. 1957.<\/p>\n\n\n\n<p>Ko\u015bci\u00f3\u0142 drewniany, trzynawowy, przy prezbiterium zakrystia, nad naw\u0105 wie\u017cyczka na sygnaturk\u0119. Remontowany w latach: 1946, 1974, 1995. Wewn\u0105trz trzy o\u0142tarze: g\u0142\u00f3wny z obrazami: MB Cz\u0119stochowskiej,<\/p>\n\n\n\n<p>Przemienienia Pa\u0144skiego i figur\u0105 Naj\u015bwi\u0119tszego Serca Pana Jezusa; prawy z figur\u0105 \u015bw. Antoniego; lewy z figur\u0105 MB Niepokalanej Dzwonnica pochodzi z r. 1959, na niej 2 dzwony po\u015bwi\u0119cone w r. 1958 przez ks. dziekana Franciszka Osucha.<\/p>\n\n\n\n<p>Bry\u0142a architektoniczna \u015bwi\u0105tyni i u\u017cyte do jej budowy drewno, wskazuj\u0105 na czerpanie wzornictwa ze stylu zakopia\u0144skiego. Samo usytuowanie budowli, na wzg\u00f3rzu w centrum wsi i prowadz\u0105ce do niej strome schody zdaj\u0105 si\u0119 prowadzi\u0107 na duchowe wy\u017cyny.<\/p>\n\n\n\n<p>Przez wiele lat proboszczem parafii by\u0142 ks. Antonii Krawiec, obecnie funkcj\u0119 t\u0119 pe\u0142ni ks. Ryszard Ostasz, kt\u00f3ry swoje umiej\u0119tno\u015bci i mi\u0142o\u015b\u0107 do bli\u017aniego przek\u0142ada na dba\u0142o\u015b\u0107 o otoczenie ko\u015bcio\u0142a. U podn\u00f3\u017ca \u015bwi\u0105tyni znalaz\u0142o si\u0119 miejsce dla Drogi Krzy\u017cowej. Powsta\u0142a ona dzi\u0119ki wsp\u00f3\u0142pracy ksi\u0119dza z wi\u0119\u017aniami osadzonymi w Zak\u0142adzie Karnym w Zamo\u015bciu.<\/p>\n\n\n\n<p>Ksi\u0119\u017ca pracuj\u0105cy w parafii<\/p>\n\n\n\n<p><em>Ks. Ryszard Franciszek Ostasz proboszcz od 2015 r.<\/em><\/p>\n","protected":false},"excerpt":{"rendered":"<p>Parafia Rzymskokatolicka w Grabowcu Parafia, ufundowana przez Ziemowita IV w 1394 roku, pod wezwaniem Matki &hellip;<\/p>\n","protected":false},"author":1,"featured_media":556,"parent":0,"menu_order":0,"comment_status":"closed","ping_status":"closed","template":"","meta":{"footnotes":""},"class_list":["post-27","page","type-page","status-publish","has-post-thumbnail","hentry"],"yoast_head":"<!-- This site is optimized with the Yoast SEO plugin v27.4 - https:\/\/yoast.com\/product\/yoast-seo-wordpress\/ -->\n<title>Parafie - GMINA GRABOWIEC<\/title>\n<meta name=\"robots\" content=\"index, follow, max-snippet:-1, max-image-preview:large, max-video-preview:-1\" \/>\n<link rel=\"canonical\" href=\"https:\/\/grabowiec.pl\/ug\/index.php\/parafie\/\" \/>\n<meta property=\"og:locale\" content=\"pl_PL\" \/>\n<meta property=\"og:type\" content=\"article\" \/>\n<meta property=\"og:title\" content=\"Parafie - GMINA GRABOWIEC\" \/>\n<meta property=\"og:description\" content=\"Parafia Rzymskokatolicka w Grabowcu Parafia, ufundowana przez Ziemowita IV w 1394 roku, pod wezwaniem Matki &hellip;\" \/>\n<meta property=\"og:url\" content=\"https:\/\/grabowiec.pl\/ug\/index.php\/parafie\/\" \/>\n<meta property=\"og:site_name\" content=\"GMINA GRABOWIEC\" \/>\n<meta property=\"article:modified_time\" content=\"2023-02-10T12:51:32+00:00\" \/>\n<meta property=\"og:image\" content=\"https:\/\/grabowiec.pl\/ug\/wp-content\/uploads\/2023\/02\/20190507-2-\u2014-kopia-scaled.jpg\" \/>\n\t<meta property=\"og:image:width\" content=\"2560\" \/>\n\t<meta property=\"og:image:height\" content=\"1440\" \/>\n\t<meta property=\"og:image:type\" content=\"image\/jpeg\" \/>\n<meta name=\"twitter:card\" content=\"summary_large_image\" \/>\n<meta name=\"twitter:label1\" content=\"Szacowany czas czytania\" \/>\n\t<meta name=\"twitter:data1\" content=\"5 minut\" \/>\n<script type=\"application\/ld+json\" class=\"yoast-schema-graph\">{\"@context\":\"https:\\\/\\\/schema.org\",\"@graph\":[{\"@type\":\"WebPage\",\"@id\":\"https:\\\/\\\/grabowiec.pl\\\/ug\\\/index.php\\\/parafie\\\/\",\"url\":\"https:\\\/\\\/grabowiec.pl\\\/ug\\\/index.php\\\/parafie\\\/\",\"name\":\"Parafie - GMINA GRABOWIEC\",\"isPartOf\":{\"@id\":\"https:\\\/\\\/grabowiec.pl\\\/ug\\\/#website\"},\"primaryImageOfPage\":{\"@id\":\"https:\\\/\\\/grabowiec.pl\\\/ug\\\/index.php\\\/parafie\\\/#primaryimage\"},\"image\":{\"@id\":\"https:\\\/\\\/grabowiec.pl\\\/ug\\\/index.php\\\/parafie\\\/#primaryimage\"},\"thumbnailUrl\":\"https:\\\/\\\/grabowiec.pl\\\/ug\\\/wp-content\\\/uploads\\\/2023\\\/02\\\/20190507-2-\u2014-kopia-scaled.jpg\",\"datePublished\":\"2023-02-08T08:14:28+00:00\",\"dateModified\":\"2023-02-10T12:51:32+00:00\",\"breadcrumb\":{\"@id\":\"https:\\\/\\\/grabowiec.pl\\\/ug\\\/index.php\\\/parafie\\\/#breadcrumb\"},\"inLanguage\":\"pl-PL\",\"potentialAction\":[{\"@type\":\"ReadAction\",\"target\":[\"https:\\\/\\\/grabowiec.pl\\\/ug\\\/index.php\\\/parafie\\\/\"]}]},{\"@type\":\"ImageObject\",\"inLanguage\":\"pl-PL\",\"@id\":\"https:\\\/\\\/grabowiec.pl\\\/ug\\\/index.php\\\/parafie\\\/#primaryimage\",\"url\":\"https:\\\/\\\/grabowiec.pl\\\/ug\\\/wp-content\\\/uploads\\\/2023\\\/02\\\/20190507-2-\u2014-kopia-scaled.jpg\",\"contentUrl\":\"https:\\\/\\\/grabowiec.pl\\\/ug\\\/wp-content\\\/uploads\\\/2023\\\/02\\\/20190507-2-\u2014-kopia-scaled.jpg\",\"width\":2560,\"height\":1440,\"caption\":\"DCIM100MEDIADJI_0039.JPG\"},{\"@type\":\"BreadcrumbList\",\"@id\":\"https:\\\/\\\/grabowiec.pl\\\/ug\\\/index.php\\\/parafie\\\/#breadcrumb\",\"itemListElement\":[{\"@type\":\"ListItem\",\"position\":1,\"name\":\"Strona g\u0142\u00f3wna\",\"item\":\"https:\\\/\\\/grabowiec.pl\\\/ug\\\/\"},{\"@type\":\"ListItem\",\"position\":2,\"name\":\"Parafie\"}]},{\"@type\":\"WebSite\",\"@id\":\"https:\\\/\\\/grabowiec.pl\\\/ug\\\/#website\",\"url\":\"https:\\\/\\\/grabowiec.pl\\\/ug\\\/\",\"name\":\"GMINA GRABOWIEC\",\"description\":\"\",\"publisher\":{\"@id\":\"https:\\\/\\\/grabowiec.pl\\\/ug\\\/#organization\"},\"potentialAction\":[{\"@type\":\"SearchAction\",\"target\":{\"@type\":\"EntryPoint\",\"urlTemplate\":\"https:\\\/\\\/grabowiec.pl\\\/ug\\\/?s={search_term_string}\"},\"query-input\":{\"@type\":\"PropertyValueSpecification\",\"valueRequired\":true,\"valueName\":\"search_term_string\"}}],\"inLanguage\":\"pl-PL\"},{\"@type\":\"Organization\",\"@id\":\"https:\\\/\\\/grabowiec.pl\\\/ug\\\/#organization\",\"name\":\"GMINA GRABOWIEC\",\"url\":\"https:\\\/\\\/grabowiec.pl\\\/ug\\\/\",\"logo\":{\"@type\":\"ImageObject\",\"inLanguage\":\"pl-PL\",\"@id\":\"https:\\\/\\\/grabowiec.pl\\\/ug\\\/#\\\/schema\\\/logo\\\/image\\\/\",\"url\":\"https:\\\/\\\/grabowiec.pl\\\/ug\\\/wp-content\\\/uploads\\\/2023\\\/02\\\/grab-herb.png\",\"contentUrl\":\"https:\\\/\\\/grabowiec.pl\\\/ug\\\/wp-content\\\/uploads\\\/2023\\\/02\\\/grab-herb.png\",\"width\":500,\"height\":600,\"caption\":\"GMINA GRABOWIEC\"},\"image\":{\"@id\":\"https:\\\/\\\/grabowiec.pl\\\/ug\\\/#\\\/schema\\\/logo\\\/image\\\/\"}}]}<\/script>\n<!-- \/ Yoast SEO plugin. -->","yoast_head_json":{"title":"Parafie - GMINA GRABOWIEC","robots":{"index":"index","follow":"follow","max-snippet":"max-snippet:-1","max-image-preview":"max-image-preview:large","max-video-preview":"max-video-preview:-1"},"canonical":"https:\/\/grabowiec.pl\/ug\/index.php\/parafie\/","og_locale":"pl_PL","og_type":"article","og_title":"Parafie - GMINA GRABOWIEC","og_description":"Parafia Rzymskokatolicka w Grabowcu Parafia, ufundowana przez Ziemowita IV w 1394 roku, pod wezwaniem Matki &hellip;","og_url":"https:\/\/grabowiec.pl\/ug\/index.php\/parafie\/","og_site_name":"GMINA GRABOWIEC","article_modified_time":"2023-02-10T12:51:32+00:00","og_image":[{"width":2560,"height":1440,"url":"https:\/\/grabowiec.pl\/ug\/wp-content\/uploads\/2023\/02\/20190507-2-\u2014-kopia-scaled.jpg","type":"image\/jpeg"}],"twitter_card":"summary_large_image","twitter_misc":{"Szacowany czas czytania":"5 minut"},"schema":{"@context":"https:\/\/schema.org","@graph":[{"@type":"WebPage","@id":"https:\/\/grabowiec.pl\/ug\/index.php\/parafie\/","url":"https:\/\/grabowiec.pl\/ug\/index.php\/parafie\/","name":"Parafie - GMINA GRABOWIEC","isPartOf":{"@id":"https:\/\/grabowiec.pl\/ug\/#website"},"primaryImageOfPage":{"@id":"https:\/\/grabowiec.pl\/ug\/index.php\/parafie\/#primaryimage"},"image":{"@id":"https:\/\/grabowiec.pl\/ug\/index.php\/parafie\/#primaryimage"},"thumbnailUrl":"https:\/\/grabowiec.pl\/ug\/wp-content\/uploads\/2023\/02\/20190507-2-\u2014-kopia-scaled.jpg","datePublished":"2023-02-08T08:14:28+00:00","dateModified":"2023-02-10T12:51:32+00:00","breadcrumb":{"@id":"https:\/\/grabowiec.pl\/ug\/index.php\/parafie\/#breadcrumb"},"inLanguage":"pl-PL","potentialAction":[{"@type":"ReadAction","target":["https:\/\/grabowiec.pl\/ug\/index.php\/parafie\/"]}]},{"@type":"ImageObject","inLanguage":"pl-PL","@id":"https:\/\/grabowiec.pl\/ug\/index.php\/parafie\/#primaryimage","url":"https:\/\/grabowiec.pl\/ug\/wp-content\/uploads\/2023\/02\/20190507-2-\u2014-kopia-scaled.jpg","contentUrl":"https:\/\/grabowiec.pl\/ug\/wp-content\/uploads\/2023\/02\/20190507-2-\u2014-kopia-scaled.jpg","width":2560,"height":1440,"caption":"DCIM100MEDIADJI_0039.JPG"},{"@type":"BreadcrumbList","@id":"https:\/\/grabowiec.pl\/ug\/index.php\/parafie\/#breadcrumb","itemListElement":[{"@type":"ListItem","position":1,"name":"Strona g\u0142\u00f3wna","item":"https:\/\/grabowiec.pl\/ug\/"},{"@type":"ListItem","position":2,"name":"Parafie"}]},{"@type":"WebSite","@id":"https:\/\/grabowiec.pl\/ug\/#website","url":"https:\/\/grabowiec.pl\/ug\/","name":"GMINA GRABOWIEC","description":"","publisher":{"@id":"https:\/\/grabowiec.pl\/ug\/#organization"},"potentialAction":[{"@type":"SearchAction","target":{"@type":"EntryPoint","urlTemplate":"https:\/\/grabowiec.pl\/ug\/?s={search_term_string}"},"query-input":{"@type":"PropertyValueSpecification","valueRequired":true,"valueName":"search_term_string"}}],"inLanguage":"pl-PL"},{"@type":"Organization","@id":"https:\/\/grabowiec.pl\/ug\/#organization","name":"GMINA GRABOWIEC","url":"https:\/\/grabowiec.pl\/ug\/","logo":{"@type":"ImageObject","inLanguage":"pl-PL","@id":"https:\/\/grabowiec.pl\/ug\/#\/schema\/logo\/image\/","url":"https:\/\/grabowiec.pl\/ug\/wp-content\/uploads\/2023\/02\/grab-herb.png","contentUrl":"https:\/\/grabowiec.pl\/ug\/wp-content\/uploads\/2023\/02\/grab-herb.png","width":500,"height":600,"caption":"GMINA GRABOWIEC"},"image":{"@id":"https:\/\/grabowiec.pl\/ug\/#\/schema\/logo\/image\/"}}]}},"_links":{"self":[{"href":"https:\/\/grabowiec.pl\/ug\/index.php\/wp-json\/wp\/v2\/pages\/27","targetHints":{"allow":["GET"]}}],"collection":[{"href":"https:\/\/grabowiec.pl\/ug\/index.php\/wp-json\/wp\/v2\/pages"}],"about":[{"href":"https:\/\/grabowiec.pl\/ug\/index.php\/wp-json\/wp\/v2\/types\/page"}],"author":[{"embeddable":true,"href":"https:\/\/grabowiec.pl\/ug\/index.php\/wp-json\/wp\/v2\/users\/1"}],"replies":[{"embeddable":true,"href":"https:\/\/grabowiec.pl\/ug\/index.php\/wp-json\/wp\/v2\/comments?post=27"}],"version-history":[{"count":3,"href":"https:\/\/grabowiec.pl\/ug\/index.php\/wp-json\/wp\/v2\/pages\/27\/revisions"}],"predecessor-version":[{"id":34,"href":"https:\/\/grabowiec.pl\/ug\/index.php\/wp-json\/wp\/v2\/pages\/27\/revisions\/34"}],"wp:featuredmedia":[{"embeddable":true,"href":"https:\/\/grabowiec.pl\/ug\/index.php\/wp-json\/wp\/v2\/media\/556"}],"wp:attachment":[{"href":"https:\/\/grabowiec.pl\/ug\/index.php\/wp-json\/wp\/v2\/media?parent=27"}],"curies":[{"name":"wp","href":"https:\/\/api.w.org\/{rel}","templated":true}]}}