{"id":35,"date":"2023-02-08T09:21:57","date_gmt":"2023-02-08T08:21:57","guid":{"rendered":"https:\/\/grabowiec.pl\/ug\/?page_id=35"},"modified":"2023-02-10T13:53:50","modified_gmt":"2023-02-10T12:53:50","slug":"dobra-kultury","status":"publish","type":"page","link":"https:\/\/grabowiec.pl\/ug\/index.php\/dobra-kultury\/","title":{"rendered":"Dobra Kultury"},"content":{"rendered":"\n<p>Na terenie gminy znajduj\u0105 si\u0119 liczne obiekty wpisane do rejestru zabytk\u00f3w. Niestety, wi\u0119kszo\u015bci z nich nie przywr\u00f3cono dawnej \u015bwietno\u015bci. Wyj\u0105tek niejako stanowi dw\u00f3r w Szystowicach, gdzie prowadzone s\u0105 prace remontowe przez nowych w\u0142a\u015bcicieli.<\/p>\n\n\n\n<p>Obiekty wpisane do rejestru zabytk\u00f3w:<\/p>\n\n\n\n<p>BERE\u015a\u0106 &#8211; Cmentarz z I wojny \u015bwiatowej, nieczynny.<\/p>\n\n\n\n<p>BRONIS\u0141AWKA &#8211; GRABOWIEC &#8211; \u201eZamczysko\u201d- grodzisko na \u201eG\u00f3rze<\/p>\n\n\n\n<p>Zamkowej\u201d.<\/p>\n\n\n\n<p>DA\u0143CZYPOL &#8211; Za\u0142o\u017cenie dworskie (park podworski) o pow.4,95 ha.<\/p>\n\n\n\n<p>GRABOWCZYK &#8211; Pozosta\u0142o\u015bci parku podworskiegoz prze\u0142omu XVIII\/XIXw.<\/p>\n\n\n\n<p>W miejscu dawnego dworu rodziny Czach\u00f3rskich, z kt\u00f3rej pochodzi\u0142 s\u0142ynny malarz &#8211; W\u0142adys\u0142aw Czach\u00f3rski, stoi dzi\u015b budynek \u015bwietlicy wiejskiej. Liczne \u017ar\u00f3d\u0142a dowodz\u0105, \u017ce go\u015bci\u0142 tu Henryk Sienkiewicz, przyjaciel malarza i to w\u0142a\u015bnie tutaj powsta\u0142 zarys klasyki literatury polskiej \u201eOgniem i mieczem\u201d.<\/p>\n\n\n\n<p>GRABOWIEC &#8211; Zesp\u00f3\u0142 ko\u015bcielny &#8211; ko\u015bci\u00f3\u0142 parafialny pw. \u015bw. Miko\u0142aja Biskupa, murowany z 1854-55, rozbudowany 1900, remontowany 1948 i 1963, p\u00f3\u017anoklasycystyczny, orientowany, dzwonnica murowana ok.1855, p\u00f3\u017anoklasycyst. W bocznym o\u0142tarzu nawy g\u0142\u00f3wnej ko\u015bcio\u0142a znajduje si\u0119 obraz W\u0142adys\u0142awa Czach\u00f3rskiego \u201eCud \u015awi\u0119tego Walentego\u201d, kt\u00f3ry ofiarowa\u0142 w podzi\u0119kowaniu za uko\u0144czenie studi\u00f3w. Natomiast w kaplicy bocznej, po prawej stronie o\u0142tarza umieszczone s\u0105 tablice pami\u0105tkowe rodziny Czach\u00f3rskich.<\/p>\n\n\n\n<p>GRABOWIEC &#8211; Dawny budynek Urz\u0119du Gminy drewniany z 1898 wraz z dzia\u0142k\u0105, Dawniej budynek Urz\u0119du Gminy. P\u00f3\u017aniej pierwsza siedziba (od pocz\u0105tku istnienia) Gminnego O\u015brodka Kultury. Obecnie w r\u0119kach prywatnych.<\/p>\n\n\n\n<p>HO\u0141U\u017bNE &#8211; Park dworski, krajobrazowy, z po\u0142. XIX w. o pow. 3,16 ha.<\/p>\n\n\n\n<p>SZYSTOWICE -Zesp\u00f3\u0142 dworski &#8211; dw\u00f3r murowany z 1872, obok szko\u0142y podstawowej &#8211; park o pow. 4 ha.<\/p>\n\n\n\n<p>GRABOWIEC &#8211; Cmentarz grzebalny czynny &#8211; A\/327 z 1985 r.z drzewostanem i nagrobkami, parafialny rzymskokatolicki i grekokatolicki (w l.1875-1926 tak\u017ce prawos\u0142awny). Na skromnej p\u0142ycie z marmuru wyryte nazwisko s\u0142ynnego i ostatnimi czasy bardzo cenionego polskiego malarza.<\/p>\n\n\n\n<p>SKIBICE &#8211; \u201eGrodzisko\u201d.<\/p>\n\n\n\n<p>SKOMOROCHY &#8211; Zesp\u00f3\u0142 podworski.<\/p>\n\n\n\n<p>SKOMOROCHY DU\u017bE &#8211; dw\u00f3r drewn.-murowany, 1 po\u0142. XIXw., klasycystyczny, remontowny od 1986, &#8211; kaplica murowana z pocz. XX w.,pozosta\u0142o\u015bci parku.<\/p>\n\n\n\n<p>WOLICA UCHA\u0143SKA &#8211; Cmentarz z I wojny \u015bwiatowej, nieczynny.<\/p>\n\n\n\n<figure class=\"wp-block-gallery has-nested-images columns-default is-cropped wp-block-gallery-1 is-layout-flex wp-block-gallery-is-layout-flex\">\n<figure class=\"wp-block-image size-large\"><img loading=\"lazy\" decoding=\"async\" width=\"1024\" height=\"683\" data-id=\"37\" src=\"https:\/\/grabowiec.pl\/ug\/wp-content\/uploads\/2023\/02\/dobra-kultury-1-1024x683.jpg\" alt=\"\" class=\"wp-image-37\" srcset=\"https:\/\/grabowiec.pl\/ug\/wp-content\/uploads\/2023\/02\/dobra-kultury-1-1024x683.jpg 1024w, https:\/\/grabowiec.pl\/ug\/wp-content\/uploads\/2023\/02\/dobra-kultury-1-300x200.jpg 300w, https:\/\/grabowiec.pl\/ug\/wp-content\/uploads\/2023\/02\/dobra-kultury-1-768x512.jpg 768w, https:\/\/grabowiec.pl\/ug\/wp-content\/uploads\/2023\/02\/dobra-kultury-1-450x300.jpg 450w, https:\/\/grabowiec.pl\/ug\/wp-content\/uploads\/2023\/02\/dobra-kultury-1.jpg 1368w\" sizes=\"auto, (max-width: 1024px) 100vw, 1024px\" \/><figcaption class=\"wp-element-caption\">Grabowiec, ko\u015bci\u00f3\u0142 parafialny<\/figcaption><\/figure>\n\n\n\n<figure class=\"wp-block-image size-large\"><img loading=\"lazy\" decoding=\"async\" width=\"1024\" height=\"683\" data-id=\"40\" src=\"https:\/\/grabowiec.pl\/ug\/wp-content\/uploads\/2023\/02\/dobra-kultury-2-1024x683.jpg\" alt=\"\" class=\"wp-image-40\" srcset=\"https:\/\/grabowiec.pl\/ug\/wp-content\/uploads\/2023\/02\/dobra-kultury-2-1024x683.jpg 1024w, https:\/\/grabowiec.pl\/ug\/wp-content\/uploads\/2023\/02\/dobra-kultury-2-300x200.jpg 300w, https:\/\/grabowiec.pl\/ug\/wp-content\/uploads\/2023\/02\/dobra-kultury-2-768x512.jpg 768w, https:\/\/grabowiec.pl\/ug\/wp-content\/uploads\/2023\/02\/dobra-kultury-2-450x300.jpg 450w, https:\/\/grabowiec.pl\/ug\/wp-content\/uploads\/2023\/02\/dobra-kultury-2.jpg 1368w\" sizes=\"auto, (max-width: 1024px) 100vw, 1024px\" \/><figcaption class=\"wp-element-caption\">Grabowiec, cmentarz parafialny<\/figcaption><\/figure>\n\n\n\n<figure class=\"wp-block-image size-large\"><img loading=\"lazy\" decoding=\"async\" width=\"1024\" height=\"683\" data-id=\"41\" src=\"https:\/\/grabowiec.pl\/ug\/wp-content\/uploads\/2023\/02\/dobra-kultury-3-1024x683.jpg\" alt=\"\" class=\"wp-image-41\" srcset=\"https:\/\/grabowiec.pl\/ug\/wp-content\/uploads\/2023\/02\/dobra-kultury-3-1024x683.jpg 1024w, https:\/\/grabowiec.pl\/ug\/wp-content\/uploads\/2023\/02\/dobra-kultury-3-300x200.jpg 300w, https:\/\/grabowiec.pl\/ug\/wp-content\/uploads\/2023\/02\/dobra-kultury-3-768x512.jpg 768w, https:\/\/grabowiec.pl\/ug\/wp-content\/uploads\/2023\/02\/dobra-kultury-3-450x300.jpg 450w, https:\/\/grabowiec.pl\/ug\/wp-content\/uploads\/2023\/02\/dobra-kultury-3.jpg 1368w\" sizes=\"auto, (max-width: 1024px) 100vw, 1024px\" \/><figcaption class=\"wp-element-caption\">Wolica Ucha\u0144ska, cmentarz nieczynny<\/figcaption><\/figure>\n\n\n\n<figure class=\"wp-block-image size-large\"><img loading=\"lazy\" decoding=\"async\" width=\"1024\" height=\"683\" data-id=\"43\" src=\"https:\/\/grabowiec.pl\/ug\/wp-content\/uploads\/2023\/02\/dobra-kultury-4-1024x683.jpg\" alt=\"\" class=\"wp-image-43\" srcset=\"https:\/\/grabowiec.pl\/ug\/wp-content\/uploads\/2023\/02\/dobra-kultury-4-1024x683.jpg 1024w, https:\/\/grabowiec.pl\/ug\/wp-content\/uploads\/2023\/02\/dobra-kultury-4-300x200.jpg 300w, https:\/\/grabowiec.pl\/ug\/wp-content\/uploads\/2023\/02\/dobra-kultury-4-768x512.jpg 768w, https:\/\/grabowiec.pl\/ug\/wp-content\/uploads\/2023\/02\/dobra-kultury-4-450x300.jpg 450w, https:\/\/grabowiec.pl\/ug\/wp-content\/uploads\/2023\/02\/dobra-kultury-4.jpg 1368w\" sizes=\"auto, (max-width: 1024px) 100vw, 1024px\" \/><figcaption class=\"wp-element-caption\">Ho\u0142\u00f3\u017cne<\/figcaption><\/figure>\n\n\n\n<figure class=\"wp-block-image size-large\"><img loading=\"lazy\" decoding=\"async\" width=\"1024\" height=\"683\" data-id=\"38\" src=\"https:\/\/grabowiec.pl\/ug\/wp-content\/uploads\/2023\/02\/dobra-kultury-5-1024x683.jpg\" alt=\"\" class=\"wp-image-38\" srcset=\"https:\/\/grabowiec.pl\/ug\/wp-content\/uploads\/2023\/02\/dobra-kultury-5-1024x683.jpg 1024w, https:\/\/grabowiec.pl\/ug\/wp-content\/uploads\/2023\/02\/dobra-kultury-5-300x200.jpg 300w, https:\/\/grabowiec.pl\/ug\/wp-content\/uploads\/2023\/02\/dobra-kultury-5-768x512.jpg 768w, https:\/\/grabowiec.pl\/ug\/wp-content\/uploads\/2023\/02\/dobra-kultury-5-450x300.jpg 450w, https:\/\/grabowiec.pl\/ug\/wp-content\/uploads\/2023\/02\/dobra-kultury-5.jpg 1368w\" sizes=\"auto, (max-width: 1024px) 100vw, 1024px\" \/><figcaption class=\"wp-element-caption\">Grabowiec, dawny budynek UG<\/figcaption><\/figure>\n\n\n\n<figure class=\"wp-block-image size-large\"><img loading=\"lazy\" decoding=\"async\" width=\"1024\" height=\"683\" data-id=\"36\" src=\"https:\/\/grabowiec.pl\/ug\/wp-content\/uploads\/2023\/02\/dobra-kultury-6-1024x683.jpg\" alt=\"\" class=\"wp-image-36\" srcset=\"https:\/\/grabowiec.pl\/ug\/wp-content\/uploads\/2023\/02\/dobra-kultury-6-1024x683.jpg 1024w, https:\/\/grabowiec.pl\/ug\/wp-content\/uploads\/2023\/02\/dobra-kultury-6-300x200.jpg 300w, https:\/\/grabowiec.pl\/ug\/wp-content\/uploads\/2023\/02\/dobra-kultury-6-768x512.jpg 768w, https:\/\/grabowiec.pl\/ug\/wp-content\/uploads\/2023\/02\/dobra-kultury-6-450x300.jpg 450w, https:\/\/grabowiec.pl\/ug\/wp-content\/uploads\/2023\/02\/dobra-kultury-6.jpg 1368w\" sizes=\"auto, (max-width: 1024px) 100vw, 1024px\" \/><figcaption class=\"wp-element-caption\">Ornatowice, ruiny dworu<\/figcaption><\/figure>\n\n\n\n<figure class=\"wp-block-image size-large\"><img loading=\"lazy\" decoding=\"async\" width=\"1024\" height=\"683\" data-id=\"42\" src=\"https:\/\/grabowiec.pl\/ug\/wp-content\/uploads\/2023\/02\/dobra-kultury-7-1024x683.jpg\" alt=\"\" class=\"wp-image-42\" srcset=\"https:\/\/grabowiec.pl\/ug\/wp-content\/uploads\/2023\/02\/dobra-kultury-7-1024x683.jpg 1024w, https:\/\/grabowiec.pl\/ug\/wp-content\/uploads\/2023\/02\/dobra-kultury-7-300x200.jpg 300w, https:\/\/grabowiec.pl\/ug\/wp-content\/uploads\/2023\/02\/dobra-kultury-7-768x512.jpg 768w, https:\/\/grabowiec.pl\/ug\/wp-content\/uploads\/2023\/02\/dobra-kultury-7-450x300.jpg 450w, https:\/\/grabowiec.pl\/ug\/wp-content\/uploads\/2023\/02\/dobra-kultury-7.jpg 1368w\" sizes=\"auto, (max-width: 1024px) 100vw, 1024px\" \/><figcaption class=\"wp-element-caption\">Ornatowice, kaplica<\/figcaption><\/figure>\n\n\n\n<figure class=\"wp-block-image size-large\"><img loading=\"lazy\" decoding=\"async\" width=\"1024\" height=\"771\" data-id=\"39\" src=\"https:\/\/grabowiec.pl\/ug\/wp-content\/uploads\/2023\/02\/dobra-kultury-8-1024x771.jpg\" alt=\"\" class=\"wp-image-39\" srcset=\"https:\/\/grabowiec.pl\/ug\/wp-content\/uploads\/2023\/02\/dobra-kultury-8-1024x771.jpg 1024w, https:\/\/grabowiec.pl\/ug\/wp-content\/uploads\/2023\/02\/dobra-kultury-8-300x226.jpg 300w, https:\/\/grabowiec.pl\/ug\/wp-content\/uploads\/2023\/02\/dobra-kultury-8-768x578.jpg 768w, https:\/\/grabowiec.pl\/ug\/wp-content\/uploads\/2023\/02\/dobra-kultury-8-398x300.jpg 398w, https:\/\/grabowiec.pl\/ug\/wp-content\/uploads\/2023\/02\/dobra-kultury-8.jpg 1296w\" sizes=\"auto, (max-width: 1024px) 100vw, 1024px\" \/><figcaption class=\"wp-element-caption\">Obraz Zamku<\/figcaption><\/figure>\n<\/figure>\n","protected":false},"excerpt":{"rendered":"<p>Na terenie gminy znajduj\u0105 si\u0119 liczne obiekty wpisane do rejestru zabytk\u00f3w. Niestety, wi\u0119kszo\u015bci z nich &hellip;<\/p>\n","protected":false},"author":1,"featured_media":558,"parent":0,"menu_order":0,"comment_status":"closed","ping_status":"closed","template":"","meta":{"footnotes":""},"class_list":["post-35","page","type-page","status-publish","has-post-thumbnail","hentry"],"yoast_head":"<!-- This site is optimized with the Yoast SEO plugin v27.5 - https:\/\/yoast.com\/product\/yoast-seo-wordpress\/ -->\n<title>Dobra Kultury - GMINA GRABOWIEC<\/title>\n<meta name=\"robots\" content=\"index, follow, max-snippet:-1, max-image-preview:large, max-video-preview:-1\" \/>\n<link rel=\"canonical\" href=\"https:\/\/grabowiec.pl\/ug\/index.php\/dobra-kultury\/\" \/>\n<meta property=\"og:locale\" content=\"pl_PL\" \/>\n<meta property=\"og:type\" content=\"article\" \/>\n<meta property=\"og:title\" content=\"Dobra Kultury - GMINA GRABOWIEC\" \/>\n<meta property=\"og:description\" content=\"Na terenie gminy znajduj\u0105 si\u0119 liczne obiekty wpisane do rejestru zabytk\u00f3w. Niestety, wi\u0119kszo\u015bci z nich &hellip;\" \/>\n<meta property=\"og:url\" content=\"https:\/\/grabowiec.pl\/ug\/index.php\/dobra-kultury\/\" \/>\n<meta property=\"og:site_name\" content=\"GMINA GRABOWIEC\" \/>\n<meta property=\"article:modified_time\" content=\"2023-02-10T12:53:50+00:00\" \/>\n<meta property=\"og:image\" content=\"https:\/\/grabowiec.pl\/ug\/wp-content\/uploads\/2023\/02\/p1390576-01.jpg\" \/>\n\t<meta property=\"og:image:width\" content=\"1915\" \/>\n\t<meta property=\"og:image:height\" content=\"1277\" \/>\n\t<meta property=\"og:image:type\" content=\"image\/jpeg\" \/>\n<meta name=\"twitter:card\" content=\"summary_large_image\" \/>\n<meta name=\"twitter:label1\" content=\"Szacowany czas czytania\" \/>\n\t<meta name=\"twitter:data1\" content=\"4 minuty\" \/>\n<script type=\"application\/ld+json\" class=\"yoast-schema-graph\">{\"@context\":\"https:\\\/\\\/schema.org\",\"@graph\":[{\"@type\":\"WebPage\",\"@id\":\"https:\\\/\\\/grabowiec.pl\\\/ug\\\/index.php\\\/dobra-kultury\\\/\",\"url\":\"https:\\\/\\\/grabowiec.pl\\\/ug\\\/index.php\\\/dobra-kultury\\\/\",\"name\":\"Dobra Kultury - GMINA GRABOWIEC\",\"isPartOf\":{\"@id\":\"https:\\\/\\\/grabowiec.pl\\\/ug\\\/#website\"},\"primaryImageOfPage\":{\"@id\":\"https:\\\/\\\/grabowiec.pl\\\/ug\\\/index.php\\\/dobra-kultury\\\/#primaryimage\"},\"image\":{\"@id\":\"https:\\\/\\\/grabowiec.pl\\\/ug\\\/index.php\\\/dobra-kultury\\\/#primaryimage\"},\"thumbnailUrl\":\"https:\\\/\\\/grabowiec.pl\\\/ug\\\/wp-content\\\/uploads\\\/2023\\\/02\\\/p1390576-01.jpg\",\"datePublished\":\"2023-02-08T08:21:57+00:00\",\"dateModified\":\"2023-02-10T12:53:50+00:00\",\"breadcrumb\":{\"@id\":\"https:\\\/\\\/grabowiec.pl\\\/ug\\\/index.php\\\/dobra-kultury\\\/#breadcrumb\"},\"inLanguage\":\"pl-PL\",\"potentialAction\":[{\"@type\":\"ReadAction\",\"target\":[\"https:\\\/\\\/grabowiec.pl\\\/ug\\\/index.php\\\/dobra-kultury\\\/\"]}]},{\"@type\":\"ImageObject\",\"inLanguage\":\"pl-PL\",\"@id\":\"https:\\\/\\\/grabowiec.pl\\\/ug\\\/index.php\\\/dobra-kultury\\\/#primaryimage\",\"url\":\"https:\\\/\\\/grabowiec.pl\\\/ug\\\/wp-content\\\/uploads\\\/2023\\\/02\\\/p1390576-01.jpg\",\"contentUrl\":\"https:\\\/\\\/grabowiec.pl\\\/ug\\\/wp-content\\\/uploads\\\/2023\\\/02\\\/p1390576-01.jpg\",\"width\":1915,\"height\":1277},{\"@type\":\"BreadcrumbList\",\"@id\":\"https:\\\/\\\/grabowiec.pl\\\/ug\\\/index.php\\\/dobra-kultury\\\/#breadcrumb\",\"itemListElement\":[{\"@type\":\"ListItem\",\"position\":1,\"name\":\"Strona g\u0142\u00f3wna\",\"item\":\"https:\\\/\\\/grabowiec.pl\\\/ug\\\/\"},{\"@type\":\"ListItem\",\"position\":2,\"name\":\"Dobra Kultury\"}]},{\"@type\":\"WebSite\",\"@id\":\"https:\\\/\\\/grabowiec.pl\\\/ug\\\/#website\",\"url\":\"https:\\\/\\\/grabowiec.pl\\\/ug\\\/\",\"name\":\"GMINA GRABOWIEC\",\"description\":\"\",\"publisher\":{\"@id\":\"https:\\\/\\\/grabowiec.pl\\\/ug\\\/#organization\"},\"potentialAction\":[{\"@type\":\"SearchAction\",\"target\":{\"@type\":\"EntryPoint\",\"urlTemplate\":\"https:\\\/\\\/grabowiec.pl\\\/ug\\\/?s={search_term_string}\"},\"query-input\":{\"@type\":\"PropertyValueSpecification\",\"valueRequired\":true,\"valueName\":\"search_term_string\"}}],\"inLanguage\":\"pl-PL\"},{\"@type\":\"Organization\",\"@id\":\"https:\\\/\\\/grabowiec.pl\\\/ug\\\/#organization\",\"name\":\"GMINA GRABOWIEC\",\"url\":\"https:\\\/\\\/grabowiec.pl\\\/ug\\\/\",\"logo\":{\"@type\":\"ImageObject\",\"inLanguage\":\"pl-PL\",\"@id\":\"https:\\\/\\\/grabowiec.pl\\\/ug\\\/#\\\/schema\\\/logo\\\/image\\\/\",\"url\":\"https:\\\/\\\/grabowiec.pl\\\/ug\\\/wp-content\\\/uploads\\\/2023\\\/02\\\/grab-herb.png\",\"contentUrl\":\"https:\\\/\\\/grabowiec.pl\\\/ug\\\/wp-content\\\/uploads\\\/2023\\\/02\\\/grab-herb.png\",\"width\":500,\"height\":600,\"caption\":\"GMINA GRABOWIEC\"},\"image\":{\"@id\":\"https:\\\/\\\/grabowiec.pl\\\/ug\\\/#\\\/schema\\\/logo\\\/image\\\/\"}}]}<\/script>\n<!-- \/ Yoast SEO plugin. -->","yoast_head_json":{"title":"Dobra Kultury - GMINA GRABOWIEC","robots":{"index":"index","follow":"follow","max-snippet":"max-snippet:-1","max-image-preview":"max-image-preview:large","max-video-preview":"max-video-preview:-1"},"canonical":"https:\/\/grabowiec.pl\/ug\/index.php\/dobra-kultury\/","og_locale":"pl_PL","og_type":"article","og_title":"Dobra Kultury - GMINA GRABOWIEC","og_description":"Na terenie gminy znajduj\u0105 si\u0119 liczne obiekty wpisane do rejestru zabytk\u00f3w. Niestety, wi\u0119kszo\u015bci z nich &hellip;","og_url":"https:\/\/grabowiec.pl\/ug\/index.php\/dobra-kultury\/","og_site_name":"GMINA GRABOWIEC","article_modified_time":"2023-02-10T12:53:50+00:00","og_image":[{"width":1915,"height":1277,"url":"https:\/\/grabowiec.pl\/ug\/wp-content\/uploads\/2023\/02\/p1390576-01.jpg","type":"image\/jpeg"}],"twitter_card":"summary_large_image","twitter_misc":{"Szacowany czas czytania":"4 minuty"},"schema":{"@context":"https:\/\/schema.org","@graph":[{"@type":"WebPage","@id":"https:\/\/grabowiec.pl\/ug\/index.php\/dobra-kultury\/","url":"https:\/\/grabowiec.pl\/ug\/index.php\/dobra-kultury\/","name":"Dobra Kultury - GMINA GRABOWIEC","isPartOf":{"@id":"https:\/\/grabowiec.pl\/ug\/#website"},"primaryImageOfPage":{"@id":"https:\/\/grabowiec.pl\/ug\/index.php\/dobra-kultury\/#primaryimage"},"image":{"@id":"https:\/\/grabowiec.pl\/ug\/index.php\/dobra-kultury\/#primaryimage"},"thumbnailUrl":"https:\/\/grabowiec.pl\/ug\/wp-content\/uploads\/2023\/02\/p1390576-01.jpg","datePublished":"2023-02-08T08:21:57+00:00","dateModified":"2023-02-10T12:53:50+00:00","breadcrumb":{"@id":"https:\/\/grabowiec.pl\/ug\/index.php\/dobra-kultury\/#breadcrumb"},"inLanguage":"pl-PL","potentialAction":[{"@type":"ReadAction","target":["https:\/\/grabowiec.pl\/ug\/index.php\/dobra-kultury\/"]}]},{"@type":"ImageObject","inLanguage":"pl-PL","@id":"https:\/\/grabowiec.pl\/ug\/index.php\/dobra-kultury\/#primaryimage","url":"https:\/\/grabowiec.pl\/ug\/wp-content\/uploads\/2023\/02\/p1390576-01.jpg","contentUrl":"https:\/\/grabowiec.pl\/ug\/wp-content\/uploads\/2023\/02\/p1390576-01.jpg","width":1915,"height":1277},{"@type":"BreadcrumbList","@id":"https:\/\/grabowiec.pl\/ug\/index.php\/dobra-kultury\/#breadcrumb","itemListElement":[{"@type":"ListItem","position":1,"name":"Strona g\u0142\u00f3wna","item":"https:\/\/grabowiec.pl\/ug\/"},{"@type":"ListItem","position":2,"name":"Dobra Kultury"}]},{"@type":"WebSite","@id":"https:\/\/grabowiec.pl\/ug\/#website","url":"https:\/\/grabowiec.pl\/ug\/","name":"GMINA GRABOWIEC","description":"","publisher":{"@id":"https:\/\/grabowiec.pl\/ug\/#organization"},"potentialAction":[{"@type":"SearchAction","target":{"@type":"EntryPoint","urlTemplate":"https:\/\/grabowiec.pl\/ug\/?s={search_term_string}"},"query-input":{"@type":"PropertyValueSpecification","valueRequired":true,"valueName":"search_term_string"}}],"inLanguage":"pl-PL"},{"@type":"Organization","@id":"https:\/\/grabowiec.pl\/ug\/#organization","name":"GMINA GRABOWIEC","url":"https:\/\/grabowiec.pl\/ug\/","logo":{"@type":"ImageObject","inLanguage":"pl-PL","@id":"https:\/\/grabowiec.pl\/ug\/#\/schema\/logo\/image\/","url":"https:\/\/grabowiec.pl\/ug\/wp-content\/uploads\/2023\/02\/grab-herb.png","contentUrl":"https:\/\/grabowiec.pl\/ug\/wp-content\/uploads\/2023\/02\/grab-herb.png","width":500,"height":600,"caption":"GMINA GRABOWIEC"},"image":{"@id":"https:\/\/grabowiec.pl\/ug\/#\/schema\/logo\/image\/"}}]}},"_links":{"self":[{"href":"https:\/\/grabowiec.pl\/ug\/index.php\/wp-json\/wp\/v2\/pages\/35","targetHints":{"allow":["GET"]}}],"collection":[{"href":"https:\/\/grabowiec.pl\/ug\/index.php\/wp-json\/wp\/v2\/pages"}],"about":[{"href":"https:\/\/grabowiec.pl\/ug\/index.php\/wp-json\/wp\/v2\/types\/page"}],"author":[{"embeddable":true,"href":"https:\/\/grabowiec.pl\/ug\/index.php\/wp-json\/wp\/v2\/users\/1"}],"replies":[{"embeddable":true,"href":"https:\/\/grabowiec.pl\/ug\/index.php\/wp-json\/wp\/v2\/comments?post=35"}],"version-history":[{"count":1,"href":"https:\/\/grabowiec.pl\/ug\/index.php\/wp-json\/wp\/v2\/pages\/35\/revisions"}],"predecessor-version":[{"id":44,"href":"https:\/\/grabowiec.pl\/ug\/index.php\/wp-json\/wp\/v2\/pages\/35\/revisions\/44"}],"wp:featuredmedia":[{"embeddable":true,"href":"https:\/\/grabowiec.pl\/ug\/index.php\/wp-json\/wp\/v2\/media\/558"}],"wp:attachment":[{"href":"https:\/\/grabowiec.pl\/ug\/index.php\/wp-json\/wp\/v2\/media?parent=35"}],"curies":[{"name":"wp","href":"https:\/\/api.w.org\/{rel}","templated":true}]}}