{"id":472,"date":"2023-02-10T09:09:31","date_gmt":"2023-02-10T08:09:31","guid":{"rendered":"https:\/\/grabowiec.pl\/ug\/?page_id=472"},"modified":"2025-03-25T08:30:53","modified_gmt":"2025-03-25T07:30:53","slug":"deklaracja-dostepnosci","status":"publish","type":"page","link":"https:\/\/grabowiec.pl\/ug\/index.php\/deklaracja-dostepnosci\/","title":{"rendered":"DEKLARACJA DOST\u0118PNO\u015aCI"},"content":{"rendered":"\n<p>Wst\u0119p deklaracji<\/p>\n\n\n\n<p>Urz\u0105d Gminy Grabowiec zobowi\u0105zuje si\u0119 zapewni\u0107 dost\u0119pno\u015b\u0107 swojej strony podmiotowej BIP zgodnie z przepisami ustawy z dnia 4 kwietnia 2019 r. o dost\u0119pno\u015bci cyfrowej stron internetowych i aplikacji mobilnych podmiot\u00f3w publicznych. O\u015bwiadczenie w sprawie dost\u0119pno\u015bci ma zastosowanie do strony podmiotowej UG http:\/\/grabowiec.pl\/<\/p>\n\n\n\n<p><strong>Dane teleadresowe jednostki:<\/strong><\/p>\n\n\n\n<p>Urz\u0105d Gminy Grabowiec<br>22-245 Grabowiec ul. Rynek 3<br>tel\/fax 84 651 24 74<br>e-mail: gmina@grabowiec.pl<\/p>\n\n\n\n<p>Elektroniczna Skrzynka Podawcza: \/UG-Grabowiec\/SkrytkaESP<\/p>\n\n\n\n<p><strong>Status pod wzgl\u0119dem zgodno\u015bci z ustaw\u0105<\/strong><\/p>\n\n\n\n<p>Strona internetowa jest zgodna z ustaw\u0105 z dnia 4 kwietnia 2019 r. o dost\u0119pno\u015bci cyfrowej stron internetowych i aplikacji mobilnych podmiot\u00f3w publicznych z powodu niezgodno\u015bci lub wy\u0142\u0105cze\u0144 wymienionych poni\u017cej:<\/p>\n\n\n\n<p>a) pochodz\u0105 z r\u00f3\u017cnych \u017ar\u00f3de\u0142,<\/p>\n\n\n\n<p>b) opublikowane zosta\u0142y w oparciu o zasady przyj\u0119te w innej instytucji,<\/p>\n\n\n\n<p>c) posiadaj\u0105 struktur\u0119, w kt\u00f3r\u0105 nie ma mo\u017cliwo\u015bci ingerencji,<\/p>\n\n\n\n<p>d) opublikowane zosta\u0142y przed wej\u015bciem w \u017cycie ustawy o dost\u0119pno\u015bci cyfrowej;<\/p>\n\n\n\n<p><strong>Wygl\u0105d strony<\/strong><\/p>\n\n\n\n<p>serwis posiada wygodn\u0105 nawigacj\u0119 u\u0142atwiaj\u0105c\u0105 przegl\u0105danie tre\u015bci poprzez osoby niedowidz\u0105ce strona internetowa dostosowana do \u0142atwego powi\u0119kszania z poziomu menu przegl\u0105darki, linki prawid\u0142owo wdro\u017cone w ca\u0142ym serwisie wszelkie informacje zawarte w serwisie s\u0105 redagowane w spos\u00f3b zrozumia\u0142y i czytelny<\/p>\n\n\n\n<p><strong>Skr\u00f3ty klawiaturowe<\/strong><\/p>\n\n\n\n<p>Na stronie internetowej mo\u017cna u\u017cywa\u0107 standardowych skr\u00f3t\u00f3w klawiaturowych przegl\u0105darki. Mo\u017cna zmienia\u0107 wygl\u0105d strony poprzez zasobnik pomocy. <\/p>\n\n\n\n<p><strong>Dost\u0119pne funkcje: <\/strong><\/p>\n\n\n\n<ul class=\"wp-block-list\">\n<li><em>powi\u0119ksz<\/em><\/li>\n\n\n\n<li><em>zmniejsz<\/em><\/li>\n\n\n\n<li><em>szaro\u015b\u0107<\/em><\/li>\n\n\n\n<li><em>du\u017cy kontrast<\/em><\/li>\n\n\n\n<li><em>negatyw<\/em><\/li>\n\n\n\n<li><em>jasne t\u0142o<\/em><\/li>\n\n\n\n<li><em>podkre\u015bl linki<\/em><\/li>\n\n\n\n<li><em>czytelne czcionki<\/em><\/li>\n<\/ul>\n\n\n\n<p>Dost\u0119pna jest r\u00f3wnie\u017c wyszukiwarka<\/p>\n\n\n\n<p><strong>Dane kontaktowe<\/strong><\/p>\n\n\n\n<p>W przypadku utrudnie\u0144 w dost\u0119pno\u015bci strony internetowej prosimy o kontakt z Urz\u0119dem Gminy Grabowiec pod numerem telefonu +48 84 651 24 74 lub adres e-mail: gmina@grabowiec.pl. T\u0105 sam\u0105 drog\u0105 mo\u017cna z\u0142o\u017cy\u0107 wniosek o udost\u0119pnienie informacji niedost\u0119pnej oraz skarg\u0119 na niewystarczaj\u0105ce zapewnienie dost\u0119pno\u015bci.<\/p>\n\n\n\n<p><strong>Procedura wnioskowo-skargowa<\/strong><\/p>\n\n\n\n<p>Zgodnie z ustaw\u0105 z dnia 4 kwietnia 2019 r. o dost\u0119pno\u015bci cyfrowej stron internetowych i aplikacji mobilnych podmiot\u00f3w publicznych (Dz.U. z 2019 r. poz.848 ze zm.) ka\u017cdy ma prawo wyst\u0105pi\u0107 do podmiotu publicznego z \u017c\u0105daniem udost\u0119pnienia cyfrowego wskazanej strony internetowej, aplikacji mobilnej lub ich element\u00f3w, ewentualnie zapewnienia dost\u0119pu alternatywnego, na warunkach okre\u015blonych w ustawie. W przypadku odmowy wnosz\u0105cy \u017c\u0105danie mo\u017cne z\u0142o\u017cy\u0107 skarg\u0119 z zastosowaniem przepis\u00f3w Kodeksu post\u0119powania administracyjnego. Mo\u017ce tak\u017ce powiadomi\u0107 Rzecznika Praw Obywatelskich: www.rpo.gov.pl<\/p>\n\n\n\n<p><strong>Dost\u0119pno\u015b\u0107 architektoniczna<\/strong><\/p>\n\n\n\n<p>Siedziba Urz\u0119du Gminy Grabowiec znajduje si\u0119 przy ul. Rynek 3 w Grabowcu Budynek posiada bariery architektoniczne (brak windy, sanitariaty czc\u0119\u015bciowo przystosowane dla potrzeb os\u00f3b niepe\u0142nosprawnych).<\/p>\n\n\n\n<p>W budynku nie ma oznacze\u0144 w alfabecie Braille&#8217;a, ani oznacze\u0144 kontrastowych lub w druku powi\u0119kszonym dla os\u00f3b niewidomych i s\u0142abowidz\u0105cych.<\/p>\n\n\n\n<p>Przed budynkiem wyznaczono jedno miejsce parkingowe dla os\u00f3b niepe\u0142nosprawnych.<\/p>\n\n\n\n<p>Na wniosek osoby ze szczeg\u00f3lnymi potrzebami, pracownik urz\u0119du schodzi do klienta po zawiadomieniu przez osob\u0119 wnioskuj\u0105c\u0105.<\/p>\n\n\n\n<p>Do budynku i wszystkich jego pomieszcze\u0144 mo\u017cna wej\u015b\u0107 z psem asystuj\u0105cym i psem przewodnikiem.<\/p>\n\n\n\n<ul class=\"wp-block-list\">\n<li class=\"has-text-color has-link-color wp-elements-2a2f222fb5bcfaeced846aed400732f8\" style=\"color:#af0404\"><strong><a href=\"https:\/\/grabowiec.pl\/ug\/wp-content\/uploads\/2025\/03\/Deklaracja-dostepnosci-2025.pdf\" target=\"_blank\" rel=\"noreferrer noopener\">Raport o stanie zapewniania dost\u0119pno\u015bci podmiotu publicznego<\/a><\/strong><\/li>\n<\/ul>\n\n\n\n<hr class=\"wp-block-separator has-alpha-channel-opacity\"\/>\n\n\n\n<p><strong>AKTUALIZACJA  25.03.2025 r<\/strong>.<\/p>\n","protected":false},"excerpt":{"rendered":"<p>Wst\u0119p deklaracji Urz\u0105d Gminy Grabowiec zobowi\u0105zuje si\u0119 zapewni\u0107 dost\u0119pno\u015b\u0107 swojej strony podmiotowej BIP zgodnie z &hellip;<\/p>\n","protected":false},"author":1,"featured_media":0,"parent":0,"menu_order":0,"comment_status":"closed","ping_status":"closed","template":"","meta":{"footnotes":""},"class_list":["post-472","page","type-page","status-publish","hentry"],"yoast_head":"<!-- This site is optimized with the Yoast SEO plugin v27.5 - https:\/\/yoast.com\/product\/yoast-seo-wordpress\/ -->\n<title>DEKLARACJA DOST\u0118PNO\u015aCI - GMINA GRABOWIEC<\/title>\n<meta name=\"robots\" content=\"index, follow, max-snippet:-1, max-image-preview:large, max-video-preview:-1\" \/>\n<link rel=\"canonical\" href=\"https:\/\/grabowiec.pl\/ug\/index.php\/deklaracja-dostepnosci\/\" \/>\n<meta property=\"og:locale\" content=\"pl_PL\" \/>\n<meta property=\"og:type\" content=\"article\" \/>\n<meta property=\"og:title\" content=\"DEKLARACJA DOST\u0118PNO\u015aCI - GMINA GRABOWIEC\" \/>\n<meta property=\"og:description\" content=\"Wst\u0119p deklaracji Urz\u0105d Gminy Grabowiec zobowi\u0105zuje si\u0119 zapewni\u0107 dost\u0119pno\u015b\u0107 swojej strony podmiotowej BIP zgodnie z &hellip;\" \/>\n<meta property=\"og:url\" content=\"https:\/\/grabowiec.pl\/ug\/index.php\/deklaracja-dostepnosci\/\" \/>\n<meta property=\"og:site_name\" content=\"GMINA GRABOWIEC\" \/>\n<meta property=\"article:modified_time\" content=\"2025-03-25T07:30:53+00:00\" \/>\n<meta name=\"twitter:card\" content=\"summary_large_image\" \/>\n<meta name=\"twitter:label1\" content=\"Szacowany czas czytania\" \/>\n\t<meta name=\"twitter:data1\" content=\"3 minuty\" \/>\n<script type=\"application\/ld+json\" class=\"yoast-schema-graph\">{\"@context\":\"https:\\\/\\\/schema.org\",\"@graph\":[{\"@type\":\"WebPage\",\"@id\":\"https:\\\/\\\/grabowiec.pl\\\/ug\\\/index.php\\\/deklaracja-dostepnosci\\\/\",\"url\":\"https:\\\/\\\/grabowiec.pl\\\/ug\\\/index.php\\\/deklaracja-dostepnosci\\\/\",\"name\":\"DEKLARACJA DOST\u0118PNO\u015aCI - GMINA GRABOWIEC\",\"isPartOf\":{\"@id\":\"https:\\\/\\\/grabowiec.pl\\\/ug\\\/#website\"},\"datePublished\":\"2023-02-10T08:09:31+00:00\",\"dateModified\":\"2025-03-25T07:30:53+00:00\",\"breadcrumb\":{\"@id\":\"https:\\\/\\\/grabowiec.pl\\\/ug\\\/index.php\\\/deklaracja-dostepnosci\\\/#breadcrumb\"},\"inLanguage\":\"pl-PL\",\"potentialAction\":[{\"@type\":\"ReadAction\",\"target\":[\"https:\\\/\\\/grabowiec.pl\\\/ug\\\/index.php\\\/deklaracja-dostepnosci\\\/\"]}]},{\"@type\":\"BreadcrumbList\",\"@id\":\"https:\\\/\\\/grabowiec.pl\\\/ug\\\/index.php\\\/deklaracja-dostepnosci\\\/#breadcrumb\",\"itemListElement\":[{\"@type\":\"ListItem\",\"position\":1,\"name\":\"Strona g\u0142\u00f3wna\",\"item\":\"https:\\\/\\\/grabowiec.pl\\\/ug\\\/\"},{\"@type\":\"ListItem\",\"position\":2,\"name\":\"DEKLARACJA DOST\u0118PNO\u015aCI\"}]},{\"@type\":\"WebSite\",\"@id\":\"https:\\\/\\\/grabowiec.pl\\\/ug\\\/#website\",\"url\":\"https:\\\/\\\/grabowiec.pl\\\/ug\\\/\",\"name\":\"GMINA GRABOWIEC\",\"description\":\"\",\"publisher\":{\"@id\":\"https:\\\/\\\/grabowiec.pl\\\/ug\\\/#organization\"},\"potentialAction\":[{\"@type\":\"SearchAction\",\"target\":{\"@type\":\"EntryPoint\",\"urlTemplate\":\"https:\\\/\\\/grabowiec.pl\\\/ug\\\/?s={search_term_string}\"},\"query-input\":{\"@type\":\"PropertyValueSpecification\",\"valueRequired\":true,\"valueName\":\"search_term_string\"}}],\"inLanguage\":\"pl-PL\"},{\"@type\":\"Organization\",\"@id\":\"https:\\\/\\\/grabowiec.pl\\\/ug\\\/#organization\",\"name\":\"GMINA GRABOWIEC\",\"url\":\"https:\\\/\\\/grabowiec.pl\\\/ug\\\/\",\"logo\":{\"@type\":\"ImageObject\",\"inLanguage\":\"pl-PL\",\"@id\":\"https:\\\/\\\/grabowiec.pl\\\/ug\\\/#\\\/schema\\\/logo\\\/image\\\/\",\"url\":\"https:\\\/\\\/grabowiec.pl\\\/ug\\\/wp-content\\\/uploads\\\/2023\\\/02\\\/grab-herb.png\",\"contentUrl\":\"https:\\\/\\\/grabowiec.pl\\\/ug\\\/wp-content\\\/uploads\\\/2023\\\/02\\\/grab-herb.png\",\"width\":500,\"height\":600,\"caption\":\"GMINA GRABOWIEC\"},\"image\":{\"@id\":\"https:\\\/\\\/grabowiec.pl\\\/ug\\\/#\\\/schema\\\/logo\\\/image\\\/\"}}]}<\/script>\n<!-- \/ Yoast SEO plugin. -->","yoast_head_json":{"title":"DEKLARACJA DOST\u0118PNO\u015aCI - GMINA GRABOWIEC","robots":{"index":"index","follow":"follow","max-snippet":"max-snippet:-1","max-image-preview":"max-image-preview:large","max-video-preview":"max-video-preview:-1"},"canonical":"https:\/\/grabowiec.pl\/ug\/index.php\/deklaracja-dostepnosci\/","og_locale":"pl_PL","og_type":"article","og_title":"DEKLARACJA DOST\u0118PNO\u015aCI - GMINA GRABOWIEC","og_description":"Wst\u0119p deklaracji Urz\u0105d Gminy Grabowiec zobowi\u0105zuje si\u0119 zapewni\u0107 dost\u0119pno\u015b\u0107 swojej strony podmiotowej BIP zgodnie z &hellip;","og_url":"https:\/\/grabowiec.pl\/ug\/index.php\/deklaracja-dostepnosci\/","og_site_name":"GMINA GRABOWIEC","article_modified_time":"2025-03-25T07:30:53+00:00","twitter_card":"summary_large_image","twitter_misc":{"Szacowany czas czytania":"3 minuty"},"schema":{"@context":"https:\/\/schema.org","@graph":[{"@type":"WebPage","@id":"https:\/\/grabowiec.pl\/ug\/index.php\/deklaracja-dostepnosci\/","url":"https:\/\/grabowiec.pl\/ug\/index.php\/deklaracja-dostepnosci\/","name":"DEKLARACJA DOST\u0118PNO\u015aCI - GMINA GRABOWIEC","isPartOf":{"@id":"https:\/\/grabowiec.pl\/ug\/#website"},"datePublished":"2023-02-10T08:09:31+00:00","dateModified":"2025-03-25T07:30:53+00:00","breadcrumb":{"@id":"https:\/\/grabowiec.pl\/ug\/index.php\/deklaracja-dostepnosci\/#breadcrumb"},"inLanguage":"pl-PL","potentialAction":[{"@type":"ReadAction","target":["https:\/\/grabowiec.pl\/ug\/index.php\/deklaracja-dostepnosci\/"]}]},{"@type":"BreadcrumbList","@id":"https:\/\/grabowiec.pl\/ug\/index.php\/deklaracja-dostepnosci\/#breadcrumb","itemListElement":[{"@type":"ListItem","position":1,"name":"Strona g\u0142\u00f3wna","item":"https:\/\/grabowiec.pl\/ug\/"},{"@type":"ListItem","position":2,"name":"DEKLARACJA DOST\u0118PNO\u015aCI"}]},{"@type":"WebSite","@id":"https:\/\/grabowiec.pl\/ug\/#website","url":"https:\/\/grabowiec.pl\/ug\/","name":"GMINA GRABOWIEC","description":"","publisher":{"@id":"https:\/\/grabowiec.pl\/ug\/#organization"},"potentialAction":[{"@type":"SearchAction","target":{"@type":"EntryPoint","urlTemplate":"https:\/\/grabowiec.pl\/ug\/?s={search_term_string}"},"query-input":{"@type":"PropertyValueSpecification","valueRequired":true,"valueName":"search_term_string"}}],"inLanguage":"pl-PL"},{"@type":"Organization","@id":"https:\/\/grabowiec.pl\/ug\/#organization","name":"GMINA GRABOWIEC","url":"https:\/\/grabowiec.pl\/ug\/","logo":{"@type":"ImageObject","inLanguage":"pl-PL","@id":"https:\/\/grabowiec.pl\/ug\/#\/schema\/logo\/image\/","url":"https:\/\/grabowiec.pl\/ug\/wp-content\/uploads\/2023\/02\/grab-herb.png","contentUrl":"https:\/\/grabowiec.pl\/ug\/wp-content\/uploads\/2023\/02\/grab-herb.png","width":500,"height":600,"caption":"GMINA GRABOWIEC"},"image":{"@id":"https:\/\/grabowiec.pl\/ug\/#\/schema\/logo\/image\/"}}]}},"_links":{"self":[{"href":"https:\/\/grabowiec.pl\/ug\/index.php\/wp-json\/wp\/v2\/pages\/472","targetHints":{"allow":["GET"]}}],"collection":[{"href":"https:\/\/grabowiec.pl\/ug\/index.php\/wp-json\/wp\/v2\/pages"}],"about":[{"href":"https:\/\/grabowiec.pl\/ug\/index.php\/wp-json\/wp\/v2\/types\/page"}],"author":[{"embeddable":true,"href":"https:\/\/grabowiec.pl\/ug\/index.php\/wp-json\/wp\/v2\/users\/1"}],"replies":[{"embeddable":true,"href":"https:\/\/grabowiec.pl\/ug\/index.php\/wp-json\/wp\/v2\/comments?post=472"}],"version-history":[{"count":8,"href":"https:\/\/grabowiec.pl\/ug\/index.php\/wp-json\/wp\/v2\/pages\/472\/revisions"}],"predecessor-version":[{"id":4493,"href":"https:\/\/grabowiec.pl\/ug\/index.php\/wp-json\/wp\/v2\/pages\/472\/revisions\/4493"}],"wp:attachment":[{"href":"https:\/\/grabowiec.pl\/ug\/index.php\/wp-json\/wp\/v2\/media?parent=472"}],"curies":[{"name":"wp","href":"https:\/\/api.w.org\/{rel}","templated":true}]}}