{"id":477,"date":"2023-02-10T09:12:16","date_gmt":"2023-02-10T08:12:16","guid":{"rendered":"https:\/\/grabowiec.pl\/ug\/?page_id=477"},"modified":"2023-02-10T09:12:17","modified_gmt":"2023-02-10T08:12:17","slug":"cyberbezpieczenstwo","status":"publish","type":"page","link":"https:\/\/grabowiec.pl\/ug\/index.php\/cyberbezpieczenstwo\/","title":{"rendered":"CYBERBEZPIECZE\u0143STWO"},"content":{"rendered":"\n<p>Cyberbezpiecze\u0144stwo<br>Realizuj\u0105c zadania wynikaj\u0105ce z ustawy o krajowym systemie cyberbezpiecze\u0144stwa przekazujemy Pa\u0144stwu informacje pozwalaj\u0105ce na zrozumienie zagro\u017ce\u0144 wyst\u0119puj\u0105cych w cyberprzestrzeni oraz porady jak skuteczne stosowa\u0107 sposoby zabezpieczenia si\u0119 przed tymi zagro\u017ceniami.<\/p>\n\n\n\n<p>Cyberbezpiecze\u0144stwo to \u201eodporno\u015b\u0107 system\u00f3w informacyjnych na dzia\u0142ania naruszaj\u0105ce poufno\u015b\u0107, integralno\u015b\u0107, dost\u0119pno\u015b\u0107 i autentyczno\u015b\u0107 przetwarzanych danych lub zwi\u0105zanych z nimi us\u0142ug oferowanych przez te systemy\u201d (art. 2 pkt 4 ustawy z dnia 5 lipca 2018 r. o krajowym systemie cyberbezpiecze\u0144stwa (Dz.U. z 2020 r. poz. 1369)).<\/p>\n\n\n\n<p>Do najpopularniejszych zagro\u017ce\u0144 w cyberprzestrzeni nale\u017c\u0105:<\/p>\n\n\n\n<p>ataki z u\u017cyciem szkodliwego oprogramowania (malware, wirusy, robaki, itp. \u2013 szczeg\u00f3\u0142y mo\u017cna znale\u017a\u0107 tutaj),<br>kradzie\u017ce to\u017csamo\u015bci (wi\u0119cej informacji mo\u017cna znale\u017a\u0107 tutaj i tutaj),<br>kradzie\u017ce (wy\u0142udzenia), fa\u0142szowanie b\u0105d\u017a niszczenie danych,<br>blokowanie dost\u0119pu do us\u0142ug,<br>spam (niechciane lub niepotrzebne wiadomo\u015bci elektroniczne),<br>ataki socjotechniczne (np. phishing, czyli wy\u0142udzanie poufnych informacji (np.. danych do logowania) poprzez podszywanie si\u0119 pod instytucj\u0119 lub osob\u0119 godn\u0105 zaufania, np. urz\u0119dy, banki, portale spo\u0142eczno\u015bciowe, znajomych);<br>Niekt\u00f3re sposoby zabezpieczenia si\u0119 przed zagro\u017ceniami:<\/p>\n\n\n\n<p>U\u017cywaj tylko silnych, indywidualnych dla ka\u017cdego systemu hase\u0142 i nie udost\u0119pniaj ich nikomu.<br>Zainstaluj i u\u017cywaj oprogramowania antywirusowe. Najlepiej stosuj ochron\u0119 w czasie rzeczywistym.<br>Aktualizuj oprogramowanie antywirusowe oraz bazy danych wirus\u00f3w (dowiedz si\u0119 czy tw\u00f3j program do ochrony przed wirusami posiada tak\u0105 funkcj\u0119 i robi to automatycznie).<br>Aktualizuj system operacyjny i aplikacje bez zb\u0119dnej zw\u0142oki.<br>Nie otwieraj plik\u00f3w nieznanego pochodzenia.<br>Nie korzystaj ze stron internetowych (zw\u0142aszcza ze stron bank\u00f3w, poczty elektronicznej czy portali spo\u0142eczno\u015bciowych), kt\u00f3re nie maj\u0105 wa\u017cnego certyfikatu, chyba, \u017ce masz stuprocentow\u0105 pewno\u015b\u0107 z innego \u017ar\u00f3d\u0142a, \u017ce strona taka jest bezpieczna.<br>Nie u\u017cywaj niesprawdzonych program\u00f3w zabezpieczaj\u0105cych czy te\u017c do publikowania w\u0142asnych plik\u00f3w w Internecie (mog\u0105 one np. pod\u0142\u0105cza\u0107 niechciane linijki kodu do \u017ar\u00f3d\u0142a strony).<br>Regularnie skanuj komputer i sprawdzaj procesy sieciowe \u2013 je\u015bli si\u0119 na tym nie znasz popro\u015b o sprawdzenie kogo\u015b, kto si\u0119 zna. Czasami z\u0142o\u015bliwe oprogramowanie nawi\u0105zuj\u0105ce w\u0142asne po\u0142\u0105czenia z Internetem, wysy\u0142aj\u0105ce twoje has\u0142a i inne prywatne dane do sieci mo\u017ce si\u0119 zainstalowa\u0107 na komputerze mimo dobrej ochrony \u2013 nale\u017cy je wykry\u0107 i zlikwidowa\u0107.<br>Sprawdzaj pliki pobrane z Internetu za pomoc\u0105 programu antywirusowego.<br>Unikaj odwiedzania stron, kt\u00f3re oferuj\u0105 wyj\u0105tkowe atrakcje (darmowe filmiki, muzyk\u0119, \u0142atwy zarobek, cudown\u0105 diet\u0119) \u2013 cz\u0119sto na takich stronach znajduj\u0105 si\u0119 ukryte wirusy, trojany i inne zagro\u017cenia.<br>Nie zostawiaj danych osobowych w niesprawdzonych serwisach i na stronach, je\u017celi nie masz absolutnej pewno\u015bci, \u017ce nie s\u0105 one widoczne dla os\u00f3b trzecich.<br>Nie wysy\u0142aj w e-mailach \u017cadnych poufnych danych (np. danych osobowych, logowania, karty kredytowej) w formie otwartego tekstu \u2013 powinny by\u0107 zabezpieczone has\u0142em i zaszyfrowane \u2013 has\u0142o przekazuj w spos\u00f3b bezpieczny, tj. innym kana\u0142em ni\u017c dane.<br>Pami\u0119taj o uruchomieniu firewalla.<br>Wykonuj kopie zapasowe wa\u017cnych danych.<br>Pami\u0119taj, \u017ce \u017caden bank czy Urz\u0105d nie wysy\u0142a e-maili do swoich klient\u00f3w z pro\u015bb\u0105 o podanie has\u0142a lub loginu w celu ich weryfikacji.<br>Zwracaj uwag\u0119 na komunikaty pojawiaj\u0105ce si\u0119 na ekranie i nigdy nie ignoruj ostrze\u017ce\u0144 dotycz\u0105cych bezpiecze\u0144stwa.<br>Wi\u0119cej wskaz\u00f3wek na temat zabezpieczenia danych mo\u017cna znale\u017a\u0107 pod linkami:<\/p>\n\n\n\n<p>Cyberhigiena dla ka\u017cdegootwiera si\u0119 w nowym oknie &#8211; <a href=\"https:\/\/www.gov.pl\/web\/baza-wiedzy\/cyberbezpieczenstwo\">https:\/\/www.gov.pl\/web\/baza-wiedzy\/cyberbezpieczenstwo<\/a><br>St\u00f3j, pomy\u015bl, po\u0142\u0105czotwiera si\u0119 w nowym oknie &#8211; <a href=\"https:\/\/stojpomyslpolacz.pl\/\">https:\/\/stojpomyslpolacz.pl\/<\/a><br>Ouch! \u2013 darmowy zestaw porad bezpiecze\u0144stwaotwiera si\u0119 w nowym oknie &#8211;<strong><a href=\" https:\/\/www.cert.pl\/ouch\/\"> <\/a><\/strong><a href=\" https:\/\/www.cert.pl\/ouch\/\">https:\/\/www.cert.pl\/ouch\/<\/a><br>Je\u017celi chcesz anonimowo i \u0142atwo zg\u0142osi\u0107 nielegalne i szkodliwe tre\u015bci, na kt\u00f3re natkn\u0105\u0142e\u015b si\u0119 w sieci mo\u017cesz zrobi\u0107 to za pomoc\u0105 tego formularza &#8211; <a href=\"https:\/\/dyzurnet.pl\/zglos-nielegalne-tresci\">https:\/\/dyzurnet.pl\/zglos-nielegalne-tresci<\/a> <\/p>\n","protected":false},"excerpt":{"rendered":"<p>Cyberbezpiecze\u0144stwoRealizuj\u0105c zadania wynikaj\u0105ce z ustawy o krajowym systemie cyberbezpiecze\u0144stwa przekazujemy Pa\u0144stwu informacje pozwalaj\u0105ce na zrozumienie &hellip;<\/p>\n","protected":false},"author":1,"featured_media":0,"parent":0,"menu_order":0,"comment_status":"closed","ping_status":"closed","template":"","meta":{"footnotes":""},"class_list":["post-477","page","type-page","status-publish","hentry"],"yoast_head":"<!-- This site is optimized with the Yoast SEO plugin v27.4 - https:\/\/yoast.com\/product\/yoast-seo-wordpress\/ -->\n<title>CYBERBEZPIECZE\u0143STWO - GMINA GRABOWIEC<\/title>\n<meta name=\"robots\" content=\"index, follow, max-snippet:-1, max-image-preview:large, max-video-preview:-1\" \/>\n<link rel=\"canonical\" href=\"https:\/\/grabowiec.pl\/ug\/index.php\/cyberbezpieczenstwo\/\" \/>\n<meta property=\"og:locale\" content=\"pl_PL\" \/>\n<meta property=\"og:type\" content=\"article\" \/>\n<meta property=\"og:title\" content=\"CYBERBEZPIECZE\u0143STWO - GMINA GRABOWIEC\" \/>\n<meta property=\"og:description\" content=\"Cyberbezpiecze\u0144stwoRealizuj\u0105c zadania wynikaj\u0105ce z ustawy o krajowym systemie cyberbezpiecze\u0144stwa przekazujemy Pa\u0144stwu informacje pozwalaj\u0105ce na zrozumienie &hellip;\" \/>\n<meta property=\"og:url\" content=\"https:\/\/grabowiec.pl\/ug\/index.php\/cyberbezpieczenstwo\/\" \/>\n<meta property=\"og:site_name\" content=\"GMINA GRABOWIEC\" \/>\n<meta property=\"article:modified_time\" content=\"2023-02-10T08:12:17+00:00\" \/>\n<meta name=\"twitter:card\" content=\"summary_large_image\" \/>\n<meta name=\"twitter:label1\" content=\"Szacowany czas czytania\" \/>\n\t<meta name=\"twitter:data1\" content=\"4 minuty\" \/>\n<script type=\"application\/ld+json\" class=\"yoast-schema-graph\">{\"@context\":\"https:\\\/\\\/schema.org\",\"@graph\":[{\"@type\":\"WebPage\",\"@id\":\"https:\\\/\\\/grabowiec.pl\\\/ug\\\/index.php\\\/cyberbezpieczenstwo\\\/\",\"url\":\"https:\\\/\\\/grabowiec.pl\\\/ug\\\/index.php\\\/cyberbezpieczenstwo\\\/\",\"name\":\"CYBERBEZPIECZE\u0143STWO - GMINA GRABOWIEC\",\"isPartOf\":{\"@id\":\"https:\\\/\\\/grabowiec.pl\\\/ug\\\/#website\"},\"datePublished\":\"2023-02-10T08:12:16+00:00\",\"dateModified\":\"2023-02-10T08:12:17+00:00\",\"breadcrumb\":{\"@id\":\"https:\\\/\\\/grabowiec.pl\\\/ug\\\/index.php\\\/cyberbezpieczenstwo\\\/#breadcrumb\"},\"inLanguage\":\"pl-PL\",\"potentialAction\":[{\"@type\":\"ReadAction\",\"target\":[\"https:\\\/\\\/grabowiec.pl\\\/ug\\\/index.php\\\/cyberbezpieczenstwo\\\/\"]}]},{\"@type\":\"BreadcrumbList\",\"@id\":\"https:\\\/\\\/grabowiec.pl\\\/ug\\\/index.php\\\/cyberbezpieczenstwo\\\/#breadcrumb\",\"itemListElement\":[{\"@type\":\"ListItem\",\"position\":1,\"name\":\"Strona g\u0142\u00f3wna\",\"item\":\"https:\\\/\\\/grabowiec.pl\\\/ug\\\/\"},{\"@type\":\"ListItem\",\"position\":2,\"name\":\"CYBERBEZPIECZE\u0143STWO\"}]},{\"@type\":\"WebSite\",\"@id\":\"https:\\\/\\\/grabowiec.pl\\\/ug\\\/#website\",\"url\":\"https:\\\/\\\/grabowiec.pl\\\/ug\\\/\",\"name\":\"GMINA GRABOWIEC\",\"description\":\"\",\"publisher\":{\"@id\":\"https:\\\/\\\/grabowiec.pl\\\/ug\\\/#organization\"},\"potentialAction\":[{\"@type\":\"SearchAction\",\"target\":{\"@type\":\"EntryPoint\",\"urlTemplate\":\"https:\\\/\\\/grabowiec.pl\\\/ug\\\/?s={search_term_string}\"},\"query-input\":{\"@type\":\"PropertyValueSpecification\",\"valueRequired\":true,\"valueName\":\"search_term_string\"}}],\"inLanguage\":\"pl-PL\"},{\"@type\":\"Organization\",\"@id\":\"https:\\\/\\\/grabowiec.pl\\\/ug\\\/#organization\",\"name\":\"GMINA GRABOWIEC\",\"url\":\"https:\\\/\\\/grabowiec.pl\\\/ug\\\/\",\"logo\":{\"@type\":\"ImageObject\",\"inLanguage\":\"pl-PL\",\"@id\":\"https:\\\/\\\/grabowiec.pl\\\/ug\\\/#\\\/schema\\\/logo\\\/image\\\/\",\"url\":\"https:\\\/\\\/grabowiec.pl\\\/ug\\\/wp-content\\\/uploads\\\/2023\\\/02\\\/grab-herb.png\",\"contentUrl\":\"https:\\\/\\\/grabowiec.pl\\\/ug\\\/wp-content\\\/uploads\\\/2023\\\/02\\\/grab-herb.png\",\"width\":500,\"height\":600,\"caption\":\"GMINA GRABOWIEC\"},\"image\":{\"@id\":\"https:\\\/\\\/grabowiec.pl\\\/ug\\\/#\\\/schema\\\/logo\\\/image\\\/\"}}]}<\/script>\n<!-- \/ Yoast SEO plugin. -->","yoast_head_json":{"title":"CYBERBEZPIECZE\u0143STWO - GMINA GRABOWIEC","robots":{"index":"index","follow":"follow","max-snippet":"max-snippet:-1","max-image-preview":"max-image-preview:large","max-video-preview":"max-video-preview:-1"},"canonical":"https:\/\/grabowiec.pl\/ug\/index.php\/cyberbezpieczenstwo\/","og_locale":"pl_PL","og_type":"article","og_title":"CYBERBEZPIECZE\u0143STWO - GMINA GRABOWIEC","og_description":"Cyberbezpiecze\u0144stwoRealizuj\u0105c zadania wynikaj\u0105ce z ustawy o krajowym systemie cyberbezpiecze\u0144stwa przekazujemy Pa\u0144stwu informacje pozwalaj\u0105ce na zrozumienie &hellip;","og_url":"https:\/\/grabowiec.pl\/ug\/index.php\/cyberbezpieczenstwo\/","og_site_name":"GMINA GRABOWIEC","article_modified_time":"2023-02-10T08:12:17+00:00","twitter_card":"summary_large_image","twitter_misc":{"Szacowany czas czytania":"4 minuty"},"schema":{"@context":"https:\/\/schema.org","@graph":[{"@type":"WebPage","@id":"https:\/\/grabowiec.pl\/ug\/index.php\/cyberbezpieczenstwo\/","url":"https:\/\/grabowiec.pl\/ug\/index.php\/cyberbezpieczenstwo\/","name":"CYBERBEZPIECZE\u0143STWO - GMINA GRABOWIEC","isPartOf":{"@id":"https:\/\/grabowiec.pl\/ug\/#website"},"datePublished":"2023-02-10T08:12:16+00:00","dateModified":"2023-02-10T08:12:17+00:00","breadcrumb":{"@id":"https:\/\/grabowiec.pl\/ug\/index.php\/cyberbezpieczenstwo\/#breadcrumb"},"inLanguage":"pl-PL","potentialAction":[{"@type":"ReadAction","target":["https:\/\/grabowiec.pl\/ug\/index.php\/cyberbezpieczenstwo\/"]}]},{"@type":"BreadcrumbList","@id":"https:\/\/grabowiec.pl\/ug\/index.php\/cyberbezpieczenstwo\/#breadcrumb","itemListElement":[{"@type":"ListItem","position":1,"name":"Strona g\u0142\u00f3wna","item":"https:\/\/grabowiec.pl\/ug\/"},{"@type":"ListItem","position":2,"name":"CYBERBEZPIECZE\u0143STWO"}]},{"@type":"WebSite","@id":"https:\/\/grabowiec.pl\/ug\/#website","url":"https:\/\/grabowiec.pl\/ug\/","name":"GMINA GRABOWIEC","description":"","publisher":{"@id":"https:\/\/grabowiec.pl\/ug\/#organization"},"potentialAction":[{"@type":"SearchAction","target":{"@type":"EntryPoint","urlTemplate":"https:\/\/grabowiec.pl\/ug\/?s={search_term_string}"},"query-input":{"@type":"PropertyValueSpecification","valueRequired":true,"valueName":"search_term_string"}}],"inLanguage":"pl-PL"},{"@type":"Organization","@id":"https:\/\/grabowiec.pl\/ug\/#organization","name":"GMINA GRABOWIEC","url":"https:\/\/grabowiec.pl\/ug\/","logo":{"@type":"ImageObject","inLanguage":"pl-PL","@id":"https:\/\/grabowiec.pl\/ug\/#\/schema\/logo\/image\/","url":"https:\/\/grabowiec.pl\/ug\/wp-content\/uploads\/2023\/02\/grab-herb.png","contentUrl":"https:\/\/grabowiec.pl\/ug\/wp-content\/uploads\/2023\/02\/grab-herb.png","width":500,"height":600,"caption":"GMINA GRABOWIEC"},"image":{"@id":"https:\/\/grabowiec.pl\/ug\/#\/schema\/logo\/image\/"}}]}},"_links":{"self":[{"href":"https:\/\/grabowiec.pl\/ug\/index.php\/wp-json\/wp\/v2\/pages\/477","targetHints":{"allow":["GET"]}}],"collection":[{"href":"https:\/\/grabowiec.pl\/ug\/index.php\/wp-json\/wp\/v2\/pages"}],"about":[{"href":"https:\/\/grabowiec.pl\/ug\/index.php\/wp-json\/wp\/v2\/types\/page"}],"author":[{"embeddable":true,"href":"https:\/\/grabowiec.pl\/ug\/index.php\/wp-json\/wp\/v2\/users\/1"}],"replies":[{"embeddable":true,"href":"https:\/\/grabowiec.pl\/ug\/index.php\/wp-json\/wp\/v2\/comments?post=477"}],"version-history":[{"count":1,"href":"https:\/\/grabowiec.pl\/ug\/index.php\/wp-json\/wp\/v2\/pages\/477\/revisions"}],"predecessor-version":[{"id":478,"href":"https:\/\/grabowiec.pl\/ug\/index.php\/wp-json\/wp\/v2\/pages\/477\/revisions\/478"}],"wp:attachment":[{"href":"https:\/\/grabowiec.pl\/ug\/index.php\/wp-json\/wp\/v2\/media?parent=477"}],"curies":[{"name":"wp","href":"https:\/\/api.w.org\/{rel}","templated":true}]}}