{"id":51,"date":"2023-02-08T09:27:56","date_gmt":"2023-02-08T08:27:56","guid":{"rendered":"https:\/\/grabowiec.pl\/ug\/?page_id=51"},"modified":"2023-02-10T13:54:34","modified_gmt":"2023-02-10T12:54:34","slug":"szlaki-turystyczne","status":"publish","type":"page","link":"https:\/\/grabowiec.pl\/ug\/index.php\/szlaki-turystyczne\/","title":{"rendered":"Szlaki Turystyczne"},"content":{"rendered":"\n<p>Szlak \u017c\u00f3\u0142ty:<br>\u201eAria\u0144ski&#8221; o d\u0142ugo\u015bci 64,1 km \u2013przecina Pag\u00f3ry Che\u0142mskie i Dzia\u0142y Grabowieckie, od strony Rejowca wprowadza do gminy Krasnystaw. Przybli\u017ca on tradycje innowiercze dawnej szlachty. Szlak rozpoczyna si\u0119 w Paw\u0142owie (pow. che\u0142mski) &#8211; przez Marynin \u2013 Hrusz\u00f3w (gm. Rejowiec) \u2013 Krynic\u0119 (wzg\u00f3rze widokowe zw. \u201eG\u00f3r\u0105 Aria\u0144sk\u0105\u201d z oryginaln\u0105 budowl\u0105 wie\u017cow\u0105 nazywan\u0105 \u201eGrobiskiem\u201d ) \u2013 Krupe (ruiny zamku i murowany dw\u00f3r klasycystyczny) &#8211; Siennic\u0119 Nadoln\u0105 (gm. Krasnystaw) \u2013 Krasnystaw \u2013 Kol. Zastawie &#8211; Surh\u00f3w \u2013 Brzeziny \u2013 Drewniki (gm. Kra\u015bniczyn) \u2013 rezerwat \u201eBrocz\u00f3wka\u201d (gm. Skierbiesz\u00f3w) &#8211; ko\u0144cz\u0105c sw\u00f3j bieg w Skierbieszowie (pow. zamojski).<\/p>\n\n\n\n<p>Szlak zielony:<br>po Dzia\u0142ach Grabowieckich prowadzi ze Starego Zamo\u015bcia \u2013 przez wie\u015b Wierzba \u2013 Huszczk\u0119 Du\u017c\u0105 &#8211; do Skierbieszowa \u2013 Suchod\u0119bie \u2013 \u0141aziska (wie\u015b a dalej rezerwat) &#8211; do Kornel\u00f3wki. Id\u0105c nim mo\u017cemy podziwia\u0107 wspania\u0142e krajobrazy i cuda natury. W okolicach Starego Zamo\u015bcia przechodzimy przez wy\u017c\u0142obione w pod\u0142o\u017cu lessowym fantastyczne w\u0105wozy. Dalej mijamy lasy z du\u017cym udzia\u0142em buka i przepi\u0119kne, zw\u0142aszcza w lecie, kolorowe mozaiki p\u00f3l.<\/p>\n\n\n\n<p>Szlak niebieski:<br>\u201eTadeusza Ko\u015bciuszki\u201d to ju\u017c d\u0142u\u017csza wyprawa gdy\u017c liczy on sobie ok. 102,5 km. W\u0119dr\u00f3wk\u0119 rozpoczynamy w Mo\u015bciskach ko\u0142o Dubienki tzw. Obni\u017cenia Dubienki (pow. che\u0142mski) \u2013 dalej przez kraw\u0119d\u017a Grz\u0119dy Horodelskiej \u2013 Krynic\u0119 \u2013 Janostr\u00f3w \u2013 Strzelecki Park Krajobrazowy \u2013 Maziarni\u0119 \u2013 Raciborowice \u2013 Kurman\u00f3w \u2013 Putkowice Wielkie \u2013 Putkowice G\u00f3rne \u2013 wzd\u0142u\u017c Dzia\u0142\u00f3w Grabowieckich na Wynios\u0142o\u015b\u0107 Gie\u0142czewsk\u0105 &#8211; Jaros\u0142awiec \u2013 Uchanie \u2013 Pielaki \u2013 Rozi\u0119cin \u2013 Kol. Partyzant\u00f3w \u2013 Wojs\u0142awice \u2013 przez p\u00f3\u0142nocn\u0105 cz\u0119\u015b\u0107 Grabowiecko \u2013 Strzelecki Obszaru Chronionego Krajobrazu i Skierbieszowski Park Krajobrazowy &#8211; Majdan Nowy \u2013 W\u00f3lk\u0119 Tucz\u0119psk\u0105 \u2013 Tro\u015bciank\u0119 \u2013 Stary Majdan &#8211; rezerwat \u201eG\u0142\u0119boka Dolina\u201d &#8211; \u201eZamczysko\u201d w Bo\u0144czy \u2013 W\u00f3lke Kra\u015bniczy\u0144sk\u0105 \u2013 Kra\u015bniczyn \u2013 Zastawie \u2013 Brzeziny \u2013 Surh\u00f3w (gm. Kra\u015bniczyn) \u2013 Las Grabina \u2013 Kryniczki \u2013 Or\u0142\u00f3w Murowany \u2013 Topol\u0119 (gm. Izbica) \u2013 W\u00f3\u0142k\u0119 Or\u0142owsk\u0105 \u2013 Ma\u0142ochwiej Du\u017cy &#8211; Zalew Tulig\u0142owy \u2013 drewniany wiatrak \u201eKo\u017alak\u201d \u2013 rzeka Wieprz &#8211; Latycz\u00f3w \u2013 Kol. Ro\u0144sko \u2013 ko\u0144czymy w Krasnystawie (dworzec PKP).<\/p>\n\n\n\n<figure class=\"wp-block-image size-full\"><img loading=\"lazy\" decoding=\"async\" width=\"2160\" height=\"1512\" src=\"https:\/\/grabowiec.pl\/ug\/wp-content\/uploads\/2023\/02\/trasa-rowerowa.jpg\" alt=\"\" class=\"wp-image-52\" srcset=\"https:\/\/grabowiec.pl\/ug\/wp-content\/uploads\/2023\/02\/trasa-rowerowa.jpg 2160w, https:\/\/grabowiec.pl\/ug\/wp-content\/uploads\/2023\/02\/trasa-rowerowa-300x210.jpg 300w, https:\/\/grabowiec.pl\/ug\/wp-content\/uploads\/2023\/02\/trasa-rowerowa-1024x717.jpg 1024w, https:\/\/grabowiec.pl\/ug\/wp-content\/uploads\/2023\/02\/trasa-rowerowa-768x538.jpg 768w, https:\/\/grabowiec.pl\/ug\/wp-content\/uploads\/2023\/02\/trasa-rowerowa-1536x1075.jpg 1536w, https:\/\/grabowiec.pl\/ug\/wp-content\/uploads\/2023\/02\/trasa-rowerowa-2048x1434.jpg 2048w, https:\/\/grabowiec.pl\/ug\/wp-content\/uploads\/2023\/02\/trasa-rowerowa-429x300.jpg 429w\" sizes=\"auto, (max-width: 2160px) 100vw, 2160px\" \/><\/figure>\n","protected":false},"excerpt":{"rendered":"<p>Szlak \u017c\u00f3\u0142ty:\u201eAria\u0144ski&#8221; o d\u0142ugo\u015bci 64,1 km \u2013przecina Pag\u00f3ry Che\u0142mskie i Dzia\u0142y Grabowieckie, od strony Rejowca &hellip;<\/p>\n","protected":false},"author":1,"featured_media":559,"parent":0,"menu_order":0,"comment_status":"closed","ping_status":"closed","template":"","meta":{"footnotes":""},"class_list":["post-51","page","type-page","status-publish","has-post-thumbnail","hentry"],"yoast_head":"<!-- This site is optimized with the Yoast SEO plugin v27.4 - https:\/\/yoast.com\/product\/yoast-seo-wordpress\/ -->\n<title>Szlaki Turystyczne - GMINA GRABOWIEC<\/title>\n<meta name=\"robots\" content=\"index, follow, max-snippet:-1, max-image-preview:large, max-video-preview:-1\" \/>\n<link rel=\"canonical\" href=\"https:\/\/grabowiec.pl\/ug\/index.php\/szlaki-turystyczne\/\" \/>\n<meta property=\"og:locale\" content=\"pl_PL\" \/>\n<meta property=\"og:type\" content=\"article\" \/>\n<meta property=\"og:title\" content=\"Szlaki Turystyczne - GMINA GRABOWIEC\" \/>\n<meta property=\"og:description\" content=\"Szlak \u017c\u00f3\u0142ty:\u201eAria\u0144ski&#8221; o d\u0142ugo\u015bci 64,1 km \u2013przecina Pag\u00f3ry Che\u0142mskie i Dzia\u0142y Grabowieckie, od strony Rejowca &hellip;\" \/>\n<meta property=\"og:url\" content=\"https:\/\/grabowiec.pl\/ug\/index.php\/szlaki-turystyczne\/\" \/>\n<meta property=\"og:site_name\" content=\"GMINA GRABOWIEC\" \/>\n<meta property=\"article:modified_time\" content=\"2023-02-10T12:54:34+00:00\" \/>\n<meta property=\"og:image\" content=\"https:\/\/grabowiec.pl\/ug\/wp-content\/uploads\/2023\/02\/1310138-01.jpg\" \/>\n\t<meta property=\"og:image:width\" content=\"1642\" \/>\n\t<meta property=\"og:image:height\" content=\"1094\" \/>\n\t<meta property=\"og:image:type\" content=\"image\/jpeg\" \/>\n<meta name=\"twitter:card\" content=\"summary_large_image\" \/>\n<meta name=\"twitter:label1\" content=\"Szacowany czas czytania\" \/>\n\t<meta name=\"twitter:data1\" content=\"2 minuty\" \/>\n<script type=\"application\/ld+json\" class=\"yoast-schema-graph\">{\"@context\":\"https:\\\/\\\/schema.org\",\"@graph\":[{\"@type\":\"WebPage\",\"@id\":\"https:\\\/\\\/grabowiec.pl\\\/ug\\\/index.php\\\/szlaki-turystyczne\\\/\",\"url\":\"https:\\\/\\\/grabowiec.pl\\\/ug\\\/index.php\\\/szlaki-turystyczne\\\/\",\"name\":\"Szlaki Turystyczne - GMINA GRABOWIEC\",\"isPartOf\":{\"@id\":\"https:\\\/\\\/grabowiec.pl\\\/ug\\\/#website\"},\"primaryImageOfPage\":{\"@id\":\"https:\\\/\\\/grabowiec.pl\\\/ug\\\/index.php\\\/szlaki-turystyczne\\\/#primaryimage\"},\"image\":{\"@id\":\"https:\\\/\\\/grabowiec.pl\\\/ug\\\/index.php\\\/szlaki-turystyczne\\\/#primaryimage\"},\"thumbnailUrl\":\"https:\\\/\\\/grabowiec.pl\\\/ug\\\/wp-content\\\/uploads\\\/2023\\\/02\\\/1310138-01.jpg\",\"datePublished\":\"2023-02-08T08:27:56+00:00\",\"dateModified\":\"2023-02-10T12:54:34+00:00\",\"breadcrumb\":{\"@id\":\"https:\\\/\\\/grabowiec.pl\\\/ug\\\/index.php\\\/szlaki-turystyczne\\\/#breadcrumb\"},\"inLanguage\":\"pl-PL\",\"potentialAction\":[{\"@type\":\"ReadAction\",\"target\":[\"https:\\\/\\\/grabowiec.pl\\\/ug\\\/index.php\\\/szlaki-turystyczne\\\/\"]}]},{\"@type\":\"ImageObject\",\"inLanguage\":\"pl-PL\",\"@id\":\"https:\\\/\\\/grabowiec.pl\\\/ug\\\/index.php\\\/szlaki-turystyczne\\\/#primaryimage\",\"url\":\"https:\\\/\\\/grabowiec.pl\\\/ug\\\/wp-content\\\/uploads\\\/2023\\\/02\\\/1310138-01.jpg\",\"contentUrl\":\"https:\\\/\\\/grabowiec.pl\\\/ug\\\/wp-content\\\/uploads\\\/2023\\\/02\\\/1310138-01.jpg\",\"width\":1642,\"height\":1094},{\"@type\":\"BreadcrumbList\",\"@id\":\"https:\\\/\\\/grabowiec.pl\\\/ug\\\/index.php\\\/szlaki-turystyczne\\\/#breadcrumb\",\"itemListElement\":[{\"@type\":\"ListItem\",\"position\":1,\"name\":\"Strona g\u0142\u00f3wna\",\"item\":\"https:\\\/\\\/grabowiec.pl\\\/ug\\\/\"},{\"@type\":\"ListItem\",\"position\":2,\"name\":\"Szlaki Turystyczne\"}]},{\"@type\":\"WebSite\",\"@id\":\"https:\\\/\\\/grabowiec.pl\\\/ug\\\/#website\",\"url\":\"https:\\\/\\\/grabowiec.pl\\\/ug\\\/\",\"name\":\"GMINA GRABOWIEC\",\"description\":\"\",\"publisher\":{\"@id\":\"https:\\\/\\\/grabowiec.pl\\\/ug\\\/#organization\"},\"potentialAction\":[{\"@type\":\"SearchAction\",\"target\":{\"@type\":\"EntryPoint\",\"urlTemplate\":\"https:\\\/\\\/grabowiec.pl\\\/ug\\\/?s={search_term_string}\"},\"query-input\":{\"@type\":\"PropertyValueSpecification\",\"valueRequired\":true,\"valueName\":\"search_term_string\"}}],\"inLanguage\":\"pl-PL\"},{\"@type\":\"Organization\",\"@id\":\"https:\\\/\\\/grabowiec.pl\\\/ug\\\/#organization\",\"name\":\"GMINA GRABOWIEC\",\"url\":\"https:\\\/\\\/grabowiec.pl\\\/ug\\\/\",\"logo\":{\"@type\":\"ImageObject\",\"inLanguage\":\"pl-PL\",\"@id\":\"https:\\\/\\\/grabowiec.pl\\\/ug\\\/#\\\/schema\\\/logo\\\/image\\\/\",\"url\":\"https:\\\/\\\/grabowiec.pl\\\/ug\\\/wp-content\\\/uploads\\\/2023\\\/02\\\/grab-herb.png\",\"contentUrl\":\"https:\\\/\\\/grabowiec.pl\\\/ug\\\/wp-content\\\/uploads\\\/2023\\\/02\\\/grab-herb.png\",\"width\":500,\"height\":600,\"caption\":\"GMINA GRABOWIEC\"},\"image\":{\"@id\":\"https:\\\/\\\/grabowiec.pl\\\/ug\\\/#\\\/schema\\\/logo\\\/image\\\/\"}}]}<\/script>\n<!-- \/ Yoast SEO plugin. -->","yoast_head_json":{"title":"Szlaki Turystyczne - GMINA GRABOWIEC","robots":{"index":"index","follow":"follow","max-snippet":"max-snippet:-1","max-image-preview":"max-image-preview:large","max-video-preview":"max-video-preview:-1"},"canonical":"https:\/\/grabowiec.pl\/ug\/index.php\/szlaki-turystyczne\/","og_locale":"pl_PL","og_type":"article","og_title":"Szlaki Turystyczne - GMINA GRABOWIEC","og_description":"Szlak \u017c\u00f3\u0142ty:\u201eAria\u0144ski&#8221; o d\u0142ugo\u015bci 64,1 km \u2013przecina Pag\u00f3ry Che\u0142mskie i Dzia\u0142y Grabowieckie, od strony Rejowca &hellip;","og_url":"https:\/\/grabowiec.pl\/ug\/index.php\/szlaki-turystyczne\/","og_site_name":"GMINA GRABOWIEC","article_modified_time":"2023-02-10T12:54:34+00:00","og_image":[{"width":1642,"height":1094,"url":"https:\/\/grabowiec.pl\/ug\/wp-content\/uploads\/2023\/02\/1310138-01.jpg","type":"image\/jpeg"}],"twitter_card":"summary_large_image","twitter_misc":{"Szacowany czas czytania":"2 minuty"},"schema":{"@context":"https:\/\/schema.org","@graph":[{"@type":"WebPage","@id":"https:\/\/grabowiec.pl\/ug\/index.php\/szlaki-turystyczne\/","url":"https:\/\/grabowiec.pl\/ug\/index.php\/szlaki-turystyczne\/","name":"Szlaki Turystyczne - GMINA GRABOWIEC","isPartOf":{"@id":"https:\/\/grabowiec.pl\/ug\/#website"},"primaryImageOfPage":{"@id":"https:\/\/grabowiec.pl\/ug\/index.php\/szlaki-turystyczne\/#primaryimage"},"image":{"@id":"https:\/\/grabowiec.pl\/ug\/index.php\/szlaki-turystyczne\/#primaryimage"},"thumbnailUrl":"https:\/\/grabowiec.pl\/ug\/wp-content\/uploads\/2023\/02\/1310138-01.jpg","datePublished":"2023-02-08T08:27:56+00:00","dateModified":"2023-02-10T12:54:34+00:00","breadcrumb":{"@id":"https:\/\/grabowiec.pl\/ug\/index.php\/szlaki-turystyczne\/#breadcrumb"},"inLanguage":"pl-PL","potentialAction":[{"@type":"ReadAction","target":["https:\/\/grabowiec.pl\/ug\/index.php\/szlaki-turystyczne\/"]}]},{"@type":"ImageObject","inLanguage":"pl-PL","@id":"https:\/\/grabowiec.pl\/ug\/index.php\/szlaki-turystyczne\/#primaryimage","url":"https:\/\/grabowiec.pl\/ug\/wp-content\/uploads\/2023\/02\/1310138-01.jpg","contentUrl":"https:\/\/grabowiec.pl\/ug\/wp-content\/uploads\/2023\/02\/1310138-01.jpg","width":1642,"height":1094},{"@type":"BreadcrumbList","@id":"https:\/\/grabowiec.pl\/ug\/index.php\/szlaki-turystyczne\/#breadcrumb","itemListElement":[{"@type":"ListItem","position":1,"name":"Strona g\u0142\u00f3wna","item":"https:\/\/grabowiec.pl\/ug\/"},{"@type":"ListItem","position":2,"name":"Szlaki Turystyczne"}]},{"@type":"WebSite","@id":"https:\/\/grabowiec.pl\/ug\/#website","url":"https:\/\/grabowiec.pl\/ug\/","name":"GMINA GRABOWIEC","description":"","publisher":{"@id":"https:\/\/grabowiec.pl\/ug\/#organization"},"potentialAction":[{"@type":"SearchAction","target":{"@type":"EntryPoint","urlTemplate":"https:\/\/grabowiec.pl\/ug\/?s={search_term_string}"},"query-input":{"@type":"PropertyValueSpecification","valueRequired":true,"valueName":"search_term_string"}}],"inLanguage":"pl-PL"},{"@type":"Organization","@id":"https:\/\/grabowiec.pl\/ug\/#organization","name":"GMINA GRABOWIEC","url":"https:\/\/grabowiec.pl\/ug\/","logo":{"@type":"ImageObject","inLanguage":"pl-PL","@id":"https:\/\/grabowiec.pl\/ug\/#\/schema\/logo\/image\/","url":"https:\/\/grabowiec.pl\/ug\/wp-content\/uploads\/2023\/02\/grab-herb.png","contentUrl":"https:\/\/grabowiec.pl\/ug\/wp-content\/uploads\/2023\/02\/grab-herb.png","width":500,"height":600,"caption":"GMINA GRABOWIEC"},"image":{"@id":"https:\/\/grabowiec.pl\/ug\/#\/schema\/logo\/image\/"}}]}},"_links":{"self":[{"href":"https:\/\/grabowiec.pl\/ug\/index.php\/wp-json\/wp\/v2\/pages\/51","targetHints":{"allow":["GET"]}}],"collection":[{"href":"https:\/\/grabowiec.pl\/ug\/index.php\/wp-json\/wp\/v2\/pages"}],"about":[{"href":"https:\/\/grabowiec.pl\/ug\/index.php\/wp-json\/wp\/v2\/types\/page"}],"author":[{"embeddable":true,"href":"https:\/\/grabowiec.pl\/ug\/index.php\/wp-json\/wp\/v2\/users\/1"}],"replies":[{"embeddable":true,"href":"https:\/\/grabowiec.pl\/ug\/index.php\/wp-json\/wp\/v2\/comments?post=51"}],"version-history":[{"count":1,"href":"https:\/\/grabowiec.pl\/ug\/index.php\/wp-json\/wp\/v2\/pages\/51\/revisions"}],"predecessor-version":[{"id":53,"href":"https:\/\/grabowiec.pl\/ug\/index.php\/wp-json\/wp\/v2\/pages\/51\/revisions\/53"}],"wp:featuredmedia":[{"embeddable":true,"href":"https:\/\/grabowiec.pl\/ug\/index.php\/wp-json\/wp\/v2\/media\/559"}],"wp:attachment":[{"href":"https:\/\/grabowiec.pl\/ug\/index.php\/wp-json\/wp\/v2\/media?parent=51"}],"curies":[{"name":"wp","href":"https:\/\/api.w.org\/{rel}","templated":true}]}}