{"id":61,"date":"2023-02-08T09:37:05","date_gmt":"2023-02-08T08:37:05","guid":{"rendered":"https:\/\/grabowiec.pl\/ug\/?page_id=61"},"modified":"2023-02-10T13:44:36","modified_gmt":"2023-02-10T12:44:36","slug":"ewidencja-obiektow-turystycznych","status":"publish","type":"page","link":"https:\/\/grabowiec.pl\/ug\/index.php\/ewidencja-obiektow-turystycznych\/","title":{"rendered":"Ewidencja Obiekt\u00f3w Turystycznych"},"content":{"rendered":"\n<figure class=\"wp-block-image size-full\"><img loading=\"lazy\" decoding=\"async\" width=\"1620\" height=\"1080\" src=\"https:\/\/grabowiec.pl\/ug\/wp-content\/uploads\/2023\/02\/wygon.jpg\" alt=\"\" class=\"wp-image-63\" srcset=\"https:\/\/grabowiec.pl\/ug\/wp-content\/uploads\/2023\/02\/wygon.jpg 1620w, https:\/\/grabowiec.pl\/ug\/wp-content\/uploads\/2023\/02\/wygon-300x200.jpg 300w, https:\/\/grabowiec.pl\/ug\/wp-content\/uploads\/2023\/02\/wygon-1024x683.jpg 1024w, https:\/\/grabowiec.pl\/ug\/wp-content\/uploads\/2023\/02\/wygon-768x512.jpg 768w, https:\/\/grabowiec.pl\/ug\/wp-content\/uploads\/2023\/02\/wygon-1536x1024.jpg 1536w, https:\/\/grabowiec.pl\/ug\/wp-content\/uploads\/2023\/02\/wygon-450x300.jpg 450w\" sizes=\"auto, (max-width: 1620px) 100vw, 1620px\" \/><\/figure>\n\n\n\n<p>Osoby \u015bwiadcz\u0105ce us\u0142ugi hotelarskie w innych obiektach ni\u017c obiekty hotelarskie o kt\u00f3rych mowa w art. 35 ust 1 i art. 36 Ustawy z dnia 29 sierpnia 1997r. o us\u0142ugach turystycznych (Dz. U. z 2019, poz. 238) zobowi\u0105zane s\u0105 przed rozpocz\u0119ciem dzia\u0142alno\u015bci zg\u0142osi\u0107 taki obiekt do ewidencji prowadzonej w gminie w\u0142a\u015bciwej ze wzgl\u0119du na miejsce po\u0142o\u017cenia obiektu.<\/p>\n\n\n\n<p>Obowi\u0105zek ten dotyczy:<\/p>\n\n\n\n<p>przedsi\u0119biorcy, kt\u00f3ry zamierza \u015bwiadczy\u0107 us\u0142ugi hotelarskie w innym obiekcie &#8211; nieb\u0119d\u0105cym obiektem hotelarskim (hotelem, motelem, pensjonatem, kempingiem, domem wycieczkowym, schroniskiem, schroniskiem m\u0142odzie\u017cowym, polem biwakowym )<br>rolnika zamierzaj\u0105cego \u015bwiadczy\u0107 us\u0142ugi hotelarskie w gospodarstwie rolnym.<\/p>\n\n\n\n<p>WPIS DO EWIDENCJI OBIEKT\u00d3W INNYCH \u015aWIADCZ\u0104CYCH US\u0141UGI HOTELARSKIE \u2013 OBIEKTU NIEB\u0118D\u0104CEGO OBIEKTEM HOTELARSKIM<\/p>\n\n\n\n<p>PODSTAWA PRAWNA<\/p>\n\n\n\n<p>Ustawa z dnia 29 sierpnia 1997 r. o us\u0142ugach hotelarskich oraz us\u0142ugach pilot\u00f3w wycieczek i przewodnik\u00f3w turystycznych (Dz. U. z 2019 r. poz.238)<br>Rozporz\u0105dzenie Ministra Gospodarki i Pracy z dnia 19 sierpnia 2004 w sprawie obiekt\u00f3w hotelarskich i innych obiekt\u00f3w, w kt\u00f3rych s\u0105 \u015bwiadczone us\u0142ugi hotelarskie (Dz. U. z 2017 r. Poz.2166)<br>MIEJSCE SK\u0141ADANIA WNIOSK\u00d3W<br>Urz\u0105d Gminy Grabowiec, ul. Rynek 3, 22-425 Grabowiec, pok. 13<\/p>\n\n\n\n<p>WYMAGANE DOKUMENTY<\/p>\n\n\n\n<p>Wniosek o dokonanie wpisu do ewidencji innych obiekt\u00f3w \u015bwiadcz\u0105cych us\u0142ugi hotelarskie,<br>Opis obiektu \u2013 za\u0142\u0105cznik Nr 1 do wniosku,<br>Deklaracj\u0119 dotycz\u0105c\u0105 spe\u0142niania minimalnych wymaga\u0144, co do wyposa\u017cenia dla obiekt\u00f3w \u015bwiadcz\u0105cych us\u0142ugi hotelarskie, nieb\u0119d\u0105cych obiektami hotelarskimi oraz p\u00f3l biwakowych na terenie Gminy Grabowiec \u2013 za\u0142\u0105cznik nr 2 do wniosku,<br>Dow\u00f3d zap\u0142aty nale\u017cnej op\u0142aty skarbowej \u2013 w przypadku \u017c\u0105dania wydania za\u015bwiadczenia o wpisie do ewidencji innych obiekt\u00f3w, w kt\u00f3rych \u015bwiadczone s\u0105 us\u0142ugi hotelarskie na terenie gminy Grabowiec.<br>dodatkowo w przypadku os\u00f3b prowadz\u0105cych dzia\u0142alno\u015b\u0107 gospodarcz\u0105:<br>Kserokopi\u0119 za\u015bwiadczenia o numerze identyfikacyjnym REGON, wydanego przez w\u0142a\u015bciwy urz\u0105d statystyczny,<br>Kserokopi\u0119 odpisu z Krajowego Rejestru S\u0105dowego lub za\u015bwiadczenia o wpisie do ewidencji dzia\u0142alno\u015bci gospodarczej<\/p>\n\n\n\n<p>SPOS\u00d3B ZA\u0141ATWIENIA SPRAWY<br>Wpis obiektu do ewidencji dokonywany jest w ci\u0105gu 7 dni od daty otrzymania wniosku. Po dokonaniu wpisu, na \u017c\u0105danie wnioskodawcy wydawane jest potwierdzenie wpisu do ewidencji innych obiekt\u00f3w (za\u015bwiadczenia), w kt\u00f3rych \u015bwiadczone s\u0105 us\u0142ugi hotelarskie.<br>TRYB ODWO\u0141AWCZY<\/p>\n\n\n\n<p>Od decyzji o odmowie wpisu przys\u0142uguje odwo\u0142anie do Samorz\u0105dowego Kolegium Odwo\u0142awczego w Zamo\u015bciu za po\u015brednictwem organu, kt\u00f3ry wyda\u0142 decyzje w terminie 14 dni od daty otrzymania decyzji. Podstaw\u0105 odmowy wpisu do ewidencji innych obiekt\u00f3w hotelarskich s\u0105 braki formalne wniosku, nieuzupe\u0142nione w terminie 7 dni od wezwania do ich usuni\u0119cia. Odmowa wpisu w tym przypadku wydawana jest w formie informacji o pozostawieniu wniosku bez rozpoznania.<\/p>\n\n\n\n<p>OP\u0141ATA<br>Wpis do ewidencji jest bezp\u0142atny.<\/p>\n\n\n\n<p>Op\u0142ata skarbowa 17,00 PLN ( za wydane za\u015bwiadczenie na podstawie art. 1 ust. 1 pkt 1 lit. b ustawy z dnia 16 listopada 2006 roku o op\u0142acie skarbowej (Dz. U. z 2019r. poz. 1000) &#8211; za\u015bwiadczenie wydaje si\u0119 na pisemny wniosek.<\/p>\n\n\n\n<p>INNE INFORMACJE<br>Na terenie Gminy Grabowiec ewidencj\u0119 obiekt\u00f3w \u015bwiadcz\u0105cych us\u0142ugi hotelarskie nie b\u0119d\u0105cych obiektami hotelarskimi oraz ewidencj\u0119 p\u00f3l biwakowych prowadzi W\u00f3jt Gminy Grabowiec. Ewidencja ta nie obejmuje nast\u0119puj\u0105cych obiekt\u00f3w hotelarskich: hoteli, moteli, pensjonat\u00f3w, kemping\u00f3w, dom\u00f3w wycieczkowych, schronisk i schronisk m\u0142odzie\u017cowych.<\/p>\n\n\n\n<p>W my\u015bl \u00a7 16 ust. 2 rozporz\u0105dzenia Ministra Gospodarki i Pracy z dnia 19 sierpnia 2004r. w sprawie obiekt\u00f3w hotelarskich i innych obiekt\u00f3w, w kt\u00f3rych s\u0105 \u015bwiadczone us\u0142ugi hotelarskie (Dz. U. z 2017r. poz.2166) karta ewidencyjna obiektu zawiera:<\/p>\n\n\n\n<p>okre\u015blenie przedsi\u0119biorcy, adres siedziby, a w przypadku gdy przedsi\u0119biorc\u0105 jest osoba fizyczna \u2013 adres zamieszkania,<br>nazw\u0119 i adres obiektu,<br>informacj\u0119 o sta\u0142ym lub sezonowym charakterze \u015bwiadczonych us\u0142ug (wraz z podaniem czasu trwania sezonu),<br>informacje o liczbie miejsc noclegowych.<br>Zgodnie z \u00a7 13 ust. 1 i 2 ww. rozporz\u0105dzenia Ewidencja Obiekt\u00f3w Hotelarskich jest jawna, z wyj\u0105tkiem informacji o przeprowadzonych kontrolach i ocenach spe\u0142niania wymaga\u0144 dla rodzaju i kategorii obiektu, przy czym karty ewidencyjne obiekt\u00f3w mog\u0105 by\u0107 udost\u0119pniane do wgl\u0105du w obecno\u015bci osoby uprawnionej do prowadzenia ewidencji.<\/p>\n\n\n\n<p>Dane z Ewidencji udost\u0119pniane s\u0105 zgodnie z postanowieniami art. 10 ustawy z dnia 6 wrze\u015bnia 2001r. o dost\u0119pie do informacji publicznej (Dz.U. z 2019 r. poz. 1429) na wniosek lub je\u017celi charakter danych umo\u017cliwia ich niezw\u0142oczne udost\u0119pnienie, to s\u0105 udost\u0119pniane w formie ustnej lub pisemnej bez pisemnego wniosku.<\/p>\n\n\n\n<p>Przedsi\u0119biorca \u015bwiadcz\u0105cy w\/w us\u0142ugi zg\u0142asza do ewidencji innych obiekt\u00f3w, w kt\u00f3rych \u015bwiadczone s\u0105 us\u0142ugi hotelarskie pisemnie informacj\u0119 o ( za\u0142\u0105cznik nr 3):<\/p>\n\n\n\n<p>uzyskaniu decyzji marsza\u0142ka wojew\u00f3dztwa o zaszeregowaniu obiektu do rodzaju i nadaniu kategorii,<br>zmianie dzia\u0142alno\u015bci sezonowej na sta\u0142\u0105 lub sta\u0142ej na sezonow\u0105,<br>zmianie liczby miejsc noclegowych, liczby jednostek mieszkalnych, zmianie ich struktury, zmianie numeru telefonu, a tak\u017ce &#8211; o ile obiekt posiada &#8211; o zmianie numeru faksu, adresu poczty elektronicznej oraz adresu strony internetowej,<br>zmianie zakresu \u015bwiadczonych us\u0142ug, w tym gastronomicznych,<br>zaprzestaniu \u015bwiadczenia us\u0142ug hotelarskich ( za\u0142\u0105cznik nr 4 ).<\/p>\n\n\n\n<p class=\"has-large-font-size\"><strong>ZA\u0141\u0104CZNIKI:<\/strong><\/p>\n\n\n\n<p><em><a href=\"https:\/\/grabowiec.pl\/ug\/wp-content\/uploads\/2023\/02\/Ewidencja-Obiektow-Turystycznych-podstawowe-informacje.pdf\" target=\"_blank\" rel=\"noreferrer noopener\">Ewidencja Obiektow Turystycznych &#8211; podstawowe informacje<\/a><\/em><\/p>\n\n\n\n<p><em><a href=\"https:\/\/grabowiec.pl\/ug\/wp-content\/uploads\/2023\/02\/Zalacznik-nr-1-do-wniosku-Opis-obiektu.pdf\" target=\"_blank\" rel=\"noreferrer noopener\">Zalacznik nr 1 do wniosku Opis obiektu<\/a><\/em><\/p>\n\n\n\n<p><em><a href=\"https:\/\/grabowiec.pl\/ug\/wp-content\/uploads\/2023\/02\/Zalacznik-nr-1-do-zarzadzenia-wniosek-o-dokonanie-wpisu-do-ewidencji.pdf\" data-type=\"URL\" data-id=\"https:\/\/grabowiec.pl\/ug\/wp-content\/uploads\/2023\/02\/Zalacznik-nr-1-do-zarzadzenia-wniosek-o-dokonanie-wpisu-do-ewidencji.pdf\" target=\"_blank\" rel=\"noreferrer noopener\">Zalacznik nr 1 do zarz\u0105dzenia wniosek o dokonanie wpisu do ewidencji <\/a><\/em><\/p>\n\n\n\n<p><em><a href=\"https:\/\/grabowiec.pl\/ug\/wp-content\/uploads\/2023\/02\/Zalacznik-nr-2-do-wniosku-deklaracia-_spelniania.pdf\" target=\"_blank\" rel=\"noreferrer noopener\">Zalacznik nr 2 do wniosku deklaracia  spe\u0142niania<\/a><\/em><\/p>\n\n\n\n<p><em><a href=\"https:\/\/grabowiec.pl\/ug\/wp-content\/uploads\/2023\/02\/Zalacznik-nr-3-Zmiana-we-wpisie.pdf\" target=\"_blank\" rel=\"noreferrer noopener\">Zalacznik nr 3 Zmiana we wpisie<\/a><\/em><\/p>\n\n\n\n<p><em><a href=\"https:\/\/grabowiec.pl\/ug\/wp-content\/uploads\/2023\/02\/Zalacznik-nr-4-Zawiadomienie-o-zakonczeniu-swiadczenia-uslug.pdf\" target=\"_blank\" rel=\"noreferrer noopener\">Zalacznik nr 4 Zawiadomienie o zako\u0144czeniu \u015bwiadczenia us\u0142ug<\/a><\/em><\/p>\n\n\n\n<p><\/p>\n\n\n\n<p><\/p>\n","protected":false},"excerpt":{"rendered":"<p>Osoby \u015bwiadcz\u0105ce us\u0142ugi hotelarskie w innych obiektach ni\u017c obiekty hotelarskie o kt\u00f3rych mowa w art. &hellip;<\/p>\n","protected":false},"author":1,"featured_media":550,"parent":0,"menu_order":0,"comment_status":"closed","ping_status":"closed","template":"","meta":{"footnotes":""},"class_list":["post-61","page","type-page","status-publish","has-post-thumbnail","hentry"],"yoast_head":"<!-- This site is optimized with the Yoast SEO plugin v27.5 - https:\/\/yoast.com\/product\/yoast-seo-wordpress\/ -->\n<title>Ewidencja Obiekt\u00f3w Turystycznych - GMINA GRABOWIEC<\/title>\n<meta name=\"robots\" content=\"index, follow, max-snippet:-1, max-image-preview:large, max-video-preview:-1\" \/>\n<link rel=\"canonical\" href=\"https:\/\/grabowiec.pl\/ug\/index.php\/ewidencja-obiektow-turystycznych\/\" \/>\n<meta property=\"og:locale\" content=\"pl_PL\" \/>\n<meta property=\"og:type\" content=\"article\" \/>\n<meta property=\"og:title\" content=\"Ewidencja Obiekt\u00f3w Turystycznych - GMINA GRABOWIEC\" \/>\n<meta property=\"og:description\" content=\"Osoby \u015bwiadcz\u0105ce us\u0142ugi hotelarskie w innych obiektach ni\u017c obiekty hotelarskie o kt\u00f3rych mowa w art. &hellip;\" \/>\n<meta property=\"og:url\" content=\"https:\/\/grabowiec.pl\/ug\/index.php\/ewidencja-obiektow-turystycznych\/\" \/>\n<meta property=\"og:site_name\" content=\"GMINA GRABOWIEC\" \/>\n<meta property=\"article:modified_time\" content=\"2023-02-10T12:44:36+00:00\" \/>\n<meta property=\"og:image\" content=\"https:\/\/grabowiec.pl\/ug\/wp-content\/uploads\/2023\/02\/20210511113121-01.jpg\" \/>\n\t<meta property=\"og:image:width\" content=\"1613\" \/>\n\t<meta property=\"og:image:height\" content=\"1210\" \/>\n\t<meta property=\"og:image:type\" content=\"image\/jpeg\" \/>\n<meta name=\"twitter:card\" content=\"summary_large_image\" \/>\n<meta name=\"twitter:label1\" content=\"Szacowany czas czytania\" \/>\n\t<meta name=\"twitter:data1\" content=\"5 minut\" \/>\n<script type=\"application\/ld+json\" class=\"yoast-schema-graph\">{\"@context\":\"https:\\\/\\\/schema.org\",\"@graph\":[{\"@type\":\"WebPage\",\"@id\":\"https:\\\/\\\/grabowiec.pl\\\/ug\\\/index.php\\\/ewidencja-obiektow-turystycznych\\\/\",\"url\":\"https:\\\/\\\/grabowiec.pl\\\/ug\\\/index.php\\\/ewidencja-obiektow-turystycznych\\\/\",\"name\":\"Ewidencja Obiekt\u00f3w Turystycznych - GMINA GRABOWIEC\",\"isPartOf\":{\"@id\":\"https:\\\/\\\/grabowiec.pl\\\/ug\\\/#website\"},\"primaryImageOfPage\":{\"@id\":\"https:\\\/\\\/grabowiec.pl\\\/ug\\\/index.php\\\/ewidencja-obiektow-turystycznych\\\/#primaryimage\"},\"image\":{\"@id\":\"https:\\\/\\\/grabowiec.pl\\\/ug\\\/index.php\\\/ewidencja-obiektow-turystycznych\\\/#primaryimage\"},\"thumbnailUrl\":\"https:\\\/\\\/grabowiec.pl\\\/ug\\\/wp-content\\\/uploads\\\/2023\\\/02\\\/20210511113121-01.jpg\",\"datePublished\":\"2023-02-08T08:37:05+00:00\",\"dateModified\":\"2023-02-10T12:44:36+00:00\",\"breadcrumb\":{\"@id\":\"https:\\\/\\\/grabowiec.pl\\\/ug\\\/index.php\\\/ewidencja-obiektow-turystycznych\\\/#breadcrumb\"},\"inLanguage\":\"pl-PL\",\"potentialAction\":[{\"@type\":\"ReadAction\",\"target\":[\"https:\\\/\\\/grabowiec.pl\\\/ug\\\/index.php\\\/ewidencja-obiektow-turystycznych\\\/\"]}]},{\"@type\":\"ImageObject\",\"inLanguage\":\"pl-PL\",\"@id\":\"https:\\\/\\\/grabowiec.pl\\\/ug\\\/index.php\\\/ewidencja-obiektow-turystycznych\\\/#primaryimage\",\"url\":\"https:\\\/\\\/grabowiec.pl\\\/ug\\\/wp-content\\\/uploads\\\/2023\\\/02\\\/20210511113121-01.jpg\",\"contentUrl\":\"https:\\\/\\\/grabowiec.pl\\\/ug\\\/wp-content\\\/uploads\\\/2023\\\/02\\\/20210511113121-01.jpg\",\"width\":1613,\"height\":1210},{\"@type\":\"BreadcrumbList\",\"@id\":\"https:\\\/\\\/grabowiec.pl\\\/ug\\\/index.php\\\/ewidencja-obiektow-turystycznych\\\/#breadcrumb\",\"itemListElement\":[{\"@type\":\"ListItem\",\"position\":1,\"name\":\"Strona g\u0142\u00f3wna\",\"item\":\"https:\\\/\\\/grabowiec.pl\\\/ug\\\/\"},{\"@type\":\"ListItem\",\"position\":2,\"name\":\"Ewidencja Obiekt\u00f3w Turystycznych\"}]},{\"@type\":\"WebSite\",\"@id\":\"https:\\\/\\\/grabowiec.pl\\\/ug\\\/#website\",\"url\":\"https:\\\/\\\/grabowiec.pl\\\/ug\\\/\",\"name\":\"GMINA GRABOWIEC\",\"description\":\"\",\"publisher\":{\"@id\":\"https:\\\/\\\/grabowiec.pl\\\/ug\\\/#organization\"},\"potentialAction\":[{\"@type\":\"SearchAction\",\"target\":{\"@type\":\"EntryPoint\",\"urlTemplate\":\"https:\\\/\\\/grabowiec.pl\\\/ug\\\/?s={search_term_string}\"},\"query-input\":{\"@type\":\"PropertyValueSpecification\",\"valueRequired\":true,\"valueName\":\"search_term_string\"}}],\"inLanguage\":\"pl-PL\"},{\"@type\":\"Organization\",\"@id\":\"https:\\\/\\\/grabowiec.pl\\\/ug\\\/#organization\",\"name\":\"GMINA GRABOWIEC\",\"url\":\"https:\\\/\\\/grabowiec.pl\\\/ug\\\/\",\"logo\":{\"@type\":\"ImageObject\",\"inLanguage\":\"pl-PL\",\"@id\":\"https:\\\/\\\/grabowiec.pl\\\/ug\\\/#\\\/schema\\\/logo\\\/image\\\/\",\"url\":\"https:\\\/\\\/grabowiec.pl\\\/ug\\\/wp-content\\\/uploads\\\/2023\\\/02\\\/grab-herb.png\",\"contentUrl\":\"https:\\\/\\\/grabowiec.pl\\\/ug\\\/wp-content\\\/uploads\\\/2023\\\/02\\\/grab-herb.png\",\"width\":500,\"height\":600,\"caption\":\"GMINA GRABOWIEC\"},\"image\":{\"@id\":\"https:\\\/\\\/grabowiec.pl\\\/ug\\\/#\\\/schema\\\/logo\\\/image\\\/\"}}]}<\/script>\n<!-- \/ Yoast SEO plugin. -->","yoast_head_json":{"title":"Ewidencja Obiekt\u00f3w Turystycznych - GMINA GRABOWIEC","robots":{"index":"index","follow":"follow","max-snippet":"max-snippet:-1","max-image-preview":"max-image-preview:large","max-video-preview":"max-video-preview:-1"},"canonical":"https:\/\/grabowiec.pl\/ug\/index.php\/ewidencja-obiektow-turystycznych\/","og_locale":"pl_PL","og_type":"article","og_title":"Ewidencja Obiekt\u00f3w Turystycznych - GMINA GRABOWIEC","og_description":"Osoby \u015bwiadcz\u0105ce us\u0142ugi hotelarskie w innych obiektach ni\u017c obiekty hotelarskie o kt\u00f3rych mowa w art. &hellip;","og_url":"https:\/\/grabowiec.pl\/ug\/index.php\/ewidencja-obiektow-turystycznych\/","og_site_name":"GMINA GRABOWIEC","article_modified_time":"2023-02-10T12:44:36+00:00","og_image":[{"width":1613,"height":1210,"url":"https:\/\/grabowiec.pl\/ug\/wp-content\/uploads\/2023\/02\/20210511113121-01.jpg","type":"image\/jpeg"}],"twitter_card":"summary_large_image","twitter_misc":{"Szacowany czas czytania":"5 minut"},"schema":{"@context":"https:\/\/schema.org","@graph":[{"@type":"WebPage","@id":"https:\/\/grabowiec.pl\/ug\/index.php\/ewidencja-obiektow-turystycznych\/","url":"https:\/\/grabowiec.pl\/ug\/index.php\/ewidencja-obiektow-turystycznych\/","name":"Ewidencja Obiekt\u00f3w Turystycznych - GMINA GRABOWIEC","isPartOf":{"@id":"https:\/\/grabowiec.pl\/ug\/#website"},"primaryImageOfPage":{"@id":"https:\/\/grabowiec.pl\/ug\/index.php\/ewidencja-obiektow-turystycznych\/#primaryimage"},"image":{"@id":"https:\/\/grabowiec.pl\/ug\/index.php\/ewidencja-obiektow-turystycznych\/#primaryimage"},"thumbnailUrl":"https:\/\/grabowiec.pl\/ug\/wp-content\/uploads\/2023\/02\/20210511113121-01.jpg","datePublished":"2023-02-08T08:37:05+00:00","dateModified":"2023-02-10T12:44:36+00:00","breadcrumb":{"@id":"https:\/\/grabowiec.pl\/ug\/index.php\/ewidencja-obiektow-turystycznych\/#breadcrumb"},"inLanguage":"pl-PL","potentialAction":[{"@type":"ReadAction","target":["https:\/\/grabowiec.pl\/ug\/index.php\/ewidencja-obiektow-turystycznych\/"]}]},{"@type":"ImageObject","inLanguage":"pl-PL","@id":"https:\/\/grabowiec.pl\/ug\/index.php\/ewidencja-obiektow-turystycznych\/#primaryimage","url":"https:\/\/grabowiec.pl\/ug\/wp-content\/uploads\/2023\/02\/20210511113121-01.jpg","contentUrl":"https:\/\/grabowiec.pl\/ug\/wp-content\/uploads\/2023\/02\/20210511113121-01.jpg","width":1613,"height":1210},{"@type":"BreadcrumbList","@id":"https:\/\/grabowiec.pl\/ug\/index.php\/ewidencja-obiektow-turystycznych\/#breadcrumb","itemListElement":[{"@type":"ListItem","position":1,"name":"Strona g\u0142\u00f3wna","item":"https:\/\/grabowiec.pl\/ug\/"},{"@type":"ListItem","position":2,"name":"Ewidencja Obiekt\u00f3w Turystycznych"}]},{"@type":"WebSite","@id":"https:\/\/grabowiec.pl\/ug\/#website","url":"https:\/\/grabowiec.pl\/ug\/","name":"GMINA GRABOWIEC","description":"","publisher":{"@id":"https:\/\/grabowiec.pl\/ug\/#organization"},"potentialAction":[{"@type":"SearchAction","target":{"@type":"EntryPoint","urlTemplate":"https:\/\/grabowiec.pl\/ug\/?s={search_term_string}"},"query-input":{"@type":"PropertyValueSpecification","valueRequired":true,"valueName":"search_term_string"}}],"inLanguage":"pl-PL"},{"@type":"Organization","@id":"https:\/\/grabowiec.pl\/ug\/#organization","name":"GMINA GRABOWIEC","url":"https:\/\/grabowiec.pl\/ug\/","logo":{"@type":"ImageObject","inLanguage":"pl-PL","@id":"https:\/\/grabowiec.pl\/ug\/#\/schema\/logo\/image\/","url":"https:\/\/grabowiec.pl\/ug\/wp-content\/uploads\/2023\/02\/grab-herb.png","contentUrl":"https:\/\/grabowiec.pl\/ug\/wp-content\/uploads\/2023\/02\/grab-herb.png","width":500,"height":600,"caption":"GMINA GRABOWIEC"},"image":{"@id":"https:\/\/grabowiec.pl\/ug\/#\/schema\/logo\/image\/"}}]}},"_links":{"self":[{"href":"https:\/\/grabowiec.pl\/ug\/index.php\/wp-json\/wp\/v2\/pages\/61","targetHints":{"allow":["GET"]}}],"collection":[{"href":"https:\/\/grabowiec.pl\/ug\/index.php\/wp-json\/wp\/v2\/pages"}],"about":[{"href":"https:\/\/grabowiec.pl\/ug\/index.php\/wp-json\/wp\/v2\/types\/page"}],"author":[{"embeddable":true,"href":"https:\/\/grabowiec.pl\/ug\/index.php\/wp-json\/wp\/v2\/users\/1"}],"replies":[{"embeddable":true,"href":"https:\/\/grabowiec.pl\/ug\/index.php\/wp-json\/wp\/v2\/comments?post=61"}],"version-history":[{"count":3,"href":"https:\/\/grabowiec.pl\/ug\/index.php\/wp-json\/wp\/v2\/pages\/61\/revisions"}],"predecessor-version":[{"id":72,"href":"https:\/\/grabowiec.pl\/ug\/index.php\/wp-json\/wp\/v2\/pages\/61\/revisions\/72"}],"wp:featuredmedia":[{"embeddable":true,"href":"https:\/\/grabowiec.pl\/ug\/index.php\/wp-json\/wp\/v2\/media\/550"}],"wp:attachment":[{"href":"https:\/\/grabowiec.pl\/ug\/index.php\/wp-json\/wp\/v2\/media?parent=61"}],"curies":[{"name":"wp","href":"https:\/\/api.w.org\/{rel}","templated":true}]}}