{"id":6180,"date":"2026-05-06T09:24:24","date_gmt":"2026-05-06T07:24:24","guid":{"rendered":"https:\/\/grabowiec.pl\/ug\/?page_id=6180"},"modified":"2026-05-06T09:24:25","modified_gmt":"2026-05-06T07:24:25","slug":"osp-kadencja-2021-2026","status":"publish","type":"page","link":"https:\/\/grabowiec.pl\/ug\/index.php\/osp-kadencja-2021-2026\/","title":{"rendered":"OSP &#8211; KADENCJA 2021-2026"},"content":{"rendered":"\n<p class=\"has-text-align-center\"><strong>Stowarzyszenia (OSP)<\/strong><\/p>\n\n\n\n<p class=\"has-text-align-center\"><strong>ZWI\u0104ZEK OCHOTNICZYCH STRA\u017bY PO\u017bARNYCH<\/strong> <strong>RZECZYPOSPOLITEJ POLSKIEJ<\/strong><\/p>\n\n\n\n<p class=\"has-text-align-center\"><strong>OCHOTNICZE STRA\u017bE PO\u017bARNE<\/strong><br>KADENCJA 2021-2026<\/p>\n\n\n\n<hr class=\"wp-block-separator has-alpha-channel-opacity is-style-wide\"\/>\n\n\n\n<p><strong>1. OSP Grabowiec<\/strong><\/p>\n\n\n\n<p><strong>Telefon alarmowy: 502290457<\/strong><br>Siedziba: ul. 700-lecia 4, 22-425 Grabowiec<br>KRS: 0000044688, NIP: 9222410401, REGON: 950437543ROR: Powiatowy Bank Sp\u00f3\u0142dzielczy w Zamo\u015bciu Oddzia\u0142 w Grabowcu&nbsp;\u2013 16 9644 1020 2006 2000 1313 0001<\/p>\n\n\n\n<p><strong>Zarz\u0105d:<\/strong><br>\u2013 Prezes \u2013 Marcin Boczkowski&nbsp;<br>\u2013 Wiceprezes -Naczelnik \u2013 Piotr Boczkowski&nbsp;<br>\u2013 Zastepca naczelnika \u2013 Micha\u0142&nbsp; Kodeniec<br>\u2013 Sekretarz \u2013 Jakub Kalinowski<br>\u2013 Skarbnik \u2013 Damian&nbsp;Se\u0144<\/p>\n\n\n\n<p><strong>2. OSP Grabowiec-G\u00f3ra<\/strong><\/p>\n\n\n\n<p><strong>Telefon alarmowy: 502290458<\/strong>Siedziba: Grabowiec-G\u00f3ra 221, 22-425 GrabowiecKRS: 0000044717, NIP: 9222680075,&nbsp;REGON: 951080209&nbsp;ROR: Powiatowy Bank Sp\u00f3\u0142dzielczy w Zamo\u015bciu Oddzia\u0142 w Grabowcu&nbsp;\u2013 06 9644 1020 2006 2000 1430 0001<\/p>\n\n\n\n<p><strong>Zarz\u0105d:<\/strong><\/p>\n\n\n\n<p>Prezes: G\u0105ska Miros\u0142aw<br>Wiceprezes-Naczelnik: Smo\u0142a Henryk<br>Zast\u0119pca Naczelnika: Orzechowski Kamil<br>Sekretarz: Ho\u0142da\u015b Robert<br>Skarbnik: Surma Marian<\/p>\n\n\n\n<p><strong>3. OSP Ornatowice<\/strong><\/p>\n\n\n\n<p><strong>Telefon alarmowy: 502290461<\/strong>Siedziba: Ornatowice 39, 22-425 Grabowiec KRS: 0000044700,&nbsp;NIP: 9223052783, REGON: 951080244<br>ROR: Powiatowy Bank Sp\u00f3\u0142dzielczy w Zamo\u015bciu Oddzia\u0142 w Grabowcu \u2013 34 9644 1020 2006 2000 2150 0001<\/p>\n\n\n\n<p><strong>Zarz\u0105d:<\/strong><\/p>\n\n\n\n<p>Prezes: Gruszka Andrzej<br>Wiceprezes-Naczelnik: W\u00f3jciuk Krzysztof<br>Wiceprezes-Naczelnik honorowy: Popek Piotr<br>Zast\u0119pca Naczelnika: Greniuk Stanis\u0142aw<br>Sekretarz: Krygiel Karol<br>Skarbnik: W\u00f3jciuk Zbigniew<\/p>\n\n\n\n<p><strong>4. OSP Tucz\u0119py<\/strong><\/p>\n\n\n\n<p><strong>Telefon alarmowy: 501766033<\/strong>Siedziba: Tucz\u0119py 84, 22-425 Grabowiec<br>KRS: 0000044615, NIP: 9223048623, REGON: 951080280<br>ROR: Powiatowy Bank Sp\u00f3\u0142dzielczy w Zamo\u015bciu Oddzia\u0142 w Grabowcu&nbsp;\u2013 84 9644 1020 2006 2000 2147 0001<\/p>\n\n\n\n<p><strong>Zarz\u0105d:<\/strong><br>Prezes: Karczmarczyk Piotr<br>Wiceprezes-Naczelnik: B\u0142a\u017cucki \u0141ukasz<br>Sekretarz: \u017b\u00f3\u0142kiewski Kacper<br>Skarbnik: Siedlecki Piotr<\/p>\n\n\n\n<p><strong>5. OSP Bere\u015b\u0107<\/strong><\/p>\n\n\n\n<p>Siedziba: Bere\u015b\u0107 20A, 22-425 Grabowiec<br>KRS: 0000078102, NIP: 9223057792, REGON: 951080215<br>ROR: Powiatowy Bank Sp\u00f3\u0142dzielczy w Zamo\u015bciu Oddzia\u0142 w Grabowcu&nbsp;\u2013 21 9644 1020 2006 2000 2176 0001<\/p>\n\n\n\n<p><strong>Zarz\u0105d:<\/strong><br>Prezes: Krauze Marcin<br>Wiceprezes-Naczelnik: Korzeniowski Stanis\u0142aw<br>Zast\u0119pca Naczelnika : Kami\u0144ski Jaros\u0142aw<\/p>\n\n\n\n<p>Sekretarz: Kot Mariusz<br>Skarbnik: Szajuk Przemys\u0142aw<br>Gospodarz: Kot Jacek<\/p>\n\n\n\n<p><strong>6. OSP Cieszyn<\/strong><\/p>\n\n\n\n<p>Siedziba: Cieszyn 45, 22-425 Grabowiec<br>KRS: 0000078269, NIP: 9223049864, REGON: 951080221<br>ROR: Powiatowy Bank Sp\u00f3\u0142dzielczy w Zamo\u015bciu Oddzia\u0142 w Grabowcu&nbsp;\u2013 42 9644 1020 2006 2000 2134 0001<\/p>\n\n\n\n<p><strong>Zarz\u0105d:<\/strong><br>Prezes: Juszczak W\u0142odzimierz<br>Wiceprezes-Naczelnik: Woro\u017cbit Alfred<br>Sekretarz: Groszek Kamil<br>Skarbnik: Socha\u0144 Czes\u0142aw<\/p>\n\n\n\n<p><strong>7. OSP Henryk\u00f3wka<\/strong><\/p>\n\n\n\n<p>Siedziba: Henryk\u00f3wka 11, 22-425 Grabowiec<br>KRS: 0000077900, NIP: 9223053216, REGON: 951080327<\/p>\n\n\n\n<p><strong>Zarz\u0105d:<\/strong><br>Prezes: Referda Grzegorz<br>Wiceprezes-Naczelnik: \u0141\u0105cz Ryszard<br>Sekretarz: Danilczuk Stanis\u0142aw<br>Skarbnik: Buczak W\u0142adys\u0142aw<br><br><strong>8. OSP Majdan Tucz\u0119pski<\/strong><\/p>\n\n\n\n<p>Siedziba: Majdan Tucz\u0119pski 25, 22-425 Grabowiec<br>KRS: 0000078016, NIP: 9222496578, REGON: 951067663<\/p>\n\n\n\n<p><strong>Zarz\u0105d:<\/strong><br>Prezes: Adamczuk Mieczys\u0142aw<br>Wiceprezes-Naczelnik: Moskwa \u0141ukasz<br>Wiceprezes: G\u0105tarz Robert<br>Zast\u0119pca Naczelnika: Chmiel Andrzej<br>Sekretarz: Ry\u0144ko Grzegorz<br>Skarbnik: S\u0119d\u0142ak Pawe\u0142<br>Gospodarz: Pszty\u0107 Dariusz<br><br><strong>9. OSP Rog\u00f3w<\/strong><\/p>\n\n\n\n<p>Siedziba: Rog\u00f3w 6, 22-425 Grabowiec<br>KRS: 0000055459, NIP: 9223053044, REGON: 951080190<\/p>\n\n\n\n<p><strong>Zarz\u0105d:<\/strong><br>Prezes: Rod\u017a Tomasz<br>Wiceprezes-Naczelnik: Hordy\u0144ski Andrzej<br>Wiceprezes: Ko\u0142acz Wojciech<br>Sekretarz: Gmitrowicz Mariusz<br>Skarbnik: Koszuta Stanis\u0142aw<br><br><strong>10. OSP Skomorochy Du\u017ce<\/strong><\/p>\n\n\n\n<p>Siedziba: Skomorochy Du\u017ce 26, 22-425 Grabowiec<br>KRS: 0000044670, NIP: 9223052636, REGON: 951080304<\/p>\n\n\n\n<p><strong>Zarz\u0105d:<\/strong><br>Prezes: Krajewski Marian<br>Wiceprezes-Naczelnik: Chuszcz Jerzy Marek<br>Wiceprezes: Adamczuk Edward<br>Zast\u0119pca Naczelnika: Adamczuk Edward Jan<br>Sekretarz: Luchowski Edward<br>Skarbnik: Badach Kazimierz<br>Gospodarz: Luchowski Patryk \u0141ukasz<br>Kronikarz: Grzyb Micha\u0142<br><br><strong>11. OSP Skomorochy Ma\u0142e<\/strong><\/p>\n\n\n\n<p>Siedziba: Skomorochy Ma\u0142e 7, 22-425 Grabowiec<br>KRS: 0000078008, NIP 9223062988, REGON: 951080310<\/p>\n\n\n\n<p><strong>Zarz\u0105d:<\/strong><br>Prezes: Zarek Stanis\u0142aw<br>Wiceprezes-Naczelnik: B\u0142aszczuk Dariusz<br>Sekretarz: Dyrkacz Andrzej<br>Skarbnik: Dzi\u0119giel Wojciech<br>Gospodarz: Kostrubiec Krzysztof<br><br><strong>12. OSP Wolica Ucha\u0144ska<\/strong><\/p>\n\n\n\n<p>Siedziba: Wolica Ucha\u0144ska 41, 22-425 Grabowiec<br>KRS: 0000077772, NIP: 9222678122, REGON: 951080296<\/p>\n\n\n\n<p><strong>Zarz\u0105d:<\/strong><br>Prezes: Tatys Krzysztof<br>Wiceprezes-Naczelnik: Ba\u0142anda S\u0142awomir<br>Sekretarz: Danieluk Rados\u0142aw<br>Skarbnik: Ba\u0142abuch Eugeniusz<br><br><strong>13. OSP W\u00f3lka Tucz\u0119pska<\/strong><\/p>\n\n\n\n<p>Siedziba: W\u00f3lka Tucz\u0119pska 11, 22-425 Grabowiec<br>KRS: 0000077928, NIP: 9223053073, REGON: 951080267<\/p>\n\n\n\n<p><strong>Zarz\u0105d:<\/strong><br>Prezes: Lachowski Tadeusz Ryszard<br>II Wiceprezes: Popek Piotr Pawe\u0142<br>Wiceprezes-Naczelnik: Popek Bartosz Jerzy<br>Sekretarz: \u015awi\u0119toniewski Mariusz<br>Skarbnik: Siembiga Waldemar Aleksander<\/p>\n\n\n\n<p><strong>14. OSP \u017burawl\u00f3w<\/strong><\/p>\n\n\n\n<p>Siedziba: \u017burawl\u00f3w 23, 22-425 Grabowiec<br>KRS: 0000078163, NIP: 9223052932, REGON: 951080250<\/p>\n\n\n\n<p><strong>Zarz\u0105d:<\/strong><br>Prezes: Makuch Marek<br>Wiceprezes-Naczelnik: Jab\u0142o\u0144ski Emil<br>Sekretarz: Kozio\u0142 \u0141ukasz<br>Skarbnik: Badach Dariusz<\/p>\n\n\n\n<p><strong>ODDZIA\u0141 GMINNY W GRABOWCU<\/strong><\/p>\n\n\n\n<p><a><\/a> KADENCJA 2021-2026<\/p>\n\n\n\n<p>Siedziba: ul. Rynek 3, 22-425 Grabowiec<br>Telefon: 846512474, E-mail: <a href=\"mailto:gmina@grabowiec.pl\">gmina@grabowiec.pl<\/a>, <a href=\"mailto:gczk@grabowiec.pl\">gczk@grabowiec.pl<\/a><\/p>\n\n\n\n<p><strong>Zarz\u0105d:<\/strong><br>Prezes: Miros\u0142aw G\u0105ska<br>Komendant Gminny: Bednarczyk Miros\u0142aw<br>Wiceprezes: Kostrubiec Krzysztof<br>Wiceprezes: Popek Bartosz<br>Sekretarz: Smo\u0142a Jaros\u0142aw<br>Skarbnik: Gruszka Andrzej<br>Cz\u0142onek prezydium: Adamczuk Mieczys\u0142aw<br>Cz\u0142onek zarz\u0105du: Boczkowski Piotr<br>Cz\u0142onek zarz\u0105du: Referda Grzegorz<br>Cz\u0142onek zarz\u0105du: Tatys Krzysztof<br>Cz\u0142onek zarz\u0105du: Jab\u0142o\u0144ski Emil<br>Cz\u0142onek zarz\u0105du: Juszczak W\u0142odzimierz<br>Cz\u0142onek zarz\u0105du: Karczmarczyk Piotr<br>Cz\u0142onek zarz\u0105du: Krajewski Marian<br>Cz\u0142onek zarz\u0105du: Krauze Marcin<br>Cz\u0142onek zarz\u0105du: Lachowski Tadeusz<br>Cz\u0142onek zarz\u0105du: Moskwa \u0141ukasz<br>Cz\u0142onek zarz\u0105du: Rod\u017a Tomasz<br>Cz\u0142onek zarz\u0105du: B\u0142a\u017cucki \u0141ukasz<\/p>\n\n\n\n<p class=\"has-text-align-left\"><strong>Komisja Rewizyjna:<\/strong><br>Orzechowski Kamil<br>Popek Piotr<br>W\u00f3jciuk Krzysztof<\/p>\n","protected":false},"excerpt":{"rendered":"<p>Stowarzyszenia (OSP) ZWI\u0104ZEK OCHOTNICZYCH STRA\u017bY PO\u017bARNYCH RZECZYPOSPOLITEJ POLSKIEJ OCHOTNICZE STRA\u017bE PO\u017bARNEKADENCJA 2021-2026 1. OSP Grabowiec &hellip;<\/p>\n","protected":false},"author":1,"featured_media":0,"parent":0,"menu_order":0,"comment_status":"closed","ping_status":"closed","template":"","meta":{"footnotes":""},"class_list":["post-6180","page","type-page","status-publish","hentry"],"yoast_head":"<!-- This site is optimized with the Yoast SEO plugin v27.6 - https:\/\/yoast.com\/product\/yoast-seo-wordpress\/ -->\n<title>OSP - KADENCJA 2021-2026 - GMINA GRABOWIEC<\/title>\n<meta name=\"robots\" content=\"index, follow, max-snippet:-1, max-image-preview:large, max-video-preview:-1\" \/>\n<link rel=\"canonical\" href=\"https:\/\/grabowiec.pl\/ug\/index.php\/osp-kadencja-2021-2026\/\" \/>\n<meta property=\"og:locale\" content=\"pl_PL\" \/>\n<meta property=\"og:type\" content=\"article\" \/>\n<meta property=\"og:title\" content=\"OSP - KADENCJA 2021-2026 - GMINA GRABOWIEC\" \/>\n<meta property=\"og:description\" content=\"Stowarzyszenia (OSP) ZWI\u0104ZEK OCHOTNICZYCH STRA\u017bY PO\u017bARNYCH RZECZYPOSPOLITEJ POLSKIEJ OCHOTNICZE STRA\u017bE PO\u017bARNEKADENCJA 2021-2026 1. OSP Grabowiec &hellip;\" \/>\n<meta property=\"og:url\" content=\"https:\/\/grabowiec.pl\/ug\/index.php\/osp-kadencja-2021-2026\/\" \/>\n<meta property=\"og:site_name\" content=\"GMINA GRABOWIEC\" \/>\n<meta property=\"article:modified_time\" content=\"2026-05-06T07:24:25+00:00\" \/>\n<meta name=\"twitter:card\" content=\"summary_large_image\" \/>\n<meta name=\"twitter:label1\" content=\"Szacowany czas czytania\" \/>\n\t<meta name=\"twitter:data1\" content=\"5 minut\" \/>\n<script type=\"application\/ld+json\" class=\"yoast-schema-graph\">{\"@context\":\"https:\\\/\\\/schema.org\",\"@graph\":[{\"@type\":\"WebPage\",\"@id\":\"https:\\\/\\\/grabowiec.pl\\\/ug\\\/index.php\\\/osp-kadencja-2021-2026\\\/\",\"url\":\"https:\\\/\\\/grabowiec.pl\\\/ug\\\/index.php\\\/osp-kadencja-2021-2026\\\/\",\"name\":\"OSP - KADENCJA 2021-2026 - GMINA GRABOWIEC\",\"isPartOf\":{\"@id\":\"https:\\\/\\\/grabowiec.pl\\\/ug\\\/#website\"},\"datePublished\":\"2026-05-06T07:24:24+00:00\",\"dateModified\":\"2026-05-06T07:24:25+00:00\",\"breadcrumb\":{\"@id\":\"https:\\\/\\\/grabowiec.pl\\\/ug\\\/index.php\\\/osp-kadencja-2021-2026\\\/#breadcrumb\"},\"inLanguage\":\"pl-PL\",\"potentialAction\":[{\"@type\":\"ReadAction\",\"target\":[\"https:\\\/\\\/grabowiec.pl\\\/ug\\\/index.php\\\/osp-kadencja-2021-2026\\\/\"]}]},{\"@type\":\"BreadcrumbList\",\"@id\":\"https:\\\/\\\/grabowiec.pl\\\/ug\\\/index.php\\\/osp-kadencja-2021-2026\\\/#breadcrumb\",\"itemListElement\":[{\"@type\":\"ListItem\",\"position\":1,\"name\":\"Strona g\u0142\u00f3wna\",\"item\":\"https:\\\/\\\/grabowiec.pl\\\/ug\\\/\"},{\"@type\":\"ListItem\",\"position\":2,\"name\":\"OSP &#8211; KADENCJA 2021-2026\"}]},{\"@type\":\"WebSite\",\"@id\":\"https:\\\/\\\/grabowiec.pl\\\/ug\\\/#website\",\"url\":\"https:\\\/\\\/grabowiec.pl\\\/ug\\\/\",\"name\":\"GMINA GRABOWIEC\",\"description\":\"\",\"publisher\":{\"@id\":\"https:\\\/\\\/grabowiec.pl\\\/ug\\\/#organization\"},\"potentialAction\":[{\"@type\":\"SearchAction\",\"target\":{\"@type\":\"EntryPoint\",\"urlTemplate\":\"https:\\\/\\\/grabowiec.pl\\\/ug\\\/?s={search_term_string}\"},\"query-input\":{\"@type\":\"PropertyValueSpecification\",\"valueRequired\":true,\"valueName\":\"search_term_string\"}}],\"inLanguage\":\"pl-PL\"},{\"@type\":\"Organization\",\"@id\":\"https:\\\/\\\/grabowiec.pl\\\/ug\\\/#organization\",\"name\":\"GMINA GRABOWIEC\",\"url\":\"https:\\\/\\\/grabowiec.pl\\\/ug\\\/\",\"logo\":{\"@type\":\"ImageObject\",\"inLanguage\":\"pl-PL\",\"@id\":\"https:\\\/\\\/grabowiec.pl\\\/ug\\\/#\\\/schema\\\/logo\\\/image\\\/\",\"url\":\"https:\\\/\\\/grabowiec.pl\\\/ug\\\/wp-content\\\/uploads\\\/2023\\\/02\\\/grab-herb.png\",\"contentUrl\":\"https:\\\/\\\/grabowiec.pl\\\/ug\\\/wp-content\\\/uploads\\\/2023\\\/02\\\/grab-herb.png\",\"width\":500,\"height\":600,\"caption\":\"GMINA GRABOWIEC\"},\"image\":{\"@id\":\"https:\\\/\\\/grabowiec.pl\\\/ug\\\/#\\\/schema\\\/logo\\\/image\\\/\"}}]}<\/script>\n<!-- \/ Yoast SEO plugin. -->","yoast_head_json":{"title":"OSP - KADENCJA 2021-2026 - GMINA GRABOWIEC","robots":{"index":"index","follow":"follow","max-snippet":"max-snippet:-1","max-image-preview":"max-image-preview:large","max-video-preview":"max-video-preview:-1"},"canonical":"https:\/\/grabowiec.pl\/ug\/index.php\/osp-kadencja-2021-2026\/","og_locale":"pl_PL","og_type":"article","og_title":"OSP - KADENCJA 2021-2026 - GMINA GRABOWIEC","og_description":"Stowarzyszenia (OSP) ZWI\u0104ZEK OCHOTNICZYCH STRA\u017bY PO\u017bARNYCH RZECZYPOSPOLITEJ POLSKIEJ OCHOTNICZE STRA\u017bE PO\u017bARNEKADENCJA 2021-2026 1. OSP Grabowiec &hellip;","og_url":"https:\/\/grabowiec.pl\/ug\/index.php\/osp-kadencja-2021-2026\/","og_site_name":"GMINA GRABOWIEC","article_modified_time":"2026-05-06T07:24:25+00:00","twitter_card":"summary_large_image","twitter_misc":{"Szacowany czas czytania":"5 minut"},"schema":{"@context":"https:\/\/schema.org","@graph":[{"@type":"WebPage","@id":"https:\/\/grabowiec.pl\/ug\/index.php\/osp-kadencja-2021-2026\/","url":"https:\/\/grabowiec.pl\/ug\/index.php\/osp-kadencja-2021-2026\/","name":"OSP - KADENCJA 2021-2026 - GMINA GRABOWIEC","isPartOf":{"@id":"https:\/\/grabowiec.pl\/ug\/#website"},"datePublished":"2026-05-06T07:24:24+00:00","dateModified":"2026-05-06T07:24:25+00:00","breadcrumb":{"@id":"https:\/\/grabowiec.pl\/ug\/index.php\/osp-kadencja-2021-2026\/#breadcrumb"},"inLanguage":"pl-PL","potentialAction":[{"@type":"ReadAction","target":["https:\/\/grabowiec.pl\/ug\/index.php\/osp-kadencja-2021-2026\/"]}]},{"@type":"BreadcrumbList","@id":"https:\/\/grabowiec.pl\/ug\/index.php\/osp-kadencja-2021-2026\/#breadcrumb","itemListElement":[{"@type":"ListItem","position":1,"name":"Strona g\u0142\u00f3wna","item":"https:\/\/grabowiec.pl\/ug\/"},{"@type":"ListItem","position":2,"name":"OSP &#8211; KADENCJA 2021-2026"}]},{"@type":"WebSite","@id":"https:\/\/grabowiec.pl\/ug\/#website","url":"https:\/\/grabowiec.pl\/ug\/","name":"GMINA GRABOWIEC","description":"","publisher":{"@id":"https:\/\/grabowiec.pl\/ug\/#organization"},"potentialAction":[{"@type":"SearchAction","target":{"@type":"EntryPoint","urlTemplate":"https:\/\/grabowiec.pl\/ug\/?s={search_term_string}"},"query-input":{"@type":"PropertyValueSpecification","valueRequired":true,"valueName":"search_term_string"}}],"inLanguage":"pl-PL"},{"@type":"Organization","@id":"https:\/\/grabowiec.pl\/ug\/#organization","name":"GMINA GRABOWIEC","url":"https:\/\/grabowiec.pl\/ug\/","logo":{"@type":"ImageObject","inLanguage":"pl-PL","@id":"https:\/\/grabowiec.pl\/ug\/#\/schema\/logo\/image\/","url":"https:\/\/grabowiec.pl\/ug\/wp-content\/uploads\/2023\/02\/grab-herb.png","contentUrl":"https:\/\/grabowiec.pl\/ug\/wp-content\/uploads\/2023\/02\/grab-herb.png","width":500,"height":600,"caption":"GMINA GRABOWIEC"},"image":{"@id":"https:\/\/grabowiec.pl\/ug\/#\/schema\/logo\/image\/"}}]}},"_links":{"self":[{"href":"https:\/\/grabowiec.pl\/ug\/index.php\/wp-json\/wp\/v2\/pages\/6180","targetHints":{"allow":["GET"]}}],"collection":[{"href":"https:\/\/grabowiec.pl\/ug\/index.php\/wp-json\/wp\/v2\/pages"}],"about":[{"href":"https:\/\/grabowiec.pl\/ug\/index.php\/wp-json\/wp\/v2\/types\/page"}],"author":[{"embeddable":true,"href":"https:\/\/grabowiec.pl\/ug\/index.php\/wp-json\/wp\/v2\/users\/1"}],"replies":[{"embeddable":true,"href":"https:\/\/grabowiec.pl\/ug\/index.php\/wp-json\/wp\/v2\/comments?post=6180"}],"version-history":[{"count":1,"href":"https:\/\/grabowiec.pl\/ug\/index.php\/wp-json\/wp\/v2\/pages\/6180\/revisions"}],"predecessor-version":[{"id":6181,"href":"https:\/\/grabowiec.pl\/ug\/index.php\/wp-json\/wp\/v2\/pages\/6180\/revisions\/6181"}],"wp:attachment":[{"href":"https:\/\/grabowiec.pl\/ug\/index.php\/wp-json\/wp\/v2\/media?parent=6180"}],"curies":[{"name":"wp","href":"https:\/\/api.w.org\/{rel}","templated":true}]}}