{"id":9,"date":"2023-02-08T08:56:11","date_gmt":"2023-02-08T07:56:11","guid":{"rendered":"https:\/\/grabowiec.pl\/ug\/?page_id=9"},"modified":"2023-02-08T08:56:12","modified_gmt":"2023-02-08T07:56:12","slug":"utworzenie-gminy","status":"publish","type":"page","link":"https:\/\/grabowiec.pl\/ug\/index.php\/utworzenie-gminy\/","title":{"rendered":"Utworzenie Gminy"},"content":{"rendered":"<div class=\"wp-block-image\">\n<figure class=\"aligncenter size-full\"><img loading=\"lazy\" decoding=\"async\" width=\"678\" height=\"580\" src=\"https:\/\/grabowiec.pl\/ug\/wp-content\/uploads\/2023\/02\/mapa.jpg\" alt=\"\" class=\"wp-image-11\" srcset=\"https:\/\/grabowiec.pl\/ug\/wp-content\/uploads\/2023\/02\/mapa.jpg 678w, https:\/\/grabowiec.pl\/ug\/wp-content\/uploads\/2023\/02\/mapa-300x257.jpg 300w, https:\/\/grabowiec.pl\/ug\/wp-content\/uploads\/2023\/02\/mapa-351x300.jpg 351w\" sizes=\"auto, (max-width: 678px) 100vw, 678px\" \/><\/figure>\n<\/div>\n\n\n<p>Wojew\u00f3dzka Rada Narodowa w Lublinie na podstawie art. 101 ust. 1 ustawy z dnia 25 stycznia 1958 roku o radach narodowych (Dz.U. Nr 49 z 1972 roku pozycja 314), uchwa\u0142\u0105 Wojew\u00f3dzkiej Rady Narodowej w Lublinie Nr XXI\/92\/72 z dnia 05 grudnia 1972 roku tworzy si\u0119 z dniem 1 stycznia 1973 roku w powiecie hrubieszowskim GMIN\u0118 GRABOWIEC<\/p>\n\n\n\n<p>Przewodnicz\u0105cy Prezydium &#8211; Ryszard W\u00f3jcik<br>Przewodnicz\u0105cy Sesji &#8211; Helena Szawdzin<br>Piecz\u0119\u0107 okr\u0105g\u0142a z god\u0142em P\u0105\u0144stwa i napisem w otoku: Prezydium Wojew\u00f3dzkiej Rady Narodowej w Lublinie Lublin, stycze\u0144 1973 rok<br>Pierwsza po zmianach w podziale administracyjnym sesja Gminnej Rady Narodowej w Grabowcu odby\u0142a si\u0119 05 stycznia 1973 roku.<\/p>\n\n\n\n<p>W sesji uczestniczyli:<\/p>\n\n\n\n<p><em>Stanis\u0142aw Maci\u0105g &#8211; Sekretarz Komitetu Powiatowego PZPR w Hrubieszowie<br>Kazimierz Bucior &#8211; Radny Wojew\u00f3dzkiej Rady Narodowej<br>Ludomir Kawarski &#8211; Sekretarz Prezydium Powiatowej Rady Narodowej w Hrubieszowie<br>Stefan Ko\u0142odziejczyk &#8211; Starszy Inspektor Prezydium WRN w Lublinie<br>Regina Boczkowska &#8211; Radna Powiatowej Rady Narodowej w Hrubieszowie<br>J\u00f3zef Strycharz &#8211; Kierownik Wydzia\u0142u Skupu PPRN<br>Stanis\u0142aw Leluch &#8211; Naczelnik Gminy Grabowiec<br>Jan Dwojakowski &#8211; Kierownik Banku Sp\u00f3\u0142dzielczego w Grabowcu<br>Wojciech Mazurkiewicz &#8211; Dyrektor Liceum Og\u00f3lnokszta\u0142c\u0105cego w Grabowcu<br>Marian Hawryluk &#8211; Dyrektor Szko\u0142y Gminnej w Grabowcu<br>Lucjan Banaszkiewicz &#8211; Kierownik Lecznicy Weterynaryjnej w Grabowcu<\/em><\/p>\n\n\n\n<p>W sk\u0142ad Prezydium GRN powo\u0142ano:<\/p>\n\n\n\n<p><em>Tadeusz Nosko &#8211; Przewodnicz\u0105cy GRN<br>W\u0142adys\u0142aw Orzechowski &#8211; z-ca Przewodnicz\u0105cego<br>Boles\u0142aw Sieczkowski &#8211; cz\u0142onek<br>Edward Lisiuk &#8211; cz\u0142onek<br>Zdzis\u0142aw Bube\u0142a &#8211; cz\u0142onek<br>Marian Nowogrodzki &#8211; cz\u0142onek<\/em><\/p>\n\n\n\n<p>Naczelnicy Gminy Grabowiec w kolejnych kadencjach:<\/p>\n\n\n\n<p><em>1973 &#8211; 1976 &#8211; Stanis\u0142aw Leluch<br>1976 &#8211; 1979 &#8211; Adolf Koszuta<br>1979 &#8211; 1982 &#8211; Adolf Koszuta<br>1982 &#8211; 1988 &#8211; Jan Potocki<br>1988 &#8211; 1990 &#8211; Wies\u0142aw Lachowski<\/em><\/p>\n\n\n\n<p>Ustaw\u0105 z dnia 8 marca 1990 roku powo\u0142ano samorz\u0105d terytorialny. W pierwszych wyborach samorz\u0105dowych wybrano 18 radnych:<\/p>\n\n\n\n<p><em>Tadeusz W\u00f3jcik &#8211; Ornatowice &#8211; Przewodnicz\u0105cy Rady<br>Henryk Zierebiec &#8211; Grabowiec<br>Grzegorz Ciszewski &#8211; Grabowiec<br>Tadeusz Karczmarczyk &#8211; Grabowiec<br>Mieczys\u0142aw Skowro\u0144ski &#8211; Grabowiec<br>Andrzej Trybalski &#8211; Grabowiec G\u00f3ra<br>Boles\u0142aw Ko\u0142ody\u0144ski &#8211; Grabowiec G\u00f3ra<br>Stanis\u0142aw Kuropatnicki &#8211; Skibice<br>Wanda Czechyra &#8211; Skomorochy Ma\u0142e<br>Jan Faustyn Jab\u0142o\u0144ski &#8211; Ho\u0142u\u017cno<br>Stanis\u0142aw Jaroszy\u0144ski &#8211; Szystowice<br>Ludwik Buczak &#8211; Henryk\u00f3wka<br>Gustaw Szczerba &#8211; Wolica Ucha\u0144ska<br>Tadeusz Siedlecki &#8211; Tucz\u0119py<br>Kazimierz Bernard &#8211; Rog\u00f3w<br>Wies\u0142aw Buczak &#8211; Skomorochy Du\u017ce<br>Waldemar Mydlak &#8211; Majdan Tuczepski<br>Jan Witer &#8211; Bere\u015b\u0107<\/em><br><\/p>\n\n\n\n<p>W pierwszej kadencji 1990-1994 Rada Gminy wybra\u0142a na W\u00f3jta Wies\u0142awa Lachowskiego (Uchwa\u0142a Nr I\/3\/90 z 05 czerwca 1990 r. Stanowisko sekretarza gminy obejmuje Romualda Prus, skarbnika &#8211; Teodozja Paw\u0142owska, kierownika USC &#8211; Teresa Brzezi\u0144ska.<\/p>\n\n\n<div class=\"wp-block-image\">\n<figure class=\"aligncenter size-full\"><img loading=\"lazy\" decoding=\"async\" width=\"600\" height=\"800\" src=\"https:\/\/grabowiec.pl\/ug\/wp-content\/uploads\/2023\/02\/utworzeniegminy.jpg\" alt=\"\" class=\"wp-image-12\" srcset=\"https:\/\/grabowiec.pl\/ug\/wp-content\/uploads\/2023\/02\/utworzeniegminy.jpg 600w, https:\/\/grabowiec.pl\/ug\/wp-content\/uploads\/2023\/02\/utworzeniegminy-225x300.jpg 225w\" sizes=\"auto, (max-width: 600px) 100vw, 600px\" \/><\/figure>\n<\/div>","protected":false},"excerpt":{"rendered":"<p>Wojew\u00f3dzka Rada Narodowa w Lublinie na podstawie art. 101 ust. 1 ustawy z dnia 25 &hellip;<\/p>\n","protected":false},"author":1,"featured_media":10,"parent":0,"menu_order":0,"comment_status":"closed","ping_status":"closed","template":"","meta":{"footnotes":""},"class_list":["post-9","page","type-page","status-publish","has-post-thumbnail","hentry"],"yoast_head":"<!-- This site is optimized with the Yoast SEO plugin v27.3 - https:\/\/yoast.com\/product\/yoast-seo-wordpress\/ -->\n<title>Utworzenie Gminy - GMINA GRABOWIEC<\/title>\n<meta name=\"robots\" content=\"index, follow, max-snippet:-1, max-image-preview:large, max-video-preview:-1\" \/>\n<link rel=\"canonical\" href=\"https:\/\/grabowiec.pl\/ug\/index.php\/utworzenie-gminy\/\" \/>\n<meta property=\"og:locale\" content=\"pl_PL\" \/>\n<meta property=\"og:type\" content=\"article\" \/>\n<meta property=\"og:title\" content=\"Utworzenie Gminy - GMINA GRABOWIEC\" \/>\n<meta property=\"og:description\" content=\"Wojew\u00f3dzka Rada Narodowa w Lublinie na podstawie art. 101 ust. 1 ustawy z dnia 25 &hellip;\" \/>\n<meta property=\"og:url\" content=\"https:\/\/grabowiec.pl\/ug\/index.php\/utworzenie-gminy\/\" \/>\n<meta property=\"og:site_name\" content=\"GMINA GRABOWIEC\" \/>\n<meta property=\"article:modified_time\" content=\"2023-02-08T07:56:12+00:00\" \/>\n<meta property=\"og:image\" content=\"https:\/\/grabowiec.pl\/ug\/wp-content\/uploads\/2023\/02\/grab-utworzenie.jpg\" \/>\n\t<meta property=\"og:image:width\" content=\"2458\" \/>\n\t<meta property=\"og:image:height\" content=\"557\" \/>\n\t<meta property=\"og:image:type\" content=\"image\/jpeg\" \/>\n<meta name=\"twitter:card\" content=\"summary_large_image\" \/>\n<meta name=\"twitter:label1\" content=\"Szacowany czas czytania\" \/>\n\t<meta name=\"twitter:data1\" content=\"2 minuty\" \/>\n<script type=\"application\/ld+json\" class=\"yoast-schema-graph\">{\"@context\":\"https:\\\/\\\/schema.org\",\"@graph\":[{\"@type\":\"WebPage\",\"@id\":\"https:\\\/\\\/grabowiec.pl\\\/ug\\\/index.php\\\/utworzenie-gminy\\\/\",\"url\":\"https:\\\/\\\/grabowiec.pl\\\/ug\\\/index.php\\\/utworzenie-gminy\\\/\",\"name\":\"Utworzenie Gminy - GMINA GRABOWIEC\",\"isPartOf\":{\"@id\":\"https:\\\/\\\/grabowiec.pl\\\/ug\\\/#website\"},\"primaryImageOfPage\":{\"@id\":\"https:\\\/\\\/grabowiec.pl\\\/ug\\\/index.php\\\/utworzenie-gminy\\\/#primaryimage\"},\"image\":{\"@id\":\"https:\\\/\\\/grabowiec.pl\\\/ug\\\/index.php\\\/utworzenie-gminy\\\/#primaryimage\"},\"thumbnailUrl\":\"https:\\\/\\\/grabowiec.pl\\\/ug\\\/wp-content\\\/uploads\\\/2023\\\/02\\\/grab-utworzenie.jpg\",\"datePublished\":\"2023-02-08T07:56:11+00:00\",\"dateModified\":\"2023-02-08T07:56:12+00:00\",\"breadcrumb\":{\"@id\":\"https:\\\/\\\/grabowiec.pl\\\/ug\\\/index.php\\\/utworzenie-gminy\\\/#breadcrumb\"},\"inLanguage\":\"pl-PL\",\"potentialAction\":[{\"@type\":\"ReadAction\",\"target\":[\"https:\\\/\\\/grabowiec.pl\\\/ug\\\/index.php\\\/utworzenie-gminy\\\/\"]}]},{\"@type\":\"ImageObject\",\"inLanguage\":\"pl-PL\",\"@id\":\"https:\\\/\\\/grabowiec.pl\\\/ug\\\/index.php\\\/utworzenie-gminy\\\/#primaryimage\",\"url\":\"https:\\\/\\\/grabowiec.pl\\\/ug\\\/wp-content\\\/uploads\\\/2023\\\/02\\\/grab-utworzenie.jpg\",\"contentUrl\":\"https:\\\/\\\/grabowiec.pl\\\/ug\\\/wp-content\\\/uploads\\\/2023\\\/02\\\/grab-utworzenie.jpg\",\"width\":2458,\"height\":557},{\"@type\":\"BreadcrumbList\",\"@id\":\"https:\\\/\\\/grabowiec.pl\\\/ug\\\/index.php\\\/utworzenie-gminy\\\/#breadcrumb\",\"itemListElement\":[{\"@type\":\"ListItem\",\"position\":1,\"name\":\"Strona g\u0142\u00f3wna\",\"item\":\"https:\\\/\\\/grabowiec.pl\\\/ug\\\/\"},{\"@type\":\"ListItem\",\"position\":2,\"name\":\"Utworzenie Gminy\"}]},{\"@type\":\"WebSite\",\"@id\":\"https:\\\/\\\/grabowiec.pl\\\/ug\\\/#website\",\"url\":\"https:\\\/\\\/grabowiec.pl\\\/ug\\\/\",\"name\":\"GMINA GRABOWIEC\",\"description\":\"\",\"publisher\":{\"@id\":\"https:\\\/\\\/grabowiec.pl\\\/ug\\\/#organization\"},\"potentialAction\":[{\"@type\":\"SearchAction\",\"target\":{\"@type\":\"EntryPoint\",\"urlTemplate\":\"https:\\\/\\\/grabowiec.pl\\\/ug\\\/?s={search_term_string}\"},\"query-input\":{\"@type\":\"PropertyValueSpecification\",\"valueRequired\":true,\"valueName\":\"search_term_string\"}}],\"inLanguage\":\"pl-PL\"},{\"@type\":\"Organization\",\"@id\":\"https:\\\/\\\/grabowiec.pl\\\/ug\\\/#organization\",\"name\":\"GMINA GRABOWIEC\",\"url\":\"https:\\\/\\\/grabowiec.pl\\\/ug\\\/\",\"logo\":{\"@type\":\"ImageObject\",\"inLanguage\":\"pl-PL\",\"@id\":\"https:\\\/\\\/grabowiec.pl\\\/ug\\\/#\\\/schema\\\/logo\\\/image\\\/\",\"url\":\"https:\\\/\\\/grabowiec.pl\\\/ug\\\/wp-content\\\/uploads\\\/2023\\\/02\\\/grab-herb.png\",\"contentUrl\":\"https:\\\/\\\/grabowiec.pl\\\/ug\\\/wp-content\\\/uploads\\\/2023\\\/02\\\/grab-herb.png\",\"width\":500,\"height\":600,\"caption\":\"GMINA GRABOWIEC\"},\"image\":{\"@id\":\"https:\\\/\\\/grabowiec.pl\\\/ug\\\/#\\\/schema\\\/logo\\\/image\\\/\"}}]}<\/script>\n<!-- \/ Yoast SEO plugin. -->","yoast_head_json":{"title":"Utworzenie Gminy - GMINA GRABOWIEC","robots":{"index":"index","follow":"follow","max-snippet":"max-snippet:-1","max-image-preview":"max-image-preview:large","max-video-preview":"max-video-preview:-1"},"canonical":"https:\/\/grabowiec.pl\/ug\/index.php\/utworzenie-gminy\/","og_locale":"pl_PL","og_type":"article","og_title":"Utworzenie Gminy - GMINA GRABOWIEC","og_description":"Wojew\u00f3dzka Rada Narodowa w Lublinie na podstawie art. 101 ust. 1 ustawy z dnia 25 &hellip;","og_url":"https:\/\/grabowiec.pl\/ug\/index.php\/utworzenie-gminy\/","og_site_name":"GMINA GRABOWIEC","article_modified_time":"2023-02-08T07:56:12+00:00","og_image":[{"width":2458,"height":557,"url":"https:\/\/grabowiec.pl\/ug\/wp-content\/uploads\/2023\/02\/grab-utworzenie.jpg","type":"image\/jpeg"}],"twitter_card":"summary_large_image","twitter_misc":{"Szacowany czas czytania":"2 minuty"},"schema":{"@context":"https:\/\/schema.org","@graph":[{"@type":"WebPage","@id":"https:\/\/grabowiec.pl\/ug\/index.php\/utworzenie-gminy\/","url":"https:\/\/grabowiec.pl\/ug\/index.php\/utworzenie-gminy\/","name":"Utworzenie Gminy - GMINA GRABOWIEC","isPartOf":{"@id":"https:\/\/grabowiec.pl\/ug\/#website"},"primaryImageOfPage":{"@id":"https:\/\/grabowiec.pl\/ug\/index.php\/utworzenie-gminy\/#primaryimage"},"image":{"@id":"https:\/\/grabowiec.pl\/ug\/index.php\/utworzenie-gminy\/#primaryimage"},"thumbnailUrl":"https:\/\/grabowiec.pl\/ug\/wp-content\/uploads\/2023\/02\/grab-utworzenie.jpg","datePublished":"2023-02-08T07:56:11+00:00","dateModified":"2023-02-08T07:56:12+00:00","breadcrumb":{"@id":"https:\/\/grabowiec.pl\/ug\/index.php\/utworzenie-gminy\/#breadcrumb"},"inLanguage":"pl-PL","potentialAction":[{"@type":"ReadAction","target":["https:\/\/grabowiec.pl\/ug\/index.php\/utworzenie-gminy\/"]}]},{"@type":"ImageObject","inLanguage":"pl-PL","@id":"https:\/\/grabowiec.pl\/ug\/index.php\/utworzenie-gminy\/#primaryimage","url":"https:\/\/grabowiec.pl\/ug\/wp-content\/uploads\/2023\/02\/grab-utworzenie.jpg","contentUrl":"https:\/\/grabowiec.pl\/ug\/wp-content\/uploads\/2023\/02\/grab-utworzenie.jpg","width":2458,"height":557},{"@type":"BreadcrumbList","@id":"https:\/\/grabowiec.pl\/ug\/index.php\/utworzenie-gminy\/#breadcrumb","itemListElement":[{"@type":"ListItem","position":1,"name":"Strona g\u0142\u00f3wna","item":"https:\/\/grabowiec.pl\/ug\/"},{"@type":"ListItem","position":2,"name":"Utworzenie Gminy"}]},{"@type":"WebSite","@id":"https:\/\/grabowiec.pl\/ug\/#website","url":"https:\/\/grabowiec.pl\/ug\/","name":"GMINA GRABOWIEC","description":"","publisher":{"@id":"https:\/\/grabowiec.pl\/ug\/#organization"},"potentialAction":[{"@type":"SearchAction","target":{"@type":"EntryPoint","urlTemplate":"https:\/\/grabowiec.pl\/ug\/?s={search_term_string}"},"query-input":{"@type":"PropertyValueSpecification","valueRequired":true,"valueName":"search_term_string"}}],"inLanguage":"pl-PL"},{"@type":"Organization","@id":"https:\/\/grabowiec.pl\/ug\/#organization","name":"GMINA GRABOWIEC","url":"https:\/\/grabowiec.pl\/ug\/","logo":{"@type":"ImageObject","inLanguage":"pl-PL","@id":"https:\/\/grabowiec.pl\/ug\/#\/schema\/logo\/image\/","url":"https:\/\/grabowiec.pl\/ug\/wp-content\/uploads\/2023\/02\/grab-herb.png","contentUrl":"https:\/\/grabowiec.pl\/ug\/wp-content\/uploads\/2023\/02\/grab-herb.png","width":500,"height":600,"caption":"GMINA GRABOWIEC"},"image":{"@id":"https:\/\/grabowiec.pl\/ug\/#\/schema\/logo\/image\/"}}]}},"_links":{"self":[{"href":"https:\/\/grabowiec.pl\/ug\/index.php\/wp-json\/wp\/v2\/pages\/9","targetHints":{"allow":["GET"]}}],"collection":[{"href":"https:\/\/grabowiec.pl\/ug\/index.php\/wp-json\/wp\/v2\/pages"}],"about":[{"href":"https:\/\/grabowiec.pl\/ug\/index.php\/wp-json\/wp\/v2\/types\/page"}],"author":[{"embeddable":true,"href":"https:\/\/grabowiec.pl\/ug\/index.php\/wp-json\/wp\/v2\/users\/1"}],"replies":[{"embeddable":true,"href":"https:\/\/grabowiec.pl\/ug\/index.php\/wp-json\/wp\/v2\/comments?post=9"}],"version-history":[{"count":1,"href":"https:\/\/grabowiec.pl\/ug\/index.php\/wp-json\/wp\/v2\/pages\/9\/revisions"}],"predecessor-version":[{"id":13,"href":"https:\/\/grabowiec.pl\/ug\/index.php\/wp-json\/wp\/v2\/pages\/9\/revisions\/13"}],"wp:featuredmedia":[{"embeddable":true,"href":"https:\/\/grabowiec.pl\/ug\/index.php\/wp-json\/wp\/v2\/media\/10"}],"wp:attachment":[{"href":"https:\/\/grabowiec.pl\/ug\/index.php\/wp-json\/wp\/v2\/media?parent=9"}],"curies":[{"name":"wp","href":"https:\/\/api.w.org\/{rel}","templated":true}]}}